{"id":2531,"date":"2015-08-03T03:02:12","date_gmt":"2015-08-03T03:02:12","guid":{"rendered":"http:\/\/developers.lucky-bank.com\/abflt\/about-us\/"},"modified":"2021-05-12T10:13:49","modified_gmt":"2021-05-12T07:13:49","slug":"uber-uns","status":"publish","type":"page","link":"https:\/\/www.abflt.com\/de\/uber-uns\/","title":{"rendered":"\u00dcber uns"},"content":{"rendered":"<p>[vc_row el_id=&#8220;our_history&#8220; el_class=&#8220;our_history&#8220; css=&#8220;.vc_custom_1439174365000{margin-bottom: 0px !important;}&#8220;][vc_column width=&#8220;1\/6&#8243;][\/vc_column][vc_column width=&#8220;2\/3&#8243;][vc_custom_heading text=&#8220;ABF LT&#8220; font_container=&#8220;tag:div|font_size:26|text_align:left|color:%23003164&#8243; use_theme_fonts=&#8220;yes&#8220; css=&#8220;.vc_custom_1584106854209{margin-bottom: 20px !important;}&#8220;][vc_custom_heading text=&#8220;Unser Unternehmen wurde 2009 auf dem Gel\u00e4nde der ehemaligen Elektrotechnikfabrik in Ma\u017eeikiai gegr\u00fcndet.&#8220; font_container=&#8220;tag:p|font_size:20|text_align:left|color:%23003164|line_height:30px&#8220; use_theme_fonts=&#8220;yes&#8220; css=&#8220;.vc_custom_1585131149368{margin-bottom: 30px !important;}&#8220;][vc_row_inner][vc_column_inner][vc_custom_heading text=&#8220;ABF LT verbessert kontinuierlich die betriebliche Effizienz durch die Optimierung der Lieferkette, die Reduzierung von Ausfallzeiten und die Verbesserung der Produktionsprozesse. Wir sorgen f\u00fcr die Standardisierung von Werkzeugmaschinen, Betriebsf\u00fchrung und Qualit\u00e4tssystemen. Unsere F\u00e4higkeit, schnell auf Kundenbed\u00fcrfnisse zu reagieren, beruht auf einem intensiven Austausch von Wissen und Erfahrung sowie auf den Best Practices auf dem Markt.&#8220; font_container=&#8220;tag:div|font_size:15|text_align:left|color:%23999999&#8243; use_theme_fonts=&#8220;yes&#8220; css=&#8220;.vc_custom_1585131160757{margin-bottom: 20px !important;}&#8220;][\/vc_column_inner][\/vc_row_inner][vc_row_inner css=&#8220;.vc_custom_1583599738761{padding-top: 20px !important;padding-bottom: 30px !important;}&#8220;][vc_column_inner width=&#8220;1\/2&#8243;][vc_custom_heading text=&#8220;Werte&#8220; font_container=&#8220;tag:p|font_size:20|text_align:left|color:%23003164|line_height:30px&#8220; use_theme_fonts=&#8220;yes&#8220; css=&#8220;.vc_custom_1585131171424{margin-bottom: 20px !important;}&#8220;][vc_custom_heading text=&#8220;Kompetenz und Erfahrung. Modernes Denken. Zuweisung von Verantwortlichkeiten. Wir m\u00f6chten Ergebnisse erzielen und offen sein f\u00fcr Innovation und Teamarbeit. Dies sind die wichtigsten Werte der ABF LT.&#8220; font_container=&#8220;tag:div|font_size:15|text_align:left|color:%23999999&#8243; use_theme_fonts=&#8220;yes&#8220; css=&#8220;.vc_custom_1585131181046{margin-bottom: 20px !important;}&#8220;][\/vc_column_inner][vc_column_inner width=&#8220;1\/2&#8243;][vc_custom_heading text=&#8220;Team&#8220; font_container=&#8220;tag:p|font_size:20|text_align:left|color:%23003164|line_height:30px&#8220; use_theme_fonts=&#8220;yes&#8220; css=&#8220;.vc_custom_1584106918418{margin-bottom: 20px !important;}&#8220;][vc_custom_heading text=&#8220;Das Unternehmen investiert nicht nur in die Ausr\u00fcstung, sondern auch in die Ausbildung der Mitarbeiter und in die Arbeitssicherheit. Qualifizierte Ingenieure und Techniker betreuen selbst die komplexesten Projekte, von der Zeichnung bis zur Serienproduktion und Lieferung.&#8220; font_container=&#8220;tag:div|font_size:15|text_align:left|color:%23999999&#8243; use_theme_fonts=&#8220;yes&#8220; css=&#8220;.vc_custom_1585131196845{margin-bottom: 20px !important;}&#8220;][\/vc_column_inner][\/vc_row_inner][vc_row_inner][vc_column_inner width=&#8220;1\/2&#8243;][vc_custom_heading text=&#8220;Enterprise Resource Planning (ERP) system&#8220; font_container=&#8220;tag:p|font_size:20|text_align:left|color:%23003164|line_height:30px&#8220; use_theme_fonts=&#8220;yes&#8220; css=&#8220;.vc_custom_1584106940103{margin-bottom: 20px !important;}&#8220;][vc_custom_heading text=&#8220;2016 erfolgreich mit EU-Mitteln im Rahmen des Projekts (Nr. S-03.3.1-LVPA-K-806-01-0145) implementiert. Das Monitor-ERP-System wird zur Planung und Steuerung der Produktion und anderer Gesch\u00e4ftsprozesse eingesetzt. Das erm\u00f6glicht uns eine noch effizientere Nutzung der Werkzeugmaschinen und beschleunigt die Produktions- und Lieferzeiten.&#8220; font_container=&#8220;tag:div|font_size:15|text_align:left|color:%23999999&#8243; use_theme_fonts=&#8220;yes&#8220; css=&#8220;.vc_custom_1585131218071{margin-bottom: 20px !important;}&#8220;][\/vc_column_inner][vc_column_inner width=&#8220;1\/2&#8243;][vc_single_image image=&#8220;1813&#8243; img_size=&#8220;full&#8220;][\/vc_column_inner][\/vc_row_inner][vc_row_inner css=&#8220;.vc_custom_1582625660740{padding-top: 20px !important;}&#8220;][vc_column_inner][vc_custom_heading text=&#8220;Exportm\u00e4rkte&#8220; font_container=&#8220;tag:p|font_size:20|text_align:left|color:%23003164|line_height:30px&#8220; use_theme_fonts=&#8220;yes&#8220; css=&#8220;.vc_custom_1585131228819{margin-bottom: 20px !important;}&#8220;][vc_custom_heading text=&#8220;ABF LT exportiert 95 % seiner Produktion an Kunden in Deutschland, Skandinavien und dem Vereinigten K\u00f6nigreich, die in einer Vielzahl von Branchen t\u00e4tig sind, darunter Eisenbahnen, Hydraulik, Beleuchtung, Land- und Forstmaschinen, Medizin, Schiffbau und andere M\u00e4rkte.&#8220; font_container=&#8220;tag:div|font_size:15|text_align:left|color:%23999999&#8243; use_theme_fonts=&#8220;yes&#8220; css=&#8220;.vc_custom_1585131237985{margin-bottom: 20px !important;}&#8220;][vc_single_image image=&#8220;2177&#8243; img_size=&#8220;full&#8220; alignment=&#8220;center&#8220; css=&#8220;.vc_custom_1583598652813{padding-top: 20px !important;padding-bottom: 50px !important;}&#8220;][\/vc_column_inner][\/vc_row_inner][vc_row_inner css=&#8220;.vc_custom_1582625631283{padding-bottom: 50px !important;}&#8220;][vc_column_inner][vc_custom_heading text=&#8220;Ausstellungen&#8220; font_container=&#8220;tag:p|font_size:20|text_align:left|color:%23003164|line_height:30px&#8220; use_theme_fonts=&#8220;yes&#8220; css=&#8220;.vc_custom_1585131250182{margin-bottom: 20px !important;}&#8220;][vc_custom_heading text=&#8220;Jedes Jahr nehmen wir an internationalen Ausstellungen und Messen f\u00fcr Zulieferer teil.&#8220; font_container=&#8220;tag:div|font_size:15|text_align:left|color:%23999999&#8243; use_theme_fonts=&#8220;yes&#8220;][\/vc_column_inner][\/vc_row_inner][vc_row_inner css=&#8220;.vc_custom_1584097126941{margin-bottom: 40px !important;}&#8220;][vc_column_inner width=&#8220;1\/4&#8243;][vc_single_image image=&#8220;2203&#8243; img_size=&#8220;full&#8220; el_class=&#8220;greyscale&#8220;][\/vc_column_inner][vc_column_inner width=&#8220;1\/4&#8243;][vc_single_image image=&#8220;2016&#8243; img_size=&#8220;full&#8220; el_class=&#8220;greyscale&#8220;][\/vc_column_inner][vc_column_inner width=&#8220;1\/4&#8243;][vc_single_image image=&#8220;2020&#8243; img_size=&#8220;full&#8220; el_class=&#8220;greyscale&#8220;][\/vc_column_inner][vc_column_inner width=&#8220;1\/4&#8243;][vc_single_image image=&#8220;2024&#8243; img_size=&#8220;full&#8220; el_class=&#8220;greyscale&#8220;][\/vc_column_inner][\/vc_row_inner][vc_row_inner css=&#8220;.vc_custom_1584097384155{padding-bottom: 30px !important;}&#8220;][vc_column_inner][vc_custom_heading text=&#8220;Verb\u00e4nde&#8220; font_container=&#8220;tag:p|font_size:20|text_align:left|color:%23003164|line_height:30px&#8220; use_theme_fonts=&#8220;yes&#8220; css=&#8220;.vc_custom_1585131271041{margin-bottom: 20px !important;}&#8220;][vc_custom_heading text=&#8220;ABF LT ist Mitglied der Industrieverb\u00e4nde LINPRA und LAuGEA.&#8220; font_container=&#8220;tag:div|font_size:15|text_align:left|color:%23999999&#8243; use_theme_fonts=&#8220;yes&#8220;][\/vc_column_inner][\/vc_row_inner][vc_row_inner css=&#8220;.vc_custom_1584102801383{margin-bottom: 40px !important;}&#8220;][vc_column_inner width=&#8220;1\/2&#8243;][vc_single_image image=&#8220;2325&#8243; img_size=&#8220;full&#8220; alignment=&#8220;center&#8220; el_class=&#8220;greyscale&#8220;][vc_column_text css=&#8220;.vc_custom_1585131309328{padding-top: 30px !important;padding-bottom: 40px !important;}&#8220;]<a href=\"https:\/\/linpra.lt\/en\/\" target=\"_blank\" rel=\"noopener noreferrer\">LINPRA<\/a> \u2013 Der litauische Verband der Maschinenbauindustrie vereint Unternehmen, die in der Metall-, Maschinen- und Anlagen-, elektromechanischen und elektronischen, Kunststoff- und Gummiindustrie auf nationaler und internationaler Ebene t\u00e4tig sind.[\/vc_column_text][\/vc_column_inner][vc_column_inner width=&#8220;1\/2&#8243;][vc_single_image image=&#8220;3356&#8243; alignment=&#8220;center&#8220; onclick=&#8220;custom_link&#8220; img_link_target=&#8220;_blank&#8220; el_class=&#8220;greyscale&#8220; css=&#8220;.vc_custom_1620803607836{padding-top: 26px !important;}&#8220; link=&#8220;https:\/\/laugea.com\/en\/&#8220;][vc_column_text css=&#8220;.vc_custom_1620803626992{padding-top: 30px !important;}&#8220;]<a href=\"https:\/\/laugea.com\/en\/\" target=\"_blank\" rel=\"noopener noreferrer\">LAuGEA<\/a> \u2013 Der litauische Verband der Autoteilehersteller und -exporteure vereint litauische Unternehmen und wissenschaftliche Vertreter mit Bezug zur Automobilindustrie.[\/vc_column_text][\/vc_column_inner][\/vc_row_inner][\/vc_column][vc_column width=&#8220;1\/6&#8243;][\/vc_column][\/vc_row]<\/p>\n","protected":false},"excerpt":{"rendered":"<p>[vc_row el_id=&#8220;our_history&#8220; el_class=&#8220;our_history&#8220; css=&#8220;.vc_custom_1439174365000{margin-bottom: 0px !important;}&#8220;][vc_column width=&#8220;1\/6&#8243;][\/vc_column][vc_column width=&#8220;2\/3&#8243;][vc_custom_heading text=&#8220;ABF LT&#8220; font_container=&#8220;tag:div|font_size:26|text_align:left|color:%23003164&#8243; use_theme_fonts=&#8220;yes&#8220; css=&#8220;.vc_custom_1584106854209{margin-bottom: 20px !important;}&#8220;][vc_custom_heading text=&#8220;Unser Unternehmen wurde 2009 auf [&hellip;]<\/p>\n","protected":false},"author":1,"featured_media":0,"parent":0,"menu_order":0,"comment_status":"open","ping_status":"open","template":"","meta":{"content-type":"","footnotes":""},"class_list":["post-2531","page","type-page","status-publish","hentry"],"yoast_head":"<!-- This site is optimized with the Yoast SEO plugin v27.4 - https:\/\/yoast.com\/product\/yoast-seo-wordpress\/ -->\n<title>\u00dcber uns - ABF LT<\/title>\n<meta name=\"robots\" content=\"index, follow, max-snippet:-1, max-image-preview:large, max-video-preview:-1\" \/>\n<link rel=\"canonical\" href=\"https:\/\/www.abflt.com\/de\/uber-uns\/\" \/>\n<meta property=\"og:locale\" content=\"de_DE\" \/>\n<meta property=\"og:type\" content=\"article\" \/>\n<meta property=\"og:title\" content=\"\u00dcber uns - ABF LT\" \/>\n<meta property=\"og:description\" content=\"[vc_row el_id=&#8220;our_history&#8220; el_class=&#8220;our_history&#8220; css=&#8220;.vc_custom_1439174365000{margin-bottom: 0px !important;}&#8220;][vc_column width=&#8220;1\/6&#8243;][\/vc_column][vc_column width=&#8220;2\/3&#8243;][vc_custom_heading text=&#8220;ABF LT&#8220; font_container=&#8220;tag:div|font_size:26|text_align:left|color:%23003164&#8243; use_theme_fonts=&#8220;yes&#8220; css=&#8220;.vc_custom_1584106854209{margin-bottom: 20px !important;}&#8220;][vc_custom_heading text=&#8220;Unser Unternehmen wurde 2009 auf [&hellip;]\" \/>\n<meta property=\"og:url\" content=\"https:\/\/www.abflt.com\/de\/uber-uns\/\" \/>\n<meta property=\"og:site_name\" content=\"ABF LT\" \/>\n<meta property=\"article:publisher\" content=\"https:\/\/www.facebook.com\/abflt\" \/>\n<meta property=\"article:modified_time\" content=\"2021-05-12T07:13:49+00:00\" \/>\n<meta property=\"og:image\" content=\"https:\/\/www.abflt.com\/wp-content\/uploads\/2021\/04\/ABF-LT-zenklas_melynas.png\" \/>\n\t<meta property=\"og:image:width\" content=\"489\" \/>\n\t<meta property=\"og:image:height\" content=\"489\" \/>\n\t<meta property=\"og:image:type\" content=\"image\/png\" \/>\n<meta name=\"twitter:card\" content=\"summary_large_image\" \/>\n<meta name=\"twitter:label1\" content=\"Gesch\u00e4tzte Lesezeit\" \/>\n\t<meta name=\"twitter:data1\" content=\"5\u00a0Minuten\" \/>\n<script type=\"application\/ld+json\" class=\"yoast-schema-graph\">{\"@context\":\"https:\\\/\\\/schema.org\",\"@graph\":[{\"@type\":\"WebPage\",\"@id\":\"https:\\\/\\\/www.abflt.com\\\/de\\\/uber-uns\\\/\",\"url\":\"https:\\\/\\\/www.abflt.com\\\/de\\\/uber-uns\\\/\",\"name\":\"\u00dcber uns - ABF LT\",\"isPartOf\":{\"@id\":\"https:\\\/\\\/www.abflt.com\\\/de\\\/#website\"},\"datePublished\":\"2015-08-03T03:02:12+00:00\",\"dateModified\":\"2021-05-12T07:13:49+00:00\",\"breadcrumb\":{\"@id\":\"https:\\\/\\\/www.abflt.com\\\/de\\\/uber-uns\\\/#breadcrumb\"},\"inLanguage\":\"de\",\"potentialAction\":[{\"@type\":\"ReadAction\",\"target\":[\"https:\\\/\\\/www.abflt.com\\\/de\\\/uber-uns\\\/\"]}]},{\"@type\":\"BreadcrumbList\",\"@id\":\"https:\\\/\\\/www.abflt.com\\\/de\\\/uber-uns\\\/#breadcrumb\",\"itemListElement\":[{\"@type\":\"ListItem\",\"position\":1,\"name\":\"Home\",\"item\":\"https:\\\/\\\/www.abflt.com\\\/de\\\/\"},{\"@type\":\"ListItem\",\"position\":2,\"name\":\"\u00dcber uns\"}]},{\"@type\":\"WebSite\",\"@id\":\"https:\\\/\\\/www.abflt.com\\\/de\\\/#website\",\"url\":\"https:\\\/\\\/www.abflt.com\\\/de\\\/\",\"name\":\"ABF LT\",\"description\":\"Aluminium die casting and CNC machining company\",\"publisher\":{\"@id\":\"https:\\\/\\\/www.abflt.com\\\/de\\\/#organization\"},\"potentialAction\":[{\"@type\":\"SearchAction\",\"target\":{\"@type\":\"EntryPoint\",\"urlTemplate\":\"https:\\\/\\\/www.abflt.com\\\/de\\\/?s={search_term_string}\"},\"query-input\":{\"@type\":\"PropertyValueSpecification\",\"valueRequired\":true,\"valueName\":\"search_term_string\"}}],\"inLanguage\":\"de\"},{\"@type\":\"Organization\",\"@id\":\"https:\\\/\\\/www.abflt.com\\\/de\\\/#organization\",\"name\":\"ABF LT\",\"url\":\"https:\\\/\\\/www.abflt.com\\\/de\\\/\",\"logo\":{\"@type\":\"ImageObject\",\"inLanguage\":\"de\",\"@id\":\"https:\\\/\\\/www.abflt.com\\\/de\\\/#\\\/schema\\\/logo\\\/image\\\/\",\"url\":\"https:\\\/\\\/www.abflt.com\\\/wp-content\\\/uploads\\\/2020\\\/02\\\/logo2.png\",\"contentUrl\":\"https:\\\/\\\/www.abflt.com\\\/wp-content\\\/uploads\\\/2020\\\/02\\\/logo2.png\",\"width\":113,\"height\":113,\"caption\":\"ABF LT\"},\"image\":{\"@id\":\"https:\\\/\\\/www.abflt.com\\\/de\\\/#\\\/schema\\\/logo\\\/image\\\/\"},\"sameAs\":[\"https:\\\/\\\/www.facebook.com\\\/abflt\",\"https:\\\/\\\/www.linkedin.com\\\/company\\\/abf-lt\",\"https:\\\/\\\/www.youtube.com\\\/channel\\\/UCVbHUYkMrwmW4YZZRzhxH9w\"]}]}<\/script>\n<!-- \/ Yoast SEO plugin. -->","yoast_head_json":{"title":"\u00dcber uns - ABF LT","robots":{"index":"index","follow":"follow","max-snippet":"max-snippet:-1","max-image-preview":"max-image-preview:large","max-video-preview":"max-video-preview:-1"},"canonical":"https:\/\/www.abflt.com\/de\/uber-uns\/","og_locale":"de_DE","og_type":"article","og_title":"\u00dcber uns - ABF LT","og_description":"[vc_row el_id=&#8220;our_history&#8220; el_class=&#8220;our_history&#8220; css=&#8220;.vc_custom_1439174365000{margin-bottom: 0px !important;}&#8220;][vc_column width=&#8220;1\/6&#8243;][\/vc_column][vc_column width=&#8220;2\/3&#8243;][vc_custom_heading text=&#8220;ABF LT&#8220; font_container=&#8220;tag:div|font_size:26|text_align:left|color:%23003164&#8243; use_theme_fonts=&#8220;yes&#8220; css=&#8220;.vc_custom_1584106854209{margin-bottom: 20px !important;}&#8220;][vc_custom_heading text=&#8220;Unser Unternehmen wurde 2009 auf [&hellip;]","og_url":"https:\/\/www.abflt.com\/de\/uber-uns\/","og_site_name":"ABF LT","article_publisher":"https:\/\/www.facebook.com\/abflt","article_modified_time":"2021-05-12T07:13:49+00:00","og_image":[{"width":489,"height":489,"url":"https:\/\/www.abflt.com\/wp-content\/uploads\/2021\/04\/ABF-LT-zenklas_melynas.png","type":"image\/png"}],"twitter_card":"summary_large_image","twitter_misc":{"Gesch\u00e4tzte Lesezeit":"5\u00a0Minuten"},"schema":{"@context":"https:\/\/schema.org","@graph":[{"@type":"WebPage","@id":"https:\/\/www.abflt.com\/de\/uber-uns\/","url":"https:\/\/www.abflt.com\/de\/uber-uns\/","name":"\u00dcber uns - ABF LT","isPartOf":{"@id":"https:\/\/www.abflt.com\/de\/#website"},"datePublished":"2015-08-03T03:02:12+00:00","dateModified":"2021-05-12T07:13:49+00:00","breadcrumb":{"@id":"https:\/\/www.abflt.com\/de\/uber-uns\/#breadcrumb"},"inLanguage":"de","potentialAction":[{"@type":"ReadAction","target":["https:\/\/www.abflt.com\/de\/uber-uns\/"]}]},{"@type":"BreadcrumbList","@id":"https:\/\/www.abflt.com\/de\/uber-uns\/#breadcrumb","itemListElement":[{"@type":"ListItem","position":1,"name":"Home","item":"https:\/\/www.abflt.com\/de\/"},{"@type":"ListItem","position":2,"name":"\u00dcber uns"}]},{"@type":"WebSite","@id":"https:\/\/www.abflt.com\/de\/#website","url":"https:\/\/www.abflt.com\/de\/","name":"ABF LT","description":"Aluminium die casting and CNC machining company","publisher":{"@id":"https:\/\/www.abflt.com\/de\/#organization"},"potentialAction":[{"@type":"SearchAction","target":{"@type":"EntryPoint","urlTemplate":"https:\/\/www.abflt.com\/de\/?s={search_term_string}"},"query-input":{"@type":"PropertyValueSpecification","valueRequired":true,"valueName":"search_term_string"}}],"inLanguage":"de"},{"@type":"Organization","@id":"https:\/\/www.abflt.com\/de\/#organization","name":"ABF LT","url":"https:\/\/www.abflt.com\/de\/","logo":{"@type":"ImageObject","inLanguage":"de","@id":"https:\/\/www.abflt.com\/de\/#\/schema\/logo\/image\/","url":"https:\/\/www.abflt.com\/wp-content\/uploads\/2020\/02\/logo2.png","contentUrl":"https:\/\/www.abflt.com\/wp-content\/uploads\/2020\/02\/logo2.png","width":113,"height":113,"caption":"ABF LT"},"image":{"@id":"https:\/\/www.abflt.com\/de\/#\/schema\/logo\/image\/"},"sameAs":["https:\/\/www.facebook.com\/abflt","https:\/\/www.linkedin.com\/company\/abf-lt","https:\/\/www.youtube.com\/channel\/UCVbHUYkMrwmW4YZZRzhxH9w"]}]}},"_links":{"self":[{"href":"https:\/\/www.abflt.com\/de\/wp-json\/wp\/v2\/pages\/2531","targetHints":{"allow":["GET"]}}],"collection":[{"href":"https:\/\/www.abflt.com\/de\/wp-json\/wp\/v2\/pages"}],"about":[{"href":"https:\/\/www.abflt.com\/de\/wp-json\/wp\/v2\/types\/page"}],"author":[{"embeddable":true,"href":"https:\/\/www.abflt.com\/de\/wp-json\/wp\/v2\/users\/1"}],"replies":[{"embeddable":true,"href":"https:\/\/www.abflt.com\/de\/wp-json\/wp\/v2\/comments?post=2531"}],"version-history":[{"count":3,"href":"https:\/\/www.abflt.com\/de\/wp-json\/wp\/v2\/pages\/2531\/revisions"}],"predecessor-version":[{"id":3362,"href":"https:\/\/www.abflt.com\/de\/wp-json\/wp\/v2\/pages\/2531\/revisions\/3362"}],"wp:attachment":[{"href":"https:\/\/www.abflt.com\/de\/wp-json\/wp\/v2\/media?parent=2531"}],"curies":[{"name":"wp","href":"https:\/\/api.w.org\/{rel}","templated":true}]}}