{"id":2536,"date":"2015-07-31T09:39:53","date_gmt":"2015-07-31T09:39:53","guid":{"rendered":"http:\/\/developers.lucky-bank.com\/abflt\/dienstleistungen\/aluminium-die-casting\/"},"modified":"2021-06-04T13:09:29","modified_gmt":"2021-06-04T10:09:29","slug":"aluminium-hochdruckguss-bei-abf-lt","status":"publish","type":"page","link":"https:\/\/www.abflt.com\/de\/dienstleistungen\/aluminium-hochdruckguss-bei-abf-lt\/","title":{"rendered":"Aluminiumdruckguss"},"content":{"rendered":"<p>[vc_row][vc_column width=&#8220;1\/6&#8243;][\/vc_column][vc_column width=&#8220;2\/3&#8243;][vc_custom_heading text=&#8220;Der Aluminiumdruckguss ist eines der Hauptverfahren der Metallbearbeitung.&#8220; font_container=&#8220;tag:p|font_size:22|text_align:left|color:%23003164|line_height:31px&#8220; use_theme_fonts=&#8220;yes&#8220; css=&#8220;.vc_custom_1585131683182{margin-bottom: 30px !important;}&#8220;][vc_column_text]Beim Aluminium-Druckguss wird geschmolzenes Aluminium unter hohem Druck in die Form gespritzt.<\/p>\n<p>Hier bei <a href=\"https:\/\/www.abflt.com\/\">ABF LT<\/a> verf\u00fcgen wir \u00fcber folgende mechanischen F\u00e4higkeiten:<br \/>\nDie Verriegelungskr\u00e4fte liegen zwischen 350 und 850 Tonnen.<br \/>\nDas maximale Gewicht des Werkst\u00fccks betr\u00e4gt 12 kg.<br \/>\nProjektion von 1000 cm\u00b2.<\/p>\n<p>Formen werden in erster Linie pr\u00e4zisionsgefertigt, um dem Endprodukt seine Form zu geben.<br \/>\nAluminium-Druckguss ist die richtige Wahl f\u00fcr Massenprodukte, da er sehr pr\u00e4zise Teile herstellen kann.<\/p>\n<p>&nbsp;<\/p>\n<p>Druckguss ist eine der h\u00e4ufigsten Arten der Herstellung von Produkten. Sie k\u00f6nnen allt\u00e4gliche Produkte um Sie herum finden, wie K\u00fcchenger\u00e4te, M\u00f6belteile, hydraulische Klemmen, LED-K\u00fchlk\u00f6rper und andere, die durch Druckguss hergestellt werden.<\/p>\n<p>Dank automatisierter Druckgussmaschinen und Robotersystemen k\u00f6nnen wir Arbeitsabl\u00e4ufe kontinuierlich antizipieren und konstant gro\u00dfe St\u00fcckzahlen produzieren. Durch die Gr\u00f6\u00dfe des Unternehmens garantieren wir unseren Kunden Flexibilit\u00e4t und Qualit\u00e4t der produzierten Teile.[\/vc_column_text][vc_row_inner css=&#8220;.vc_custom_1622801003540{padding-bottom: 40px !important;}&#8220;][vc_column_inner][vc_column_text]<div id=\"metaslider-id-2792\" style=\"width: 100%;\" class=\"ml-slider-3-108-0 metaslider metaslider-nivo metaslider-2792 ml-slider has-dots-nav ms-theme-default\" role=\"region\" aria-label=\"Aluminium die casting\">\n    <div id=\"metaslider_container_2792\">\n        <div class='slider-wrapper theme-default'><div class='ribbon'><\/div><div id='metaslider_2792' class='nivoSlider'><img loading=\"lazy\" decoding=\"async\" src=\"https:\/\/www.abflt.com\/wp-content\/uploads\/2020\/09\/die-casted-legs-0x0.jpg\" height=\"0\" width=\"0\" title=\"die-casted-legs\" alt=\"Aluminium Die Casting, Aliuminio liejimas\" class=\"slider-2792 slide-2829 msDefaultImage\" \/><img loading=\"lazy\" decoding=\"async\" src=\"https:\/\/www.abflt.com\/wp-content\/uploads\/2020\/09\/die-casted-component2-0x0.jpg\" height=\"0\" width=\"0\" title=\"die-casted-component2\" alt=\"\" class=\"slider-2792 slide-2828 msDefaultImage\" \/><img loading=\"lazy\" decoding=\"async\" src=\"https:\/\/www.abflt.com\/wp-content\/uploads\/2020\/09\/angled-pipe-0x0.jpg\" height=\"0\" width=\"0\" title=\"angled-pipe\" alt=\"Aluminium Die Casting, Aliuminio liejimas\" class=\"slider-2792 slide-2825 msDefaultImage\" \/><img loading=\"lazy\" decoding=\"async\" src=\"https:\/\/www.abflt.com\/wp-content\/uploads\/2020\/09\/automotive-part3-0x0.jpg\" height=\"0\" width=\"0\" title=\"automotive-part3\" alt=\"Aluminium Die Casting, Aliuminio liejimas\" class=\"slider-2792 slide-2912 msDefaultImage\" \/><img loading=\"lazy\" decoding=\"async\" src=\"https:\/\/www.abflt.com\/wp-content\/uploads\/2020\/09\/heatsink3-0x0.jpg\" height=\"0\" width=\"0\" title=\"heatsink3\" alt=\"\" class=\"slider-2792 slide-2830 msDefaultImage\" \/><img loading=\"lazy\" decoding=\"async\" src=\"https:\/\/www.abflt.com\/wp-content\/uploads\/2020\/09\/hydraulic-component1-0x0.jpg\" height=\"0\" width=\"0\" title=\"hydraulic-component1\" alt=\"Aluminium Die Casting, Aliuminio liejimas\" class=\"slider-2792 slide-2831 msDefaultImage\" \/><img loading=\"lazy\" decoding=\"async\" src=\"https:\/\/www.abflt.com\/wp-content\/uploads\/2020\/09\/medical-part-0x0.jpg\" height=\"0\" width=\"0\" title=\"medical-part\" alt=\"Aluminium Die Casting, Aliuminio liejimas\" class=\"slider-2792 slide-2832 msDefaultImage\" \/><\/div><\/div>\n        \n    <\/div>\n<\/div>[\/vc_column_text][\/vc_column_inner][\/vc_row_inner][vc_column_text css=&#8220;.vc_custom_1622801066024{padding-top: 50px !important;padding-bottom: 40px !important;}&#8220;]<\/p>\n<p style=\"text-align: center;\"><a href=\"https:\/\/www.abflt.com\/de\">ABF LT<\/a> <a href=\"https:\/\/www.abflt.com\/services\/\">Services<\/a>:<\/p>\n<p>[\/vc_column_text][\/vc_column][vc_column width=&#8220;1\/6&#8243;][\/vc_column][\/vc_row][vc_row css=&#8220;.vc_custom_1622801083141{padding-bottom: 40px !important;}&#8220;][vc_column width=&#8220;1\/3&#8243;][vc_btn title=&#8220;CNC-Fr\u00e4sen und Drehen&#8220; style=&#8220;custom&#8220; custom_background=&#8220;#003164&#8243; custom_text=&#8220;#ffffff&#8220; shape=&#8220;square&#8220; link=&#8220;url:https%3A%2F%2Fwww.abflt.com%2Fde%2Fdienstleistungen%2Fcnc-drehen-und-frasen%2F&#8220;][\/vc_column][vc_column width=&#8220;1\/3&#8243;][vc_btn title=&#8220;Rotations-Transfer-Bearbeitung&#8220; style=&#8220;custom&#8220; custom_background=&#8220;#003164&#8243; custom_text=&#8220;#ffffff&#8220; shape=&#8220;square&#8220;][\/vc_column][vc_column width=&#8220;1\/3&#8243;][vc_btn title=&#8220;Sonstige Services&#8220; style=&#8220;custom&#8220; custom_background=&#8220;#003164&#8243; custom_text=&#8220;#ffffff&#8220; shape=&#8220;square&#8220; link=&#8220;url:https%3A%2F%2Fwww.abflt.com%2Fde%2Fdienstleistungen%2Fsonstige-dienstleistungen%2F&#8220;][\/vc_column][\/vc_row][vc_row full_width=&#8220;stretch_row&#8220; css=&#8220;.vc_custom_1438221428110{margin-bottom: 0px !important;padding-top: 30px !important;padding-bottom: 30px !important;background-color: #003164 !important;}&#8220; el_id=&#8220;home_quote&#8220; el_class=&#8220;home_quote&#8220;][vc_column width=&#8220;5\/6&#8243;][vc_custom_heading text=&#8220;Neben der Lieferung unserer Produkte m\u00f6chten wir sicherstellen, dass es keine Fehler im Produktionsprozess gibt&#8220; font_container=&#8220;tag:div|font_size:24|text_align:left|color:%23ffffff|line_height:35px&#8220; use_theme_fonts=&#8220;yes&#8220; el_class=&#8220;home_quote_txt&#8220;][\/vc_column][vc_column width=&#8220;1\/6&#8243;][vc_btn title=&#8220;KONTAKT&#8220; style=&#8220;outline&#8220; shape=&#8220;square&#8220; size=&#8220;sm&#8220; align=&#8220;right&#8220; el_class=&#8220;home_quote_btn&#8220; link=&#8220;url:https%3A%2F%2Fwww.abflt.com%2Fde%2Fkontakt%2F|title:Kontakt||&#8220; css=&#8220;.vc_custom_1586253343840{margin-top: 10px !important;}&#8220;][\/vc_column][\/vc_row]<\/p>\n","protected":false},"excerpt":{"rendered":"<p>[vc_row][vc_column width=&#8220;1\/6&#8243;][\/vc_column][vc_column width=&#8220;2\/3&#8243;][vc_custom_heading text=&#8220;Der Aluminiumdruckguss ist eines der Hauptverfahren der Metallbearbeitung.&#8220; font_container=&#8220;tag:p|font_size:22|text_align:left|color:%23003164|line_height:31px&#8220; use_theme_fonts=&#8220;yes&#8220; css=&#8220;.vc_custom_1585131683182{margin-bottom: 30px !important;}&#8220;][vc_column_text]Beim Aluminium-Druckguss wird geschmolzenes Aluminium [&hellip;]<\/p>\n","protected":false},"author":1,"featured_media":2155,"parent":2534,"menu_order":0,"comment_status":"open","ping_status":"open","template":"","meta":{"content-type":"","footnotes":""},"class_list":["post-2536","page","type-page","status-publish","has-post-thumbnail","hentry"],"yoast_head":"<!-- This site is optimized with the Yoast SEO plugin v27.4 - https:\/\/yoast.com\/product\/yoast-seo-wordpress\/ -->\n<title>Eine der gr\u00f6\u00dften Aluminium-Druckgussfabriken im Baltikum - ABF LT<\/title>\n<meta name=\"description\" content=\"Bei ABF LT Aluminium-Druckguss wird durch Einspritzen von geschmolzenem Aluminium in die Form unter hohem Druck durchgef\u00fchrt.\" \/>\n<meta name=\"robots\" content=\"index, follow, max-snippet:-1, max-image-preview:large, max-video-preview:-1\" \/>\n<link rel=\"canonical\" href=\"https:\/\/www.abflt.com\/de\/dienstleistungen\/aluminium-hochdruckguss-bei-abf-lt\/\" \/>\n<meta property=\"og:locale\" content=\"de_DE\" \/>\n<meta property=\"og:type\" content=\"article\" \/>\n<meta property=\"og:title\" content=\"Eine der gr\u00f6\u00dften Aluminium-Druckgussfabriken im Baltikum - ABF LT\" \/>\n<meta property=\"og:description\" content=\"Bei ABF LT Aluminium-Druckguss wird durch Einspritzen von geschmolzenem Aluminium in die Form unter hohem Druck durchgef\u00fchrt.\" \/>\n<meta property=\"og:url\" content=\"https:\/\/www.abflt.com\/de\/dienstleistungen\/aluminium-hochdruckguss-bei-abf-lt\/\" \/>\n<meta property=\"og:site_name\" content=\"ABF LT\" \/>\n<meta property=\"article:publisher\" content=\"https:\/\/www.facebook.com\/abflt\" \/>\n<meta property=\"article:modified_time\" content=\"2021-06-04T10:09:29+00:00\" \/>\n<meta property=\"og:image\" content=\"https:\/\/www.abflt.com\/wp-content\/uploads\/2020\/03\/abflt_aliuminio_liejimas.png\" \/>\n\t<meta property=\"og:image:width\" content=\"500\" \/>\n\t<meta property=\"og:image:height\" content=\"281\" \/>\n\t<meta property=\"og:image:type\" content=\"image\/png\" \/>\n<meta name=\"twitter:card\" content=\"summary_large_image\" \/>\n<meta name=\"twitter:label1\" content=\"Gesch\u00e4tzte Lesezeit\" \/>\n\t<meta name=\"twitter:data1\" content=\"1\u00a0Minute\" \/>\n<script type=\"application\/ld+json\" class=\"yoast-schema-graph\">{\"@context\":\"https:\\\/\\\/schema.org\",\"@graph\":[{\"@type\":\"WebPage\",\"@id\":\"https:\\\/\\\/www.abflt.com\\\/de\\\/dienstleistungen\\\/aluminium-hochdruckguss-bei-abf-lt\\\/\",\"url\":\"https:\\\/\\\/www.abflt.com\\\/de\\\/dienstleistungen\\\/aluminium-hochdruckguss-bei-abf-lt\\\/\",\"name\":\"Eine der gr\u00f6\u00dften Aluminium-Druckgussfabriken im Baltikum - ABF LT\",\"isPartOf\":{\"@id\":\"https:\\\/\\\/www.abflt.com\\\/de\\\/#website\"},\"primaryImageOfPage\":{\"@id\":\"https:\\\/\\\/www.abflt.com\\\/de\\\/dienstleistungen\\\/aluminium-hochdruckguss-bei-abf-lt\\\/#primaryimage\"},\"image\":{\"@id\":\"https:\\\/\\\/www.abflt.com\\\/de\\\/dienstleistungen\\\/aluminium-hochdruckguss-bei-abf-lt\\\/#primaryimage\"},\"thumbnailUrl\":\"https:\\\/\\\/www.abflt.com\\\/wp-content\\\/uploads\\\/2020\\\/03\\\/abflt_aliuminio_liejimas.png\",\"datePublished\":\"2015-07-31T09:39:53+00:00\",\"dateModified\":\"2021-06-04T10:09:29+00:00\",\"description\":\"Bei ABF LT Aluminium-Druckguss wird durch Einspritzen von geschmolzenem Aluminium in die Form unter hohem Druck durchgef\u00fchrt.\",\"breadcrumb\":{\"@id\":\"https:\\\/\\\/www.abflt.com\\\/de\\\/dienstleistungen\\\/aluminium-hochdruckguss-bei-abf-lt\\\/#breadcrumb\"},\"inLanguage\":\"de\",\"potentialAction\":[{\"@type\":\"ReadAction\",\"target\":[\"https:\\\/\\\/www.abflt.com\\\/de\\\/dienstleistungen\\\/aluminium-hochdruckguss-bei-abf-lt\\\/\"]}]},{\"@type\":\"ImageObject\",\"inLanguage\":\"de\",\"@id\":\"https:\\\/\\\/www.abflt.com\\\/de\\\/dienstleistungen\\\/aluminium-hochdruckguss-bei-abf-lt\\\/#primaryimage\",\"url\":\"https:\\\/\\\/www.abflt.com\\\/wp-content\\\/uploads\\\/2020\\\/03\\\/abflt_aliuminio_liejimas.png\",\"contentUrl\":\"https:\\\/\\\/www.abflt.com\\\/wp-content\\\/uploads\\\/2020\\\/03\\\/abflt_aliuminio_liejimas.png\",\"width\":500,\"height\":281,\"caption\":\"Aluminium Die Casting\"},{\"@type\":\"BreadcrumbList\",\"@id\":\"https:\\\/\\\/www.abflt.com\\\/de\\\/dienstleistungen\\\/aluminium-hochdruckguss-bei-abf-lt\\\/#breadcrumb\",\"itemListElement\":[{\"@type\":\"ListItem\",\"position\":1,\"name\":\"Home\",\"item\":\"https:\\\/\\\/www.abflt.com\\\/de\\\/\"},{\"@type\":\"ListItem\",\"position\":2,\"name\":\"Dienstleistungen\",\"item\":\"https:\\\/\\\/www.abflt.com\\\/de\\\/dienstleistungen\\\/\"},{\"@type\":\"ListItem\",\"position\":3,\"name\":\"Aluminiumdruckguss\"}]},{\"@type\":\"WebSite\",\"@id\":\"https:\\\/\\\/www.abflt.com\\\/de\\\/#website\",\"url\":\"https:\\\/\\\/www.abflt.com\\\/de\\\/\",\"name\":\"ABF LT\",\"description\":\"Aluminium die casting and CNC machining company\",\"publisher\":{\"@id\":\"https:\\\/\\\/www.abflt.com\\\/de\\\/#organization\"},\"potentialAction\":[{\"@type\":\"SearchAction\",\"target\":{\"@type\":\"EntryPoint\",\"urlTemplate\":\"https:\\\/\\\/www.abflt.com\\\/de\\\/?s={search_term_string}\"},\"query-input\":{\"@type\":\"PropertyValueSpecification\",\"valueRequired\":true,\"valueName\":\"search_term_string\"}}],\"inLanguage\":\"de\"},{\"@type\":\"Organization\",\"@id\":\"https:\\\/\\\/www.abflt.com\\\/de\\\/#organization\",\"name\":\"ABF LT\",\"url\":\"https:\\\/\\\/www.abflt.com\\\/de\\\/\",\"logo\":{\"@type\":\"ImageObject\",\"inLanguage\":\"de\",\"@id\":\"https:\\\/\\\/www.abflt.com\\\/de\\\/#\\\/schema\\\/logo\\\/image\\\/\",\"url\":\"https:\\\/\\\/www.abflt.com\\\/wp-content\\\/uploads\\\/2020\\\/02\\\/logo2.png\",\"contentUrl\":\"https:\\\/\\\/www.abflt.com\\\/wp-content\\\/uploads\\\/2020\\\/02\\\/logo2.png\",\"width\":113,\"height\":113,\"caption\":\"ABF LT\"},\"image\":{\"@id\":\"https:\\\/\\\/www.abflt.com\\\/de\\\/#\\\/schema\\\/logo\\\/image\\\/\"},\"sameAs\":[\"https:\\\/\\\/www.facebook.com\\\/abflt\",\"https:\\\/\\\/www.linkedin.com\\\/company\\\/abf-lt\",\"https:\\\/\\\/www.youtube.com\\\/channel\\\/UCVbHUYkMrwmW4YZZRzhxH9w\"]}]}<\/script>\n<!-- \/ Yoast SEO plugin. -->","yoast_head_json":{"title":"Eine der gr\u00f6\u00dften Aluminium-Druckgussfabriken im Baltikum - ABF LT","description":"Bei ABF LT Aluminium-Druckguss wird durch Einspritzen von geschmolzenem Aluminium in die Form unter hohem Druck durchgef\u00fchrt.","robots":{"index":"index","follow":"follow","max-snippet":"max-snippet:-1","max-image-preview":"max-image-preview:large","max-video-preview":"max-video-preview:-1"},"canonical":"https:\/\/www.abflt.com\/de\/dienstleistungen\/aluminium-hochdruckguss-bei-abf-lt\/","og_locale":"de_DE","og_type":"article","og_title":"Eine der gr\u00f6\u00dften Aluminium-Druckgussfabriken im Baltikum - ABF LT","og_description":"Bei ABF LT Aluminium-Druckguss wird durch Einspritzen von geschmolzenem Aluminium in die Form unter hohem Druck durchgef\u00fchrt.","og_url":"https:\/\/www.abflt.com\/de\/dienstleistungen\/aluminium-hochdruckguss-bei-abf-lt\/","og_site_name":"ABF LT","article_publisher":"https:\/\/www.facebook.com\/abflt","article_modified_time":"2021-06-04T10:09:29+00:00","og_image":[{"width":500,"height":281,"url":"https:\/\/www.abflt.com\/wp-content\/uploads\/2020\/03\/abflt_aliuminio_liejimas.png","type":"image\/png"}],"twitter_card":"summary_large_image","twitter_misc":{"Gesch\u00e4tzte Lesezeit":"1\u00a0Minute"},"schema":{"@context":"https:\/\/schema.org","@graph":[{"@type":"WebPage","@id":"https:\/\/www.abflt.com\/de\/dienstleistungen\/aluminium-hochdruckguss-bei-abf-lt\/","url":"https:\/\/www.abflt.com\/de\/dienstleistungen\/aluminium-hochdruckguss-bei-abf-lt\/","name":"Eine der gr\u00f6\u00dften Aluminium-Druckgussfabriken im Baltikum - ABF LT","isPartOf":{"@id":"https:\/\/www.abflt.com\/de\/#website"},"primaryImageOfPage":{"@id":"https:\/\/www.abflt.com\/de\/dienstleistungen\/aluminium-hochdruckguss-bei-abf-lt\/#primaryimage"},"image":{"@id":"https:\/\/www.abflt.com\/de\/dienstleistungen\/aluminium-hochdruckguss-bei-abf-lt\/#primaryimage"},"thumbnailUrl":"https:\/\/www.abflt.com\/wp-content\/uploads\/2020\/03\/abflt_aliuminio_liejimas.png","datePublished":"2015-07-31T09:39:53+00:00","dateModified":"2021-06-04T10:09:29+00:00","description":"Bei ABF LT Aluminium-Druckguss wird durch Einspritzen von geschmolzenem Aluminium in die Form unter hohem Druck durchgef\u00fchrt.","breadcrumb":{"@id":"https:\/\/www.abflt.com\/de\/dienstleistungen\/aluminium-hochdruckguss-bei-abf-lt\/#breadcrumb"},"inLanguage":"de","potentialAction":[{"@type":"ReadAction","target":["https:\/\/www.abflt.com\/de\/dienstleistungen\/aluminium-hochdruckguss-bei-abf-lt\/"]}]},{"@type":"ImageObject","inLanguage":"de","@id":"https:\/\/www.abflt.com\/de\/dienstleistungen\/aluminium-hochdruckguss-bei-abf-lt\/#primaryimage","url":"https:\/\/www.abflt.com\/wp-content\/uploads\/2020\/03\/abflt_aliuminio_liejimas.png","contentUrl":"https:\/\/www.abflt.com\/wp-content\/uploads\/2020\/03\/abflt_aliuminio_liejimas.png","width":500,"height":281,"caption":"Aluminium Die Casting"},{"@type":"BreadcrumbList","@id":"https:\/\/www.abflt.com\/de\/dienstleistungen\/aluminium-hochdruckguss-bei-abf-lt\/#breadcrumb","itemListElement":[{"@type":"ListItem","position":1,"name":"Home","item":"https:\/\/www.abflt.com\/de\/"},{"@type":"ListItem","position":2,"name":"Dienstleistungen","item":"https:\/\/www.abflt.com\/de\/dienstleistungen\/"},{"@type":"ListItem","position":3,"name":"Aluminiumdruckguss"}]},{"@type":"WebSite","@id":"https:\/\/www.abflt.com\/de\/#website","url":"https:\/\/www.abflt.com\/de\/","name":"ABF LT","description":"Aluminium die casting and CNC machining company","publisher":{"@id":"https:\/\/www.abflt.com\/de\/#organization"},"potentialAction":[{"@type":"SearchAction","target":{"@type":"EntryPoint","urlTemplate":"https:\/\/www.abflt.com\/de\/?s={search_term_string}"},"query-input":{"@type":"PropertyValueSpecification","valueRequired":true,"valueName":"search_term_string"}}],"inLanguage":"de"},{"@type":"Organization","@id":"https:\/\/www.abflt.com\/de\/#organization","name":"ABF LT","url":"https:\/\/www.abflt.com\/de\/","logo":{"@type":"ImageObject","inLanguage":"de","@id":"https:\/\/www.abflt.com\/de\/#\/schema\/logo\/image\/","url":"https:\/\/www.abflt.com\/wp-content\/uploads\/2020\/02\/logo2.png","contentUrl":"https:\/\/www.abflt.com\/wp-content\/uploads\/2020\/02\/logo2.png","width":113,"height":113,"caption":"ABF LT"},"image":{"@id":"https:\/\/www.abflt.com\/de\/#\/schema\/logo\/image\/"},"sameAs":["https:\/\/www.facebook.com\/abflt","https:\/\/www.linkedin.com\/company\/abf-lt","https:\/\/www.youtube.com\/channel\/UCVbHUYkMrwmW4YZZRzhxH9w"]}]}},"_links":{"self":[{"href":"https:\/\/www.abflt.com\/de\/wp-json\/wp\/v2\/pages\/2536","targetHints":{"allow":["GET"]}}],"collection":[{"href":"https:\/\/www.abflt.com\/de\/wp-json\/wp\/v2\/pages"}],"about":[{"href":"https:\/\/www.abflt.com\/de\/wp-json\/wp\/v2\/types\/page"}],"author":[{"embeddable":true,"href":"https:\/\/www.abflt.com\/de\/wp-json\/wp\/v2\/users\/1"}],"replies":[{"embeddable":true,"href":"https:\/\/www.abflt.com\/de\/wp-json\/wp\/v2\/comments?post=2536"}],"version-history":[{"count":8,"href":"https:\/\/www.abflt.com\/de\/wp-json\/wp\/v2\/pages\/2536\/revisions"}],"predecessor-version":[{"id":3409,"href":"https:\/\/www.abflt.com\/de\/wp-json\/wp\/v2\/pages\/2536\/revisions\/3409"}],"up":[{"embeddable":true,"href":"https:\/\/www.abflt.com\/de\/wp-json\/wp\/v2\/pages\/2534"}],"wp:featuredmedia":[{"embeddable":true,"href":"https:\/\/www.abflt.com\/de\/wp-json\/wp\/v2\/media\/2155"}],"wp:attachment":[{"href":"https:\/\/www.abflt.com\/de\/wp-json\/wp\/v2\/media?parent=2536"}],"curies":[{"name":"wp","href":"https:\/\/api.w.org\/{rel}","templated":true}]}}