{"id":2540,"date":"2020-02-23T10:49:39","date_gmt":"2020-02-23T10:49:39","guid":{"rendered":"http:\/\/developers.lucky-bank.com\/abflt\/dienstleistungen\/cnc-turning-and-milling\/"},"modified":"2021-06-08T12:38:19","modified_gmt":"2021-06-08T09:38:19","slug":"cnc-fraes-und-dreh-anbieter-in-der-eu","status":"publish","type":"page","link":"https:\/\/www.abflt.com\/de\/dienstleistungen\/cnc-fraes-und-dreh-anbieter-in-der-eu\/","title":{"rendered":"CNC Drehen und Fr\u00e4sen"},"content":{"rendered":"<p>[vc_row][vc_column width=&#8220;1\/6&#8243;][\/vc_column][vc_column width=&#8220;2\/3&#8243;][vc_custom_heading text=&#8220;CNC-Fr\u00e4sen &amp; Drehen&#8220; font_container=&#8220;tag:p|font_size:20|text_align:left|color:%23003164|line_height:30px&#8220; use_theme_fonts=&#8220;yes&#8220;][vc_column_text]Eine der zentralen <a href=\"https:\/\/www.abflt.com\/de\/dienstleistungen\/\">Dienstleistungen<\/a> des Unternehmens ist das CNC-Fr\u00e4sen und -Drehen.\u00a0<a href=\"https:\/\/www.abflt.com\/de\/\">ABF LT<\/a>\u00a0ist einer der gr\u00f6\u00dften und erfahrensten Metallbau-Dienstleister in den baltischen Staaten. Das Unternehmen ist genau in der Mitte Europas angesiedelt. Ein strategisch g\u00fcnstiger Standort f\u00fcr den Versand von CNC-gefr\u00e4sten Teilen und anderen hergestellten Produkten.[\/vc_column_text][vc_row_inner css=&#8220;.vc_custom_1623059053121{padding-top: 40px !important;}&#8220;][vc_column_inner width=&#8220;1\/2&#8243;][vc_custom_heading text=&#8220;Fr\u00e4sen&#8220; font_container=&#8220;tag:p|font_size:20|text_align:left|color:%23003164|line_height:30px&#8220; use_theme_fonts=&#8220;yes&#8220; css=&#8220;.vc_custom_1585131924869{margin-bottom: 30px !important;}&#8220;][vc_custom_heading text=&#8220;Das CNC-Fr\u00e4sen ist ein Bearbeitungsverfahren, bei dem Computersteuerungen und rotierende Mehrpunkt-Schneidewerkzeuge eingesetzt werden, um nach und nach Material vom Werkst\u00fcck abzutragen und ein ma\u00dfgefertigtes Teil gem\u00e4\u00df der Zeichnung herzustellen. Beim CNC-Fr\u00e4sen werden je nach den Fr\u00e4sspezifikationen und Anforderungen horizontale oder vertikale Fr\u00e4smaschinen eingesetzt.&#8220; font_container=&#8220;tag:p|font_size:15|text_align:left|color:%23999999&#8243; use_theme_fonts=&#8220;yes&#8220; css=&#8220;.vc_custom_1585132139591{margin-bottom: 74px !important;}&#8220;][vc_column_text]<div id=\"metaslider-id-2874\" style=\"width: 100%;\" class=\"ml-slider-3-108-0 metaslider metaslider-nivo metaslider-2874 ml-slider has-dots-nav ms-theme-default\" role=\"region\" aria-label=\"Turning\">\n    <div id=\"metaslider_container_2874\">\n        <div class='slider-wrapper theme-default'><div class='ribbon'><\/div><div id='metaslider_2874' class='nivoSlider'><img loading=\"lazy\" decoding=\"async\" src=\"https:\/\/www.abflt.com\/wp-content\/uploads\/2020\/09\/coaxial-nozzle-0x0.jpg\" height=\"0\" width=\"0\" title=\"coaxial nozzle\" alt=\"CNC milling &amp; turning, CNC frezavimas ir tekinimas\" class=\"slider-2874 slide-2900 msDefaultImage\" \/><img loading=\"lazy\" decoding=\"async\" src=\"https:\/\/www.abflt.com\/wp-content\/uploads\/2020\/09\/door-components-0x0.jpg\" height=\"0\" width=\"0\" title=\"door components\" alt=\"CNC milling &amp; turning, CNC frezavimas ir tekinimas\" class=\"slider-2874 slide-2901 msDefaultImage\" \/><img loading=\"lazy\" decoding=\"async\" src=\"https:\/\/www.abflt.com\/wp-content\/uploads\/2020\/09\/solid-pin1-0x0.jpg\" height=\"0\" width=\"0\" title=\"solid pin1\" alt=\"CNC milling &amp; turning, CNC frezavimas ir tekinimas\" class=\"slider-2874 slide-2902 msDefaultImage\" \/><img loading=\"lazy\" decoding=\"async\" src=\"https:\/\/www.abflt.com\/wp-content\/uploads\/2020\/09\/solid-pin5-0x0.jpg\" height=\"0\" width=\"0\" title=\"solid pin5\" alt=\"CNC milling &amp; turning, CNC frezavimas ir tekinimas\" class=\"slider-2874 slide-2903 msDefaultImage\" \/><img loading=\"lazy\" decoding=\"async\" src=\"https:\/\/www.abflt.com\/wp-content\/uploads\/2020\/09\/turned-part2-0x0.jpg\" height=\"0\" width=\"0\" title=\"turned part2\" alt=\"CNC milling &amp; turning, CNC frezavimas ir tekinimas\" class=\"slider-2874 slide-2904 msDefaultImage\" \/><img loading=\"lazy\" decoding=\"async\" src=\"https:\/\/www.abflt.com\/wp-content\/uploads\/2020\/09\/turned-part4-0x0.jpg\" height=\"0\" width=\"0\" title=\"turned part4\" alt=\"CNC milling &amp; turning, CNC frezavimas ir tekinimas\" class=\"slider-2874 slide-2905 msDefaultImage\" \/><\/div><\/div>\n        \n    <\/div>\n<\/div>[\/vc_column_text][\/vc_column_inner][vc_column_inner width=&#8220;1\/2&#8243; css=&#8220;.vc_custom_1583601639093{padding-bottom: 30px !important;}&#8220;][vc_custom_heading text=&#8220;Drehen&#8220; font_container=&#8220;tag:p|font_size:20|text_align:left|color:%23003164|line_height:30px&#8220; use_theme_fonts=&#8220;yes&#8220; css=&#8220;.vc_custom_1585131905650{margin-bottom: 30px !important;}&#8220;][vc_custom_heading text=&#8220;CNC-Drehmaschinen werden zur Herstellung von Teilen aus St\u00e4ben verwendet, wenn sich das Schneidwerkzeug linear bewegt und das Werkst\u00fcck rotiert. W\u00e4hrend des Drehvorgangs werden Materialien wie Metall oder Kunststoff durch eine numerische Computersteuerung gedreht. Das CNC-Drehen kann au\u00dferhalb oder innerhalb des Werkst\u00fccks erfolgen, um rohrf\u00f6rmige Komponenten mit verschiedenen Geometrien herzustellen.&#8220; font_container=&#8220;tag:p|font_size:15|text_align:left|color:%23999999&#8243; use_theme_fonts=&#8220;yes&#8220; css=&#8220;.vc_custom_1585131915816{margin-bottom: 50px !important;}&#8220;][vc_column_text]<div id=\"metaslider-id-2843\" style=\"width: 100%;\" class=\"ml-slider-3-108-0 metaslider metaslider-nivo metaslider-2843 ml-slider has-dots-nav ms-theme-default\" role=\"region\" aria-label=\"Milling\">\n    <div id=\"metaslider_container_2843\">\n        <div class='slider-wrapper theme-default'><div class='ribbon'><\/div><div id='metaslider_2843' class='nivoSlider'><img loading=\"lazy\" decoding=\"async\" src=\"https:\/\/www.abflt.com\/wp-content\/uploads\/2020\/09\/die-casted-component2-1-0x0.jpg\" height=\"0\" width=\"0\" title=\"die casted component2\" alt=\"CNC Milling &amp; turning\" class=\"slider-2843 slide-2868 msDefaultImage\" \/><img loading=\"lazy\" decoding=\"async\" src=\"https:\/\/www.abflt.com\/wp-content\/uploads\/2020\/09\/fuel-system1-0x0.jpg\" height=\"0\" width=\"0\" title=\"fuel system1\" alt=\"CNC Milling &amp; turning\" class=\"slider-2843 slide-2869 msDefaultImage\" \/><img loading=\"lazy\" decoding=\"async\" src=\"https:\/\/www.abflt.com\/wp-content\/uploads\/2020\/09\/heatsink1-0x0.jpg\" height=\"0\" width=\"0\" title=\"heatsink1\" alt=\"\" class=\"slider-2843 slide-2870 msDefaultImage\" \/><img loading=\"lazy\" decoding=\"async\" src=\"https:\/\/www.abflt.com\/wp-content\/uploads\/2020\/09\/milled-component3-0x0.jpg\" height=\"0\" width=\"0\" title=\"milled component3\" alt=\"CNC Milling &amp; turning\" class=\"slider-2843 slide-2871 msDefaultImage\" \/><img loading=\"lazy\" decoding=\"async\" src=\"https:\/\/www.abflt.com\/wp-content\/uploads\/2020\/09\/milled-component5-0x0.jpg\" height=\"0\" width=\"0\" title=\"milled component5\" alt=\"CNC Milling &amp; turning\" class=\"slider-2843 slide-2872 msDefaultImage\" \/><img loading=\"lazy\" decoding=\"async\" src=\"https:\/\/www.abflt.com\/wp-content\/uploads\/2020\/09\/milled-component6-0x0.jpg\" height=\"0\" width=\"0\" title=\"milled component6\" alt=\"\" class=\"slider-2843 slide-2873 msDefaultImage\" \/><\/div><\/div>\n        \n    <\/div>\n<\/div>[\/vc_column_text][\/vc_column_inner][\/vc_row_inner][vc_row_inner css=&#8220;.vc_custom_1583601987450{margin-bottom: 50px !important;}&#8220;][vc_column_inner][vc_column_text]Mit den genannten Maschinen werden CNC-Fr\u00e4s- und Dreharbeiten durchgef\u00fchrt:<\/p>\n<p>YCM;<br \/>\nHYUNDAI-KIA;<br \/>\nNAKAMURA-TOME;<br \/>\nEMCO TURN;<br \/>\nHITACHI SEIKI;<br \/>\nMORI SEIKI;<br \/>\nHAAS Dreh- und Fr\u00e4szentren.<\/p>\n<p><a href=\"https:\/\/www.abflt.com\/de\/\">ABF LT<\/a> stellt sicher, dass die Fr\u00e4s- und Dreharbeiten fach- und termingerecht ausgef\u00fchrt werden. Das CNC-Drehen und -Fr\u00e4sen wird auch stark von der Qualifikation und Erfahrung der Mitarbeiter beeinflusst. Bei <a href=\"https:\/\/www.abflt.com\/de\/\">ABF LT<\/a> werden diese Arbeiten von hochqualifizierten Fachkr\u00e4ften ausgef\u00fchrt, die \u00fcber gro\u00dfe Arbeitserfahrung bei der Bearbeitung komplexester Produkte verf\u00fcgen.[\/vc_column_text][\/vc_column_inner][\/vc_row_inner][\/vc_column][vc_column width=&#8220;1\/6&#8243;][\/vc_column][\/vc_row][vc_row css=&#8220;.vc_custom_1623059725778{padding-bottom: 40px !important;}&#8220;][vc_column width=&#8220;1\/3&#8243;][vc_btn title=&#8220;Aluminiumdruckguss&#8220; style=&#8220;custom&#8220; custom_background=&#8220;#003164&#8243; custom_text=&#8220;#ffffff&#8220; shape=&#8220;square&#8220; align=&#8220;right&#8220; link=&#8220;url:https%3A%2F%2Fwww.abflt.com%2Fde%2Fdienstleistungen%2Faluminium-hochdruckguss-bei-abf-lt%2F&#8220;][\/vc_column][vc_column width=&#8220;1\/3&#8243;][vc_btn title=&#8220;Rotations Transfer Bearbeitung&#8220; style=&#8220;custom&#8220; custom_background=&#8220;#003164&#8243; custom_text=&#8220;#ffffff&#8220; shape=&#8220;square&#8220; link=&#8220;url:https%3A%2F%2Fwww.abflt.com%2Fde%2Fdienstleistungen%2Faluminium-hochdruckguss-bei-abf-lt%2F&#8220;][\/vc_column][vc_column width=&#8220;1\/3&#8243;][vc_btn title=&#8220;Sonstige Services&#8220; style=&#8220;custom&#8220; custom_background=&#8220;#003164&#8243; custom_text=&#8220;#ffffff&#8220; shape=&#8220;square&#8220; align=&#8220;left&#8220; link=&#8220;url:https%3A%2F%2Fwww.abflt.com%2Fde%2Fdienstleistungen%2Fsonstige-dienstleistungen%2F&#8220;][\/vc_column][\/vc_row][vc_row full_width=&#8220;stretch_row&#8220; css=&#8220;.vc_custom_1438221428110{margin-bottom: 0px !important;padding-top: 30px !important;padding-bottom: 30px !important;background-color: #003164 !important;}&#8220; el_id=&#8220;home_quote&#8220; el_class=&#8220;home_quote&#8220;][vc_column width=&#8220;5\/6&#8243;][vc_custom_heading text=&#8220;Neben der Lieferung unserer Produkte m\u00f6chten wir sicherstellen, dass es keine Fehler im Produktionsprozess gibt&#8220; font_container=&#8220;tag:div|font_size:24|text_align:left|color:%23ffffff|line_height:35px&#8220; use_theme_fonts=&#8220;yes&#8220; el_class=&#8220;home_quote_txt&#8220;][\/vc_column][vc_column width=&#8220;1\/6&#8243;][vc_btn title=&#8220;KONTAKT&#8220; style=&#8220;outline&#8220; shape=&#8220;square&#8220; size=&#8220;sm&#8220; align=&#8220;right&#8220; el_class=&#8220;home_quote_btn&#8220; link=&#8220;url:https%3A%2F%2Fwww.abflt.com%2Fde%2Fkontakt%2F|title:Kontakt||&#8220; css=&#8220;.vc_custom_1586253369895{margin-top: 10px !important;}&#8220;][\/vc_column][\/vc_row]<\/p>\n","protected":false},"excerpt":{"rendered":"<p>[vc_row][vc_column width=&#8220;1\/6&#8243;][\/vc_column][vc_column width=&#8220;2\/3&#8243;][vc_custom_heading text=&#8220;CNC-Fr\u00e4sen &amp; Drehen&#8220; font_container=&#8220;tag:p|font_size:20|text_align:left|color:%23003164|line_height:30px&#8220; use_theme_fonts=&#8220;yes&#8220;][vc_column_text]Eine der zentralen Dienstleistungen des Unternehmens ist das CNC-Fr\u00e4sen und -Drehen.\u00a0ABF LT\u00a0ist einer [&hellip;]<\/p>\n","protected":false},"author":1,"featured_media":2159,"parent":2534,"menu_order":0,"comment_status":"open","ping_status":"open","template":"","meta":{"content-type":"","footnotes":""},"class_list":["post-2540","page","type-page","status-publish","has-post-thumbnail","hentry"],"yoast_head":"<!-- This site is optimized with the Yoast SEO plugin v27.4 - https:\/\/yoast.com\/product\/yoast-seo-wordpress\/ -->\n<title>Zuverl\u00e4ssiger CNC-Fr\u00e4s- und Dreharbeiten in Europa - ABF LT<\/title>\n<meta name=\"description\" content=\"ABF LT ist einer der gr\u00f6\u00dften Anbieter f\u00fcr Druckguss und CNC-Fr\u00e4sen &amp; Drehen im Baltikum. Mit Ausgezeichnete Qualit\u00e4tsgarantie\" \/>\n<meta name=\"robots\" content=\"index, follow, max-snippet:-1, max-image-preview:large, max-video-preview:-1\" \/>\n<link rel=\"canonical\" href=\"https:\/\/www.abflt.com\/de\/dienstleistungen\/cnc-fraes-und-dreh-anbieter-in-der-eu\/\" \/>\n<meta property=\"og:locale\" content=\"de_DE\" \/>\n<meta property=\"og:type\" content=\"article\" \/>\n<meta property=\"og:title\" content=\"Zuverl\u00e4ssiger CNC-Fr\u00e4s- und Dreharbeiten in Europa - ABF LT\" \/>\n<meta property=\"og:description\" content=\"ABF LT ist einer der gr\u00f6\u00dften Anbieter f\u00fcr Druckguss und CNC-Fr\u00e4sen &amp; Drehen im Baltikum. Mit Ausgezeichnete Qualit\u00e4tsgarantie\" \/>\n<meta property=\"og:url\" content=\"https:\/\/www.abflt.com\/de\/dienstleistungen\/cnc-fraes-und-dreh-anbieter-in-der-eu\/\" \/>\n<meta property=\"og:site_name\" content=\"ABF LT\" \/>\n<meta property=\"article:publisher\" content=\"https:\/\/www.facebook.com\/abflt\" \/>\n<meta property=\"article:modified_time\" content=\"2021-06-08T09:38:19+00:00\" \/>\n<meta property=\"og:image\" content=\"https:\/\/www.abflt.com\/wp-content\/uploads\/2020\/03\/abflt_cnc_frezavimas_ir_tekinimas.png\" \/>\n\t<meta property=\"og:image:width\" content=\"500\" \/>\n\t<meta property=\"og:image:height\" content=\"281\" \/>\n\t<meta property=\"og:image:type\" content=\"image\/png\" \/>\n<meta name=\"twitter:card\" content=\"summary_large_image\" \/>\n<meta name=\"twitter:label1\" content=\"Gesch\u00e4tzte Lesezeit\" \/>\n\t<meta name=\"twitter:data1\" content=\"2\u00a0Minuten\" \/>\n<script type=\"application\/ld+json\" class=\"yoast-schema-graph\">{\"@context\":\"https:\\\/\\\/schema.org\",\"@graph\":[{\"@type\":\"WebPage\",\"@id\":\"https:\\\/\\\/www.abflt.com\\\/de\\\/dienstleistungen\\\/cnc-fraes-und-dreh-anbieter-in-der-eu\\\/\",\"url\":\"https:\\\/\\\/www.abflt.com\\\/de\\\/dienstleistungen\\\/cnc-fraes-und-dreh-anbieter-in-der-eu\\\/\",\"name\":\"Zuverl\u00e4ssiger CNC-Fr\u00e4s- und Dreharbeiten in Europa - ABF LT\",\"isPartOf\":{\"@id\":\"https:\\\/\\\/www.abflt.com\\\/de\\\/#website\"},\"primaryImageOfPage\":{\"@id\":\"https:\\\/\\\/www.abflt.com\\\/de\\\/dienstleistungen\\\/cnc-fraes-und-dreh-anbieter-in-der-eu\\\/#primaryimage\"},\"image\":{\"@id\":\"https:\\\/\\\/www.abflt.com\\\/de\\\/dienstleistungen\\\/cnc-fraes-und-dreh-anbieter-in-der-eu\\\/#primaryimage\"},\"thumbnailUrl\":\"https:\\\/\\\/www.abflt.com\\\/wp-content\\\/uploads\\\/2020\\\/03\\\/abflt_cnc_frezavimas_ir_tekinimas.png\",\"datePublished\":\"2020-02-23T10:49:39+00:00\",\"dateModified\":\"2021-06-08T09:38:19+00:00\",\"description\":\"ABF LT ist einer der gr\u00f6\u00dften Anbieter f\u00fcr Druckguss und CNC-Fr\u00e4sen & Drehen im Baltikum. Mit Ausgezeichnete Qualit\u00e4tsgarantie\",\"breadcrumb\":{\"@id\":\"https:\\\/\\\/www.abflt.com\\\/de\\\/dienstleistungen\\\/cnc-fraes-und-dreh-anbieter-in-der-eu\\\/#breadcrumb\"},\"inLanguage\":\"de\",\"potentialAction\":[{\"@type\":\"ReadAction\",\"target\":[\"https:\\\/\\\/www.abflt.com\\\/de\\\/dienstleistungen\\\/cnc-fraes-und-dreh-anbieter-in-der-eu\\\/\"]}]},{\"@type\":\"ImageObject\",\"inLanguage\":\"de\",\"@id\":\"https:\\\/\\\/www.abflt.com\\\/de\\\/dienstleistungen\\\/cnc-fraes-und-dreh-anbieter-in-der-eu\\\/#primaryimage\",\"url\":\"https:\\\/\\\/www.abflt.com\\\/wp-content\\\/uploads\\\/2020\\\/03\\\/abflt_cnc_frezavimas_ir_tekinimas.png\",\"contentUrl\":\"https:\\\/\\\/www.abflt.com\\\/wp-content\\\/uploads\\\/2020\\\/03\\\/abflt_cnc_frezavimas_ir_tekinimas.png\",\"width\":500,\"height\":281,\"caption\":\"ABFLT CNC turning and milling. CNC frezavimas ir tekinimas\"},{\"@type\":\"BreadcrumbList\",\"@id\":\"https:\\\/\\\/www.abflt.com\\\/de\\\/dienstleistungen\\\/cnc-fraes-und-dreh-anbieter-in-der-eu\\\/#breadcrumb\",\"itemListElement\":[{\"@type\":\"ListItem\",\"position\":1,\"name\":\"Home\",\"item\":\"https:\\\/\\\/www.abflt.com\\\/de\\\/\"},{\"@type\":\"ListItem\",\"position\":2,\"name\":\"Dienstleistungen\",\"item\":\"https:\\\/\\\/www.abflt.com\\\/de\\\/dienstleistungen\\\/\"},{\"@type\":\"ListItem\",\"position\":3,\"name\":\"CNC Drehen und Fr\u00e4sen\"}]},{\"@type\":\"WebSite\",\"@id\":\"https:\\\/\\\/www.abflt.com\\\/de\\\/#website\",\"url\":\"https:\\\/\\\/www.abflt.com\\\/de\\\/\",\"name\":\"ABF LT\",\"description\":\"Aluminium die casting and CNC machining company\",\"publisher\":{\"@id\":\"https:\\\/\\\/www.abflt.com\\\/de\\\/#organization\"},\"potentialAction\":[{\"@type\":\"SearchAction\",\"target\":{\"@type\":\"EntryPoint\",\"urlTemplate\":\"https:\\\/\\\/www.abflt.com\\\/de\\\/?s={search_term_string}\"},\"query-input\":{\"@type\":\"PropertyValueSpecification\",\"valueRequired\":true,\"valueName\":\"search_term_string\"}}],\"inLanguage\":\"de\"},{\"@type\":\"Organization\",\"@id\":\"https:\\\/\\\/www.abflt.com\\\/de\\\/#organization\",\"name\":\"ABF LT\",\"url\":\"https:\\\/\\\/www.abflt.com\\\/de\\\/\",\"logo\":{\"@type\":\"ImageObject\",\"inLanguage\":\"de\",\"@id\":\"https:\\\/\\\/www.abflt.com\\\/de\\\/#\\\/schema\\\/logo\\\/image\\\/\",\"url\":\"https:\\\/\\\/www.abflt.com\\\/wp-content\\\/uploads\\\/2020\\\/02\\\/logo2.png\",\"contentUrl\":\"https:\\\/\\\/www.abflt.com\\\/wp-content\\\/uploads\\\/2020\\\/02\\\/logo2.png\",\"width\":113,\"height\":113,\"caption\":\"ABF LT\"},\"image\":{\"@id\":\"https:\\\/\\\/www.abflt.com\\\/de\\\/#\\\/schema\\\/logo\\\/image\\\/\"},\"sameAs\":[\"https:\\\/\\\/www.facebook.com\\\/abflt\",\"https:\\\/\\\/www.linkedin.com\\\/company\\\/abf-lt\",\"https:\\\/\\\/www.youtube.com\\\/channel\\\/UCVbHUYkMrwmW4YZZRzhxH9w\"]}]}<\/script>\n<!-- \/ Yoast SEO plugin. -->","yoast_head_json":{"title":"Zuverl\u00e4ssiger CNC-Fr\u00e4s- und Dreharbeiten in Europa - ABF LT","description":"ABF LT ist einer der gr\u00f6\u00dften Anbieter f\u00fcr Druckguss und CNC-Fr\u00e4sen & Drehen im Baltikum. Mit Ausgezeichnete Qualit\u00e4tsgarantie","robots":{"index":"index","follow":"follow","max-snippet":"max-snippet:-1","max-image-preview":"max-image-preview:large","max-video-preview":"max-video-preview:-1"},"canonical":"https:\/\/www.abflt.com\/de\/dienstleistungen\/cnc-fraes-und-dreh-anbieter-in-der-eu\/","og_locale":"de_DE","og_type":"article","og_title":"Zuverl\u00e4ssiger CNC-Fr\u00e4s- und Dreharbeiten in Europa - ABF LT","og_description":"ABF LT ist einer der gr\u00f6\u00dften Anbieter f\u00fcr Druckguss und CNC-Fr\u00e4sen & Drehen im Baltikum. Mit Ausgezeichnete Qualit\u00e4tsgarantie","og_url":"https:\/\/www.abflt.com\/de\/dienstleistungen\/cnc-fraes-und-dreh-anbieter-in-der-eu\/","og_site_name":"ABF LT","article_publisher":"https:\/\/www.facebook.com\/abflt","article_modified_time":"2021-06-08T09:38:19+00:00","og_image":[{"width":500,"height":281,"url":"https:\/\/www.abflt.com\/wp-content\/uploads\/2020\/03\/abflt_cnc_frezavimas_ir_tekinimas.png","type":"image\/png"}],"twitter_card":"summary_large_image","twitter_misc":{"Gesch\u00e4tzte Lesezeit":"2\u00a0Minuten"},"schema":{"@context":"https:\/\/schema.org","@graph":[{"@type":"WebPage","@id":"https:\/\/www.abflt.com\/de\/dienstleistungen\/cnc-fraes-und-dreh-anbieter-in-der-eu\/","url":"https:\/\/www.abflt.com\/de\/dienstleistungen\/cnc-fraes-und-dreh-anbieter-in-der-eu\/","name":"Zuverl\u00e4ssiger CNC-Fr\u00e4s- und Dreharbeiten in Europa - ABF LT","isPartOf":{"@id":"https:\/\/www.abflt.com\/de\/#website"},"primaryImageOfPage":{"@id":"https:\/\/www.abflt.com\/de\/dienstleistungen\/cnc-fraes-und-dreh-anbieter-in-der-eu\/#primaryimage"},"image":{"@id":"https:\/\/www.abflt.com\/de\/dienstleistungen\/cnc-fraes-und-dreh-anbieter-in-der-eu\/#primaryimage"},"thumbnailUrl":"https:\/\/www.abflt.com\/wp-content\/uploads\/2020\/03\/abflt_cnc_frezavimas_ir_tekinimas.png","datePublished":"2020-02-23T10:49:39+00:00","dateModified":"2021-06-08T09:38:19+00:00","description":"ABF LT ist einer der gr\u00f6\u00dften Anbieter f\u00fcr Druckguss und CNC-Fr\u00e4sen & Drehen im Baltikum. Mit Ausgezeichnete Qualit\u00e4tsgarantie","breadcrumb":{"@id":"https:\/\/www.abflt.com\/de\/dienstleistungen\/cnc-fraes-und-dreh-anbieter-in-der-eu\/#breadcrumb"},"inLanguage":"de","potentialAction":[{"@type":"ReadAction","target":["https:\/\/www.abflt.com\/de\/dienstleistungen\/cnc-fraes-und-dreh-anbieter-in-der-eu\/"]}]},{"@type":"ImageObject","inLanguage":"de","@id":"https:\/\/www.abflt.com\/de\/dienstleistungen\/cnc-fraes-und-dreh-anbieter-in-der-eu\/#primaryimage","url":"https:\/\/www.abflt.com\/wp-content\/uploads\/2020\/03\/abflt_cnc_frezavimas_ir_tekinimas.png","contentUrl":"https:\/\/www.abflt.com\/wp-content\/uploads\/2020\/03\/abflt_cnc_frezavimas_ir_tekinimas.png","width":500,"height":281,"caption":"ABFLT CNC turning and milling. CNC frezavimas ir tekinimas"},{"@type":"BreadcrumbList","@id":"https:\/\/www.abflt.com\/de\/dienstleistungen\/cnc-fraes-und-dreh-anbieter-in-der-eu\/#breadcrumb","itemListElement":[{"@type":"ListItem","position":1,"name":"Home","item":"https:\/\/www.abflt.com\/de\/"},{"@type":"ListItem","position":2,"name":"Dienstleistungen","item":"https:\/\/www.abflt.com\/de\/dienstleistungen\/"},{"@type":"ListItem","position":3,"name":"CNC Drehen und Fr\u00e4sen"}]},{"@type":"WebSite","@id":"https:\/\/www.abflt.com\/de\/#website","url":"https:\/\/www.abflt.com\/de\/","name":"ABF LT","description":"Aluminium die casting and CNC machining company","publisher":{"@id":"https:\/\/www.abflt.com\/de\/#organization"},"potentialAction":[{"@type":"SearchAction","target":{"@type":"EntryPoint","urlTemplate":"https:\/\/www.abflt.com\/de\/?s={search_term_string}"},"query-input":{"@type":"PropertyValueSpecification","valueRequired":true,"valueName":"search_term_string"}}],"inLanguage":"de"},{"@type":"Organization","@id":"https:\/\/www.abflt.com\/de\/#organization","name":"ABF LT","url":"https:\/\/www.abflt.com\/de\/","logo":{"@type":"ImageObject","inLanguage":"de","@id":"https:\/\/www.abflt.com\/de\/#\/schema\/logo\/image\/","url":"https:\/\/www.abflt.com\/wp-content\/uploads\/2020\/02\/logo2.png","contentUrl":"https:\/\/www.abflt.com\/wp-content\/uploads\/2020\/02\/logo2.png","width":113,"height":113,"caption":"ABF LT"},"image":{"@id":"https:\/\/www.abflt.com\/de\/#\/schema\/logo\/image\/"},"sameAs":["https:\/\/www.facebook.com\/abflt","https:\/\/www.linkedin.com\/company\/abf-lt","https:\/\/www.youtube.com\/channel\/UCVbHUYkMrwmW4YZZRzhxH9w"]}]}},"_links":{"self":[{"href":"https:\/\/www.abflt.com\/de\/wp-json\/wp\/v2\/pages\/2540","targetHints":{"allow":["GET"]}}],"collection":[{"href":"https:\/\/www.abflt.com\/de\/wp-json\/wp\/v2\/pages"}],"about":[{"href":"https:\/\/www.abflt.com\/de\/wp-json\/wp\/v2\/types\/page"}],"author":[{"embeddable":true,"href":"https:\/\/www.abflt.com\/de\/wp-json\/wp\/v2\/users\/1"}],"replies":[{"embeddable":true,"href":"https:\/\/www.abflt.com\/de\/wp-json\/wp\/v2\/comments?post=2540"}],"version-history":[{"count":11,"href":"https:\/\/www.abflt.com\/de\/wp-json\/wp\/v2\/pages\/2540\/revisions"}],"predecessor-version":[{"id":3450,"href":"https:\/\/www.abflt.com\/de\/wp-json\/wp\/v2\/pages\/2540\/revisions\/3450"}],"up":[{"embeddable":true,"href":"https:\/\/www.abflt.com\/de\/wp-json\/wp\/v2\/pages\/2534"}],"wp:featuredmedia":[{"embeddable":true,"href":"https:\/\/www.abflt.com\/de\/wp-json\/wp\/v2\/media\/2159"}],"wp:attachment":[{"href":"https:\/\/www.abflt.com\/de\/wp-json\/wp\/v2\/media?parent=2540"}],"curies":[{"name":"wp","href":"https:\/\/api.w.org\/{rel}","templated":true}]}}