{"id":2546,"date":"2020-02-23T11:08:31","date_gmt":"2020-02-23T11:08:31","guid":{"rendered":"http:\/\/developers.lucky-bank.com\/abflt\/dienstleistungen\/other-services\/"},"modified":"2024-01-30T15:50:09","modified_gmt":"2024-01-30T12:50:09","slug":"sonstige-dienstleistungen","status":"publish","type":"page","link":"https:\/\/www.abflt.com\/de\/dienstleistungen\/sonstige-dienstleistungen\/","title":{"rendered":"Sonstige Dienstleistungen"},"content":{"rendered":"<p>[vc_row css=&#8220;.vc_custom_1583602293312{margin-bottom: 40px !important;}&#8220;][vc_column width=&#8220;1\/6&#8243;][\/vc_column][vc_column width=&#8220;2\/3&#8243;][vc_custom_heading text=&#8220;ABF LT verf\u00fcgt \u00fcber ein breites Spektrum an technologischen F\u00e4higkeiten und ist im Bereich der Metallbearbeitung flexibel. Daher k\u00f6nnen wir allen sich st\u00e4ndig \u00e4ndernden Bed\u00fcrfnissen unserer Kunden gerecht werden.<\/p>\n<p>Wir bieten Roboter-Schleif- und Polierarbeiten f\u00fcr Aluminiumkomponenten, Schwei\u00dfen von Stahl- und Aluminiumteilen, Kugelstrahlen, Nadel- und Lasergravur und andere Arbeiten an.&#8220; font_container=&#8220;tag:p|font_size:15|text_align:left|color:%23999999&#8243; use_theme_fonts=&#8220;yes&#8220; css=&#8220;.vc_custom_1706619008738{margin-bottom: 20px !important;}&#8220;][vc_row_inner disable_element=&#8220;yes&#8220;][vc_column_inner][vc_gallery type=&#8220;nivo&#8220; interval=&#8220;3&#8243; img_size=&#8220;full&#8220; css=&#8220;.vc_custom_1583602806204{padding-top: 30px !important;}&#8220;][\/vc_column_inner][\/vc_row_inner][\/vc_column][vc_column width=&#8220;1\/6&#8243;][\/vc_column][\/vc_row][vc_row full_width=&#8220;stretch_row&#8220; css=&#8220;.vc_custom_1438221428110{margin-bottom: 0px !important;padding-top: 30px !important;padding-bottom: 30px !important;background-color: #003164 !important;}&#8220; el_id=&#8220;home_quote&#8220; el_class=&#8220;home_quote&#8220;][vc_column width=&#8220;5\/6&#8243;][vc_custom_heading text=&#8220;Neben der Lieferung unserer Produkte m\u00f6chten wir sicherstellen, dass es keine Fehler im Produktionsprozess gibt&#8220; font_container=&#8220;tag:div|font_size:24|text_align:left|color:%23ffffff|line_height:35px&#8220; use_theme_fonts=&#8220;yes&#8220; el_class=&#8220;home_quote_txt&#8220;][\/vc_column][vc_column width=&#8220;1\/6&#8243;][vc_btn title=&#8220;KONTAKT&#8220; style=&#8220;outline&#8220; shape=&#8220;square&#8220; size=&#8220;sm&#8220; align=&#8220;right&#8220; el_class=&#8220;home_quote_btn&#8220; link=&#8220;url:https%3A%2F%2Fwww.abflt.com%2Fde%2Fkontakt%2F|title:Kontakt||&#8220; css=&#8220;.vc_custom_1586253390786{margin-top: 10px !important;}&#8220;][\/vc_column][\/vc_row]<\/p>\n","protected":false},"excerpt":{"rendered":"<p>[vc_row css=&#8220;.vc_custom_1583602293312{margin-bottom: 40px !important;}&#8220;][vc_column width=&#8220;1\/6&#8243;][\/vc_column][vc_column width=&#8220;2\/3&#8243;][vc_custom_heading text=&#8220;ABF LT verf\u00fcgt \u00fcber ein breites Spektrum an technologischen F\u00e4higkeiten und ist im Bereich [&hellip;]<\/p>\n","protected":false},"author":1,"featured_media":2163,"parent":2534,"menu_order":0,"comment_status":"open","ping_status":"open","template":"","meta":{"content-type":"","footnotes":""},"class_list":["post-2546","page","type-page","status-publish","has-post-thumbnail","hentry"],"yoast_head":"<!-- This site is optimized with the Yoast SEO plugin v27.4 - https:\/\/yoast.com\/product\/yoast-seo-wordpress\/ -->\n<title>Sonstige Dienstleistungen - ABF LT<\/title>\n<meta name=\"robots\" content=\"index, follow, max-snippet:-1, max-image-preview:large, max-video-preview:-1\" \/>\n<link rel=\"canonical\" href=\"https:\/\/www.abflt.com\/de\/dienstleistungen\/sonstige-dienstleistungen\/\" \/>\n<meta property=\"og:locale\" content=\"de_DE\" \/>\n<meta property=\"og:type\" content=\"article\" \/>\n<meta property=\"og:title\" content=\"Sonstige Dienstleistungen - ABF LT\" \/>\n<meta property=\"og:description\" content=\"[vc_row css=&#8220;.vc_custom_1583602293312{margin-bottom: 40px !important;}&#8220;][vc_column width=&#8220;1\/6&#8243;][\/vc_column][vc_column width=&#8220;2\/3&#8243;][vc_custom_heading text=&#8220;ABF LT verf\u00fcgt \u00fcber ein breites Spektrum an technologischen F\u00e4higkeiten und ist im Bereich [&hellip;]\" \/>\n<meta property=\"og:url\" content=\"https:\/\/www.abflt.com\/de\/dienstleistungen\/sonstige-dienstleistungen\/\" \/>\n<meta property=\"og:site_name\" content=\"ABF LT\" \/>\n<meta property=\"article:publisher\" content=\"https:\/\/www.facebook.com\/abflt\" \/>\n<meta property=\"article:modified_time\" content=\"2024-01-30T12:50:09+00:00\" \/>\n<meta property=\"og:image\" content=\"https:\/\/www.abflt.com\/wp-content\/uploads\/2020\/03\/abflt_kiti.png\" \/>\n\t<meta property=\"og:image:width\" content=\"500\" \/>\n\t<meta property=\"og:image:height\" content=\"281\" \/>\n\t<meta property=\"og:image:type\" content=\"image\/png\" \/>\n<meta name=\"twitter:card\" content=\"summary_large_image\" \/>\n<meta name=\"twitter:label1\" content=\"Gesch\u00e4tzte Lesezeit\" \/>\n\t<meta name=\"twitter:data1\" content=\"1\u00a0Minute\" \/>\n<script type=\"application\/ld+json\" class=\"yoast-schema-graph\">{\"@context\":\"https:\\\/\\\/schema.org\",\"@graph\":[{\"@type\":\"WebPage\",\"@id\":\"https:\\\/\\\/www.abflt.com\\\/de\\\/dienstleistungen\\\/sonstige-dienstleistungen\\\/\",\"url\":\"https:\\\/\\\/www.abflt.com\\\/de\\\/dienstleistungen\\\/sonstige-dienstleistungen\\\/\",\"name\":\"Sonstige Dienstleistungen - ABF LT\",\"isPartOf\":{\"@id\":\"https:\\\/\\\/www.abflt.com\\\/de\\\/#website\"},\"primaryImageOfPage\":{\"@id\":\"https:\\\/\\\/www.abflt.com\\\/de\\\/dienstleistungen\\\/sonstige-dienstleistungen\\\/#primaryimage\"},\"image\":{\"@id\":\"https:\\\/\\\/www.abflt.com\\\/de\\\/dienstleistungen\\\/sonstige-dienstleistungen\\\/#primaryimage\"},\"thumbnailUrl\":\"https:\\\/\\\/www.abflt.com\\\/wp-content\\\/uploads\\\/2020\\\/03\\\/abflt_kiti.png\",\"datePublished\":\"2020-02-23T11:08:31+00:00\",\"dateModified\":\"2024-01-30T12:50:09+00:00\",\"breadcrumb\":{\"@id\":\"https:\\\/\\\/www.abflt.com\\\/de\\\/dienstleistungen\\\/sonstige-dienstleistungen\\\/#breadcrumb\"},\"inLanguage\":\"de\",\"potentialAction\":[{\"@type\":\"ReadAction\",\"target\":[\"https:\\\/\\\/www.abflt.com\\\/de\\\/dienstleistungen\\\/sonstige-dienstleistungen\\\/\"]}]},{\"@type\":\"ImageObject\",\"inLanguage\":\"de\",\"@id\":\"https:\\\/\\\/www.abflt.com\\\/de\\\/dienstleistungen\\\/sonstige-dienstleistungen\\\/#primaryimage\",\"url\":\"https:\\\/\\\/www.abflt.com\\\/wp-content\\\/uploads\\\/2020\\\/03\\\/abflt_kiti.png\",\"contentUrl\":\"https:\\\/\\\/www.abflt.com\\\/wp-content\\\/uploads\\\/2020\\\/03\\\/abflt_kiti.png\",\"width\":500,\"height\":281},{\"@type\":\"BreadcrumbList\",\"@id\":\"https:\\\/\\\/www.abflt.com\\\/de\\\/dienstleistungen\\\/sonstige-dienstleistungen\\\/#breadcrumb\",\"itemListElement\":[{\"@type\":\"ListItem\",\"position\":1,\"name\":\"Home\",\"item\":\"https:\\\/\\\/www.abflt.com\\\/de\\\/\"},{\"@type\":\"ListItem\",\"position\":2,\"name\":\"Dienstleistungen\",\"item\":\"https:\\\/\\\/www.abflt.com\\\/de\\\/dienstleistungen\\\/\"},{\"@type\":\"ListItem\",\"position\":3,\"name\":\"Sonstige Dienstleistungen\"}]},{\"@type\":\"WebSite\",\"@id\":\"https:\\\/\\\/www.abflt.com\\\/de\\\/#website\",\"url\":\"https:\\\/\\\/www.abflt.com\\\/de\\\/\",\"name\":\"ABF LT\",\"description\":\"Aluminium die casting and CNC machining company\",\"publisher\":{\"@id\":\"https:\\\/\\\/www.abflt.com\\\/de\\\/#organization\"},\"potentialAction\":[{\"@type\":\"SearchAction\",\"target\":{\"@type\":\"EntryPoint\",\"urlTemplate\":\"https:\\\/\\\/www.abflt.com\\\/de\\\/?s={search_term_string}\"},\"query-input\":{\"@type\":\"PropertyValueSpecification\",\"valueRequired\":true,\"valueName\":\"search_term_string\"}}],\"inLanguage\":\"de\"},{\"@type\":\"Organization\",\"@id\":\"https:\\\/\\\/www.abflt.com\\\/de\\\/#organization\",\"name\":\"ABF LT\",\"url\":\"https:\\\/\\\/www.abflt.com\\\/de\\\/\",\"logo\":{\"@type\":\"ImageObject\",\"inLanguage\":\"de\",\"@id\":\"https:\\\/\\\/www.abflt.com\\\/de\\\/#\\\/schema\\\/logo\\\/image\\\/\",\"url\":\"https:\\\/\\\/www.abflt.com\\\/wp-content\\\/uploads\\\/2020\\\/02\\\/logo2.png\",\"contentUrl\":\"https:\\\/\\\/www.abflt.com\\\/wp-content\\\/uploads\\\/2020\\\/02\\\/logo2.png\",\"width\":113,\"height\":113,\"caption\":\"ABF LT\"},\"image\":{\"@id\":\"https:\\\/\\\/www.abflt.com\\\/de\\\/#\\\/schema\\\/logo\\\/image\\\/\"},\"sameAs\":[\"https:\\\/\\\/www.facebook.com\\\/abflt\",\"https:\\\/\\\/www.linkedin.com\\\/company\\\/abf-lt\",\"https:\\\/\\\/www.youtube.com\\\/channel\\\/UCVbHUYkMrwmW4YZZRzhxH9w\"]}]}<\/script>\n<!-- \/ Yoast SEO plugin. -->","yoast_head_json":{"title":"Sonstige Dienstleistungen - ABF LT","robots":{"index":"index","follow":"follow","max-snippet":"max-snippet:-1","max-image-preview":"max-image-preview:large","max-video-preview":"max-video-preview:-1"},"canonical":"https:\/\/www.abflt.com\/de\/dienstleistungen\/sonstige-dienstleistungen\/","og_locale":"de_DE","og_type":"article","og_title":"Sonstige Dienstleistungen - ABF LT","og_description":"[vc_row css=&#8220;.vc_custom_1583602293312{margin-bottom: 40px !important;}&#8220;][vc_column width=&#8220;1\/6&#8243;][\/vc_column][vc_column width=&#8220;2\/3&#8243;][vc_custom_heading text=&#8220;ABF LT verf\u00fcgt \u00fcber ein breites Spektrum an technologischen F\u00e4higkeiten und ist im Bereich [&hellip;]","og_url":"https:\/\/www.abflt.com\/de\/dienstleistungen\/sonstige-dienstleistungen\/","og_site_name":"ABF LT","article_publisher":"https:\/\/www.facebook.com\/abflt","article_modified_time":"2024-01-30T12:50:09+00:00","og_image":[{"width":500,"height":281,"url":"https:\/\/www.abflt.com\/wp-content\/uploads\/2020\/03\/abflt_kiti.png","type":"image\/png"}],"twitter_card":"summary_large_image","twitter_misc":{"Gesch\u00e4tzte Lesezeit":"1\u00a0Minute"},"schema":{"@context":"https:\/\/schema.org","@graph":[{"@type":"WebPage","@id":"https:\/\/www.abflt.com\/de\/dienstleistungen\/sonstige-dienstleistungen\/","url":"https:\/\/www.abflt.com\/de\/dienstleistungen\/sonstige-dienstleistungen\/","name":"Sonstige Dienstleistungen - ABF LT","isPartOf":{"@id":"https:\/\/www.abflt.com\/de\/#website"},"primaryImageOfPage":{"@id":"https:\/\/www.abflt.com\/de\/dienstleistungen\/sonstige-dienstleistungen\/#primaryimage"},"image":{"@id":"https:\/\/www.abflt.com\/de\/dienstleistungen\/sonstige-dienstleistungen\/#primaryimage"},"thumbnailUrl":"https:\/\/www.abflt.com\/wp-content\/uploads\/2020\/03\/abflt_kiti.png","datePublished":"2020-02-23T11:08:31+00:00","dateModified":"2024-01-30T12:50:09+00:00","breadcrumb":{"@id":"https:\/\/www.abflt.com\/de\/dienstleistungen\/sonstige-dienstleistungen\/#breadcrumb"},"inLanguage":"de","potentialAction":[{"@type":"ReadAction","target":["https:\/\/www.abflt.com\/de\/dienstleistungen\/sonstige-dienstleistungen\/"]}]},{"@type":"ImageObject","inLanguage":"de","@id":"https:\/\/www.abflt.com\/de\/dienstleistungen\/sonstige-dienstleistungen\/#primaryimage","url":"https:\/\/www.abflt.com\/wp-content\/uploads\/2020\/03\/abflt_kiti.png","contentUrl":"https:\/\/www.abflt.com\/wp-content\/uploads\/2020\/03\/abflt_kiti.png","width":500,"height":281},{"@type":"BreadcrumbList","@id":"https:\/\/www.abflt.com\/de\/dienstleistungen\/sonstige-dienstleistungen\/#breadcrumb","itemListElement":[{"@type":"ListItem","position":1,"name":"Home","item":"https:\/\/www.abflt.com\/de\/"},{"@type":"ListItem","position":2,"name":"Dienstleistungen","item":"https:\/\/www.abflt.com\/de\/dienstleistungen\/"},{"@type":"ListItem","position":3,"name":"Sonstige Dienstleistungen"}]},{"@type":"WebSite","@id":"https:\/\/www.abflt.com\/de\/#website","url":"https:\/\/www.abflt.com\/de\/","name":"ABF LT","description":"Aluminium die casting and CNC machining company","publisher":{"@id":"https:\/\/www.abflt.com\/de\/#organization"},"potentialAction":[{"@type":"SearchAction","target":{"@type":"EntryPoint","urlTemplate":"https:\/\/www.abflt.com\/de\/?s={search_term_string}"},"query-input":{"@type":"PropertyValueSpecification","valueRequired":true,"valueName":"search_term_string"}}],"inLanguage":"de"},{"@type":"Organization","@id":"https:\/\/www.abflt.com\/de\/#organization","name":"ABF LT","url":"https:\/\/www.abflt.com\/de\/","logo":{"@type":"ImageObject","inLanguage":"de","@id":"https:\/\/www.abflt.com\/de\/#\/schema\/logo\/image\/","url":"https:\/\/www.abflt.com\/wp-content\/uploads\/2020\/02\/logo2.png","contentUrl":"https:\/\/www.abflt.com\/wp-content\/uploads\/2020\/02\/logo2.png","width":113,"height":113,"caption":"ABF LT"},"image":{"@id":"https:\/\/www.abflt.com\/de\/#\/schema\/logo\/image\/"},"sameAs":["https:\/\/www.facebook.com\/abflt","https:\/\/www.linkedin.com\/company\/abf-lt","https:\/\/www.youtube.com\/channel\/UCVbHUYkMrwmW4YZZRzhxH9w"]}]}},"_links":{"self":[{"href":"https:\/\/www.abflt.com\/de\/wp-json\/wp\/v2\/pages\/2546","targetHints":{"allow":["GET"]}}],"collection":[{"href":"https:\/\/www.abflt.com\/de\/wp-json\/wp\/v2\/pages"}],"about":[{"href":"https:\/\/www.abflt.com\/de\/wp-json\/wp\/v2\/types\/page"}],"author":[{"embeddable":true,"href":"https:\/\/www.abflt.com\/de\/wp-json\/wp\/v2\/users\/1"}],"replies":[{"embeddable":true,"href":"https:\/\/www.abflt.com\/de\/wp-json\/wp\/v2\/comments?post=2546"}],"version-history":[{"count":5,"href":"https:\/\/www.abflt.com\/de\/wp-json\/wp\/v2\/pages\/2546\/revisions"}],"predecessor-version":[{"id":3766,"href":"https:\/\/www.abflt.com\/de\/wp-json\/wp\/v2\/pages\/2546\/revisions\/3766"}],"up":[{"embeddable":true,"href":"https:\/\/www.abflt.com\/de\/wp-json\/wp\/v2\/pages\/2534"}],"wp:featuredmedia":[{"embeddable":true,"href":"https:\/\/www.abflt.com\/de\/wp-json\/wp\/v2\/media\/2163"}],"wp:attachment":[{"href":"https:\/\/www.abflt.com\/de\/wp-json\/wp\/v2\/media?parent=2546"}],"curies":[{"name":"wp","href":"https:\/\/api.w.org\/{rel}","templated":true}]}}