{"id":2561,"date":"2015-08-05T09:22:45","date_gmt":"2015-08-05T09:22:45","guid":{"rendered":"http:\/\/developers.lucky-bank.com\/abflt\/quality\/"},"modified":"2024-01-31T15:33:10","modified_gmt":"2024-01-31T12:33:10","slug":"abf-lt-qualitaetsrichtlinie","status":"publish","type":"page","link":"https:\/\/www.abflt.com\/de\/abf-lt-qualitaetsrichtlinie\/","title":{"rendered":"Qualit\u00e4t"},"content":{"rendered":"<p>[vc_row css=&#8220;.vc_custom_1622798676887{margin-bottom: 40px !important;}&#8220;][vc_column width=&#8220;1\/6&#8243; css=&#8220;.vc_custom_1622798916973{padding-top: 90px !important;}&#8220;][vc_single_image image=&#8220;3783&#8243; img_size=&#8220;medium&#8220; onclick=&#8220;link_image&#8220; css=&#8220;.vc_custom_1706704376626{padding-bottom: 20px !important;}&#8220;][vc_single_image image=&#8220;3787&#8243; img_size=&#8220;medium&#8220; onclick=&#8220;link_image&#8220; css=&#8220;.vc_custom_1706704386556{padding-bottom: 20px !important;}&#8220;][\/vc_column][vc_column width=&#8220;2\/3&#8243;][vc_custom_heading text=&#8220;ABF LT-Qualit\u00e4tsrichtlinie&#8220; font_container=&#8220;tag:div|font_size:26|text_align:left|color:%23003164|line_height:35px&#8220; use_theme_fonts=&#8220;yes&#8220; css=&#8220;.vc_custom_1622797494503{margin-bottom: 50px !important;}&#8220;][vc_column_text]Das Unternehmen ist der Meinung, dass sein Markt einen sich st\u00e4ndig verbessernden Service erwartet. Wir sind bestrebt, unseren Service st\u00e4ndig zu verbessern, um die Anforderungen unserer Kunden zu erf\u00fcllen und fertige Arbeiten zu produzieren, auf die wir mit Recht stolz sein k\u00f6nnen.<br \/>\nDas Unternehmen will das oben genannte durch die Implementierung eines Managementsystems erreichen, das dem internationalen Standard der guten Praxis ISO 9001: 2015 entspricht. Dazu geh\u00f6rt auch die Verpflichtung, die Anforderungen unserer Kunden zu erf\u00fcllen, aus dem Feedback der Kunden zu lernen und die gesetzlichen und beh\u00f6rdlichen Anforderungen zu erf\u00fcllen. Auch zur kontinuierlichen Weiterentwicklung des Systems und zur Sicherstellung, dass dieses wirksam bleibt.<\/p>\n<p>Nur durch herausragenden <a href=\"https:\/\/www.abflt.com\/services\/\">Service<\/a> und herausragende Produktqualit\u00e4t erreichen wir unseren langfristigen Erfolg und nachhaltige Verbesserungen.<\/p>\n<p>Alle Mitarbeiter im Unternehmen sind f\u00fcr die <a href=\"https:\/\/www.abflt.com\/de\/\">ABF LT<\/a>-Qualit\u00e4t ihrer Arbeit verantwortlich. Das Unternehmen bietet Schulungen an und hat Systeme eingerichtet, die alle Mitarbeiter dabei unterst\u00fctzen, die geforderten Standards zu erreichen. W\u00e4hrend wir uns bem\u00fchen, Leistungen zu erbringen und einen Service anzubieten, auf die bzw. den wir stolz sein k\u00f6nnen, m\u00fcssen wir erkennen, wenn wir unsere eigenen Standards nicht immer erreichen. Wenn sich ein Kunde beschwert, sind wir verpflichtet, die Beschwerde zu untersuchen. Wir werden unser Bestes tun, um alle berechtigten Beschwerden zu kl\u00e4ren.<\/p>\n<p>Die Richtlinien, die Organisation und die Verfahren, die erforderlich sind, um die geforderten Standards zu erreichen, sind im <a href=\"https:\/\/www.abflt.com\/de\/\">ABF LT<\/a>-Qualit\u00e4tsmanagementsystem beschrieben.<br \/>\nDer Qualit\u00e4tsmanager ist f\u00fcr die \u00dcberwachung des Qualit\u00e4tssystems verantwortlich. Der Qualit\u00e4tsmanager berichtet regelm\u00e4\u00dfig an den Gesch\u00e4ftsf\u00fchrer \u00fcber die Umsetzung, den Status und die Wirksamkeit des Systems.<\/p>\n<p>Die Ziele von <a href=\"https:\/\/www.abflt.com\/de\/\">ABF LT<\/a> sind im Business Plan dargelegt. Die Ziele f\u00fcr die einzelnen Auftr\u00e4ge sind die vertragsgem\u00e4\u00dfe Ausf\u00fchrung der Arbeiten zur Zufriedenheit des Auftraggebers.<\/p>\n<p>Das bekannte und zuverl\u00e4ssige \u00dcberwachungssystem <a href=\"https:\/\/monitorerp.com\/?gclid=Cj0KCQjwvYSEBhDjARIsAJMn0lhO-VjKd2tmchWdHUZBpUC7Hx9oQ25benq9JIt1yKpJRAeBN8rWV_waAgMfEALw_wcB\">MONITOR ERP<\/a> wurde f\u00fcr die \u00dcberwachung der zentralen Management- und Fertigungsaktivit\u00e4ten bei <a href=\"https:\/\/www.abflt.com\/de\/\">ABF LT<\/a> ausgew\u00e4hlt.<\/p>\n<p>Die Qualit\u00e4tskontrolle wird von Qualit\u00e4tsingenieuren im Schichtbetrieb mit verschiedenen zertifizierten Messger\u00e4ten und Koordinatenmessmaschinen (KMG) durchgef\u00fchrt. Dadurch kann sich <a href=\"https:\/\/www.abflt.com\/de\/\">ABF LT<\/a> an die laufenden und wachsenden Qualit\u00e4tsanforderungen des Marktes anpassen.[\/vc_column_text][vc_single_image image=&#8220;3115&#8243; img_size=&#8220;full&#8220; alignment=&#8220;center&#8220; css=&#8220;.vc_custom_1623145007970{padding-top: 20px !important;}&#8220;][\/vc_column][vc_column width=&#8220;1\/6&#8243;][\/vc_column][\/vc_row][vc_row css=&#8220;.vc_custom_1622798653627{margin-bottom: 40px !important;}&#8220;][vc_column][vc_column_text]<\/p>\n<p style=\"text-align: center;\">Materialien<\/p>\n<p>[\/vc_column_text][\/vc_column][\/vc_row][vc_row css=&#8220;.vc_custom_1622799475436{padding-bottom: 40px !important;}&#8220;][vc_column width=&#8220;1\/3&#8243;][vc_custom_heading text=&#8220;Aluminium f\u00fcr den Druckguss, geliefert von Stena Aluminium (Schweden):&#8220; font_container=&#8220;tag:p|text_align:justify&#8220; use_theme_fonts=&#8220;yes&#8220;][vc_column_text]<\/p>\n<ul>\n<li>EN AB-43500 (AlSi10Mg30Mn)<\/li>\n<li>EN AB-44300 (AlSi12(Fe))<\/li>\n<li>EN AB-46000 (AlSi9Cu3(Fe))<\/li>\n<li>EN AB-47100 (AlSi12Cu1(Fe))<\/li>\n<li>EN AB-43400 (AlSi10Mg(Fe)<\/li>\n<\/ul>\n<p>[\/vc_column_text][\/vc_column][vc_column width=&#8220;1\/3&#8243;][vc_custom_heading text=&#8220;Kohlenstoffstahl:&#8220; font_container=&#8220;tag:p|text_align:justify&#8220; use_theme_fonts=&#8220;yes&#8220;][vc_column_text]<\/p>\n<ul>\n<li>1.0570 (S355) and variations<\/li>\n<li>1.0037 (S235JR)<\/li>\n<li>1.0038 (S235)<\/li>\n<li>Others.<\/li>\n<\/ul>\n<p>[\/vc_column_text][\/vc_column][vc_column width=&#8220;1\/3&#8243;][vc_custom_heading text=&#8220;Messing geliefert von Alumeco (D\u00e4nemark):&#8220; font_container=&#8220;tag:p|text_align:justify&#8220; use_theme_fonts=&#8220;yes&#8220;][vc_column_text]<\/p>\n<ul>\n<li>2.0401 (CuZn39Pb3)<\/li>\n<li>2.1052 (CuSn12)<\/li>\n<li>Others.<\/li>\n<\/ul>\n<p>[\/vc_column_text][\/vc_column][\/vc_row][vc_row css=&#8220;.vc_custom_1622799484363{padding-bottom: 40px !important;}&#8220;][vc_column width=&#8220;1\/3&#8243;][vc_custom_heading text=&#8220;Rostfreier Stahl&#8220; font_container=&#8220;tag:p|text_align:justify&#8220; use_theme_fonts=&#8220;yes&#8220;][vc_column_text]<\/p>\n<ul>\n<li>1.4404 (AISI 316L)<\/li>\n<li>1.4301 (AISI 304)<\/li>\n<li>1.4305 (AISI 303)<\/li>\n<li>1.4571 (AISI 316Ti)<\/li>\n<li>1.4401 (AISI 316)<\/li>\n<li>Others.<\/li>\n<\/ul>\n<p>[\/vc_column_text][\/vc_column][vc_column width=&#8220;1\/3&#8243;][vc_custom_heading text=&#8220;Aluminium geliefert von Alumeco (D\u00e4nemark):&#8220; font_container=&#8220;tag:p|text_align:justify&#8220; use_theme_fonts=&#8220;yes&#8220;][vc_column_text]<\/p>\n<ul>\n<li>EN AW-6082 (3.2315)<\/li>\n<li>EN AW-6060 (3.3206)<\/li>\n<li>EN AW-5754 (3.3535)<\/li>\n<li>EN AW-5083 (3.3547)<\/li>\n<li>Others.<\/li>\n<\/ul>\n<p>[\/vc_column_text][\/vc_column][vc_column width=&#8220;1\/3&#8243;][vc_custom_heading text=&#8220;Kunststoffe:&#8220; font_container=&#8220;tag:p|text_align:justify&#8220; use_theme_fonts=&#8220;yes&#8220;][vc_column_text]<\/p>\n<ul>\n<li>POM<\/li>\n<li>PA6<\/li>\n<li>PET<\/li>\n<li>PE<\/li>\n<li>PP<\/li>\n<li>Others.<\/li>\n<\/ul>\n<p>[\/vc_column_text][\/vc_column][\/vc_row]<\/p>\n","protected":false},"excerpt":{"rendered":"<p>[vc_row css=&#8220;.vc_custom_1622798676887{margin-bottom: 40px !important;}&#8220;][vc_column width=&#8220;1\/6&#8243; css=&#8220;.vc_custom_1622798916973{padding-top: 90px !important;}&#8220;][vc_single_image image=&#8220;3783&#8243; img_size=&#8220;medium&#8220; onclick=&#8220;link_image&#8220; css=&#8220;.vc_custom_1706704376626{padding-bottom: 20px !important;}&#8220;][vc_single_image image=&#8220;3787&#8243; img_size=&#8220;medium&#8220; onclick=&#8220;link_image&#8220; css=&#8220;.vc_custom_1706704386556{padding-bottom: 20px !important;}&#8220;][\/vc_column][vc_column [&hellip;]<\/p>\n","protected":false},"author":1,"featured_media":0,"parent":0,"menu_order":0,"comment_status":"open","ping_status":"open","template":"","meta":{"content-type":"","footnotes":""},"class_list":["post-2561","page","type-page","status-publish","hentry"],"yoast_head":"<!-- This site is optimized with the Yoast SEO plugin v27.4 - https:\/\/yoast.com\/product\/yoast-seo-wordpress\/ -->\n<title>Quality Management - positive Ver\u00e4nderungen im Unternehmen - ABF LT<\/title>\n<meta name=\"description\" content=\"Quality management is a central activity for a successful company and satisfied customers. Try it with ABF LT\" \/>\n<meta name=\"robots\" content=\"index, follow, max-snippet:-1, max-image-preview:large, max-video-preview:-1\" \/>\n<link rel=\"canonical\" href=\"https:\/\/www.abflt.com\/de\/abf-lt-qualitaetsrichtlinie\/\" \/>\n<meta property=\"og:locale\" content=\"de_DE\" \/>\n<meta property=\"og:type\" content=\"article\" \/>\n<meta property=\"og:title\" content=\"Quality Management - positive Ver\u00e4nderungen im Unternehmen - ABF LT\" \/>\n<meta property=\"og:description\" content=\"Quality management is a central activity for a successful company and satisfied customers. Try it with ABF LT\" \/>\n<meta property=\"og:url\" content=\"https:\/\/www.abflt.com\/de\/abf-lt-qualitaetsrichtlinie\/\" \/>\n<meta property=\"og:site_name\" content=\"ABF LT\" \/>\n<meta property=\"article:publisher\" content=\"https:\/\/www.facebook.com\/abflt\" \/>\n<meta property=\"article:modified_time\" content=\"2024-01-31T12:33:10+00:00\" \/>\n<meta property=\"og:image\" content=\"https:\/\/www.abflt.com\/wp-content\/uploads\/2021\/04\/ABF-LT-zenklas_melynas.png\" \/>\n\t<meta property=\"og:image:width\" content=\"489\" \/>\n\t<meta property=\"og:image:height\" content=\"489\" \/>\n\t<meta property=\"og:image:type\" content=\"image\/png\" \/>\n<meta name=\"twitter:card\" content=\"summary_large_image\" \/>\n<meta name=\"twitter:label1\" content=\"Gesch\u00e4tzte Lesezeit\" \/>\n\t<meta name=\"twitter:data1\" content=\"3\u00a0Minuten\" \/>\n<script type=\"application\/ld+json\" class=\"yoast-schema-graph\">{\"@context\":\"https:\\\/\\\/schema.org\",\"@graph\":[{\"@type\":\"WebPage\",\"@id\":\"https:\\\/\\\/www.abflt.com\\\/de\\\/abf-lt-qualitaetsrichtlinie\\\/\",\"url\":\"https:\\\/\\\/www.abflt.com\\\/de\\\/abf-lt-qualitaetsrichtlinie\\\/\",\"name\":\"Quality Management - positive Ver\u00e4nderungen im Unternehmen - ABF LT\",\"isPartOf\":{\"@id\":\"https:\\\/\\\/www.abflt.com\\\/de\\\/#website\"},\"datePublished\":\"2015-08-05T09:22:45+00:00\",\"dateModified\":\"2024-01-31T12:33:10+00:00\",\"description\":\"Quality management is a central activity for a successful company and satisfied customers. Try it with ABF LT\",\"breadcrumb\":{\"@id\":\"https:\\\/\\\/www.abflt.com\\\/de\\\/abf-lt-qualitaetsrichtlinie\\\/#breadcrumb\"},\"inLanguage\":\"de\",\"potentialAction\":[{\"@type\":\"ReadAction\",\"target\":[\"https:\\\/\\\/www.abflt.com\\\/de\\\/abf-lt-qualitaetsrichtlinie\\\/\"]}]},{\"@type\":\"BreadcrumbList\",\"@id\":\"https:\\\/\\\/www.abflt.com\\\/de\\\/abf-lt-qualitaetsrichtlinie\\\/#breadcrumb\",\"itemListElement\":[{\"@type\":\"ListItem\",\"position\":1,\"name\":\"Home\",\"item\":\"https:\\\/\\\/www.abflt.com\\\/de\\\/\"},{\"@type\":\"ListItem\",\"position\":2,\"name\":\"Qualit\u00e4t\"}]},{\"@type\":\"WebSite\",\"@id\":\"https:\\\/\\\/www.abflt.com\\\/de\\\/#website\",\"url\":\"https:\\\/\\\/www.abflt.com\\\/de\\\/\",\"name\":\"ABF LT\",\"description\":\"Aluminium die casting and CNC machining company\",\"publisher\":{\"@id\":\"https:\\\/\\\/www.abflt.com\\\/de\\\/#organization\"},\"potentialAction\":[{\"@type\":\"SearchAction\",\"target\":{\"@type\":\"EntryPoint\",\"urlTemplate\":\"https:\\\/\\\/www.abflt.com\\\/de\\\/?s={search_term_string}\"},\"query-input\":{\"@type\":\"PropertyValueSpecification\",\"valueRequired\":true,\"valueName\":\"search_term_string\"}}],\"inLanguage\":\"de\"},{\"@type\":\"Organization\",\"@id\":\"https:\\\/\\\/www.abflt.com\\\/de\\\/#organization\",\"name\":\"ABF LT\",\"url\":\"https:\\\/\\\/www.abflt.com\\\/de\\\/\",\"logo\":{\"@type\":\"ImageObject\",\"inLanguage\":\"de\",\"@id\":\"https:\\\/\\\/www.abflt.com\\\/de\\\/#\\\/schema\\\/logo\\\/image\\\/\",\"url\":\"https:\\\/\\\/www.abflt.com\\\/wp-content\\\/uploads\\\/2020\\\/02\\\/logo2.png\",\"contentUrl\":\"https:\\\/\\\/www.abflt.com\\\/wp-content\\\/uploads\\\/2020\\\/02\\\/logo2.png\",\"width\":113,\"height\":113,\"caption\":\"ABF LT\"},\"image\":{\"@id\":\"https:\\\/\\\/www.abflt.com\\\/de\\\/#\\\/schema\\\/logo\\\/image\\\/\"},\"sameAs\":[\"https:\\\/\\\/www.facebook.com\\\/abflt\",\"https:\\\/\\\/www.linkedin.com\\\/company\\\/abf-lt\",\"https:\\\/\\\/www.youtube.com\\\/channel\\\/UCVbHUYkMrwmW4YZZRzhxH9w\"]}]}<\/script>\n<!-- \/ Yoast SEO plugin. -->","yoast_head_json":{"title":"Quality Management - positive Ver\u00e4nderungen im Unternehmen - ABF LT","description":"Quality management is a central activity for a successful company and satisfied customers. Try it with ABF LT","robots":{"index":"index","follow":"follow","max-snippet":"max-snippet:-1","max-image-preview":"max-image-preview:large","max-video-preview":"max-video-preview:-1"},"canonical":"https:\/\/www.abflt.com\/de\/abf-lt-qualitaetsrichtlinie\/","og_locale":"de_DE","og_type":"article","og_title":"Quality Management - positive Ver\u00e4nderungen im Unternehmen - ABF LT","og_description":"Quality management is a central activity for a successful company and satisfied customers. Try it with ABF LT","og_url":"https:\/\/www.abflt.com\/de\/abf-lt-qualitaetsrichtlinie\/","og_site_name":"ABF LT","article_publisher":"https:\/\/www.facebook.com\/abflt","article_modified_time":"2024-01-31T12:33:10+00:00","og_image":[{"width":489,"height":489,"url":"https:\/\/www.abflt.com\/wp-content\/uploads\/2021\/04\/ABF-LT-zenklas_melynas.png","type":"image\/png"}],"twitter_card":"summary_large_image","twitter_misc":{"Gesch\u00e4tzte Lesezeit":"3\u00a0Minuten"},"schema":{"@context":"https:\/\/schema.org","@graph":[{"@type":"WebPage","@id":"https:\/\/www.abflt.com\/de\/abf-lt-qualitaetsrichtlinie\/","url":"https:\/\/www.abflt.com\/de\/abf-lt-qualitaetsrichtlinie\/","name":"Quality Management - positive Ver\u00e4nderungen im Unternehmen - ABF LT","isPartOf":{"@id":"https:\/\/www.abflt.com\/de\/#website"},"datePublished":"2015-08-05T09:22:45+00:00","dateModified":"2024-01-31T12:33:10+00:00","description":"Quality management is a central activity for a successful company and satisfied customers. Try it with ABF LT","breadcrumb":{"@id":"https:\/\/www.abflt.com\/de\/abf-lt-qualitaetsrichtlinie\/#breadcrumb"},"inLanguage":"de","potentialAction":[{"@type":"ReadAction","target":["https:\/\/www.abflt.com\/de\/abf-lt-qualitaetsrichtlinie\/"]}]},{"@type":"BreadcrumbList","@id":"https:\/\/www.abflt.com\/de\/abf-lt-qualitaetsrichtlinie\/#breadcrumb","itemListElement":[{"@type":"ListItem","position":1,"name":"Home","item":"https:\/\/www.abflt.com\/de\/"},{"@type":"ListItem","position":2,"name":"Qualit\u00e4t"}]},{"@type":"WebSite","@id":"https:\/\/www.abflt.com\/de\/#website","url":"https:\/\/www.abflt.com\/de\/","name":"ABF LT","description":"Aluminium die casting and CNC machining company","publisher":{"@id":"https:\/\/www.abflt.com\/de\/#organization"},"potentialAction":[{"@type":"SearchAction","target":{"@type":"EntryPoint","urlTemplate":"https:\/\/www.abflt.com\/de\/?s={search_term_string}"},"query-input":{"@type":"PropertyValueSpecification","valueRequired":true,"valueName":"search_term_string"}}],"inLanguage":"de"},{"@type":"Organization","@id":"https:\/\/www.abflt.com\/de\/#organization","name":"ABF LT","url":"https:\/\/www.abflt.com\/de\/","logo":{"@type":"ImageObject","inLanguage":"de","@id":"https:\/\/www.abflt.com\/de\/#\/schema\/logo\/image\/","url":"https:\/\/www.abflt.com\/wp-content\/uploads\/2020\/02\/logo2.png","contentUrl":"https:\/\/www.abflt.com\/wp-content\/uploads\/2020\/02\/logo2.png","width":113,"height":113,"caption":"ABF LT"},"image":{"@id":"https:\/\/www.abflt.com\/de\/#\/schema\/logo\/image\/"},"sameAs":["https:\/\/www.facebook.com\/abflt","https:\/\/www.linkedin.com\/company\/abf-lt","https:\/\/www.youtube.com\/channel\/UCVbHUYkMrwmW4YZZRzhxH9w"]}]}},"_links":{"self":[{"href":"https:\/\/www.abflt.com\/de\/wp-json\/wp\/v2\/pages\/2561","targetHints":{"allow":["GET"]}}],"collection":[{"href":"https:\/\/www.abflt.com\/de\/wp-json\/wp\/v2\/pages"}],"about":[{"href":"https:\/\/www.abflt.com\/de\/wp-json\/wp\/v2\/types\/page"}],"author":[{"embeddable":true,"href":"https:\/\/www.abflt.com\/de\/wp-json\/wp\/v2\/users\/1"}],"replies":[{"embeddable":true,"href":"https:\/\/www.abflt.com\/de\/wp-json\/wp\/v2\/comments?post=2561"}],"version-history":[{"count":10,"href":"https:\/\/www.abflt.com\/de\/wp-json\/wp\/v2\/pages\/2561\/revisions"}],"predecessor-version":[{"id":2562,"href":"https:\/\/www.abflt.com\/de\/wp-json\/wp\/v2\/pages\/2561\/revisions\/2562"}],"wp:attachment":[{"href":"https:\/\/www.abflt.com\/de\/wp-json\/wp\/v2\/media?parent=2561"}],"curies":[{"name":"wp","href":"https:\/\/api.w.org\/{rel}","templated":true}]}}