{"id":3425,"date":"2021-06-07T14:09:11","date_gmt":"2021-06-07T11:09:11","guid":{"rendered":"https:\/\/www.abflt.com\/dienstleistungen\/rundtaktmaschinenbearbeitung\/"},"modified":"2021-06-07T14:21:48","modified_gmt":"2021-06-07T11:21:48","slug":"rundtaktmaschinenbearbeitung","status":"publish","type":"page","link":"https:\/\/www.abflt.com\/de\/dienstleistungen\/rundtaktmaschinenbearbeitung\/","title":{"rendered":"Rundtaktmaschinenbearbeitung"},"content":{"rendered":"<p>[vc_row][vc_column width=&#8220;1\/6&#8243;][\/vc_column][vc_column width=&#8220;2\/3&#8243;][vc_custom_heading text=&#8220;ABF LT f\u00fchrt Rundtaktmaschinenbearbeitungen durch&#8220; font_container=&#8220;tag:p|font_size:22|text_align:left|color:%23003164|line_height:31px&#8220; use_theme_fonts=&#8220;yes&#8220; css=&#8220;.vc_custom_1620908031350{margin-bottom: 20px !important;}&#8220;][vc_empty_space height=&#8220;20px&#8220;][vc_column_text]Der Vorteil der Rundtaktbearbeitung ist die M\u00f6glichkeit, ein Teil, das viele Arbeitsg\u00e4nge erfordert, in nur einer Aufspannung fertigzustellen. Sie k\u00f6nnen auch mehrere Stationen verwenden, um den umfangreichsten Prozess aufzuteilen, was die Zykluszeit weiter reduziert.<\/p>\n<p>Die Mehrplatzfunktionalit\u00e4t einer Rundtaktmaschine erm\u00f6glicht es, die Produktivit\u00e4t zu nutzen, die durch eine einzige Einrichtung gegeben ist. Denn mit jedem Schritt des Rundtisches wird ein Teil fertiggestellt. Diese gleichzeitige Bearbeitung ist m\u00f6glich, weil jede Arbeitsstation f\u00fcr einen bestimmten Arbeitsgang vorgesehen ist. Wenn das Teil den gesamten Tisch umrundet hat, ist es fertig.<\/p>\n<p><a href=\"https:\/\/www.riellosistemi.it\/en\/catalogo\/\">Riello Vertiflex<\/a> und <a href=\"https:\/\/ffg-ea.com\/en\/brand\/witzig-frank\/\">Witzig &amp; Frank<\/a> Rundtaktmaschinen wurden ausgew\u00e4hlt, um die Anforderungen und Bed\u00fcrfnisse der Kunden zu erf\u00fcllen.[\/vc_column_text][vc_empty_space height=&#8220;30px&#8220;][vc_empty_space height=&#8220;60px&#8220;][\/vc_column][vc_column width=&#8220;1\/6&#8243;][\/vc_column][\/vc_row][vc_row css=&#8220;.vc_custom_1620974796044{padding-bottom: 30px !important;}&#8220;][vc_column][vc_column_text]<\/p>\n<p style=\"text-align: center;\">Sonstige <a href=\"https:\/\/www.abflt.com\/de\/\">ABF LT<\/a> <a href=\"https:\/\/www.abflt.com\/de\/dienstleistungen\/\">Services<\/a><\/p>\n<p>[\/vc_column_text][\/vc_column][\/vc_row][vc_row css=&#8220;.vc_custom_1620974796044{padding-bottom: 30px !important;}&#8220;][vc_column width=&#8220;1\/3&#8243;][vc_btn title=&#8220;Aluminiumdruckguss&#8220; style=&#8220;custom&#8220; custom_background=&#8220;#003164&#8243; custom_text=&#8220;#ffffff&#8220; shape=&#8220;square&#8220; link=&#8220;url:https%3A%2F%2Fwww.abflt.com%2Fde%2Fdienstleistungen%2Faluminiumdruckguss%2F|&#8220; css=&#8220;.vc_custom_1620975334390{padding-left: 200px !important;}&#8220;][\/vc_column][vc_column width=&#8220;1\/3&#8243;][vc_btn title=&#8220;CNC-Fr\u00e4sen und Drehen&#8220; style=&#8220;custom&#8220; custom_background=&#8220;#003164&#8243; custom_text=&#8220;#ffffff&#8220; shape=&#8220;square&#8220; link=&#8220;url:https%3A%2F%2Fwww.abflt.com%2Fde%2Fdienstleistungen%2Fcnc-drehen-und-frasen%2F|&#8220; css=&#8220;.vc_custom_1620975429516{padding-left: 60px !important;}&#8220;][\/vc_column][vc_column width=&#8220;1\/3&#8243;][vc_btn title=&#8220;Sonstige Services&#8220; style=&#8220;custom&#8220; custom_background=&#8220;#003164&#8243; custom_text=&#8220;#ffffff&#8220; shape=&#8220;square&#8220; link=&#8220;url:https%3A%2F%2Fwww.abflt.com%2Fde%2Fdienstleistungen%2Fsonstige-dienstleistungen%2F|&#8220; css=&#8220;.vc_custom_1620975403598{padding-right: 200px !important;}&#8220;][\/vc_column][\/vc_row][vc_row full_width=&#8220;stretch_row&#8220; css=&#8220;.vc_custom_1438221428110{margin-bottom: 0px !important;padding-top: 30px !important;padding-bottom: 30px !important;background-color: #003164 !important;}&#8220; el_id=&#8220;home_quote&#8220; el_class=&#8220;home_quote&#8220;][vc_column width=&#8220;3\/4&#8243;][vc_custom_heading text=&#8220;F\u00fcr Gro\u00dfauftr\u00e4ge&#8220; font_container=&#8220;tag:div|font_size:24|text_align:right|color:%23ffffff&#8220; use_theme_fonts=&#8220;yes&#8220; el_class=&#8220;home_quote_txt&#8220;][\/vc_column][vc_column width=&#8220;1\/4&#8243;][vc_btn title=&#8220;KONTAKTIEREN SIE UNS&#8220; style=&#8220;outline&#8220; shape=&#8220;square&#8220; size=&#8220;sm&#8220; align=&#8220;right&#8220; el_class=&#8220;home_quote_btn&#8220; link=&#8220;url:https%3A%2F%2Fwww.abflt.com%2Fde%2Fkontakt%2F|title:Kontakte|&#8220;][\/vc_column][\/vc_row]<\/p>\n","protected":false},"excerpt":{"rendered":"<p>[vc_row][vc_column width=&#8220;1\/6&#8243;][\/vc_column][vc_column width=&#8220;2\/3&#8243;][vc_custom_heading text=&#8220;ABF LT f\u00fchrt Rundtaktmaschinenbearbeitungen durch&#8220; font_container=&#8220;tag:p|font_size:22|text_align:left|color:%23003164|line_height:31px&#8220; use_theme_fonts=&#8220;yes&#8220; css=&#8220;.vc_custom_1620908031350{margin-bottom: 20px !important;}&#8220;][vc_empty_space height=&#8220;20px&#8220;][vc_column_text]Der Vorteil der Rundtaktbearbeitung ist die M\u00f6glichkeit, [&hellip;]<\/p>\n","protected":false},"author":1,"featured_media":3376,"parent":2534,"menu_order":0,"comment_status":"open","ping_status":"closed","template":"","meta":{"content-type":"","footnotes":""},"class_list":["post-3425","page","type-page","status-publish","has-post-thumbnail","hentry"],"yoast_head":"<!-- This site is optimized with the Yoast SEO plugin v27.4 - https:\/\/yoast.com\/product\/yoast-seo-wordpress\/ -->\n<title>gro\u00dfe Volumenauswahl \u2013 Rundtaktbearbeitung - ABF LT<\/title>\n<meta name=\"description\" content=\"ABF LT bietet Dienstleistungen im Bereich der Rundtaktbearbeitung an \u2013 eine Reihe von Prozessen, die in einem Zyklus durchgef\u00fchrt werden, um ein Teil zu bearbeiten f\u00fcr eine Massenproduktion von Teilen.\" \/>\n<meta name=\"robots\" content=\"index, follow, max-snippet:-1, max-image-preview:large, max-video-preview:-1\" \/>\n<link rel=\"canonical\" href=\"https:\/\/www.abflt.com\/de\/dienstleistungen\/rundtaktmaschinenbearbeitung\/\" \/>\n<meta property=\"og:locale\" content=\"de_DE\" \/>\n<meta property=\"og:type\" content=\"article\" \/>\n<meta property=\"og:title\" content=\"gro\u00dfe Volumenauswahl \u2013 Rundtaktbearbeitung - ABF LT\" \/>\n<meta property=\"og:description\" content=\"ABF LT bietet Dienstleistungen im Bereich der Rundtaktbearbeitung an \u2013 eine Reihe von Prozessen, die in einem Zyklus durchgef\u00fchrt werden, um ein Teil zu bearbeiten f\u00fcr eine Massenproduktion von Teilen.\" \/>\n<meta property=\"og:url\" content=\"https:\/\/www.abflt.com\/de\/dienstleistungen\/rundtaktmaschinenbearbeitung\/\" \/>\n<meta property=\"og:site_name\" content=\"ABF LT\" \/>\n<meta property=\"article:publisher\" content=\"https:\/\/www.facebook.com\/abflt\" \/>\n<meta property=\"article:modified_time\" content=\"2021-06-07T11:21:48+00:00\" \/>\n<meta property=\"og:image\" content=\"https:\/\/www.abflt.com\/wp-content\/uploads\/2021\/05\/admin-ajax.png\" \/>\n\t<meta property=\"og:image:width\" content=\"400\" \/>\n\t<meta property=\"og:image:height\" content=\"225\" \/>\n\t<meta property=\"og:image:type\" content=\"image\/png\" \/>\n<meta name=\"twitter:card\" content=\"summary_large_image\" \/>\n<meta name=\"twitter:label1\" content=\"Gesch\u00e4tzte Lesezeit\" \/>\n\t<meta name=\"twitter:data1\" content=\"2\u00a0Minuten\" \/>\n<script type=\"application\/ld+json\" class=\"yoast-schema-graph\">{\"@context\":\"https:\\\/\\\/schema.org\",\"@graph\":[{\"@type\":\"WebPage\",\"@id\":\"https:\\\/\\\/www.abflt.com\\\/de\\\/dienstleistungen\\\/rundtaktmaschinenbearbeitung\\\/\",\"url\":\"https:\\\/\\\/www.abflt.com\\\/de\\\/dienstleistungen\\\/rundtaktmaschinenbearbeitung\\\/\",\"name\":\"gro\u00dfe Volumenauswahl \u2013 Rundtaktbearbeitung - ABF LT\",\"isPartOf\":{\"@id\":\"https:\\\/\\\/www.abflt.com\\\/de\\\/#website\"},\"primaryImageOfPage\":{\"@id\":\"https:\\\/\\\/www.abflt.com\\\/de\\\/dienstleistungen\\\/rundtaktmaschinenbearbeitung\\\/#primaryimage\"},\"image\":{\"@id\":\"https:\\\/\\\/www.abflt.com\\\/de\\\/dienstleistungen\\\/rundtaktmaschinenbearbeitung\\\/#primaryimage\"},\"thumbnailUrl\":\"https:\\\/\\\/www.abflt.com\\\/wp-content\\\/uploads\\\/2021\\\/05\\\/admin-ajax.png\",\"datePublished\":\"2021-06-07T11:09:11+00:00\",\"dateModified\":\"2021-06-07T11:21:48+00:00\",\"description\":\"ABF LT bietet Dienstleistungen im Bereich der Rundtaktbearbeitung an \u2013 eine Reihe von Prozessen, die in einem Zyklus durchgef\u00fchrt werden, um ein Teil zu bearbeiten f\u00fcr eine Massenproduktion von Teilen.\",\"breadcrumb\":{\"@id\":\"https:\\\/\\\/www.abflt.com\\\/de\\\/dienstleistungen\\\/rundtaktmaschinenbearbeitung\\\/#breadcrumb\"},\"inLanguage\":\"de\",\"potentialAction\":[{\"@type\":\"ReadAction\",\"target\":[\"https:\\\/\\\/www.abflt.com\\\/de\\\/dienstleistungen\\\/rundtaktmaschinenbearbeitung\\\/\"]}]},{\"@type\":\"ImageObject\",\"inLanguage\":\"de\",\"@id\":\"https:\\\/\\\/www.abflt.com\\\/de\\\/dienstleistungen\\\/rundtaktmaschinenbearbeitung\\\/#primaryimage\",\"url\":\"https:\\\/\\\/www.abflt.com\\\/wp-content\\\/uploads\\\/2021\\\/05\\\/admin-ajax.png\",\"contentUrl\":\"https:\\\/\\\/www.abflt.com\\\/wp-content\\\/uploads\\\/2021\\\/05\\\/admin-ajax.png\",\"width\":400,\"height\":225,\"caption\":\"rotary transfer\"},{\"@type\":\"BreadcrumbList\",\"@id\":\"https:\\\/\\\/www.abflt.com\\\/de\\\/dienstleistungen\\\/rundtaktmaschinenbearbeitung\\\/#breadcrumb\",\"itemListElement\":[{\"@type\":\"ListItem\",\"position\":1,\"name\":\"Home\",\"item\":\"https:\\\/\\\/www.abflt.com\\\/de\\\/\"},{\"@type\":\"ListItem\",\"position\":2,\"name\":\"Dienstleistungen\",\"item\":\"https:\\\/\\\/www.abflt.com\\\/de\\\/dienstleistungen\\\/\"},{\"@type\":\"ListItem\",\"position\":3,\"name\":\"Rundtaktmaschinenbearbeitung\"}]},{\"@type\":\"WebSite\",\"@id\":\"https:\\\/\\\/www.abflt.com\\\/de\\\/#website\",\"url\":\"https:\\\/\\\/www.abflt.com\\\/de\\\/\",\"name\":\"ABF LT\",\"description\":\"Aluminium die casting and CNC machining company\",\"publisher\":{\"@id\":\"https:\\\/\\\/www.abflt.com\\\/de\\\/#organization\"},\"potentialAction\":[{\"@type\":\"SearchAction\",\"target\":{\"@type\":\"EntryPoint\",\"urlTemplate\":\"https:\\\/\\\/www.abflt.com\\\/de\\\/?s={search_term_string}\"},\"query-input\":{\"@type\":\"PropertyValueSpecification\",\"valueRequired\":true,\"valueName\":\"search_term_string\"}}],\"inLanguage\":\"de\"},{\"@type\":\"Organization\",\"@id\":\"https:\\\/\\\/www.abflt.com\\\/de\\\/#organization\",\"name\":\"ABF LT\",\"url\":\"https:\\\/\\\/www.abflt.com\\\/de\\\/\",\"logo\":{\"@type\":\"ImageObject\",\"inLanguage\":\"de\",\"@id\":\"https:\\\/\\\/www.abflt.com\\\/de\\\/#\\\/schema\\\/logo\\\/image\\\/\",\"url\":\"https:\\\/\\\/www.abflt.com\\\/wp-content\\\/uploads\\\/2020\\\/02\\\/logo2.png\",\"contentUrl\":\"https:\\\/\\\/www.abflt.com\\\/wp-content\\\/uploads\\\/2020\\\/02\\\/logo2.png\",\"width\":113,\"height\":113,\"caption\":\"ABF LT\"},\"image\":{\"@id\":\"https:\\\/\\\/www.abflt.com\\\/de\\\/#\\\/schema\\\/logo\\\/image\\\/\"},\"sameAs\":[\"https:\\\/\\\/www.facebook.com\\\/abflt\",\"https:\\\/\\\/www.linkedin.com\\\/company\\\/abf-lt\",\"https:\\\/\\\/www.youtube.com\\\/channel\\\/UCVbHUYkMrwmW4YZZRzhxH9w\"]}]}<\/script>\n<!-- \/ Yoast SEO plugin. -->","yoast_head_json":{"title":"gro\u00dfe Volumenauswahl \u2013 Rundtaktbearbeitung - ABF LT","description":"ABF LT bietet Dienstleistungen im Bereich der Rundtaktbearbeitung an \u2013 eine Reihe von Prozessen, die in einem Zyklus durchgef\u00fchrt werden, um ein Teil zu bearbeiten f\u00fcr eine Massenproduktion von Teilen.","robots":{"index":"index","follow":"follow","max-snippet":"max-snippet:-1","max-image-preview":"max-image-preview:large","max-video-preview":"max-video-preview:-1"},"canonical":"https:\/\/www.abflt.com\/de\/dienstleistungen\/rundtaktmaschinenbearbeitung\/","og_locale":"de_DE","og_type":"article","og_title":"gro\u00dfe Volumenauswahl \u2013 Rundtaktbearbeitung - ABF LT","og_description":"ABF LT bietet Dienstleistungen im Bereich der Rundtaktbearbeitung an \u2013 eine Reihe von Prozessen, die in einem Zyklus durchgef\u00fchrt werden, um ein Teil zu bearbeiten f\u00fcr eine Massenproduktion von Teilen.","og_url":"https:\/\/www.abflt.com\/de\/dienstleistungen\/rundtaktmaschinenbearbeitung\/","og_site_name":"ABF LT","article_publisher":"https:\/\/www.facebook.com\/abflt","article_modified_time":"2021-06-07T11:21:48+00:00","og_image":[{"width":400,"height":225,"url":"https:\/\/www.abflt.com\/wp-content\/uploads\/2021\/05\/admin-ajax.png","type":"image\/png"}],"twitter_card":"summary_large_image","twitter_misc":{"Gesch\u00e4tzte Lesezeit":"2\u00a0Minuten"},"schema":{"@context":"https:\/\/schema.org","@graph":[{"@type":"WebPage","@id":"https:\/\/www.abflt.com\/de\/dienstleistungen\/rundtaktmaschinenbearbeitung\/","url":"https:\/\/www.abflt.com\/de\/dienstleistungen\/rundtaktmaschinenbearbeitung\/","name":"gro\u00dfe Volumenauswahl \u2013 Rundtaktbearbeitung - ABF LT","isPartOf":{"@id":"https:\/\/www.abflt.com\/de\/#website"},"primaryImageOfPage":{"@id":"https:\/\/www.abflt.com\/de\/dienstleistungen\/rundtaktmaschinenbearbeitung\/#primaryimage"},"image":{"@id":"https:\/\/www.abflt.com\/de\/dienstleistungen\/rundtaktmaschinenbearbeitung\/#primaryimage"},"thumbnailUrl":"https:\/\/www.abflt.com\/wp-content\/uploads\/2021\/05\/admin-ajax.png","datePublished":"2021-06-07T11:09:11+00:00","dateModified":"2021-06-07T11:21:48+00:00","description":"ABF LT bietet Dienstleistungen im Bereich der Rundtaktbearbeitung an \u2013 eine Reihe von Prozessen, die in einem Zyklus durchgef\u00fchrt werden, um ein Teil zu bearbeiten f\u00fcr eine Massenproduktion von Teilen.","breadcrumb":{"@id":"https:\/\/www.abflt.com\/de\/dienstleistungen\/rundtaktmaschinenbearbeitung\/#breadcrumb"},"inLanguage":"de","potentialAction":[{"@type":"ReadAction","target":["https:\/\/www.abflt.com\/de\/dienstleistungen\/rundtaktmaschinenbearbeitung\/"]}]},{"@type":"ImageObject","inLanguage":"de","@id":"https:\/\/www.abflt.com\/de\/dienstleistungen\/rundtaktmaschinenbearbeitung\/#primaryimage","url":"https:\/\/www.abflt.com\/wp-content\/uploads\/2021\/05\/admin-ajax.png","contentUrl":"https:\/\/www.abflt.com\/wp-content\/uploads\/2021\/05\/admin-ajax.png","width":400,"height":225,"caption":"rotary transfer"},{"@type":"BreadcrumbList","@id":"https:\/\/www.abflt.com\/de\/dienstleistungen\/rundtaktmaschinenbearbeitung\/#breadcrumb","itemListElement":[{"@type":"ListItem","position":1,"name":"Home","item":"https:\/\/www.abflt.com\/de\/"},{"@type":"ListItem","position":2,"name":"Dienstleistungen","item":"https:\/\/www.abflt.com\/de\/dienstleistungen\/"},{"@type":"ListItem","position":3,"name":"Rundtaktmaschinenbearbeitung"}]},{"@type":"WebSite","@id":"https:\/\/www.abflt.com\/de\/#website","url":"https:\/\/www.abflt.com\/de\/","name":"ABF LT","description":"Aluminium die casting and CNC machining company","publisher":{"@id":"https:\/\/www.abflt.com\/de\/#organization"},"potentialAction":[{"@type":"SearchAction","target":{"@type":"EntryPoint","urlTemplate":"https:\/\/www.abflt.com\/de\/?s={search_term_string}"},"query-input":{"@type":"PropertyValueSpecification","valueRequired":true,"valueName":"search_term_string"}}],"inLanguage":"de"},{"@type":"Organization","@id":"https:\/\/www.abflt.com\/de\/#organization","name":"ABF LT","url":"https:\/\/www.abflt.com\/de\/","logo":{"@type":"ImageObject","inLanguage":"de","@id":"https:\/\/www.abflt.com\/de\/#\/schema\/logo\/image\/","url":"https:\/\/www.abflt.com\/wp-content\/uploads\/2020\/02\/logo2.png","contentUrl":"https:\/\/www.abflt.com\/wp-content\/uploads\/2020\/02\/logo2.png","width":113,"height":113,"caption":"ABF LT"},"image":{"@id":"https:\/\/www.abflt.com\/de\/#\/schema\/logo\/image\/"},"sameAs":["https:\/\/www.facebook.com\/abflt","https:\/\/www.linkedin.com\/company\/abf-lt","https:\/\/www.youtube.com\/channel\/UCVbHUYkMrwmW4YZZRzhxH9w"]}]}},"_links":{"self":[{"href":"https:\/\/www.abflt.com\/de\/wp-json\/wp\/v2\/pages\/3425","targetHints":{"allow":["GET"]}}],"collection":[{"href":"https:\/\/www.abflt.com\/de\/wp-json\/wp\/v2\/pages"}],"about":[{"href":"https:\/\/www.abflt.com\/de\/wp-json\/wp\/v2\/types\/page"}],"author":[{"embeddable":true,"href":"https:\/\/www.abflt.com\/de\/wp-json\/wp\/v2\/users\/1"}],"replies":[{"embeddable":true,"href":"https:\/\/www.abflt.com\/de\/wp-json\/wp\/v2\/comments?post=3425"}],"version-history":[{"count":2,"href":"https:\/\/www.abflt.com\/de\/wp-json\/wp\/v2\/pages\/3425\/revisions"}],"predecessor-version":[{"id":3427,"href":"https:\/\/www.abflt.com\/de\/wp-json\/wp\/v2\/pages\/3425\/revisions\/3427"}],"up":[{"embeddable":true,"href":"https:\/\/www.abflt.com\/de\/wp-json\/wp\/v2\/pages\/2534"}],"wp:featuredmedia":[{"embeddable":true,"href":"https:\/\/www.abflt.com\/de\/wp-json\/wp\/v2\/media\/3376"}],"wp:attachment":[{"href":"https:\/\/www.abflt.com\/de\/wp-json\/wp\/v2\/media?parent=3425"}],"curies":[{"name":"wp","href":"https:\/\/api.w.org\/{rel}","templated":true}]}}