{"id":1385,"date":"2020-02-23T10:49:39","date_gmt":"2020-02-23T10:49:39","guid":{"rendered":"http:\/\/developers.lucky-bank.com\/abflt\/?page_id=1385"},"modified":"2021-05-14T12:05:18","modified_gmt":"2021-05-14T09:05:18","slug":"cnc-frezavimas-ir-tekinimas-europoje","status":"publish","type":"page","link":"https:\/\/www.abflt.com\/lt\/paslaugos\/cnc-frezavimas-ir-tekinimas-europoje\/","title":{"rendered":"CNC frezavimas ir tekinimas"},"content":{"rendered":"<p>[vc_row][vc_column width=&#8221;1\/6&#8243;][\/vc_column][vc_column width=&#8221;2\/3&#8243;][vc_custom_heading text=&#8221;CNC Frezavimas ir Tekinimas&#8221; font_container=&#8221;tag:p|font_size:20|text_align:left|color:%23003164|line_height:30px&#8221; use_theme_fonts=&#8221;yes&#8221;][vc_column_text]<a href=\"https:\/\/www.abflt.com\/lt\/\">ABF LT<\/a> yra viena did\u017eiausi\u0173 ir labiausiai patyrusi\u0173 aliumini\u0173 liejykl\u0173 Baltijos \u0161alyse. Viena i\u0161 kompanijos teikiam\u0173 <a href=\"https:\/\/www.abflt.com\/lt\/paslaugos\/\">paslaug\u0173<\/a> yra CNC Frezavimas ir Tekinimas. \u012emon\u0117 \u012fsik\u016brusi strategi\u0161kai patogioje vietoje, tod\u0117l pri\u017eadame, kad pasi\u016blysime patogiausia ir priimtiniausia logistikos sprendim\u0105, pagamintoms detal\u0117ms gabenti.[\/vc_column_text][vc_row_inner css=&#8221;.vc_custom_1619423316744{padding-top: 20px !important;}&#8221;][vc_column_inner width=&#8221;1\/2&#8243;][vc_custom_heading text=&#8221;Tekinimas&#8221; font_container=&#8221;tag:p|font_size:20|text_align:left|color:%23003164|line_height:30px&#8221; use_theme_fonts=&#8221;yes&#8221; css=&#8221;.vc_custom_1583601613909{margin-bottom: 30px !important;}&#8221;][vc_column_text]CNC tekinimo stakl\u0117s, naudojamos gaminti dalims i\u0161 stryp\u0173, kai pjovimo \u012frankis juda linijiniu b\u016bdu, o dirbinys sukasi. Tekinimo proceso metu tokios med\u017eiagos kaip metalas ar plastikas yra pasukamos kompiuteriniu skaitmeniniu valdymu. CNC tekinimas gali b\u016bti atliekamas ruo\u0161inio i\u0161or\u0117je arba viduje, kad b\u016bt\u0173 galima pagaminti vamzdinius komponentus pagal \u012fvairias geometrijas.[\/vc_column_text][vc_column_text]<div id=\"metaslider-id-2874\" style=\"width: 100%;\" class=\"ml-slider-3-101-0 metaslider metaslider-nivo metaslider-2874 ml-slider has-dots-nav ms-theme-default\" role=\"region\" aria-label=\"Turning\">\n    <div id=\"metaslider_container_2874\">\n        <div class='slider-wrapper theme-default'><div class='ribbon'><\/div><div id='metaslider_2874' class='nivoSlider'><img loading=\"lazy\" decoding=\"async\" src=\"https:\/\/www.abflt.com\/wp-content\/uploads\/2020\/09\/coaxial-nozzle-0x0.jpg\" height=\"0\" width=\"0\" title=\"coaxial nozzle\" alt=\"CNC milling &amp; turning, CNC frezavimas ir tekinimas\" class=\"slider-2874 slide-2900 msDefaultImage\" \/><img loading=\"lazy\" decoding=\"async\" src=\"https:\/\/www.abflt.com\/wp-content\/uploads\/2020\/09\/door-components-0x0.jpg\" height=\"0\" width=\"0\" title=\"door components\" alt=\"CNC milling &amp; turning, CNC frezavimas ir tekinimas\" class=\"slider-2874 slide-2901 msDefaultImage\" \/><img loading=\"lazy\" decoding=\"async\" src=\"https:\/\/www.abflt.com\/wp-content\/uploads\/2020\/09\/solid-pin1-0x0.jpg\" height=\"0\" width=\"0\" title=\"solid pin1\" alt=\"CNC milling &amp; turning, CNC frezavimas ir tekinimas\" class=\"slider-2874 slide-2902 msDefaultImage\" \/><img loading=\"lazy\" decoding=\"async\" src=\"https:\/\/www.abflt.com\/wp-content\/uploads\/2020\/09\/solid-pin5-0x0.jpg\" height=\"0\" width=\"0\" title=\"solid pin5\" alt=\"CNC milling &amp; turning, CNC frezavimas ir tekinimas\" class=\"slider-2874 slide-2903 msDefaultImage\" \/><img loading=\"lazy\" decoding=\"async\" src=\"https:\/\/www.abflt.com\/wp-content\/uploads\/2020\/09\/turned-part2-0x0.jpg\" height=\"0\" width=\"0\" title=\"turned part2\" alt=\"CNC milling &amp; turning, CNC frezavimas ir tekinimas\" class=\"slider-2874 slide-2904 msDefaultImage\" \/><img loading=\"lazy\" decoding=\"async\" src=\"https:\/\/www.abflt.com\/wp-content\/uploads\/2020\/09\/turned-part4-0x0.jpg\" height=\"0\" width=\"0\" title=\"turned part4\" alt=\"CNC milling &amp; turning, CNC frezavimas ir tekinimas\" class=\"slider-2874 slide-2905 msDefaultImage\" \/><\/div><\/div>\n        \n    <\/div>\n<\/div>[\/vc_column_text][\/vc_column_inner][vc_column_inner width=&#8221;1\/2&#8243; css=&#8221;.vc_custom_1583601639093{padding-bottom: 30px !important;}&#8221;][vc_custom_heading text=&#8221;Frezavimas&#8221; font_container=&#8221;tag:p|font_size:20|text_align:left|color:%23003164|line_height:30px&#8221; use_theme_fonts=&#8221;yes&#8221; css=&#8221;.vc_custom_1583601606142{margin-bottom: 30px !important;}&#8221;][vc_column_text]CNC frezavimas yra apdirbimo procesas, kurio metu naudojami kompiuteriniai valdikliai ir besisukantys daugiata\u0161kiai pjovimo \u012frankiai, siekiant palaipsniui pa\u0161alinti med\u017eiag\u0105 i\u0161 ruo\u0161inio ir pagal br\u0117\u017ein\u012f pagaminti u\u017esakyt\u0105 detal\u0119. CNC frezavimo procese naudojamos horizontalios arba vertikalios frezavimo stakl\u0117s, atsi\u017evelgiant \u012f frezavimo specifikacijas ir reikalavimus.[\/vc_column_text][vc_column_text]<div id=\"metaslider-id-2843\" style=\"width: 100%;\" class=\"ml-slider-3-101-0 metaslider metaslider-nivo metaslider-2843 ml-slider has-dots-nav ms-theme-default\" role=\"region\" aria-label=\"Milling\">\n    <div id=\"metaslider_container_2843\">\n        <div class='slider-wrapper theme-default'><div class='ribbon'><\/div><div id='metaslider_2843' class='nivoSlider'><img loading=\"lazy\" decoding=\"async\" src=\"https:\/\/www.abflt.com\/wp-content\/uploads\/2020\/09\/die-casted-component2-1-0x0.jpg\" height=\"0\" width=\"0\" title=\"die casted component2\" alt=\"CNC Milling &amp; turning\" class=\"slider-2843 slide-2868 msDefaultImage\" \/><img loading=\"lazy\" decoding=\"async\" src=\"https:\/\/www.abflt.com\/wp-content\/uploads\/2020\/09\/fuel-system1-0x0.jpg\" height=\"0\" width=\"0\" title=\"fuel system1\" alt=\"CNC Milling &amp; turning\" class=\"slider-2843 slide-2869 msDefaultImage\" \/><img loading=\"lazy\" decoding=\"async\" src=\"https:\/\/www.abflt.com\/wp-content\/uploads\/2020\/09\/heatsink1-0x0.jpg\" height=\"0\" width=\"0\" title=\"heatsink1\" alt=\"\" class=\"slider-2843 slide-2870 msDefaultImage\" \/><img loading=\"lazy\" decoding=\"async\" src=\"https:\/\/www.abflt.com\/wp-content\/uploads\/2020\/09\/milled-component3-0x0.jpg\" height=\"0\" width=\"0\" title=\"milled component3\" alt=\"CNC Milling &amp; turning\" class=\"slider-2843 slide-2871 msDefaultImage\" \/><img loading=\"lazy\" decoding=\"async\" src=\"https:\/\/www.abflt.com\/wp-content\/uploads\/2020\/09\/milled-component5-0x0.jpg\" height=\"0\" width=\"0\" title=\"milled component5\" alt=\"CNC Milling &amp; turning\" class=\"slider-2843 slide-2872 msDefaultImage\" \/><img loading=\"lazy\" decoding=\"async\" src=\"https:\/\/www.abflt.com\/wp-content\/uploads\/2020\/09\/milled-component6-0x0.jpg\" height=\"0\" width=\"0\" title=\"milled component6\" alt=\"\" class=\"slider-2843 slide-2873 msDefaultImage\" \/><\/div><\/div>\n        \n    <\/div>\n<\/div>[\/vc_column_text][\/vc_column_inner][\/vc_row_inner][vc_row_inner css=&#8221;.vc_custom_1583601987450{margin-bottom: 50px !important;}&#8221;][vc_column_inner][vc_column_text]CNC Frecavim\u0105 ir Tekinim\u0105 vykdome \u0161iomis programin\u0117mis stakl\u0117mis:<\/p>\n<p>YCM;<\/p>\n<p>HYUNDAI-KIA;<\/p>\n<p>NAKAMURA-TOME;<\/p>\n<p>EMCO TURN;<\/p>\n<p>HITACHI SEIKI;<\/p>\n<p>MORI SEIKI;<\/p>\n<p>HAAS.<\/p>\n<p><a href=\"https:\/\/www.abflt.com\/lt\/\">ABF LT<\/a> u\u017etikrins, jog gamini\u0173 tekinimas ir frezavimas bus atlikti kokybi\u0161kai, profesionaliai bei sutartu laiku. Auk\u0161tos klas\u0117s tekinimui ir frezavimui didel\u0119 \u012ftak\u0105 daro ir darbuotoj\u0173 kvalifikacija bei patirtis. \u012emon\u0117je \u0161iuos darbus atlieka auk\u0161tos kvalifikacijos specialistai, turintys did\u017eiul\u0119 darbo patirt\u012f apdirbant sud\u0117tingiausius gaminius.[\/vc_column_text][vc_column_text]<\/p>\n<p style=\"text-align: center;\"><a href=\"https:\/\/www.abflt.com\/lt\/\">ABF LT<\/a> <a href=\"https:\/\/www.abflt.com\/lt\/paslaugos\/\">teikiamos paslaugos<\/a>:<\/p>\n<p>[\/vc_column_text][\/vc_column_inner][\/vc_row_inner][vc_row_inner css=&#8221;.vc_custom_1583601987450{margin-bottom: 50px !important;}&#8221;][vc_column_inner width=&#8221;1\/3&#8243;][vc_btn title=&#8221;Aliuminio liejimas&#8221; style=&#8221;custom&#8221; custom_background=&#8221;#003164&#8243; custom_text=&#8221;#ffffff&#8221; shape=&#8221;square&#8221; align=&#8221;right&#8221; link=&#8221;url:https%3A%2F%2Fwww.abflt.com%2Flt%2Fpaslaugos%2Faliuminio-liejimas%2F&#8221;][\/vc_column_inner][vc_column_inner width=&#8221;1\/3&#8243;][vc_btn title=&#8221;Rotacinis apdirbimas&#8221; style=&#8221;custom&#8221; custom_background=&#8221;#003164&#8243; custom_text=&#8221;#ffffff&#8221; shape=&#8221;square&#8221; link=&#8221;url:https%3A%2F%2Fwww.abflt.com%2Flt%2Fpaslaugos%2Frotacinis-apdirbimas%2F%3Fpreview_id%3D1418%26preview_nonce%3Da9b7b6589e%26_thumbnail_id%3D3374%26preview%3Dtrue&#8221; css=&#8221;.vc_custom_1620983109429{padding-left: 30px !important;}&#8221;][\/vc_column_inner][vc_column_inner width=&#8221;1\/3&#8243;][vc_btn title=&#8221;Kitos paslaugos&#8221; style=&#8221;custom&#8221; custom_background=&#8221;#003164&#8243; custom_text=&#8221;#ffffff&#8221; shape=&#8221;square&#8221; align=&#8221;left&#8221; link=&#8221;url:https%3A%2F%2Fwww.abflt.com%2Flt%2Fpaslaugos%2Fkiti-darbai%2F&#8221;][\/vc_column_inner][\/vc_row_inner][\/vc_column][vc_column width=&#8221;1\/6&#8243;][\/vc_column][\/vc_row][vc_row full_width=&#8221;stretch_row&#8221; css=&#8221;.vc_custom_1438221428110{margin-bottom: 0px !important;padding-top: 30px !important;padding-bottom: 30px !important;background-color: #003164 !important;}&#8221; el_id=&#8221;home_quote&#8221; el_class=&#8221;home_quote&#8221;][vc_column width=&#8221;3\/4&#8243;][vc_custom_heading text=&#8221;Mes ne tik tiekiame produkcij\u0105, bet ir stengiam\u0117s, kad gamybos procese neb\u016bt\u0173 joki\u0173 tr\u016bkum\u0173&#8221; font_container=&#8221;tag:div|font_size:24|text_align:left|color:%23ffffff|line_height:35px&#8221; use_theme_fonts=&#8221;yes&#8221; el_class=&#8221;home_quote_txt&#8221;][\/vc_column][vc_column width=&#8221;1\/4&#8243;][vc_btn title=&#8221;SUSISIEKITE SU MUMIS&#8221; style=&#8221;outline&#8221; shape=&#8221;square&#8221; size=&#8221;sm&#8221; align=&#8221;right&#8221; el_class=&#8221;home_quote_btn&#8221; link=&#8221;url:https%3A%2F%2Fwww.abflt.com%2Flt%2Fkontaktai%2F|title:Kontaktai&#8221; css=&#8221;.vc_custom_1598945847715{margin-top: 10px !important;}&#8221;][\/vc_column][\/vc_row]<\/p>\n","protected":false},"excerpt":{"rendered":"<p>[vc_row][vc_column width=&#8221;1\/6&#8243;][\/vc_column][vc_column width=&#8221;2\/3&#8243;][vc_custom_heading text=&#8221;CNC Frezavimas ir Tekinimas&#8221; font_container=&#8221;tag:p|font_size:20|text_align:left|color:%23003164|line_height:30px&#8221; use_theme_fonts=&#8221;yes&#8221;][vc_column_text]ABF LT yra viena did\u017eiausi\u0173 ir labiausiai patyrusi\u0173 aliumini\u0173 liejykl\u0173 Baltijos \u0161alyse. [&hellip;]<\/p>\n","protected":false},"author":1,"featured_media":2157,"parent":236,"menu_order":0,"comment_status":"open","ping_status":"open","template":"","meta":{"content-type":"","footnotes":""},"class_list":["post-1385","page","type-page","status-publish","has-post-thumbnail","hentry"],"yoast_head":"<!-- This site is optimized with the Yoast SEO plugin v26.0 - https:\/\/yoast.com\/wordpress\/plugins\/seo\/ -->\n<title>CNC apdirbimas, frezavimas ir tekinimas Lietuvoje - ABF LT<\/title>\n<meta name=\"description\" content=\"ABF LT yra viena did\u017eiausi\u0173 Aliuminio liejimo ir CNC frezavimo ir tekinimo tiek\u0117j\u0173 Baltijos \u0161alyse. Su puikia kokybe ir patogiu siuntimu.\" \/>\n<meta name=\"robots\" content=\"index, follow, max-snippet:-1, max-image-preview:large, max-video-preview:-1\" \/>\n<link rel=\"canonical\" href=\"https:\/\/www.abflt.com\/lt\/paslaugos\/cnc-frezavimas-ir-tekinimas-europoje\/\" \/>\n<meta property=\"og:locale\" content=\"lt_LT\" \/>\n<meta property=\"og:type\" content=\"article\" \/>\n<meta property=\"og:title\" content=\"CNC apdirbimas, frezavimas ir tekinimas Lietuvoje - ABF LT\" \/>\n<meta property=\"og:description\" content=\"ABF LT yra viena did\u017eiausi\u0173 Aliuminio liejimo ir CNC frezavimo ir tekinimo tiek\u0117j\u0173 Baltijos \u0161alyse. Su puikia kokybe ir patogiu siuntimu.\" \/>\n<meta property=\"og:url\" content=\"https:\/\/www.abflt.com\/lt\/paslaugos\/cnc-frezavimas-ir-tekinimas-europoje\/\" \/>\n<meta property=\"og:site_name\" content=\"ABF LT\" \/>\n<meta property=\"article:publisher\" content=\"https:\/\/www.facebook.com\/abflt\" \/>\n<meta property=\"article:modified_time\" content=\"2021-05-14T09:05:18+00:00\" \/>\n<meta property=\"og:image\" content=\"https:\/\/www.abflt.com\/wp-content\/uploads\/2020\/03\/abflt_cnc_frezavimas_ir_tekinimas.png\" \/>\n\t<meta property=\"og:image:width\" content=\"500\" \/>\n\t<meta property=\"og:image:height\" content=\"281\" \/>\n\t<meta property=\"og:image:type\" content=\"image\/png\" \/>\n<meta name=\"twitter:card\" content=\"summary_large_image\" \/>\n<meta name=\"twitter:label1\" content=\"Est. reading time\" \/>\n\t<meta name=\"twitter:data1\" content=\"2 minut\u0117s\" \/>\n<script type=\"application\/ld+json\" class=\"yoast-schema-graph\">{\"@context\":\"https:\/\/schema.org\",\"@graph\":[{\"@type\":\"WebPage\",\"@id\":\"https:\/\/www.abflt.com\/lt\/paslaugos\/cnc-frezavimas-ir-tekinimas-europoje\/\",\"url\":\"https:\/\/www.abflt.com\/lt\/paslaugos\/cnc-frezavimas-ir-tekinimas-europoje\/\",\"name\":\"CNC apdirbimas, frezavimas ir tekinimas Lietuvoje - ABF LT\",\"isPartOf\":{\"@id\":\"https:\/\/www.abflt.com\/lt\/#website\"},\"primaryImageOfPage\":{\"@id\":\"https:\/\/www.abflt.com\/lt\/paslaugos\/cnc-frezavimas-ir-tekinimas-europoje\/#primaryimage\"},\"image\":{\"@id\":\"https:\/\/www.abflt.com\/lt\/paslaugos\/cnc-frezavimas-ir-tekinimas-europoje\/#primaryimage\"},\"thumbnailUrl\":\"https:\/\/www.abflt.com\/wp-content\/uploads\/2020\/03\/abflt_cnc_frezavimas_ir_tekinimas.png\",\"datePublished\":\"2020-02-23T10:49:39+00:00\",\"dateModified\":\"2021-05-14T09:05:18+00:00\",\"description\":\"ABF LT yra viena did\u017eiausi\u0173 Aliuminio liejimo ir CNC frezavimo ir tekinimo tiek\u0117j\u0173 Baltijos \u0161alyse. Su puikia kokybe ir patogiu siuntimu.\",\"breadcrumb\":{\"@id\":\"https:\/\/www.abflt.com\/lt\/paslaugos\/cnc-frezavimas-ir-tekinimas-europoje\/#breadcrumb\"},\"inLanguage\":\"lt-LT\",\"potentialAction\":[{\"@type\":\"ReadAction\",\"target\":[\"https:\/\/www.abflt.com\/lt\/paslaugos\/cnc-frezavimas-ir-tekinimas-europoje\/\"]}]},{\"@type\":\"ImageObject\",\"inLanguage\":\"lt-LT\",\"@id\":\"https:\/\/www.abflt.com\/lt\/paslaugos\/cnc-frezavimas-ir-tekinimas-europoje\/#primaryimage\",\"url\":\"https:\/\/www.abflt.com\/wp-content\/uploads\/2020\/03\/abflt_cnc_frezavimas_ir_tekinimas.png\",\"contentUrl\":\"https:\/\/www.abflt.com\/wp-content\/uploads\/2020\/03\/abflt_cnc_frezavimas_ir_tekinimas.png\",\"width\":500,\"height\":281,\"caption\":\"ABFLT CNC turning and milling. CNC frezavimas ir tekinimas\"},{\"@type\":\"BreadcrumbList\",\"@id\":\"https:\/\/www.abflt.com\/lt\/paslaugos\/cnc-frezavimas-ir-tekinimas-europoje\/#breadcrumb\",\"itemListElement\":[{\"@type\":\"ListItem\",\"position\":1,\"name\":\"Home\",\"item\":\"https:\/\/www.abflt.com\/lt\/\"},{\"@type\":\"ListItem\",\"position\":2,\"name\":\"Paslaugos\",\"item\":\"https:\/\/www.abflt.com\/lt\/paslaugos\/\"},{\"@type\":\"ListItem\",\"position\":3,\"name\":\"CNC frezavimas ir tekinimas\"}]},{\"@type\":\"WebSite\",\"@id\":\"https:\/\/www.abflt.com\/lt\/#website\",\"url\":\"https:\/\/www.abflt.com\/lt\/\",\"name\":\"ABF LT\",\"description\":\"Aluminium die casting and CNC machining company\",\"publisher\":{\"@id\":\"https:\/\/www.abflt.com\/lt\/#organization\"},\"potentialAction\":[{\"@type\":\"SearchAction\",\"target\":{\"@type\":\"EntryPoint\",\"urlTemplate\":\"https:\/\/www.abflt.com\/lt\/?s={search_term_string}\"},\"query-input\":{\"@type\":\"PropertyValueSpecification\",\"valueRequired\":true,\"valueName\":\"search_term_string\"}}],\"inLanguage\":\"lt-LT\"},{\"@type\":\"Organization\",\"@id\":\"https:\/\/www.abflt.com\/lt\/#organization\",\"name\":\"ABF LT\",\"url\":\"https:\/\/www.abflt.com\/lt\/\",\"logo\":{\"@type\":\"ImageObject\",\"inLanguage\":\"lt-LT\",\"@id\":\"https:\/\/www.abflt.com\/lt\/#\/schema\/logo\/image\/\",\"url\":\"https:\/\/www.abflt.com\/wp-content\/uploads\/2020\/02\/logo2.png\",\"contentUrl\":\"https:\/\/www.abflt.com\/wp-content\/uploads\/2020\/02\/logo2.png\",\"width\":113,\"height\":113,\"caption\":\"ABF LT\"},\"image\":{\"@id\":\"https:\/\/www.abflt.com\/lt\/#\/schema\/logo\/image\/\"},\"sameAs\":[\"https:\/\/www.facebook.com\/abflt\",\"https:\/\/www.linkedin.com\/company\/abf-lt\",\"https:\/\/www.youtube.com\/channel\/UCVbHUYkMrwmW4YZZRzhxH9w\"]}]}<\/script>\n<!-- \/ Yoast SEO plugin. -->","yoast_head_json":{"title":"CNC apdirbimas, frezavimas ir tekinimas Lietuvoje - ABF LT","description":"ABF LT yra viena did\u017eiausi\u0173 Aliuminio liejimo ir CNC frezavimo ir tekinimo tiek\u0117j\u0173 Baltijos \u0161alyse. Su puikia kokybe ir patogiu siuntimu.","robots":{"index":"index","follow":"follow","max-snippet":"max-snippet:-1","max-image-preview":"max-image-preview:large","max-video-preview":"max-video-preview:-1"},"canonical":"https:\/\/www.abflt.com\/lt\/paslaugos\/cnc-frezavimas-ir-tekinimas-europoje\/","og_locale":"lt_LT","og_type":"article","og_title":"CNC apdirbimas, frezavimas ir tekinimas Lietuvoje - ABF LT","og_description":"ABF LT yra viena did\u017eiausi\u0173 Aliuminio liejimo ir CNC frezavimo ir tekinimo tiek\u0117j\u0173 Baltijos \u0161alyse. Su puikia kokybe ir patogiu siuntimu.","og_url":"https:\/\/www.abflt.com\/lt\/paslaugos\/cnc-frezavimas-ir-tekinimas-europoje\/","og_site_name":"ABF LT","article_publisher":"https:\/\/www.facebook.com\/abflt","article_modified_time":"2021-05-14T09:05:18+00:00","og_image":[{"width":500,"height":281,"url":"https:\/\/www.abflt.com\/wp-content\/uploads\/2020\/03\/abflt_cnc_frezavimas_ir_tekinimas.png","type":"image\/png"}],"twitter_card":"summary_large_image","twitter_misc":{"Est. reading time":"2 minut\u0117s"},"schema":{"@context":"https:\/\/schema.org","@graph":[{"@type":"WebPage","@id":"https:\/\/www.abflt.com\/lt\/paslaugos\/cnc-frezavimas-ir-tekinimas-europoje\/","url":"https:\/\/www.abflt.com\/lt\/paslaugos\/cnc-frezavimas-ir-tekinimas-europoje\/","name":"CNC apdirbimas, frezavimas ir tekinimas Lietuvoje - ABF LT","isPartOf":{"@id":"https:\/\/www.abflt.com\/lt\/#website"},"primaryImageOfPage":{"@id":"https:\/\/www.abflt.com\/lt\/paslaugos\/cnc-frezavimas-ir-tekinimas-europoje\/#primaryimage"},"image":{"@id":"https:\/\/www.abflt.com\/lt\/paslaugos\/cnc-frezavimas-ir-tekinimas-europoje\/#primaryimage"},"thumbnailUrl":"https:\/\/www.abflt.com\/wp-content\/uploads\/2020\/03\/abflt_cnc_frezavimas_ir_tekinimas.png","datePublished":"2020-02-23T10:49:39+00:00","dateModified":"2021-05-14T09:05:18+00:00","description":"ABF LT yra viena did\u017eiausi\u0173 Aliuminio liejimo ir CNC frezavimo ir tekinimo tiek\u0117j\u0173 Baltijos \u0161alyse. Su puikia kokybe ir patogiu siuntimu.","breadcrumb":{"@id":"https:\/\/www.abflt.com\/lt\/paslaugos\/cnc-frezavimas-ir-tekinimas-europoje\/#breadcrumb"},"inLanguage":"lt-LT","potentialAction":[{"@type":"ReadAction","target":["https:\/\/www.abflt.com\/lt\/paslaugos\/cnc-frezavimas-ir-tekinimas-europoje\/"]}]},{"@type":"ImageObject","inLanguage":"lt-LT","@id":"https:\/\/www.abflt.com\/lt\/paslaugos\/cnc-frezavimas-ir-tekinimas-europoje\/#primaryimage","url":"https:\/\/www.abflt.com\/wp-content\/uploads\/2020\/03\/abflt_cnc_frezavimas_ir_tekinimas.png","contentUrl":"https:\/\/www.abflt.com\/wp-content\/uploads\/2020\/03\/abflt_cnc_frezavimas_ir_tekinimas.png","width":500,"height":281,"caption":"ABFLT CNC turning and milling. CNC frezavimas ir tekinimas"},{"@type":"BreadcrumbList","@id":"https:\/\/www.abflt.com\/lt\/paslaugos\/cnc-frezavimas-ir-tekinimas-europoje\/#breadcrumb","itemListElement":[{"@type":"ListItem","position":1,"name":"Home","item":"https:\/\/www.abflt.com\/lt\/"},{"@type":"ListItem","position":2,"name":"Paslaugos","item":"https:\/\/www.abflt.com\/lt\/paslaugos\/"},{"@type":"ListItem","position":3,"name":"CNC frezavimas ir tekinimas"}]},{"@type":"WebSite","@id":"https:\/\/www.abflt.com\/lt\/#website","url":"https:\/\/www.abflt.com\/lt\/","name":"ABF LT","description":"Aluminium die casting and CNC machining company","publisher":{"@id":"https:\/\/www.abflt.com\/lt\/#organization"},"potentialAction":[{"@type":"SearchAction","target":{"@type":"EntryPoint","urlTemplate":"https:\/\/www.abflt.com\/lt\/?s={search_term_string}"},"query-input":{"@type":"PropertyValueSpecification","valueRequired":true,"valueName":"search_term_string"}}],"inLanguage":"lt-LT"},{"@type":"Organization","@id":"https:\/\/www.abflt.com\/lt\/#organization","name":"ABF LT","url":"https:\/\/www.abflt.com\/lt\/","logo":{"@type":"ImageObject","inLanguage":"lt-LT","@id":"https:\/\/www.abflt.com\/lt\/#\/schema\/logo\/image\/","url":"https:\/\/www.abflt.com\/wp-content\/uploads\/2020\/02\/logo2.png","contentUrl":"https:\/\/www.abflt.com\/wp-content\/uploads\/2020\/02\/logo2.png","width":113,"height":113,"caption":"ABF LT"},"image":{"@id":"https:\/\/www.abflt.com\/lt\/#\/schema\/logo\/image\/"},"sameAs":["https:\/\/www.facebook.com\/abflt","https:\/\/www.linkedin.com\/company\/abf-lt","https:\/\/www.youtube.com\/channel\/UCVbHUYkMrwmW4YZZRzhxH9w"]}]}},"_links":{"self":[{"href":"https:\/\/www.abflt.com\/lt\/wp-json\/wp\/v2\/pages\/1385","targetHints":{"allow":["GET"]}}],"collection":[{"href":"https:\/\/www.abflt.com\/lt\/wp-json\/wp\/v2\/pages"}],"about":[{"href":"https:\/\/www.abflt.com\/lt\/wp-json\/wp\/v2\/types\/page"}],"author":[{"embeddable":true,"href":"https:\/\/www.abflt.com\/lt\/wp-json\/wp\/v2\/users\/1"}],"replies":[{"embeddable":true,"href":"https:\/\/www.abflt.com\/lt\/wp-json\/wp\/v2\/comments?post=1385"}],"version-history":[{"count":35,"href":"https:\/\/www.abflt.com\/lt\/wp-json\/wp\/v2\/pages\/1385\/revisions"}],"predecessor-version":[{"id":3384,"href":"https:\/\/www.abflt.com\/lt\/wp-json\/wp\/v2\/pages\/1385\/revisions\/3384"}],"up":[{"embeddable":true,"href":"https:\/\/www.abflt.com\/lt\/wp-json\/wp\/v2\/pages\/236"}],"wp:featuredmedia":[{"embeddable":true,"href":"https:\/\/www.abflt.com\/lt\/wp-json\/wp\/v2\/media\/2157"}],"wp:attachment":[{"href":"https:\/\/www.abflt.com\/lt\/wp-json\/wp\/v2\/media?parent=1385"}],"curies":[{"name":"wp","href":"https:\/\/api.w.org\/{rel}","templated":true}]}}