{"id":254,"date":"2015-07-31T09:39:53","date_gmt":"2015-07-31T09:39:53","guid":{"rendered":"http:\/\/builder.zooka.io\/?page_id=254"},"modified":"2021-05-14T09:52:26","modified_gmt":"2021-05-14T06:52:26","slug":"aliuminio-liejimas","status":"publish","type":"page","link":"https:\/\/www.abflt.com\/lt\/paslaugos\/aliuminio-liejimas\/","title":{"rendered":"Aliuminio liejimas"},"content":{"rendered":"<p>[vc_row][vc_column width=&#8221;1\/6&#8243;][\/vc_column][vc_column width=&#8221;2\/3&#8243;][vc_custom_heading text=&#8221;Aliuminio Liejimas yra vienas i\u0161 pagrindini\u0173 metalo apdirbimo proces\u0173.&#8221; font_container=&#8221;tag:p|font_size:22|text_align:left|color:%23003164|line_height:31px&#8221; use_theme_fonts=&#8221;yes&#8221; css=&#8221;.vc_custom_1619434936392{margin-bottom: 30px !important;}&#8221;][vc_column_text]Aliuminio Liejimas vykdomas auk\u0161tu sl\u0117giu i\u0161stumiant metal\u0105 \u012f form\u0105. Liejimo formos pirmiausiai yra precizi\u0161kai apdirbamos, kad suteikt\u0173 galutinio produkto form\u0105.<\/p>\n<p><a href=\"https:\/\/www.abflt.com\/\">ABF LT<\/a> produkto liejimo technin\u0117s galimyb\u0117s:<br \/>\nSpaud\u017eiamoji galia nuo 350 iki 850 ton\u0173.<br \/>\nMaksimalus detal\u0117s svoris 12kg.<br \/>\nMaksimalus detal\u0117s dydis 1000cm2.<\/p>\n<p>Aliuminio Liejimo procesas prasideda nuo tiksliai apdirbt\u0173 liejimo form\u0173, kurios galutiniam produktui suteikia reikiam\u0105 forma. Aliuminio Liejimas auk\u0161tu sl\u0117giu yra skirtas masiniai produkcijai gaminti. \u0160iuo b\u016bdu pagaminamos detal\u0117s paprastai turi b\u016bti labai tikslios. O d\u0117l ilgamet\u0117s patirties <a href=\"https:\/\/www.abflt.com\/lt\/apie-mus\/\">ABF LT<\/a> geba tai pasi\u016blyti.<\/p>\n<p>Aliuminio Liejimas auk\u0161tu sl\u0117giu yra vienas da\u017eniausi\u0173 produkt\u0173 gaminimo b\u016bd\u0173. \u0160iuo b\u016btu pagamintas detales galite pasteb\u0117ti kasdienin\u0117je aplinkoje, kaip kai kurias bald\u0173 dalis, hidraulinius spaustukus, LED radiatorius, jiems v\u0117sinti, bei daugyb\u0117 kit\u0173.<\/p>\n<p>D\u0117l automatizuot\u0173 Aliuminio Liejimo \u012frengini\u0173 ir robot\u0173 sistem\u0173 naudojimo, galime numatyti darbo procesus ir gaminti labai didelius kiekius nepertraukiamai. <a href=\"https:\/\/www.abflt.com\/\">ABF LT<\/a> garantuojame savo klientams lankstum\u0105 ir pagamint\u0173 liejini\u0173 kokyb\u0119.[\/vc_column_text][vc_row_inner][vc_column_inner][vc_column_text]<div id=\"metaslider-id-2792\" style=\"width: 100%;\" class=\"ml-slider-3-108-0 metaslider metaslider-nivo metaslider-2792 ml-slider has-dots-nav ms-theme-default\" role=\"region\" aria-label=\"Aluminium die casting\">\n    <div id=\"metaslider_container_2792\">\n        <div class='slider-wrapper theme-default'><div class='ribbon'><\/div><div id='metaslider_2792' class='nivoSlider'><img loading=\"lazy\" decoding=\"async\" src=\"https:\/\/www.abflt.com\/wp-content\/uploads\/2020\/09\/die-casted-legs-0x0.jpg\" height=\"0\" width=\"0\" title=\"die-casted-legs\" alt=\"Aluminium Die Casting, Aliuminio liejimas\" class=\"slider-2792 slide-2829 msDefaultImage\" \/><img loading=\"lazy\" decoding=\"async\" src=\"https:\/\/www.abflt.com\/wp-content\/uploads\/2020\/09\/die-casted-component2-0x0.jpg\" height=\"0\" width=\"0\" title=\"die-casted-component2\" alt=\"\" class=\"slider-2792 slide-2828 msDefaultImage\" \/><img loading=\"lazy\" decoding=\"async\" src=\"https:\/\/www.abflt.com\/wp-content\/uploads\/2020\/09\/angled-pipe-0x0.jpg\" height=\"0\" width=\"0\" title=\"angled-pipe\" alt=\"Aluminium Die Casting, Aliuminio liejimas\" class=\"slider-2792 slide-2825 msDefaultImage\" \/><img loading=\"lazy\" decoding=\"async\" src=\"https:\/\/www.abflt.com\/wp-content\/uploads\/2020\/09\/automotive-part3-0x0.jpg\" height=\"0\" width=\"0\" title=\"automotive-part3\" alt=\"Aluminium Die Casting, Aliuminio liejimas\" class=\"slider-2792 slide-2912 msDefaultImage\" \/><img loading=\"lazy\" decoding=\"async\" src=\"https:\/\/www.abflt.com\/wp-content\/uploads\/2020\/09\/heatsink3-0x0.jpg\" height=\"0\" width=\"0\" title=\"heatsink3\" alt=\"\" class=\"slider-2792 slide-2830 msDefaultImage\" \/><img loading=\"lazy\" decoding=\"async\" src=\"https:\/\/www.abflt.com\/wp-content\/uploads\/2020\/09\/hydraulic-component1-0x0.jpg\" height=\"0\" width=\"0\" title=\"hydraulic-component1\" alt=\"Aluminium Die Casting, Aliuminio liejimas\" class=\"slider-2792 slide-2831 msDefaultImage\" \/><img loading=\"lazy\" decoding=\"async\" src=\"https:\/\/www.abflt.com\/wp-content\/uploads\/2020\/09\/medical-part-0x0.jpg\" height=\"0\" width=\"0\" title=\"medical-part\" alt=\"Aluminium Die Casting, Aliuminio liejimas\" class=\"slider-2792 slide-2832 msDefaultImage\" \/><\/div><\/div>\n        \n    <\/div>\n<\/div>[\/vc_column_text][\/vc_column_inner][\/vc_row_inner][vc_row_inner css=&#8221;.vc_custom_1619425597880{padding-top: 20px !important;padding-bottom: 20px !important;}&#8221;][vc_column_inner][vc_column_text]<\/p>\n<p style=\"text-align: center;\"><a href=\"https:\/\/www.abflt.com\/lt\/\">ABF LT<\/a> <a href=\"https:\/\/www.abflt.com\/lt\/paslaugos\/\">teikiamos paslaugos<\/a><\/p>\n<p>[\/vc_column_text][\/vc_column_inner][\/vc_row_inner][vc_row_inner css=&#8221;.vc_custom_1619425597880{padding-top: 20px !important;padding-bottom: 20px !important;}&#8221;][vc_column_inner width=&#8221;1\/3&#8243;][vc_btn title=&#8221;CNC Frezavimas ir Tekinimas&#8221; style=&#8221;custom&#8221; custom_background=&#8221;#003164&#8243; custom_text=&#8221;#ffffff&#8221; shape=&#8221;square&#8221; link=&#8221;url:https%3A%2F%2Fwww.abflt.com%2Flt%2Fpaslaugos%2Fcnc-frezavimas-ir-tekinimas-europoje%2F&#8221;][\/vc_column_inner][vc_column_inner width=&#8221;1\/3&#8243;][vc_btn title=&#8221;Rotacinis apdirbimas&#8221; style=&#8221;custom&#8221; custom_background=&#8221;#003164&#8243; custom_text=&#8221;#ffffff&#8221; shape=&#8221;square&#8221; link=&#8221;url:https%3A%2F%2Fwww.abflt.com%2Flt%2Fpaslaugos%2Frotacinis-apdirbimas%2F%3Fpreview_id%3D1418%26preview_nonce%3Da9b7b6589e%26_thumbnail_id%3D3374%26preview%3Dtrue&#8221;][\/vc_column_inner][vc_column_inner width=&#8221;1\/3&#8243;][vc_btn title=&#8221;Kitos paslaugos&#8221; style=&#8221;custom&#8221; custom_background=&#8221;#003164&#8243; custom_text=&#8221;#ffffff&#8221; shape=&#8221;square&#8221; link=&#8221;url:https%3A%2F%2Fwww.abflt.com%2Flt%2Fpaslaugos%2Fkiti-darbai%2F&#8221;][\/vc_column_inner][\/vc_row_inner][\/vc_column][vc_column width=&#8221;1\/6&#8243;][\/vc_column][\/vc_row][vc_row full_width=&#8221;stretch_row&#8221; css=&#8221;.vc_custom_1438221428110{margin-bottom: 0px !important;padding-top: 30px !important;padding-bottom: 30px !important;background-color: #003164 !important;}&#8221; el_id=&#8221;home_quote&#8221; el_class=&#8221;home_quote&#8221;][vc_column width=&#8221;2\/3&#8243;][vc_custom_heading text=&#8221;Mes ne tik tiekiame produkcij\u0105, bet ir stengiam\u0117s, kad gamybos procese neb\u016bt\u0173 joki\u0173 tr\u016bkum\u0173&#8221; font_container=&#8221;tag:div|font_size:24|text_align:left|color:%23ffffff|line_height:35px&#8221; use_theme_fonts=&#8221;yes&#8221; el_class=&#8221;home_quote_txt&#8221;][\/vc_column][vc_column width=&#8221;1\/3&#8243;][vc_btn title=&#8221;SUSISIEKITE SU MUMIS&#8221; style=&#8221;outline&#8221; shape=&#8221;square&#8221; size=&#8221;sm&#8221; align=&#8221;right&#8221; el_class=&#8221;home_quote_btn&#8221; link=&#8221;url:https%3A%2F%2Fwww.abflt.com%2Flt%2Fkontaktai%2F|title:Kontaktai&#8221; css=&#8221;.vc_custom_1619428856062{margin-top: 10px !important;}&#8221;][\/vc_column][\/vc_row]<\/p>\n","protected":false},"excerpt":{"rendered":"<p>[vc_row][vc_column width=&#8221;1\/6&#8243;][\/vc_column][vc_column width=&#8221;2\/3&#8243;][vc_custom_heading text=&#8221;Aliuminio Liejimas yra vienas i\u0161 pagrindini\u0173 metalo apdirbimo proces\u0173.&#8221; font_container=&#8221;tag:p|font_size:22|text_align:left|color:%23003164|line_height:31px&#8221; use_theme_fonts=&#8221;yes&#8221; css=&#8221;.vc_custom_1619434936392{margin-bottom: 30px !important;}&#8221;][vc_column_text]Aliuminio Liejimas vykdomas auk\u0161tu [&hellip;]<\/p>\n","protected":false},"author":1,"featured_media":2153,"parent":236,"menu_order":0,"comment_status":"open","ping_status":"open","template":"","meta":{"content-type":"","footnotes":""},"class_list":["post-254","page","type-page","status-publish","has-post-thumbnail","hentry"],"yoast_head":"<!-- This site is optimized with the Yoast SEO plugin v27.4 - https:\/\/yoast.com\/product\/yoast-seo-wordpress\/ -->\n<title>Auk\u0161tos kokyb\u0117s Aliuminio Liejimas Europoje - ABF LT<\/title>\n<meta name=\"description\" content=\"Aliuminio liejimas atliekamas \u012fpur\u0161kiant i\u0161lydyt\u0105 aliumin\u012f \u012f form\u0105 esant auk\u0161tam sl\u0117giui. Maksimali ABF LT gaminama dalis - 12 kg. 1000 cm2.\" \/>\n<meta name=\"robots\" content=\"index, follow, max-snippet:-1, max-image-preview:large, max-video-preview:-1\" \/>\n<link rel=\"canonical\" href=\"https:\/\/www.abflt.com\/lt\/paslaugos\/aliuminio-liejimas\/\" \/>\n<meta property=\"og:locale\" content=\"lt_LT\" \/>\n<meta property=\"og:type\" content=\"article\" \/>\n<meta property=\"og:title\" content=\"Auk\u0161tos kokyb\u0117s Aliuminio Liejimas Europoje - ABF LT\" \/>\n<meta property=\"og:description\" content=\"Aliuminio liejimas atliekamas \u012fpur\u0161kiant i\u0161lydyt\u0105 aliumin\u012f \u012f form\u0105 esant auk\u0161tam sl\u0117giui. Maksimali ABF LT gaminama dalis - 12 kg. 1000 cm2.\" \/>\n<meta property=\"og:url\" content=\"https:\/\/www.abflt.com\/lt\/paslaugos\/aliuminio-liejimas\/\" \/>\n<meta property=\"og:site_name\" content=\"ABF LT\" \/>\n<meta property=\"article:publisher\" content=\"https:\/\/www.facebook.com\/abflt\" \/>\n<meta property=\"article:modified_time\" content=\"2021-05-14T06:52:26+00:00\" \/>\n<meta property=\"og:image\" content=\"https:\/\/www.abflt.com\/wp-content\/uploads\/2020\/03\/abflt_aliuminio_liejimas.png\" \/>\n\t<meta property=\"og:image:width\" content=\"500\" \/>\n\t<meta property=\"og:image:height\" content=\"281\" \/>\n\t<meta property=\"og:image:type\" content=\"image\/png\" \/>\n<meta name=\"twitter:card\" content=\"summary_large_image\" \/>\n<meta name=\"twitter:label1\" content=\"Est. reading time\" \/>\n\t<meta name=\"twitter:data1\" content=\"2 minut\u0117s\" \/>\n<script type=\"application\/ld+json\" class=\"yoast-schema-graph\">{\"@context\":\"https:\\\/\\\/schema.org\",\"@graph\":[{\"@type\":\"WebPage\",\"@id\":\"https:\\\/\\\/www.abflt.com\\\/lt\\\/paslaugos\\\/aliuminio-liejimas\\\/\",\"url\":\"https:\\\/\\\/www.abflt.com\\\/lt\\\/paslaugos\\\/aliuminio-liejimas\\\/\",\"name\":\"Auk\u0161tos kokyb\u0117s Aliuminio Liejimas Europoje - ABF LT\",\"isPartOf\":{\"@id\":\"https:\\\/\\\/www.abflt.com\\\/lt\\\/#website\"},\"primaryImageOfPage\":{\"@id\":\"https:\\\/\\\/www.abflt.com\\\/lt\\\/paslaugos\\\/aliuminio-liejimas\\\/#primaryimage\"},\"image\":{\"@id\":\"https:\\\/\\\/www.abflt.com\\\/lt\\\/paslaugos\\\/aliuminio-liejimas\\\/#primaryimage\"},\"thumbnailUrl\":\"https:\\\/\\\/www.abflt.com\\\/wp-content\\\/uploads\\\/2020\\\/03\\\/abflt_aliuminio_liejimas.png\",\"datePublished\":\"2015-07-31T09:39:53+00:00\",\"dateModified\":\"2021-05-14T06:52:26+00:00\",\"description\":\"Aliuminio liejimas atliekamas \u012fpur\u0161kiant i\u0161lydyt\u0105 aliumin\u012f \u012f form\u0105 esant auk\u0161tam sl\u0117giui. Maksimali ABF LT gaminama dalis - 12 kg. 1000 cm2.\",\"breadcrumb\":{\"@id\":\"https:\\\/\\\/www.abflt.com\\\/lt\\\/paslaugos\\\/aliuminio-liejimas\\\/#breadcrumb\"},\"inLanguage\":\"lt-LT\",\"potentialAction\":[{\"@type\":\"ReadAction\",\"target\":[\"https:\\\/\\\/www.abflt.com\\\/lt\\\/paslaugos\\\/aliuminio-liejimas\\\/\"]}]},{\"@type\":\"ImageObject\",\"inLanguage\":\"lt-LT\",\"@id\":\"https:\\\/\\\/www.abflt.com\\\/lt\\\/paslaugos\\\/aliuminio-liejimas\\\/#primaryimage\",\"url\":\"https:\\\/\\\/www.abflt.com\\\/wp-content\\\/uploads\\\/2020\\\/03\\\/abflt_aliuminio_liejimas.png\",\"contentUrl\":\"https:\\\/\\\/www.abflt.com\\\/wp-content\\\/uploads\\\/2020\\\/03\\\/abflt_aliuminio_liejimas.png\",\"width\":500,\"height\":281,\"caption\":\"Aliuminio liejimas\"},{\"@type\":\"BreadcrumbList\",\"@id\":\"https:\\\/\\\/www.abflt.com\\\/lt\\\/paslaugos\\\/aliuminio-liejimas\\\/#breadcrumb\",\"itemListElement\":[{\"@type\":\"ListItem\",\"position\":1,\"name\":\"Home\",\"item\":\"https:\\\/\\\/www.abflt.com\\\/lt\\\/\"},{\"@type\":\"ListItem\",\"position\":2,\"name\":\"Paslaugos\",\"item\":\"https:\\\/\\\/www.abflt.com\\\/lt\\\/paslaugos\\\/\"},{\"@type\":\"ListItem\",\"position\":3,\"name\":\"Aliuminio liejimas\"}]},{\"@type\":\"WebSite\",\"@id\":\"https:\\\/\\\/www.abflt.com\\\/lt\\\/#website\",\"url\":\"https:\\\/\\\/www.abflt.com\\\/lt\\\/\",\"name\":\"ABF LT\",\"description\":\"Aluminium die casting and CNC machining company\",\"publisher\":{\"@id\":\"https:\\\/\\\/www.abflt.com\\\/lt\\\/#organization\"},\"potentialAction\":[{\"@type\":\"SearchAction\",\"target\":{\"@type\":\"EntryPoint\",\"urlTemplate\":\"https:\\\/\\\/www.abflt.com\\\/lt\\\/?s={search_term_string}\"},\"query-input\":{\"@type\":\"PropertyValueSpecification\",\"valueRequired\":true,\"valueName\":\"search_term_string\"}}],\"inLanguage\":\"lt-LT\"},{\"@type\":\"Organization\",\"@id\":\"https:\\\/\\\/www.abflt.com\\\/lt\\\/#organization\",\"name\":\"ABF LT\",\"url\":\"https:\\\/\\\/www.abflt.com\\\/lt\\\/\",\"logo\":{\"@type\":\"ImageObject\",\"inLanguage\":\"lt-LT\",\"@id\":\"https:\\\/\\\/www.abflt.com\\\/lt\\\/#\\\/schema\\\/logo\\\/image\\\/\",\"url\":\"https:\\\/\\\/www.abflt.com\\\/wp-content\\\/uploads\\\/2020\\\/02\\\/logo2.png\",\"contentUrl\":\"https:\\\/\\\/www.abflt.com\\\/wp-content\\\/uploads\\\/2020\\\/02\\\/logo2.png\",\"width\":113,\"height\":113,\"caption\":\"ABF LT\"},\"image\":{\"@id\":\"https:\\\/\\\/www.abflt.com\\\/lt\\\/#\\\/schema\\\/logo\\\/image\\\/\"},\"sameAs\":[\"https:\\\/\\\/www.facebook.com\\\/abflt\",\"https:\\\/\\\/www.linkedin.com\\\/company\\\/abf-lt\",\"https:\\\/\\\/www.youtube.com\\\/channel\\\/UCVbHUYkMrwmW4YZZRzhxH9w\"]}]}<\/script>\n<!-- \/ Yoast SEO plugin. -->","yoast_head_json":{"title":"Auk\u0161tos kokyb\u0117s Aliuminio Liejimas Europoje - ABF LT","description":"Aliuminio liejimas atliekamas \u012fpur\u0161kiant i\u0161lydyt\u0105 aliumin\u012f \u012f form\u0105 esant auk\u0161tam sl\u0117giui. Maksimali ABF LT gaminama dalis - 12 kg. 1000 cm2.","robots":{"index":"index","follow":"follow","max-snippet":"max-snippet:-1","max-image-preview":"max-image-preview:large","max-video-preview":"max-video-preview:-1"},"canonical":"https:\/\/www.abflt.com\/lt\/paslaugos\/aliuminio-liejimas\/","og_locale":"lt_LT","og_type":"article","og_title":"Auk\u0161tos kokyb\u0117s Aliuminio Liejimas Europoje - ABF LT","og_description":"Aliuminio liejimas atliekamas \u012fpur\u0161kiant i\u0161lydyt\u0105 aliumin\u012f \u012f form\u0105 esant auk\u0161tam sl\u0117giui. Maksimali ABF LT gaminama dalis - 12 kg. 1000 cm2.","og_url":"https:\/\/www.abflt.com\/lt\/paslaugos\/aliuminio-liejimas\/","og_site_name":"ABF LT","article_publisher":"https:\/\/www.facebook.com\/abflt","article_modified_time":"2021-05-14T06:52:26+00:00","og_image":[{"width":500,"height":281,"url":"https:\/\/www.abflt.com\/wp-content\/uploads\/2020\/03\/abflt_aliuminio_liejimas.png","type":"image\/png"}],"twitter_card":"summary_large_image","twitter_misc":{"Est. reading time":"2 minut\u0117s"},"schema":{"@context":"https:\/\/schema.org","@graph":[{"@type":"WebPage","@id":"https:\/\/www.abflt.com\/lt\/paslaugos\/aliuminio-liejimas\/","url":"https:\/\/www.abflt.com\/lt\/paslaugos\/aliuminio-liejimas\/","name":"Auk\u0161tos kokyb\u0117s Aliuminio Liejimas Europoje - ABF LT","isPartOf":{"@id":"https:\/\/www.abflt.com\/lt\/#website"},"primaryImageOfPage":{"@id":"https:\/\/www.abflt.com\/lt\/paslaugos\/aliuminio-liejimas\/#primaryimage"},"image":{"@id":"https:\/\/www.abflt.com\/lt\/paslaugos\/aliuminio-liejimas\/#primaryimage"},"thumbnailUrl":"https:\/\/www.abflt.com\/wp-content\/uploads\/2020\/03\/abflt_aliuminio_liejimas.png","datePublished":"2015-07-31T09:39:53+00:00","dateModified":"2021-05-14T06:52:26+00:00","description":"Aliuminio liejimas atliekamas \u012fpur\u0161kiant i\u0161lydyt\u0105 aliumin\u012f \u012f form\u0105 esant auk\u0161tam sl\u0117giui. Maksimali ABF LT gaminama dalis - 12 kg. 1000 cm2.","breadcrumb":{"@id":"https:\/\/www.abflt.com\/lt\/paslaugos\/aliuminio-liejimas\/#breadcrumb"},"inLanguage":"lt-LT","potentialAction":[{"@type":"ReadAction","target":["https:\/\/www.abflt.com\/lt\/paslaugos\/aliuminio-liejimas\/"]}]},{"@type":"ImageObject","inLanguage":"lt-LT","@id":"https:\/\/www.abflt.com\/lt\/paslaugos\/aliuminio-liejimas\/#primaryimage","url":"https:\/\/www.abflt.com\/wp-content\/uploads\/2020\/03\/abflt_aliuminio_liejimas.png","contentUrl":"https:\/\/www.abflt.com\/wp-content\/uploads\/2020\/03\/abflt_aliuminio_liejimas.png","width":500,"height":281,"caption":"Aliuminio liejimas"},{"@type":"BreadcrumbList","@id":"https:\/\/www.abflt.com\/lt\/paslaugos\/aliuminio-liejimas\/#breadcrumb","itemListElement":[{"@type":"ListItem","position":1,"name":"Home","item":"https:\/\/www.abflt.com\/lt\/"},{"@type":"ListItem","position":2,"name":"Paslaugos","item":"https:\/\/www.abflt.com\/lt\/paslaugos\/"},{"@type":"ListItem","position":3,"name":"Aliuminio liejimas"}]},{"@type":"WebSite","@id":"https:\/\/www.abflt.com\/lt\/#website","url":"https:\/\/www.abflt.com\/lt\/","name":"ABF LT","description":"Aluminium die casting and CNC machining company","publisher":{"@id":"https:\/\/www.abflt.com\/lt\/#organization"},"potentialAction":[{"@type":"SearchAction","target":{"@type":"EntryPoint","urlTemplate":"https:\/\/www.abflt.com\/lt\/?s={search_term_string}"},"query-input":{"@type":"PropertyValueSpecification","valueRequired":true,"valueName":"search_term_string"}}],"inLanguage":"lt-LT"},{"@type":"Organization","@id":"https:\/\/www.abflt.com\/lt\/#organization","name":"ABF LT","url":"https:\/\/www.abflt.com\/lt\/","logo":{"@type":"ImageObject","inLanguage":"lt-LT","@id":"https:\/\/www.abflt.com\/lt\/#\/schema\/logo\/image\/","url":"https:\/\/www.abflt.com\/wp-content\/uploads\/2020\/02\/logo2.png","contentUrl":"https:\/\/www.abflt.com\/wp-content\/uploads\/2020\/02\/logo2.png","width":113,"height":113,"caption":"ABF LT"},"image":{"@id":"https:\/\/www.abflt.com\/lt\/#\/schema\/logo\/image\/"},"sameAs":["https:\/\/www.facebook.com\/abflt","https:\/\/www.linkedin.com\/company\/abf-lt","https:\/\/www.youtube.com\/channel\/UCVbHUYkMrwmW4YZZRzhxH9w"]}]}},"_links":{"self":[{"href":"https:\/\/www.abflt.com\/lt\/wp-json\/wp\/v2\/pages\/254","targetHints":{"allow":["GET"]}}],"collection":[{"href":"https:\/\/www.abflt.com\/lt\/wp-json\/wp\/v2\/pages"}],"about":[{"href":"https:\/\/www.abflt.com\/lt\/wp-json\/wp\/v2\/types\/page"}],"author":[{"embeddable":true,"href":"https:\/\/www.abflt.com\/lt\/wp-json\/wp\/v2\/users\/1"}],"replies":[{"embeddable":true,"href":"https:\/\/www.abflt.com\/lt\/wp-json\/wp\/v2\/comments?post=254"}],"version-history":[{"count":61,"href":"https:\/\/www.abflt.com\/lt\/wp-json\/wp\/v2\/pages\/254\/revisions"}],"predecessor-version":[{"id":3380,"href":"https:\/\/www.abflt.com\/lt\/wp-json\/wp\/v2\/pages\/254\/revisions\/3380"}],"up":[{"embeddable":true,"href":"https:\/\/www.abflt.com\/lt\/wp-json\/wp\/v2\/pages\/236"}],"wp:featuredmedia":[{"embeddable":true,"href":"https:\/\/www.abflt.com\/lt\/wp-json\/wp\/v2\/media\/2153"}],"wp:attachment":[{"href":"https:\/\/www.abflt.com\/lt\/wp-json\/wp\/v2\/media?parent=254"}],"curies":[{"name":"wp","href":"https:\/\/api.w.org\/{rel}","templated":true}]}}