{"id":324,"date":"2015-08-03T03:02:12","date_gmt":"2015-08-03T03:02:12","guid":{"rendered":"http:\/\/builder.zooka.io\/?page_id=324"},"modified":"2021-05-12T10:11:51","modified_gmt":"2021-05-12T07:11:51","slug":"apie-mus","status":"publish","type":"page","link":"https:\/\/www.abflt.com\/lt\/apie-mus\/","title":{"rendered":"Apie mus"},"content":{"rendered":"<p>[vc_row el_id=&#8221;our_history&#8221; el_class=&#8221;our_history&#8221; css=&#8221;.vc_custom_1439174365000{margin-bottom: 0px !important;}&#8221;][vc_column width=&#8221;1\/6&#8243;][\/vc_column][vc_column width=&#8221;2\/3&#8243;][vc_custom_heading text=&#8221;\u012emon\u0117 ABF LT&#8221; font_container=&#8221;tag:div|font_size:26|text_align:left|color:%23003164&#8243; use_theme_fonts=&#8221;yes&#8221; css=&#8221;.vc_custom_1582495743882{margin-bottom: 20px !important;}&#8221;][vc_custom_heading text=&#8221;\u012ekurta 2009 metais buvusios Elektrotechnikos gamyklos patalpose Ma\u017eeikiuose.&#8221; font_container=&#8221;tag:p|font_size:20|text_align:left|color:%23003164|line_height:30px&#8221; use_theme_fonts=&#8221;yes&#8221; css=&#8221;.vc_custom_1582496270146{margin-bottom: 30px !important;}&#8221;][vc_row_inner][vc_column_inner][vc_custom_heading text=&#8221;ABF LT nuolat tobulina veiklos efektyvum\u0105, optimizuodama tiekimo grandin\u0119, ma\u017eindama prastovas ir tobulindama gamybos procesus. U\u017etikriname stakli\u0173, verslo valdymo ir kokyb\u0117s sistem\u0173 standartizavim\u0105. M\u016bs\u0173 geb\u0117jimas greitai reaguoti \u012f klient\u0173 poreikius gimsta i\u0161 intensyvaus keitimosi \u017einiomis bei patirtimi ir geriausi\u0173 praktik\u0173 rinkoje.&#8221; font_container=&#8221;tag:div|font_size:15|text_align:left|color:%23999999&#8243; use_theme_fonts=&#8221;yes&#8221; css=&#8221;.vc_custom_1583599855926{margin-bottom: 20px !important;}&#8221;][\/vc_column_inner][\/vc_row_inner][vc_row_inner css=&#8221;.vc_custom_1583599738761{padding-top: 20px !important;padding-bottom: 30px !important;}&#8221;][vc_column_inner width=&#8221;1\/2&#8243;][vc_custom_heading text=&#8221;Vertyb\u0117s&#8221; font_container=&#8221;tag:p|font_size:20|text_align:left|color:%23003164|line_height:30px&#8221; use_theme_fonts=&#8221;yes&#8221; css=&#8221;.vc_custom_1582496585248{margin-bottom: 20px !important;}&#8221;][vc_custom_heading text=&#8221;Kompetencija ir patirtis. Tik\u0117jimas \u017emon\u0117mis. Modernus m\u0105stymas. Atsakomyb\u0117s paskirstymas. Rezultat\u0173 siekimas ir atvirumas naujov\u0117ms bei komandinis darbas. Tai yra svarbiausios ABF LT vertyb\u0117s.&#8221; font_container=&#8221;tag:div|font_size:15|text_align:left|color:%23999999&#8243; use_theme_fonts=&#8221;yes&#8221; css=&#8221;.vc_custom_1583599878530{margin-bottom: 20px !important;}&#8221;][\/vc_column_inner][vc_column_inner width=&#8221;1\/2&#8243;][vc_custom_heading text=&#8221;Komanda&#8221; font_container=&#8221;tag:p|font_size:20|text_align:left|color:%23003164|line_height:30px&#8221; use_theme_fonts=&#8221;yes&#8221; css=&#8221;.vc_custom_1582496622072{margin-bottom: 20px !important;}&#8221;][vc_custom_heading text=&#8221;\u012emon\u0117 investuoja ne tik \u012f \u012frengimus, bet ir \u012f darbuotoj\u0173 mokymus bei darb\u0173 saugos u\u017etikrinim\u0105. Kvalifikuoti in\u017einieriai ir specialistai pasir\u016bpins net pa\u010diais sud\u0117tingiausiais projektais ir paruo\u0161 juos nuo br\u0117\u017einio iki masin\u0117s gamybos bei pristatymo.&#8221; font_container=&#8221;tag:div|font_size:15|text_align:left|color:%23999999&#8243; use_theme_fonts=&#8221;yes&#8221; css=&#8221;.vc_custom_1582496635635{margin-bottom: 20px !important;}&#8221;][\/vc_column_inner][\/vc_row_inner][vc_row_inner][vc_column_inner width=&#8221;1\/2&#8243;][vc_custom_heading text=&#8221;Verslo valdymo sistema&#8221; font_container=&#8221;tag:p|font_size:20|text_align:left|color:%23003164|line_height:30px&#8221; use_theme_fonts=&#8221;yes&#8221; css=&#8221;.vc_custom_1582496753586{margin-bottom: 20px !important;}&#8221;][vc_custom_heading text=&#8221;2016 m. s\u0117kmingai baigtas verslo valdymo sistemos Monitor ERP diegimas, sistema \u012fdiegta ES l\u0117\u0161omis pagal projekt\u0105 (Nr. S-03.3.1-LVPA-K-806-01-0145). Monitor ERP skirt\u0105 gamybini\u0173 proces\u0173 planavimui ir kontrolei. Tai padeda dar efektyviau i\u0161naudoti turimas stakles ir spartinti gamybos ir pristatymo terminus.&#8221; font_container=&#8221;tag:div|font_size:15|text_align:left|color:%23999999&#8243; use_theme_fonts=&#8221;yes&#8221; css=&#8221;.vc_custom_1582496762137{margin-bottom: 20px !important;}&#8221;][\/vc_column_inner][vc_column_inner width=&#8221;1\/2&#8243;][vc_single_image image=&#8221;1813&#8243; img_size=&#8221;full&#8221;][\/vc_column_inner][\/vc_row_inner][vc_row_inner css=&#8221;.vc_custom_1582625660740{padding-top: 20px !important;}&#8221;][vc_column_inner][vc_custom_heading text=&#8221;Eksporto rinkos&#8221; font_container=&#8221;tag:p|font_size:20|text_align:left|color:%23003164|line_height:30px&#8221; use_theme_fonts=&#8221;yes&#8221; css=&#8221;.vc_custom_1583599973046{margin-bottom: 20px !important;}&#8221;][vc_custom_heading text=&#8221;ABF LT eksportuoja 95% gaminamos produkcijos Vokietijos, Skandinavijos ir Jungtin\u0117s Karalyst\u0117s klientams dirbantiems \u012fvairiose pramon\u0117s \u0161akose \u012fskaitant gele\u017einkeli\u0173, hidraulikos, ap\u0161vietimo, \u017eem\u0117s \u016bkio ir mi\u0161kininkyst\u0117s technikos, medicinos, laiv\u0173 statybos ir kitose rinkose.&#8221; font_container=&#8221;tag:div|font_size:15|text_align:left|color:%23999999&#8243; use_theme_fonts=&#8221;yes&#8221; css=&#8221;.vc_custom_1583599990928{margin-bottom: 20px !important;}&#8221;][vc_single_image image=&#8221;2177&#8243; img_size=&#8221;full&#8221; alignment=&#8221;center&#8221; css=&#8221;.vc_custom_1583598652813{padding-top: 20px !important;padding-bottom: 50px !important;}&#8221;][\/vc_column_inner][\/vc_row_inner][vc_row_inner css=&#8221;.vc_custom_1582625631283{padding-bottom: 50px !important;}&#8221;][vc_column_inner][vc_custom_heading text=&#8221;Parodos&#8221; font_container=&#8221;tag:p|font_size:20|text_align:left|color:%23003164|line_height:30px&#8221; use_theme_fonts=&#8221;yes&#8221; css=&#8221;.vc_custom_1582497767481{margin-bottom: 20px !important;}&#8221;][vc_custom_heading text=&#8221;Kiekvienais metais dalyvaujame tarptautin\u0117se subrangos parodose.&#8221; font_container=&#8221;tag:div|font_size:15|text_align:left|color:%23999999&#8243; use_theme_fonts=&#8221;yes&#8221;][\/vc_column_inner][\/vc_row_inner][vc_row_inner css=&#8221;.vc_custom_1584097126941{margin-bottom: 40px !important;}&#8221;][vc_column_inner width=&#8221;1\/4&#8243;][vc_single_image image=&#8221;2203&#8243; img_size=&#8221;full&#8221; el_class=&#8221;greyscale&#8221;][\/vc_column_inner][vc_column_inner width=&#8221;1\/4&#8243;][vc_single_image image=&#8221;2016&#8243; img_size=&#8221;full&#8221; el_class=&#8221;greyscale&#8221;][\/vc_column_inner][vc_column_inner width=&#8221;1\/4&#8243;][vc_single_image image=&#8221;2020&#8243; img_size=&#8221;full&#8221; el_class=&#8221;greyscale&#8221;][\/vc_column_inner][vc_column_inner width=&#8221;1\/4&#8243;][vc_single_image image=&#8221;2024&#8243; img_size=&#8221;full&#8221; el_class=&#8221;greyscale&#8221;][\/vc_column_inner][\/vc_row_inner][vc_row_inner css=&#8221;.vc_custom_1584097384155{padding-bottom: 30px !important;}&#8221;][vc_column_inner][vc_custom_heading text=&#8221;Asociacijos&#8221; font_container=&#8221;tag:p|font_size:20|text_align:left|color:%23003164|line_height:30px&#8221; use_theme_fonts=&#8221;yes&#8221; css=&#8221;.vc_custom_1584097062483{margin-bottom: 20px !important;}&#8221;][vc_custom_heading text=&#8221;ABF LT yra pramon\u0117s asociacij\u0173 LINPRA ir LAuGEA nar\u0117.&#8221; font_container=&#8221;tag:div|font_size:15|text_align:left|color:%23999999&#8243; use_theme_fonts=&#8221;yes&#8221;][\/vc_column_inner][\/vc_row_inner][vc_row_inner css=&#8221;.vc_custom_1584102801383{margin-bottom: 40px !important;}&#8221;][vc_column_inner width=&#8221;1\/2&#8243;][vc_single_image image=&#8221;2325&#8243; img_size=&#8221;full&#8221; alignment=&#8221;center&#8221; el_class=&#8221;greyscale&#8221;][vc_column_text css=&#8221;.vc_custom_1584097453795{padding-top: 30px !important;padding-bottom: 40px !important;}&#8221;]<a href=\"https:\/\/linpra.lt\/\" target=\"_blank\" rel=\"noopener noreferrer\">LINPRA<\/a> \u2013 Lietuvos In\u017einerin\u0117s pramon\u0117s asociacija vienijanti \u012fmones dirban\u010dias metalo, ma\u0161in\u0173 ir \u012frengim\u0173, elektromechanikos ir elektronikos, plastiko ir gumos pramon\u0117je nacionaliniu ir tarptautiniu mastu.[\/vc_column_text][\/vc_column_inner][vc_column_inner width=&#8221;1\/2&#8243;][vc_single_image image=&#8221;3357&#8243; alignment=&#8221;center&#8221; onclick=&#8221;custom_link&#8221; img_link_target=&#8221;_blank&#8221; el_class=&#8221;greyscale&#8221; link=&#8221;https:\/\/laugea.com\/&#8221; css=&#8221;.vc_custom_1620803434081{padding-top: 26px !important;}&#8221;][vc_column_text css=&#8221;.vc_custom_1620803504554{padding-top: 30px !important;}&#8221;]<a href=\"https:\/\/laugea.com\/\" target=\"_blank\" rel=\"noopener noreferrer\">LAuGEA<\/a> \u2013 Lietuvos autodali\u0173 gamintoj\u0173 ir eksportuotoj\u0173 asociacija vienija su auto pramone susijusias Lietuvos \u012fmones bei mokslo atstovus.[\/vc_column_text][\/vc_column_inner][\/vc_row_inner][\/vc_column][vc_column width=&#8221;1\/6&#8243;][\/vc_column][\/vc_row]<\/p>\n","protected":false},"excerpt":{"rendered":"<p>[vc_row el_id=&#8221;our_history&#8221; el_class=&#8221;our_history&#8221; css=&#8221;.vc_custom_1439174365000{margin-bottom: 0px !important;}&#8221;][vc_column width=&#8221;1\/6&#8243;][\/vc_column][vc_column width=&#8221;2\/3&#8243;][vc_custom_heading text=&#8221;\u012emon\u0117 ABF LT&#8221; font_container=&#8221;tag:div|font_size:26|text_align:left|color:%23003164&#8243; use_theme_fonts=&#8221;yes&#8221; css=&#8221;.vc_custom_1582495743882{margin-bottom: 20px !important;}&#8221;][vc_custom_heading text=&#8221;\u012ekurta 2009 metais buvusios [&hellip;]<\/p>\n","protected":false},"author":1,"featured_media":0,"parent":0,"menu_order":0,"comment_status":"open","ping_status":"open","template":"","meta":{"content-type":"","footnotes":""},"class_list":["post-324","page","type-page","status-publish","hentry"],"yoast_head":"<!-- This site is optimized with the Yoast SEO plugin v27.4 - https:\/\/yoast.com\/product\/yoast-seo-wordpress\/ -->\n<title>Apie mus - ABF LT<\/title>\n<meta name=\"description\" content=\"Turime 8 CNC frezavimo ir 11 CNC tekinimo centrai, 2 japoni\u0161kas automatin\u0117s aliuminio liejimo stakl\u0117s, rotacinio apdirbimo centras dideliems kiekiams\" \/>\n<meta name=\"robots\" content=\"index, follow, max-snippet:-1, max-image-preview:large, max-video-preview:-1\" \/>\n<link rel=\"canonical\" href=\"https:\/\/www.abflt.com\/lt\/apie-mus\/\" \/>\n<meta property=\"og:locale\" content=\"lt_LT\" \/>\n<meta property=\"og:type\" content=\"article\" \/>\n<meta property=\"og:title\" content=\"Apie mus - ABF LT\" \/>\n<meta property=\"og:description\" content=\"Turime 8 CNC frezavimo ir 11 CNC tekinimo centrai, 2 japoni\u0161kas automatin\u0117s aliuminio liejimo stakl\u0117s, rotacinio apdirbimo centras dideliems kiekiams\" \/>\n<meta property=\"og:url\" content=\"https:\/\/www.abflt.com\/lt\/apie-mus\/\" \/>\n<meta property=\"og:site_name\" content=\"ABF LT\" \/>\n<meta property=\"article:publisher\" content=\"https:\/\/www.facebook.com\/abflt\" \/>\n<meta property=\"article:modified_time\" content=\"2021-05-12T07:11:51+00:00\" \/>\n<meta property=\"og:image\" content=\"https:\/\/www.abflt.com\/wp-content\/uploads\/2021\/04\/ABF-LT-zenklas_melynas.png\" \/>\n\t<meta property=\"og:image:width\" content=\"489\" \/>\n\t<meta property=\"og:image:height\" content=\"489\" \/>\n\t<meta property=\"og:image:type\" content=\"image\/png\" \/>\n<meta name=\"twitter:card\" content=\"summary_large_image\" \/>\n<meta name=\"twitter:label1\" content=\"Est. reading time\" \/>\n\t<meta name=\"twitter:data1\" content=\"5 minut\u0117s\" \/>\n<script type=\"application\/ld+json\" class=\"yoast-schema-graph\">{\"@context\":\"https:\\\/\\\/schema.org\",\"@graph\":[{\"@type\":\"WebPage\",\"@id\":\"https:\\\/\\\/www.abflt.com\\\/lt\\\/apie-mus\\\/\",\"url\":\"https:\\\/\\\/www.abflt.com\\\/lt\\\/apie-mus\\\/\",\"name\":\"Apie mus - ABF LT\",\"isPartOf\":{\"@id\":\"https:\\\/\\\/www.abflt.com\\\/lt\\\/#website\"},\"datePublished\":\"2015-08-03T03:02:12+00:00\",\"dateModified\":\"2021-05-12T07:11:51+00:00\",\"description\":\"Turime 8 CNC frezavimo ir 11 CNC tekinimo centrai, 2 japoni\u0161kas automatin\u0117s aliuminio liejimo stakl\u0117s, rotacinio apdirbimo centras dideliems kiekiams\",\"breadcrumb\":{\"@id\":\"https:\\\/\\\/www.abflt.com\\\/lt\\\/apie-mus\\\/#breadcrumb\"},\"inLanguage\":\"lt-LT\",\"potentialAction\":[{\"@type\":\"ReadAction\",\"target\":[\"https:\\\/\\\/www.abflt.com\\\/lt\\\/apie-mus\\\/\"]}]},{\"@type\":\"BreadcrumbList\",\"@id\":\"https:\\\/\\\/www.abflt.com\\\/lt\\\/apie-mus\\\/#breadcrumb\",\"itemListElement\":[{\"@type\":\"ListItem\",\"position\":1,\"name\":\"Home\",\"item\":\"https:\\\/\\\/www.abflt.com\\\/lt\\\/\"},{\"@type\":\"ListItem\",\"position\":2,\"name\":\"Apie mus\"}]},{\"@type\":\"WebSite\",\"@id\":\"https:\\\/\\\/www.abflt.com\\\/lt\\\/#website\",\"url\":\"https:\\\/\\\/www.abflt.com\\\/lt\\\/\",\"name\":\"ABF LT\",\"description\":\"Aluminium die casting and CNC machining company\",\"publisher\":{\"@id\":\"https:\\\/\\\/www.abflt.com\\\/lt\\\/#organization\"},\"potentialAction\":[{\"@type\":\"SearchAction\",\"target\":{\"@type\":\"EntryPoint\",\"urlTemplate\":\"https:\\\/\\\/www.abflt.com\\\/lt\\\/?s={search_term_string}\"},\"query-input\":{\"@type\":\"PropertyValueSpecification\",\"valueRequired\":true,\"valueName\":\"search_term_string\"}}],\"inLanguage\":\"lt-LT\"},{\"@type\":\"Organization\",\"@id\":\"https:\\\/\\\/www.abflt.com\\\/lt\\\/#organization\",\"name\":\"ABF LT\",\"url\":\"https:\\\/\\\/www.abflt.com\\\/lt\\\/\",\"logo\":{\"@type\":\"ImageObject\",\"inLanguage\":\"lt-LT\",\"@id\":\"https:\\\/\\\/www.abflt.com\\\/lt\\\/#\\\/schema\\\/logo\\\/image\\\/\",\"url\":\"https:\\\/\\\/www.abflt.com\\\/wp-content\\\/uploads\\\/2020\\\/02\\\/logo2.png\",\"contentUrl\":\"https:\\\/\\\/www.abflt.com\\\/wp-content\\\/uploads\\\/2020\\\/02\\\/logo2.png\",\"width\":113,\"height\":113,\"caption\":\"ABF LT\"},\"image\":{\"@id\":\"https:\\\/\\\/www.abflt.com\\\/lt\\\/#\\\/schema\\\/logo\\\/image\\\/\"},\"sameAs\":[\"https:\\\/\\\/www.facebook.com\\\/abflt\",\"https:\\\/\\\/www.linkedin.com\\\/company\\\/abf-lt\",\"https:\\\/\\\/www.youtube.com\\\/channel\\\/UCVbHUYkMrwmW4YZZRzhxH9w\"]}]}<\/script>\n<!-- \/ Yoast SEO plugin. -->","yoast_head_json":{"title":"Apie mus - ABF LT","description":"Turime 8 CNC frezavimo ir 11 CNC tekinimo centrai, 2 japoni\u0161kas automatin\u0117s aliuminio liejimo stakl\u0117s, rotacinio apdirbimo centras dideliems kiekiams","robots":{"index":"index","follow":"follow","max-snippet":"max-snippet:-1","max-image-preview":"max-image-preview:large","max-video-preview":"max-video-preview:-1"},"canonical":"https:\/\/www.abflt.com\/lt\/apie-mus\/","og_locale":"lt_LT","og_type":"article","og_title":"Apie mus - ABF LT","og_description":"Turime 8 CNC frezavimo ir 11 CNC tekinimo centrai, 2 japoni\u0161kas automatin\u0117s aliuminio liejimo stakl\u0117s, rotacinio apdirbimo centras dideliems kiekiams","og_url":"https:\/\/www.abflt.com\/lt\/apie-mus\/","og_site_name":"ABF LT","article_publisher":"https:\/\/www.facebook.com\/abflt","article_modified_time":"2021-05-12T07:11:51+00:00","og_image":[{"width":489,"height":489,"url":"https:\/\/www.abflt.com\/wp-content\/uploads\/2021\/04\/ABF-LT-zenklas_melynas.png","type":"image\/png"}],"twitter_card":"summary_large_image","twitter_misc":{"Est. reading time":"5 minut\u0117s"},"schema":{"@context":"https:\/\/schema.org","@graph":[{"@type":"WebPage","@id":"https:\/\/www.abflt.com\/lt\/apie-mus\/","url":"https:\/\/www.abflt.com\/lt\/apie-mus\/","name":"Apie mus - ABF LT","isPartOf":{"@id":"https:\/\/www.abflt.com\/lt\/#website"},"datePublished":"2015-08-03T03:02:12+00:00","dateModified":"2021-05-12T07:11:51+00:00","description":"Turime 8 CNC frezavimo ir 11 CNC tekinimo centrai, 2 japoni\u0161kas automatin\u0117s aliuminio liejimo stakl\u0117s, rotacinio apdirbimo centras dideliems kiekiams","breadcrumb":{"@id":"https:\/\/www.abflt.com\/lt\/apie-mus\/#breadcrumb"},"inLanguage":"lt-LT","potentialAction":[{"@type":"ReadAction","target":["https:\/\/www.abflt.com\/lt\/apie-mus\/"]}]},{"@type":"BreadcrumbList","@id":"https:\/\/www.abflt.com\/lt\/apie-mus\/#breadcrumb","itemListElement":[{"@type":"ListItem","position":1,"name":"Home","item":"https:\/\/www.abflt.com\/lt\/"},{"@type":"ListItem","position":2,"name":"Apie mus"}]},{"@type":"WebSite","@id":"https:\/\/www.abflt.com\/lt\/#website","url":"https:\/\/www.abflt.com\/lt\/","name":"ABF LT","description":"Aluminium die casting and CNC machining company","publisher":{"@id":"https:\/\/www.abflt.com\/lt\/#organization"},"potentialAction":[{"@type":"SearchAction","target":{"@type":"EntryPoint","urlTemplate":"https:\/\/www.abflt.com\/lt\/?s={search_term_string}"},"query-input":{"@type":"PropertyValueSpecification","valueRequired":true,"valueName":"search_term_string"}}],"inLanguage":"lt-LT"},{"@type":"Organization","@id":"https:\/\/www.abflt.com\/lt\/#organization","name":"ABF LT","url":"https:\/\/www.abflt.com\/lt\/","logo":{"@type":"ImageObject","inLanguage":"lt-LT","@id":"https:\/\/www.abflt.com\/lt\/#\/schema\/logo\/image\/","url":"https:\/\/www.abflt.com\/wp-content\/uploads\/2020\/02\/logo2.png","contentUrl":"https:\/\/www.abflt.com\/wp-content\/uploads\/2020\/02\/logo2.png","width":113,"height":113,"caption":"ABF LT"},"image":{"@id":"https:\/\/www.abflt.com\/lt\/#\/schema\/logo\/image\/"},"sameAs":["https:\/\/www.facebook.com\/abflt","https:\/\/www.linkedin.com\/company\/abf-lt","https:\/\/www.youtube.com\/channel\/UCVbHUYkMrwmW4YZZRzhxH9w"]}]}},"_links":{"self":[{"href":"https:\/\/www.abflt.com\/lt\/wp-json\/wp\/v2\/pages\/324","targetHints":{"allow":["GET"]}}],"collection":[{"href":"https:\/\/www.abflt.com\/lt\/wp-json\/wp\/v2\/pages"}],"about":[{"href":"https:\/\/www.abflt.com\/lt\/wp-json\/wp\/v2\/types\/page"}],"author":[{"embeddable":true,"href":"https:\/\/www.abflt.com\/lt\/wp-json\/wp\/v2\/users\/1"}],"replies":[{"embeddable":true,"href":"https:\/\/www.abflt.com\/lt\/wp-json\/wp\/v2\/comments?post=324"}],"version-history":[{"count":104,"href":"https:\/\/www.abflt.com\/lt\/wp-json\/wp\/v2\/pages\/324\/revisions"}],"predecessor-version":[{"id":3361,"href":"https:\/\/www.abflt.com\/lt\/wp-json\/wp\/v2\/pages\/324\/revisions\/3361"}],"wp:attachment":[{"href":"https:\/\/www.abflt.com\/lt\/wp-json\/wp\/v2\/media?parent=324"}],"curies":[{"name":"wp","href":"https:\/\/api.w.org\/{rel}","templated":true}]}}