{"id":441,"date":"2015-08-05T09:22:45","date_gmt":"2015-08-05T09:22:45","guid":{"rendered":"http:\/\/builder.zooka.io\/?page_id=441"},"modified":"2021-04-26T13:57:26","modified_gmt":"2021-04-26T10:57:26","slug":"abf-lt-kokybes-politika","status":"publish","type":"page","link":"https:\/\/www.abflt.com\/lt\/abf-lt-kokybes-politika\/","title":{"rendered":"Kokyb\u0117"},"content":{"rendered":"<p>[vc_row][vc_column width=&#8221;1\/6&#8243; css=&#8221;.vc_custom_1619433882848{padding-top: 100px !important;}&#8221;][vc_single_image image=&#8221;3135&#8243; img_size=&#8221;medium&#8221; onclick=&#8221;link_image&#8221; css=&#8221;.vc_custom_1616672624030{padding-bottom: 20px !important;}&#8221;][\/vc_column][vc_column width=&#8221;2\/3&#8243;][vc_custom_heading text=&#8221;ABF LT kokyb\u0117s politika&#8221; font_container=&#8221;tag:div|font_size:26|text_align:left|color:%23003164&#8243; use_theme_fonts=&#8221;yes&#8221; css=&#8221;.vc_custom_1619434489215{margin-bottom: 50px !important;}&#8221;][vc_row_inner css=&#8221;.vc_custom_1582626325385{margin-bottom: 40px !important;}&#8221;][vc_column_inner css=&#8221;.vc_custom_1438413867252{margin-bottom: 20px !important;}&#8221;][vc_column_text]Bendrov\u0117 mano, kad rinka tikisi nuolat tobul\u0117jan\u010di\u0173 paslaug\u0173. Siekiame nuolat tobulinti teikiamas paslaugas, kad atitikt\u0173 klient\u0173 reikalavimus, ir pagaminti baigtus darbus, kuriais pagr\u012fstai galime did\u017eiuotis.<\/p>\n<p>Auk\u0161\u010diau \u012fvardintus dalykus, bendrov\u0117 stengiasi \u012fvykdyti, \u012fdiegus valdymo sistem\u0105, atitinkan\u010di\u0105 tarptautin\u012f geros praktikos standart\u0105 ISO 9001: 2015. \u0160is standartas taip pat apima \u012fsipareigojim\u0105 patenkinti klient\u0173 reikalavimus, mokytis i\u0161 klient\u0173 atsiliepim\u0173, bei sekti teisinius ir reguliavimo reikalavimus. Be to, nuolat tobulinti sistem\u0105 ir pad\u0117ti u\u017etikrinti jos veiksmingum\u0105.<\/p>\n<p>Tik teikdami i\u0161skirtin\u0119 <a href=\"https:\/\/www.abflt.com\/lt\/paslaugos\/\">paslaug\u0173<\/a> ir produkt\u0173 kokyb\u0119, mes pasieksime ilgalaik\u0119 s\u0117km\u0119 ir nuolat tobul\u0117jame.<\/p>\n<p>Visi \u012fmon\u0117s darbuotojai yra atsakingi u\u017e <a href=\"https:\/\/www.abflt.com\/lt\/\">ABF LT<\/a> darbo kokyb\u0119. Bendrov\u0117 rengia mokymus ir yra \u012ftvirtinusi sistemas, padedan\u010dias visam personalui pasiekti reikalingus standartus. Stengiam\u0117s sukurti darb\u0105 ir pasi\u016blyti paslaug\u0105, kuria galime did\u017eiuotis. Nors stengiam\u0117s atlikti darb\u0105 ir pasi\u016blyti paslaug\u0105, kuria galime did\u017eiuotis, turime pripa\u017einti, kad nuosekliai nesiekiame tik savo standart\u0173. Jei klientas skund\u017eiasi, mes esame \u012fsipareigoj\u0119 i\u0161tirti skund\u0105. Mes padarysime visk\u0105, kad i\u0161taisytume visus pagr\u012fstus skundus.<\/p>\n<p>Strategija, organizacija ir proced\u016bros yra reikalingos norint pasiekti reikiamus standartus, apra\u0161ytus <a href=\"https:\/\/www.abflt.com\/lt\/\">ABF LT<\/a> kokyb\u0117s valdymo sistemoje.<\/p>\n<p>Kokyb\u0117s vadybininkas yra atsakingas u\u017e kokyb\u0117s sistemos steb\u0117jim\u0105. Kokyb\u0117s vadybininkas reguliariai atsiskaito generaliniam direktoriui apie sistemos diegim\u0105, b\u016bsen\u0105 ir efektyvum\u0105.<\/p>\n<p><a href=\"https:\/\/www.abflt.com\/lt\/\">ABF LT<\/a> tikslai yra i\u0161d\u0117styti verslo plane. Individuali\u0173 darb\u0173 tikslai yra atlikti darbus klientui tenkinant pagal numatyt\u0105 sutart\u012f.<\/p>\n<p><a href=\"https:\/\/www.abflt.com\/lt\/\">ABF LT<\/a> pagrindinei valdymo ir gamybos veiklai steb\u0117ti yra pasirinkta gerai \u017einoma ir patikima steb\u0117jimo sistema <a href=\"https:\/\/monitorerp.com\/\">MONITOR ERP<\/a>.<\/p>\n<p>Kokyb\u0117s kontrol\u0119 atlieka kokyb\u0117s in\u017einieriai pamainomis, naudodamiesi \u012fvairiais sertifikuotais matavimo prietaisais ir koordinatin\u0117mis matavimo ma\u0161inomis (CMM). D\u0117l to <a href=\"https:\/\/www.abflt.com\/lt\/\">ABF LT<\/a> gali prisitaikyti prie nuolatini\u0173 ir augan\u010di\u0173 rinkos kokyb\u0117s reikalavim\u0173.[\/vc_column_text][vc_single_image image=&#8221;3116&#8243; img_size=&#8221;full&#8221;][\/vc_column_inner][\/vc_row_inner][\/vc_column][vc_column width=&#8221;1\/6&#8243;][\/vc_column][\/vc_row][vc_row][vc_column][vc_column_text]<\/p>\n<p style=\"text-align: center;\">Med\u017eiagos<\/p>\n<p>[\/vc_column_text][\/vc_column][\/vc_row][vc_row css=&#8221;.vc_custom_1619433470169{padding-top: 30px !important;}&#8221;][vc_column width=&#8221;1\/3&#8243;][vc_custom_heading text=&#8221;Aliuminis liejimui i\u0161 Stena Aluminum (\u0160vedija)&#8221; font_container=&#8221;tag:p|text_align:justify&#8221; use_theme_fonts=&#8221;yes&#8221;][vc_column_text]<\/p>\n<ul style=\"text-align: left;\">\n<li>EN AB-43500 (AlSi10Mg30Mn)<\/li>\n<li>EN AB-44300 (AlSi12(Fe))<\/li>\n<li>EN AB-46000 (AlSi9Cu3(Fe))<\/li>\n<li>EN AB-47100 (AlSi12Cu1(Fe))<\/li>\n<li>EN AB-43400 (AlSi10Mg(Fe)<\/li>\n<\/ul>\n<p>[\/vc_column_text][\/vc_column][vc_column width=&#8221;1\/3&#8243;][vc_custom_heading text=&#8221;Anglinis plienas&#8221; font_container=&#8221;tag:p|text_align:justify&#8221; use_theme_fonts=&#8221;yes&#8221;][vc_column_text]<\/p>\n<ul>\n<li>1.0570 (S355) and variations<\/li>\n<li>1.0037 (S235JR)<\/li>\n<li>1.0038 (S235)<\/li>\n<li>Kiti.<\/li>\n<\/ul>\n<p>[\/vc_column_text][\/vc_column][vc_column width=&#8221;1\/3&#8243;][vc_custom_heading text=&#8221;\u017dalvaris i\u0161 Alumeco (Danija)&#8221; font_container=&#8221;tag:p|text_align:justify&#8221; use_theme_fonts=&#8221;yes&#8221;][vc_column_text]<\/p>\n<ul>\n<li>2.0401 (CuZn39Pb3)<\/li>\n<li>2.1052 (CuSn12)<\/li>\n<li>Kiti.<\/li>\n<\/ul>\n<p>[\/vc_column_text][\/vc_column][\/vc_row][vc_row css=&#8221;.vc_custom_1619433817155{padding-top: 20px !important;padding-bottom: 20px !important;}&#8221;][vc_column width=&#8221;1\/3&#8243;][vc_custom_heading text=&#8221;Ner\u016bdijantis plienas&#8221; font_container=&#8221;tag:p|text_align:justify&#8221; use_theme_fonts=&#8221;yes&#8221;][vc_column_text]<\/p>\n<ul>\n<li>1.4404 (AISI 316L)<\/li>\n<li>1.4301 (AISI 304)<\/li>\n<li>1.4305 (AISI 303)<\/li>\n<li>1.4571 (AISI 316Ti)<\/li>\n<li>1.4401 (AISI 316)<\/li>\n<li>Kiti.<\/li>\n<\/ul>\n<p>[\/vc_column_text][\/vc_column][vc_column width=&#8221;1\/3&#8243;][vc_custom_heading text=&#8221;Aliuminis i\u0161 Alumeco (Danija)&#8221; font_container=&#8221;tag:p|text_align:justify&#8221; use_theme_fonts=&#8221;yes&#8221;][vc_column_text]<\/p>\n<ul>\n<li>EN AW-6082 (3.2315)<\/li>\n<li>EN AW-6060 (3.3206)<\/li>\n<li>EN AW-5754 (3.3535)<\/li>\n<li>EN AW-5083 (3.3547)<\/li>\n<li>Kiti.<\/li>\n<\/ul>\n<p>[\/vc_column_text][\/vc_column][vc_column width=&#8221;1\/3&#8243;][vc_custom_heading text=&#8221;Plastikas&#8221; font_container=&#8221;tag:p|text_align:justify&#8221; use_theme_fonts=&#8221;yes&#8221;][vc_column_text]<\/p>\n<ul>\n<li>POM<\/li>\n<li>PA6<\/li>\n<li>PET<\/li>\n<li>PE<\/li>\n<li>PP<\/li>\n<li>Kiti.<\/li>\n<\/ul>\n<p>[\/vc_column_text][\/vc_column][\/vc_row]<\/p>\n","protected":false},"excerpt":{"rendered":"<p>[vc_row][vc_column width=&#8221;1\/6&#8243; css=&#8221;.vc_custom_1619433882848{padding-top: 100px !important;}&#8221;][vc_single_image image=&#8221;3135&#8243; img_size=&#8221;medium&#8221; onclick=&#8221;link_image&#8221; css=&#8221;.vc_custom_1616672624030{padding-bottom: 20px !important;}&#8221;][\/vc_column][vc_column width=&#8221;2\/3&#8243;][vc_custom_heading text=&#8221;ABF LT kokyb\u0117s politika&#8221; font_container=&#8221;tag:div|font_size:26|text_align:left|color:%23003164&#8243; use_theme_fonts=&#8221;yes&#8221; css=&#8221;.vc_custom_1619434489215{margin-bottom: 50px [&hellip;]<\/p>\n","protected":false},"author":1,"featured_media":0,"parent":0,"menu_order":0,"comment_status":"open","ping_status":"open","template":"","meta":{"content-type":"","footnotes":""},"class_list":["post-441","page","type-page","status-publish","hentry"],"yoast_head":"<!-- This site is optimized with the Yoast SEO plugin v26.0 - https:\/\/yoast.com\/wordpress\/plugins\/seo\/ -->\n<title>Aliuminio liejini\u0173 ir CNC apdirbimo Kokyb\u0117s politika - ABF LT<\/title>\n<meta name=\"description\" content=\"Kokyb\u0117s valdymas yra pagrindin\u0117 s\u0117kmingos \u012fmon\u0117s ir laimingo kliento veikla. ABF LT kokyb\u0117s standartai yra auk\u0161ti, kad patenkint\u0173 klient\u0105.\" \/>\n<meta name=\"robots\" content=\"index, follow, max-snippet:-1, max-image-preview:large, max-video-preview:-1\" \/>\n<link rel=\"canonical\" href=\"https:\/\/www.abflt.com\/lt\/abf-lt-kokybes-politika\/\" \/>\n<meta property=\"og:locale\" content=\"lt_LT\" \/>\n<meta property=\"og:type\" content=\"article\" \/>\n<meta property=\"og:title\" content=\"Aliuminio liejini\u0173 ir CNC apdirbimo Kokyb\u0117s politika - ABF LT\" \/>\n<meta property=\"og:description\" content=\"Kokyb\u0117s valdymas yra pagrindin\u0117 s\u0117kmingos \u012fmon\u0117s ir laimingo kliento veikla. ABF LT kokyb\u0117s standartai yra auk\u0161ti, kad patenkint\u0173 klient\u0105.\" \/>\n<meta property=\"og:url\" content=\"https:\/\/www.abflt.com\/lt\/abf-lt-kokybes-politika\/\" \/>\n<meta property=\"og:site_name\" content=\"ABF LT\" \/>\n<meta property=\"article:publisher\" content=\"https:\/\/www.facebook.com\/abflt\" \/>\n<meta property=\"article:modified_time\" content=\"2021-04-26T10:57:26+00:00\" \/>\n<meta property=\"og:image\" content=\"https:\/\/www.abflt.com\/wp-content\/uploads\/2021\/04\/ABF-LT-zenklas_melynas.png\" \/>\n\t<meta property=\"og:image:width\" content=\"489\" \/>\n\t<meta property=\"og:image:height\" content=\"489\" \/>\n\t<meta property=\"og:image:type\" content=\"image\/png\" \/>\n<meta name=\"twitter:card\" content=\"summary_large_image\" \/>\n<meta name=\"twitter:label1\" content=\"Est. reading time\" \/>\n\t<meta name=\"twitter:data1\" content=\"2 minut\u0117s\" \/>\n<script type=\"application\/ld+json\" class=\"yoast-schema-graph\">{\"@context\":\"https:\/\/schema.org\",\"@graph\":[{\"@type\":\"WebPage\",\"@id\":\"https:\/\/www.abflt.com\/lt\/abf-lt-kokybes-politika\/\",\"url\":\"https:\/\/www.abflt.com\/lt\/abf-lt-kokybes-politika\/\",\"name\":\"Aliuminio liejini\u0173 ir CNC apdirbimo Kokyb\u0117s politika - ABF LT\",\"isPartOf\":{\"@id\":\"https:\/\/www.abflt.com\/lt\/#website\"},\"datePublished\":\"2015-08-05T09:22:45+00:00\",\"dateModified\":\"2021-04-26T10:57:26+00:00\",\"description\":\"Kokyb\u0117s valdymas yra pagrindin\u0117 s\u0117kmingos \u012fmon\u0117s ir laimingo kliento veikla. ABF LT kokyb\u0117s standartai yra auk\u0161ti, kad patenkint\u0173 klient\u0105.\",\"breadcrumb\":{\"@id\":\"https:\/\/www.abflt.com\/lt\/abf-lt-kokybes-politika\/#breadcrumb\"},\"inLanguage\":\"lt-LT\",\"potentialAction\":[{\"@type\":\"ReadAction\",\"target\":[\"https:\/\/www.abflt.com\/lt\/abf-lt-kokybes-politika\/\"]}]},{\"@type\":\"BreadcrumbList\",\"@id\":\"https:\/\/www.abflt.com\/lt\/abf-lt-kokybes-politika\/#breadcrumb\",\"itemListElement\":[{\"@type\":\"ListItem\",\"position\":1,\"name\":\"Home\",\"item\":\"https:\/\/www.abflt.com\/lt\/\"},{\"@type\":\"ListItem\",\"position\":2,\"name\":\"Kokyb\u0117\"}]},{\"@type\":\"WebSite\",\"@id\":\"https:\/\/www.abflt.com\/lt\/#website\",\"url\":\"https:\/\/www.abflt.com\/lt\/\",\"name\":\"ABF LT\",\"description\":\"Aluminium die casting and CNC machining company\",\"publisher\":{\"@id\":\"https:\/\/www.abflt.com\/lt\/#organization\"},\"potentialAction\":[{\"@type\":\"SearchAction\",\"target\":{\"@type\":\"EntryPoint\",\"urlTemplate\":\"https:\/\/www.abflt.com\/lt\/?s={search_term_string}\"},\"query-input\":{\"@type\":\"PropertyValueSpecification\",\"valueRequired\":true,\"valueName\":\"search_term_string\"}}],\"inLanguage\":\"lt-LT\"},{\"@type\":\"Organization\",\"@id\":\"https:\/\/www.abflt.com\/lt\/#organization\",\"name\":\"ABF LT\",\"url\":\"https:\/\/www.abflt.com\/lt\/\",\"logo\":{\"@type\":\"ImageObject\",\"inLanguage\":\"lt-LT\",\"@id\":\"https:\/\/www.abflt.com\/lt\/#\/schema\/logo\/image\/\",\"url\":\"https:\/\/www.abflt.com\/wp-content\/uploads\/2020\/02\/logo2.png\",\"contentUrl\":\"https:\/\/www.abflt.com\/wp-content\/uploads\/2020\/02\/logo2.png\",\"width\":113,\"height\":113,\"caption\":\"ABF LT\"},\"image\":{\"@id\":\"https:\/\/www.abflt.com\/lt\/#\/schema\/logo\/image\/\"},\"sameAs\":[\"https:\/\/www.facebook.com\/abflt\",\"https:\/\/www.linkedin.com\/company\/abf-lt\",\"https:\/\/www.youtube.com\/channel\/UCVbHUYkMrwmW4YZZRzhxH9w\"]}]}<\/script>\n<!-- \/ Yoast SEO plugin. -->","yoast_head_json":{"title":"Aliuminio liejini\u0173 ir CNC apdirbimo Kokyb\u0117s politika - ABF LT","description":"Kokyb\u0117s valdymas yra pagrindin\u0117 s\u0117kmingos \u012fmon\u0117s ir laimingo kliento veikla. ABF LT kokyb\u0117s standartai yra auk\u0161ti, kad patenkint\u0173 klient\u0105.","robots":{"index":"index","follow":"follow","max-snippet":"max-snippet:-1","max-image-preview":"max-image-preview:large","max-video-preview":"max-video-preview:-1"},"canonical":"https:\/\/www.abflt.com\/lt\/abf-lt-kokybes-politika\/","og_locale":"lt_LT","og_type":"article","og_title":"Aliuminio liejini\u0173 ir CNC apdirbimo Kokyb\u0117s politika - ABF LT","og_description":"Kokyb\u0117s valdymas yra pagrindin\u0117 s\u0117kmingos \u012fmon\u0117s ir laimingo kliento veikla. ABF LT kokyb\u0117s standartai yra auk\u0161ti, kad patenkint\u0173 klient\u0105.","og_url":"https:\/\/www.abflt.com\/lt\/abf-lt-kokybes-politika\/","og_site_name":"ABF LT","article_publisher":"https:\/\/www.facebook.com\/abflt","article_modified_time":"2021-04-26T10:57:26+00:00","og_image":[{"width":489,"height":489,"url":"https:\/\/www.abflt.com\/wp-content\/uploads\/2021\/04\/ABF-LT-zenklas_melynas.png","type":"image\/png"}],"twitter_card":"summary_large_image","twitter_misc":{"Est. reading time":"2 minut\u0117s"},"schema":{"@context":"https:\/\/schema.org","@graph":[{"@type":"WebPage","@id":"https:\/\/www.abflt.com\/lt\/abf-lt-kokybes-politika\/","url":"https:\/\/www.abflt.com\/lt\/abf-lt-kokybes-politika\/","name":"Aliuminio liejini\u0173 ir CNC apdirbimo Kokyb\u0117s politika - ABF LT","isPartOf":{"@id":"https:\/\/www.abflt.com\/lt\/#website"},"datePublished":"2015-08-05T09:22:45+00:00","dateModified":"2021-04-26T10:57:26+00:00","description":"Kokyb\u0117s valdymas yra pagrindin\u0117 s\u0117kmingos \u012fmon\u0117s ir laimingo kliento veikla. ABF LT kokyb\u0117s standartai yra auk\u0161ti, kad patenkint\u0173 klient\u0105.","breadcrumb":{"@id":"https:\/\/www.abflt.com\/lt\/abf-lt-kokybes-politika\/#breadcrumb"},"inLanguage":"lt-LT","potentialAction":[{"@type":"ReadAction","target":["https:\/\/www.abflt.com\/lt\/abf-lt-kokybes-politika\/"]}]},{"@type":"BreadcrumbList","@id":"https:\/\/www.abflt.com\/lt\/abf-lt-kokybes-politika\/#breadcrumb","itemListElement":[{"@type":"ListItem","position":1,"name":"Home","item":"https:\/\/www.abflt.com\/lt\/"},{"@type":"ListItem","position":2,"name":"Kokyb\u0117"}]},{"@type":"WebSite","@id":"https:\/\/www.abflt.com\/lt\/#website","url":"https:\/\/www.abflt.com\/lt\/","name":"ABF LT","description":"Aluminium die casting and CNC machining company","publisher":{"@id":"https:\/\/www.abflt.com\/lt\/#organization"},"potentialAction":[{"@type":"SearchAction","target":{"@type":"EntryPoint","urlTemplate":"https:\/\/www.abflt.com\/lt\/?s={search_term_string}"},"query-input":{"@type":"PropertyValueSpecification","valueRequired":true,"valueName":"search_term_string"}}],"inLanguage":"lt-LT"},{"@type":"Organization","@id":"https:\/\/www.abflt.com\/lt\/#organization","name":"ABF LT","url":"https:\/\/www.abflt.com\/lt\/","logo":{"@type":"ImageObject","inLanguage":"lt-LT","@id":"https:\/\/www.abflt.com\/lt\/#\/schema\/logo\/image\/","url":"https:\/\/www.abflt.com\/wp-content\/uploads\/2020\/02\/logo2.png","contentUrl":"https:\/\/www.abflt.com\/wp-content\/uploads\/2020\/02\/logo2.png","width":113,"height":113,"caption":"ABF LT"},"image":{"@id":"https:\/\/www.abflt.com\/lt\/#\/schema\/logo\/image\/"},"sameAs":["https:\/\/www.facebook.com\/abflt","https:\/\/www.linkedin.com\/company\/abf-lt","https:\/\/www.youtube.com\/channel\/UCVbHUYkMrwmW4YZZRzhxH9w"]}]}},"_links":{"self":[{"href":"https:\/\/www.abflt.com\/lt\/wp-json\/wp\/v2\/pages\/441","targetHints":{"allow":["GET"]}}],"collection":[{"href":"https:\/\/www.abflt.com\/lt\/wp-json\/wp\/v2\/pages"}],"about":[{"href":"https:\/\/www.abflt.com\/lt\/wp-json\/wp\/v2\/types\/page"}],"author":[{"embeddable":true,"href":"https:\/\/www.abflt.com\/lt\/wp-json\/wp\/v2\/users\/1"}],"replies":[{"embeddable":true,"href":"https:\/\/www.abflt.com\/lt\/wp-json\/wp\/v2\/comments?post=441"}],"version-history":[{"count":46,"href":"https:\/\/www.abflt.com\/lt\/wp-json\/wp\/v2\/pages\/441\/revisions"}],"predecessor-version":[{"id":1162,"href":"https:\/\/www.abflt.com\/lt\/wp-json\/wp\/v2\/pages\/441\/revisions\/1162"}],"wp:attachment":[{"href":"https:\/\/www.abflt.com\/lt\/wp-json\/wp\/v2\/media?parent=441"}],"curies":[{"name":"wp","href":"https:\/\/api.w.org\/{rel}","templated":true}]}}