{"id":2451,"date":"2015-08-03T03:02:12","date_gmt":"2015-08-03T03:02:12","guid":{"rendered":"http:\/\/developers.lucky-bank.com\/abflt\/about-us\/"},"modified":"2021-05-12T10:16:17","modified_gmt":"2021-05-12T07:16:17","slug":"om-oss","status":"publish","type":"page","link":"https:\/\/www.abflt.com\/sv\/om-oss\/","title":{"rendered":"Om oss"},"content":{"rendered":"<p>[vc_row el_id=&#8221;our_history&#8221; el_class=&#8221;our_history&#8221; css=&#8221;.vc_custom_1439174365000{margin-bottom: 0px !important;}&#8221;][vc_column width=&#8221;1\/6&#8243;][\/vc_column][vc_column width=&#8221;2\/3&#8243;][vc_custom_heading text=&#8221;ABF LT&#8221; font_container=&#8221;tag:div|font_size:26|text_align:left|color:%23003164&#8243; use_theme_fonts=&#8221;yes&#8221; css=&#8221;.vc_custom_1584106854209{margin-bottom: 20px !important;}&#8221;][vc_custom_heading text=&#8221;Grundades 2009 i lokalerna f\u00f6r den tidigare elektrotekniska fabriken i Ma\u017eeikiai.&#8221; font_container=&#8221;tag:p|font_size:20|text_align:left|color:%23003164|line_height:30px&#8221; use_theme_fonts=&#8221;yes&#8221; css=&#8221;.vc_custom_1585120286839{margin-bottom: 30px !important;}&#8221;][vc_row_inner][vc_column_inner][vc_custom_heading text=&#8221;ABF LT f\u00f6rb\u00e4ttrar kontinuerligt driftseffektiviteten genom att optimera leveranskedjan, minska driftstopp och f\u00f6rb\u00e4ttra produktionsprocesserna. Vi s\u00e4kerst\u00e4ller standardisering av maskinverktyg, aff\u00e4rshantering och kvalitetssystem. V\u00e5r f\u00f6rm\u00e5ga att snabbt svara p\u00e5 kundernas behov beror p\u00e5 intensivt utbyte av kunskap och erfarenhet och b\u00e4sta praxis p\u00e5 marknaden.&#8221; font_container=&#8221;tag:div|font_size:15|text_align:left|color:%23999999&#8243; use_theme_fonts=&#8221;yes&#8221; css=&#8221;.vc_custom_1585120297660{margin-bottom: 20px !important;}&#8221;][\/vc_column_inner][\/vc_row_inner][vc_row_inner css=&#8221;.vc_custom_1583599738761{padding-top: 20px !important;padding-bottom: 30px !important;}&#8221;][vc_column_inner width=&#8221;1\/2&#8243;][vc_custom_heading text=&#8221;V\u00e4rderingar&#8221; font_container=&#8221;tag:p|font_size:20|text_align:left|color:%23003164|line_height:30px&#8221; use_theme_fonts=&#8221;yes&#8221; css=&#8221;.vc_custom_1585120308448{margin-bottom: 20px !important;}&#8221;][vc_custom_heading text=&#8221;Kompetens och erfarenhet. Modernt t\u00e4nkande. Tilldelning av ansvar.<br \/>\nAtt uppn\u00e5 resultat och vara \u00f6ppen f\u00f6r innovation och teamarbete. Dessa \u00e4r de viktigaste v\u00e4rderingarna f\u00f6r ABF LT.&#8221; font_container=&#8221;tag:div|font_size:15|text_align:left|color:%23999999&#8243; use_theme_fonts=&#8221;yes&#8221; css=&#8221;.vc_custom_1585120318314{margin-bottom: 20px !important;}&#8221;][\/vc_column_inner][vc_column_inner width=&#8221;1\/2&#8243;][vc_custom_heading text=&#8221;Team&#8221; font_container=&#8221;tag:p|font_size:20|text_align:left|color:%23003164|line_height:30px&#8221; use_theme_fonts=&#8221;yes&#8221; css=&#8221;.vc_custom_1584106918418{margin-bottom: 20px !important;}&#8221;][vc_custom_heading text=&#8221;F\u00f6retaget investerar inte bara i utrustning utan ocks\u00e5 i anst\u00e4lldas utbildning och arbetss\u00e4kerhet. Kvalificerade ingenj\u00f6rer och tekniker kommer att ta hand om \u00e4ven de mest komplexa projekten, fr\u00e5n ritning till serieproduktion och leverans.&#8221; font_container=&#8221;tag:div|font_size:15|text_align:left|color:%23999999&#8243; use_theme_fonts=&#8221;yes&#8221; css=&#8221;.vc_custom_1585120335032{margin-bottom: 20px !important;}&#8221;][\/vc_column_inner][\/vc_row_inner][vc_row_inner][vc_column_inner width=&#8221;1\/2&#8243;][vc_custom_heading text=&#8221;Enterprise Resource Planning (ERP) system&#8221; font_container=&#8221;tag:p|font_size:20|text_align:left|color:%23003164|line_height:30px&#8221; use_theme_fonts=&#8221;yes&#8221; css=&#8221;.vc_custom_1584106940103{margin-bottom: 20px !important;}&#8221;][vc_custom_heading text=&#8221;Framg\u00e5ngsrikt genomf\u00f6rd 2016 med EU-medel under projektet (Nr S-03.3.1-LVPA-K-806-01-0145) Monitor ERP-system anv\u00e4nds f\u00f6r planering och kontroll av produktions- och andra aff\u00e4rsprocesser. Det m\u00f6jligg\u00f6r f\u00f6r oss \u00e4nnu effektivare anv\u00e4ndning av maskinverktyg och p\u00e5skyndar produktions- och leveranstider.&#8221; font_container=&#8221;tag:div|font_size:15|text_align:left|color:%23999999&#8243; use_theme_fonts=&#8221;yes&#8221; css=&#8221;.vc_custom_1585120352195{margin-bottom: 20px !important;}&#8221;][\/vc_column_inner][vc_column_inner width=&#8221;1\/2&#8243;][vc_single_image image=&#8221;1813&#8243; img_size=&#8221;full&#8221;][\/vc_column_inner][\/vc_row_inner][vc_row_inner css=&#8221;.vc_custom_1582625660740{padding-top: 20px !important;}&#8221;][vc_column_inner][vc_custom_heading text=&#8221;Exportmarknader&#8221; font_container=&#8221;tag:p|font_size:20|text_align:left|color:%23003164|line_height:30px&#8221; use_theme_fonts=&#8221;yes&#8221; css=&#8221;.vc_custom_1585120366127{margin-bottom: 20px !important;}&#8221;][vc_custom_heading text=&#8221;ABF LT exporterar 95% av sin produktion till kunder i Tyskland, Skandinavien och Storbritannien och verkar inom en rad olika industrier inklusive j\u00e4rnv\u00e4gar, hydraulik, belysning, jordbruk och skogsbruk, medicin, varvsindustri och andra marknader.&#8221; font_container=&#8221;tag:div|font_size:15|text_align:left|color:%23999999&#8243; use_theme_fonts=&#8221;yes&#8221; css=&#8221;.vc_custom_1585120379473{margin-bottom: 20px !important;}&#8221;][vc_single_image image=&#8221;2177&#8243; img_size=&#8221;full&#8221; alignment=&#8221;center&#8221; css=&#8221;.vc_custom_1583598652813{padding-top: 20px !important;padding-bottom: 50px !important;}&#8221;][\/vc_column_inner][\/vc_row_inner][vc_row_inner css=&#8221;.vc_custom_1582625631283{padding-bottom: 50px !important;}&#8221;][vc_column_inner][vc_custom_heading text=&#8221;Utst\u00e4llningar&#8221; font_container=&#8221;tag:p|font_size:20|text_align:left|color:%23003164|line_height:30px&#8221; use_theme_fonts=&#8221;yes&#8221; css=&#8221;.vc_custom_1585120390133{margin-bottom: 20px !important;}&#8221;][vc_custom_heading text=&#8221;Varje \u00e5r deltar vi i internationella underleverant\u00f6rsutst\u00e4llningar.&#8221; font_container=&#8221;tag:div|font_size:15|text_align:left|color:%23999999&#8243; use_theme_fonts=&#8221;yes&#8221;][\/vc_column_inner][\/vc_row_inner][vc_row_inner css=&#8221;.vc_custom_1584097126941{margin-bottom: 40px !important;}&#8221;][vc_column_inner width=&#8221;1\/4&#8243;][vc_single_image image=&#8221;2203&#8243; img_size=&#8221;full&#8221; el_class=&#8221;greyscale&#8221;][\/vc_column_inner][vc_column_inner width=&#8221;1\/4&#8243;][vc_single_image image=&#8221;2016&#8243; img_size=&#8221;full&#8221; el_class=&#8221;greyscale&#8221;][\/vc_column_inner][vc_column_inner width=&#8221;1\/4&#8243;][vc_single_image image=&#8221;2020&#8243; img_size=&#8221;full&#8221; el_class=&#8221;greyscale&#8221;][\/vc_column_inner][vc_column_inner width=&#8221;1\/4&#8243;][vc_single_image image=&#8221;2024&#8243; img_size=&#8221;full&#8221; el_class=&#8221;greyscale&#8221;][\/vc_column_inner][\/vc_row_inner][vc_row_inner css=&#8221;.vc_custom_1584097384155{padding-bottom: 30px !important;}&#8221;][vc_column_inner][vc_custom_heading text=&#8221;F\u00f6reningar&#8221; font_container=&#8221;tag:p|font_size:20|text_align:left|color:%23003164|line_height:30px&#8221; use_theme_fonts=&#8221;yes&#8221; css=&#8221;.vc_custom_1585120418079{margin-bottom: 20px !important;}&#8221;][vc_custom_heading text=&#8221;ABF LT \u00e4r medlem i LINPRA och LAuGEA industrif\u00f6reningar.&#8221; font_container=&#8221;tag:div|font_size:15|text_align:left|color:%23999999&#8243; use_theme_fonts=&#8221;yes&#8221;][\/vc_column_inner][\/vc_row_inner][vc_row_inner css=&#8221;.vc_custom_1584102801383{margin-bottom: 40px !important;}&#8221;][vc_column_inner width=&#8221;1\/2&#8243;][vc_single_image image=&#8221;2325&#8243; img_size=&#8221;full&#8221; alignment=&#8221;center&#8221; el_class=&#8221;greyscale&#8221;][vc_column_text css=&#8221;.vc_custom_1585120444736{padding-top: 30px !important;padding-bottom: 40px !important;}&#8221;]<a href=\"https:\/\/linpra.lt\/en\/\" target=\"_blank\" rel=\"noopener noreferrer\">LINPRA<\/a> \u2013 Lithuanian Engineering Industry Association f\u00f6renar f\u00f6retag som arbetar inom metall, maskiner och utrustning, elektromekanik och elektronik, plast och gummi industrin nationellt och internationellt.[\/vc_column_text][\/vc_column_inner][vc_column_inner width=&#8221;1\/2&#8243;][vc_single_image image=&#8221;3358&#8243; alignment=&#8221;center&#8221; onclick=&#8221;custom_link&#8221; el_class=&#8221;greyscale&#8221; link=&#8221;https:\/\/laugea.com\/en\/&#8221; css=&#8221;.vc_custom_1620803758763{padding-top: 26px !important;}&#8221;][vc_column_text css=&#8221;.vc_custom_1620803773655{padding-top: 30px !important;}&#8221;]<a href=\"https:\/\/laugea.com\/en\/\" target=\"_blank\" rel=\"noopener noreferrer\">LAuGEA<\/a> \u2013 Litauiska f\u00f6reningen f\u00f6r tillverkare och export\u00f6rer av bildelar f\u00f6renar litauiska f\u00f6retag och vetenskapliga representanter relaterade till fordonsindustrin.[\/vc_column_text][\/vc_column_inner][\/vc_row_inner][\/vc_column][vc_column width=&#8221;1\/6&#8243;][\/vc_column][\/vc_row]<\/p>\n","protected":false},"excerpt":{"rendered":"<p>[vc_row el_id=&#8221;our_history&#8221; el_class=&#8221;our_history&#8221; css=&#8221;.vc_custom_1439174365000{margin-bottom: 0px !important;}&#8221;][vc_column width=&#8221;1\/6&#8243;][\/vc_column][vc_column width=&#8221;2\/3&#8243;][vc_custom_heading text=&#8221;ABF LT&#8221; font_container=&#8221;tag:div|font_size:26|text_align:left|color:%23003164&#8243; use_theme_fonts=&#8221;yes&#8221; css=&#8221;.vc_custom_1584106854209{margin-bottom: 20px !important;}&#8221;][vc_custom_heading text=&#8221;Grundades 2009 i lokalerna f\u00f6r [&hellip;]<\/p>\n","protected":false},"author":1,"featured_media":0,"parent":0,"menu_order":0,"comment_status":"open","ping_status":"open","template":"","meta":{"content-type":"","footnotes":""},"class_list":["post-2451","page","type-page","status-publish","hentry"],"yoast_head":"<!-- This site is optimized with the Yoast SEO plugin v26.0 - https:\/\/yoast.com\/wordpress\/plugins\/seo\/ -->\n<title>Om oss - ABF LT<\/title>\n<meta name=\"description\" content=\"Vi tror att vi kan hj\u00e4lpa dig att bli \u00e4nnu mer konkurrenskraftig i ditt marknadssegment och vill b\u00f6rja ett l\u00e5ngsiktigt partnerskap\" \/>\n<meta name=\"robots\" content=\"index, follow, max-snippet:-1, max-image-preview:large, max-video-preview:-1\" \/>\n<link rel=\"canonical\" href=\"https:\/\/www.abflt.com\/sv\/om-oss\/\" \/>\n<meta property=\"og:locale\" content=\"sv_SE\" \/>\n<meta property=\"og:type\" content=\"article\" \/>\n<meta property=\"og:title\" content=\"Om oss - ABF LT\" \/>\n<meta property=\"og:description\" content=\"Vi tror att vi kan hj\u00e4lpa dig att bli \u00e4nnu mer konkurrenskraftig i ditt marknadssegment och vill b\u00f6rja ett l\u00e5ngsiktigt partnerskap\" \/>\n<meta property=\"og:url\" content=\"https:\/\/www.abflt.com\/sv\/om-oss\/\" \/>\n<meta property=\"og:site_name\" content=\"ABF LT\" \/>\n<meta property=\"article:publisher\" content=\"https:\/\/www.facebook.com\/abflt\" \/>\n<meta property=\"article:modified_time\" content=\"2021-05-12T07:16:17+00:00\" \/>\n<meta property=\"og:image\" content=\"https:\/\/www.abflt.com\/wp-content\/uploads\/2021\/04\/ABF-LT-zenklas_melynas.png\" \/>\n\t<meta property=\"og:image:width\" content=\"489\" \/>\n\t<meta property=\"og:image:height\" content=\"489\" \/>\n\t<meta property=\"og:image:type\" content=\"image\/png\" \/>\n<meta name=\"twitter:card\" content=\"summary_large_image\" \/>\n<meta name=\"twitter:label1\" content=\"Ber\u00e4knad l\u00e4stid\" \/>\n\t<meta name=\"twitter:data1\" content=\"5 minuter\" \/>\n<script type=\"application\/ld+json\" class=\"yoast-schema-graph\">{\"@context\":\"https:\/\/schema.org\",\"@graph\":[{\"@type\":\"WebPage\",\"@id\":\"https:\/\/www.abflt.com\/sv\/om-oss\/\",\"url\":\"https:\/\/www.abflt.com\/sv\/om-oss\/\",\"name\":\"Om oss - ABF LT\",\"isPartOf\":{\"@id\":\"https:\/\/www.abflt.com\/sv\/#website\"},\"datePublished\":\"2015-08-03T03:02:12+00:00\",\"dateModified\":\"2021-05-12T07:16:17+00:00\",\"description\":\"Vi tror att vi kan hj\u00e4lpa dig att bli \u00e4nnu mer konkurrenskraftig i ditt marknadssegment och vill b\u00f6rja ett l\u00e5ngsiktigt partnerskap\",\"breadcrumb\":{\"@id\":\"https:\/\/www.abflt.com\/sv\/om-oss\/#breadcrumb\"},\"inLanguage\":\"sv-SE\",\"potentialAction\":[{\"@type\":\"ReadAction\",\"target\":[\"https:\/\/www.abflt.com\/sv\/om-oss\/\"]}]},{\"@type\":\"BreadcrumbList\",\"@id\":\"https:\/\/www.abflt.com\/sv\/om-oss\/#breadcrumb\",\"itemListElement\":[{\"@type\":\"ListItem\",\"position\":1,\"name\":\"Home\",\"item\":\"https:\/\/www.abflt.com\/sv\/\"},{\"@type\":\"ListItem\",\"position\":2,\"name\":\"Om oss\"}]},{\"@type\":\"WebSite\",\"@id\":\"https:\/\/www.abflt.com\/sv\/#website\",\"url\":\"https:\/\/www.abflt.com\/sv\/\",\"name\":\"ABF LT\",\"description\":\"Aluminium die casting and CNC machining company\",\"publisher\":{\"@id\":\"https:\/\/www.abflt.com\/sv\/#organization\"},\"potentialAction\":[{\"@type\":\"SearchAction\",\"target\":{\"@type\":\"EntryPoint\",\"urlTemplate\":\"https:\/\/www.abflt.com\/sv\/?s={search_term_string}\"},\"query-input\":{\"@type\":\"PropertyValueSpecification\",\"valueRequired\":true,\"valueName\":\"search_term_string\"}}],\"inLanguage\":\"sv-SE\"},{\"@type\":\"Organization\",\"@id\":\"https:\/\/www.abflt.com\/sv\/#organization\",\"name\":\"ABF LT\",\"url\":\"https:\/\/www.abflt.com\/sv\/\",\"logo\":{\"@type\":\"ImageObject\",\"inLanguage\":\"sv-SE\",\"@id\":\"https:\/\/www.abflt.com\/sv\/#\/schema\/logo\/image\/\",\"url\":\"https:\/\/www.abflt.com\/wp-content\/uploads\/2020\/02\/logo2.png\",\"contentUrl\":\"https:\/\/www.abflt.com\/wp-content\/uploads\/2020\/02\/logo2.png\",\"width\":113,\"height\":113,\"caption\":\"ABF LT\"},\"image\":{\"@id\":\"https:\/\/www.abflt.com\/sv\/#\/schema\/logo\/image\/\"},\"sameAs\":[\"https:\/\/www.facebook.com\/abflt\",\"https:\/\/www.linkedin.com\/company\/abf-lt\",\"https:\/\/www.youtube.com\/channel\/UCVbHUYkMrwmW4YZZRzhxH9w\"]}]}<\/script>\n<!-- \/ Yoast SEO plugin. -->","yoast_head_json":{"title":"Om oss - ABF LT","description":"Vi tror att vi kan hj\u00e4lpa dig att bli \u00e4nnu mer konkurrenskraftig i ditt marknadssegment och vill b\u00f6rja ett l\u00e5ngsiktigt partnerskap","robots":{"index":"index","follow":"follow","max-snippet":"max-snippet:-1","max-image-preview":"max-image-preview:large","max-video-preview":"max-video-preview:-1"},"canonical":"https:\/\/www.abflt.com\/sv\/om-oss\/","og_locale":"sv_SE","og_type":"article","og_title":"Om oss - ABF LT","og_description":"Vi tror att vi kan hj\u00e4lpa dig att bli \u00e4nnu mer konkurrenskraftig i ditt marknadssegment och vill b\u00f6rja ett l\u00e5ngsiktigt partnerskap","og_url":"https:\/\/www.abflt.com\/sv\/om-oss\/","og_site_name":"ABF LT","article_publisher":"https:\/\/www.facebook.com\/abflt","article_modified_time":"2021-05-12T07:16:17+00:00","og_image":[{"width":489,"height":489,"url":"https:\/\/www.abflt.com\/wp-content\/uploads\/2021\/04\/ABF-LT-zenklas_melynas.png","type":"image\/png"}],"twitter_card":"summary_large_image","twitter_misc":{"Ber\u00e4knad l\u00e4stid":"5 minuter"},"schema":{"@context":"https:\/\/schema.org","@graph":[{"@type":"WebPage","@id":"https:\/\/www.abflt.com\/sv\/om-oss\/","url":"https:\/\/www.abflt.com\/sv\/om-oss\/","name":"Om oss - ABF LT","isPartOf":{"@id":"https:\/\/www.abflt.com\/sv\/#website"},"datePublished":"2015-08-03T03:02:12+00:00","dateModified":"2021-05-12T07:16:17+00:00","description":"Vi tror att vi kan hj\u00e4lpa dig att bli \u00e4nnu mer konkurrenskraftig i ditt marknadssegment och vill b\u00f6rja ett l\u00e5ngsiktigt partnerskap","breadcrumb":{"@id":"https:\/\/www.abflt.com\/sv\/om-oss\/#breadcrumb"},"inLanguage":"sv-SE","potentialAction":[{"@type":"ReadAction","target":["https:\/\/www.abflt.com\/sv\/om-oss\/"]}]},{"@type":"BreadcrumbList","@id":"https:\/\/www.abflt.com\/sv\/om-oss\/#breadcrumb","itemListElement":[{"@type":"ListItem","position":1,"name":"Home","item":"https:\/\/www.abflt.com\/sv\/"},{"@type":"ListItem","position":2,"name":"Om oss"}]},{"@type":"WebSite","@id":"https:\/\/www.abflt.com\/sv\/#website","url":"https:\/\/www.abflt.com\/sv\/","name":"ABF LT","description":"Aluminium die casting and CNC machining company","publisher":{"@id":"https:\/\/www.abflt.com\/sv\/#organization"},"potentialAction":[{"@type":"SearchAction","target":{"@type":"EntryPoint","urlTemplate":"https:\/\/www.abflt.com\/sv\/?s={search_term_string}"},"query-input":{"@type":"PropertyValueSpecification","valueRequired":true,"valueName":"search_term_string"}}],"inLanguage":"sv-SE"},{"@type":"Organization","@id":"https:\/\/www.abflt.com\/sv\/#organization","name":"ABF LT","url":"https:\/\/www.abflt.com\/sv\/","logo":{"@type":"ImageObject","inLanguage":"sv-SE","@id":"https:\/\/www.abflt.com\/sv\/#\/schema\/logo\/image\/","url":"https:\/\/www.abflt.com\/wp-content\/uploads\/2020\/02\/logo2.png","contentUrl":"https:\/\/www.abflt.com\/wp-content\/uploads\/2020\/02\/logo2.png","width":113,"height":113,"caption":"ABF LT"},"image":{"@id":"https:\/\/www.abflt.com\/sv\/#\/schema\/logo\/image\/"},"sameAs":["https:\/\/www.facebook.com\/abflt","https:\/\/www.linkedin.com\/company\/abf-lt","https:\/\/www.youtube.com\/channel\/UCVbHUYkMrwmW4YZZRzhxH9w"]}]}},"_links":{"self":[{"href":"https:\/\/www.abflt.com\/sv\/wp-json\/wp\/v2\/pages\/2451","targetHints":{"allow":["GET"]}}],"collection":[{"href":"https:\/\/www.abflt.com\/sv\/wp-json\/wp\/v2\/pages"}],"about":[{"href":"https:\/\/www.abflt.com\/sv\/wp-json\/wp\/v2\/types\/page"}],"author":[{"embeddable":true,"href":"https:\/\/www.abflt.com\/sv\/wp-json\/wp\/v2\/users\/1"}],"replies":[{"embeddable":true,"href":"https:\/\/www.abflt.com\/sv\/wp-json\/wp\/v2\/comments?post=2451"}],"version-history":[{"count":5,"href":"https:\/\/www.abflt.com\/sv\/wp-json\/wp\/v2\/pages\/2451\/revisions"}],"predecessor-version":[{"id":3365,"href":"https:\/\/www.abflt.com\/sv\/wp-json\/wp\/v2\/pages\/2451\/revisions\/3365"}],"wp:attachment":[{"href":"https:\/\/www.abflt.com\/sv\/wp-json\/wp\/v2\/media?parent=2451"}],"curies":[{"name":"wp","href":"https:\/\/api.w.org\/{rel}","templated":true}]}}