{"id":2457,"date":"2015-07-31T09:39:53","date_gmt":"2015-07-31T09:39:53","guid":{"rendered":"http:\/\/developers.lucky-bank.com\/abflt\/tjanster\/aluminium-die-casting\/"},"modified":"2021-06-08T12:39:47","modified_gmt":"2021-06-08T09:39:47","slug":"hogtrycksgjutning-av-aluminium-hos-abflt","status":"publish","type":"page","link":"https:\/\/www.abflt.com\/sv\/tjanster\/hogtrycksgjutning-av-aluminium-hos-abflt\/","title":{"rendered":"Gjutning av aluminium"},"content":{"rendered":"<p>[vc_row][vc_column width=&#8221;1\/6&#8243;][\/vc_column][vc_column width=&#8221;2\/3&#8243;][vc_custom_heading text=&#8221;Formgjutning av Aluminium \u00e4r en av huvudprocesserna inom metallarbete.&#8221; font_container=&#8221;tag:p|font_size:22|text_align:left|color:%23003164|line_height:31px&#8221; use_theme_fonts=&#8221;yes&#8221; css=&#8221;.vc_custom_1623135834431{margin-bottom: 30px !important;}&#8221;][vc_column_text]H\u00f6gtrycksgjutning av Aluminium sker genom att sm\u00e4lt aluminium sprutas in i gjutformen under h\u00f6gt tryck.<\/p>\n<p><a href=\"https:\/\/www.abflt.com\/sv\/\">ABF LTs<\/a> mekaniska kapacitet \u00e4r:<br \/>\nL\u00e5st tryck fr\u00e5n 350 till 850 ton.<br \/>\nMaximal viktkapacitet f\u00f6r varje arbetsstycke \u00e4r 12 kg.<br \/>\nProjektion p\u00e5 1\u00a0000 cm2<\/p>\n<p>Gjutformarna skapas med h\u00f6gsta precision f\u00f6r att ge slutprodukten r\u00e4tt form. H\u00f6gtrycksgjutning av aluminium l\u00e4mpar sig b\u00e4st f\u00f6r massproducerade produkter d\u00e5 processen kan anv\u00e4ndas f\u00f6r att skapa m\u00e5nga likadana och helt exakta delar.<\/p>\n<p>Formgjutning \u00e4r en av de allra vanligaste framst\u00e4llningsmetoderna inom metallarbete. Du hittar exempel p\u00e5 denna typ av arbete i vardagsf\u00f6rem\u00e5l som k\u00f6ksapparatur, m\u00f6beldetaljer, hydraulkl\u00e4mmor, LED-kylfl\u00e4nsar och mycket annat.<\/p>\n<p>Tack vare de automatiserade gjutmaskinerna och robotsystemen kan vi hela tiden f\u00f6ruts\u00e4ga arbetsprocesser och konstant producera stora volymer. P\u00e5 grund av f\u00f6retagets storlek kan vi ocks\u00e5 garantera flexibilitet och h\u00f6g kvalitet p\u00e5 de producerade delarna.[\/vc_column_text][vc_row_inner][vc_column_inner][vc_column_text]<div id=\"metaslider-id-2792\" style=\"width: 100%;\" class=\"ml-slider-3-101-0 metaslider metaslider-nivo metaslider-2792 ml-slider has-dots-nav ms-theme-default\" role=\"region\" aria-label=\"Aluminium die casting\">\n    <div id=\"metaslider_container_2792\">\n        <div class='slider-wrapper theme-default'><div class='ribbon'><\/div><div id='metaslider_2792' class='nivoSlider'><img loading=\"lazy\" decoding=\"async\" src=\"https:\/\/www.abflt.com\/wp-content\/uploads\/2020\/09\/die-casted-legs-0x0.jpg\" height=\"0\" width=\"0\" title=\"die-casted-legs\" alt=\"Aluminium Die Casting, Aliuminio liejimas\" class=\"slider-2792 slide-2829 msDefaultImage\" \/><img loading=\"lazy\" decoding=\"async\" src=\"https:\/\/www.abflt.com\/wp-content\/uploads\/2020\/09\/die-casted-component2-0x0.jpg\" height=\"0\" width=\"0\" title=\"die-casted-component2\" alt=\"\" class=\"slider-2792 slide-2828 msDefaultImage\" \/><img loading=\"lazy\" decoding=\"async\" src=\"https:\/\/www.abflt.com\/wp-content\/uploads\/2020\/09\/angled-pipe-0x0.jpg\" height=\"0\" width=\"0\" title=\"angled-pipe\" alt=\"Aluminium Die Casting, Aliuminio liejimas\" class=\"slider-2792 slide-2825 msDefaultImage\" \/><img loading=\"lazy\" decoding=\"async\" src=\"https:\/\/www.abflt.com\/wp-content\/uploads\/2020\/09\/automotive-part3-0x0.jpg\" height=\"0\" width=\"0\" title=\"automotive-part3\" alt=\"Aluminium Die Casting, Aliuminio liejimas\" class=\"slider-2792 slide-2912 msDefaultImage\" \/><img loading=\"lazy\" decoding=\"async\" src=\"https:\/\/www.abflt.com\/wp-content\/uploads\/2020\/09\/heatsink3-0x0.jpg\" height=\"0\" width=\"0\" title=\"heatsink3\" alt=\"\" class=\"slider-2792 slide-2830 msDefaultImage\" \/><img loading=\"lazy\" decoding=\"async\" src=\"https:\/\/www.abflt.com\/wp-content\/uploads\/2020\/09\/hydraulic-component1-0x0.jpg\" height=\"0\" width=\"0\" title=\"hydraulic-component1\" alt=\"Aluminium Die Casting, Aliuminio liejimas\" class=\"slider-2792 slide-2831 msDefaultImage\" \/><img loading=\"lazy\" decoding=\"async\" src=\"https:\/\/www.abflt.com\/wp-content\/uploads\/2020\/09\/medical-part-0x0.jpg\" height=\"0\" width=\"0\" title=\"medical-part\" alt=\"Aluminium Die Casting, Aliuminio liejimas\" class=\"slider-2792 slide-2832 msDefaultImage\" \/><\/div><\/div>\n        \n    <\/div>\n<\/div>[\/vc_column_text][\/vc_column_inner][\/vc_row_inner][vc_column_text]<\/p>\n<p style=\"text-align: center;\"><a href=\"https:\/\/www.abflt.com\/sv\/\">ABF LT<\/a> <a href=\"https:\/\/www.abflt.com\/sv\/tjanster\/\">Tj\u00e4nster<\/a>:<\/p>\n<p>[\/vc_column_text][\/vc_column][vc_column width=&#8221;1\/6&#8243;][\/vc_column][\/vc_row][vc_row css=&#8221;.vc_custom_1623136137434{padding-top: 40px !important;padding-bottom: 40px !important;}&#8221;][vc_column width=&#8221;1\/3&#8243;][vc_btn title=&#8221;CNC-Fr\u00e4sning och Svarvning&#8221; style=&#8221;custom&#8221; custom_background=&#8221;#003164&#8243; custom_text=&#8221;#ffffff&#8221; shape=&#8221;square&#8221; align=&#8221;right&#8221; link=&#8221;url:https%3A%2F%2Fwww.abflt.com%2Fsv%2Ftjanster%2Fcnc-svarvning-och-frasning%2F&#8221;][\/vc_column][vc_column width=&#8221;1\/3&#8243;][vc_btn title=&#8221;Multispindelmaskiner&#8221; style=&#8221;custom&#8221; custom_background=&#8221;#003164&#8243; custom_text=&#8221;#ffffff&#8221; shape=&#8221;square&#8221; link=&#8221;url:https%3A%2F%2Fwww.abflt.com%2Fsv%2Ftjanster%2Fmultispindelmaskinstillverkning%2F&#8221;][\/vc_column][vc_column width=&#8221;1\/3&#8243;][vc_btn title=&#8221;Andra tj\u00e4nster&#8221; style=&#8221;custom&#8221; custom_background=&#8221;#003164&#8243; custom_text=&#8221;#ffffff&#8221; shape=&#8221;square&#8221; align=&#8221;left&#8221; link=&#8221;url:https%3A%2F%2Fwww.abflt.com%2Fsv%2Ftjanster%2Fovriga-tjanster%2F&#8221;][\/vc_column][\/vc_row][vc_row full_width=&#8221;stretch_row&#8221; css=&#8221;.vc_custom_1438221428110{margin-bottom: 0px !important;padding-top: 30px !important;padding-bottom: 30px !important;background-color: #003164 !important;}&#8221; el_id=&#8221;home_quote&#8221; el_class=&#8221;home_quote&#8221;][vc_column width=&#8221;5\/6&#8243;][vc_custom_heading text=&#8221;F\u00f6rutom att leverera v\u00e5ra produkter str\u00e4var vi efter att se till att det inte finns n\u00e5gra fel i produktionsprocessen&#8221; font_container=&#8221;tag:div|font_size:24|text_align:left|color:%23ffffff|line_height:35px&#8221; use_theme_fonts=&#8221;yes&#8221; el_class=&#8221;home_quote_txt&#8221;][\/vc_column][vc_column width=&#8221;1\/6&#8243;][vc_btn title=&#8221;KONTAKTA OSS&#8221; style=&#8221;outline&#8221; shape=&#8221;square&#8221; size=&#8221;sm&#8221; align=&#8221;right&#8221; el_class=&#8221;home_quote_btn&#8221; link=&#8221;url:https%3A%2F%2Fwww.abflt.com%2Fsv%2Fkontakt%2F|title:Kontakt||&#8221; css=&#8221;.vc_custom_1586253766148{margin-top: 10px !important;}&#8221;][\/vc_column][\/vc_row]<\/p>\n","protected":false},"excerpt":{"rendered":"<p>[vc_row][vc_column width=&#8221;1\/6&#8243;][\/vc_column][vc_column width=&#8221;2\/3&#8243;][vc_custom_heading text=&#8221;Formgjutning av Aluminium \u00e4r en av huvudprocesserna inom metallarbete.&#8221; font_container=&#8221;tag:p|font_size:22|text_align:left|color:%23003164|line_height:31px&#8221; use_theme_fonts=&#8221;yes&#8221; css=&#8221;.vc_custom_1623135834431{margin-bottom: 30px !important;}&#8221;][vc_column_text]H\u00f6gtrycksgjutning av Aluminium sker [&hellip;]<\/p>\n","protected":false},"author":1,"featured_media":2156,"parent":2454,"menu_order":0,"comment_status":"open","ping_status":"open","template":"","meta":{"content-type":"","footnotes":""},"class_list":["post-2457","page","type-page","status-publish","has-post-thumbnail","hentry"],"yoast_head":"<!-- This site is optimized with the Yoast SEO plugin v26.0 - https:\/\/yoast.com\/wordpress\/plugins\/seo\/ -->\n<title>H\u00f6gtrycksgjutning av Aluminium i Baltikum - ABF LT<\/title>\n<meta name=\"description\" content=\"H\u00f6gtrycks Gjutning av Aluminium sker genom att sm\u00e4lt aluminium sprutas in i gjutformen under h\u00f6gt tryck at ABF LTs\" \/>\n<meta name=\"robots\" content=\"index, follow, max-snippet:-1, max-image-preview:large, max-video-preview:-1\" \/>\n<link rel=\"canonical\" href=\"https:\/\/www.abflt.com\/sv\/tjanster\/hogtrycksgjutning-av-aluminium-hos-abflt\/\" \/>\n<meta property=\"og:locale\" content=\"sv_SE\" \/>\n<meta property=\"og:type\" content=\"article\" \/>\n<meta property=\"og:title\" content=\"H\u00f6gtrycksgjutning av Aluminium i Baltikum - ABF LT\" \/>\n<meta property=\"og:description\" content=\"H\u00f6gtrycks Gjutning av Aluminium sker genom att sm\u00e4lt aluminium sprutas in i gjutformen under h\u00f6gt tryck at ABF LTs\" \/>\n<meta property=\"og:url\" content=\"https:\/\/www.abflt.com\/sv\/tjanster\/hogtrycksgjutning-av-aluminium-hos-abflt\/\" \/>\n<meta property=\"og:site_name\" content=\"ABF LT\" \/>\n<meta property=\"article:publisher\" content=\"https:\/\/www.facebook.com\/abflt\" \/>\n<meta property=\"article:modified_time\" content=\"2021-06-08T09:39:47+00:00\" \/>\n<meta property=\"og:image\" content=\"https:\/\/www.abflt.com\/wp-content\/uploads\/2020\/03\/abflt_aliuminio_liejimas.png\" \/>\n\t<meta property=\"og:image:width\" content=\"500\" \/>\n\t<meta property=\"og:image:height\" content=\"281\" \/>\n\t<meta property=\"og:image:type\" content=\"image\/png\" \/>\n<meta name=\"twitter:card\" content=\"summary_large_image\" \/>\n<meta name=\"twitter:label1\" content=\"Ber\u00e4knad l\u00e4stid\" \/>\n\t<meta name=\"twitter:data1\" content=\"2 minuter\" \/>\n<script type=\"application\/ld+json\" class=\"yoast-schema-graph\">{\"@context\":\"https:\/\/schema.org\",\"@graph\":[{\"@type\":\"WebPage\",\"@id\":\"https:\/\/www.abflt.com\/sv\/tjanster\/hogtrycksgjutning-av-aluminium-hos-abflt\/\",\"url\":\"https:\/\/www.abflt.com\/sv\/tjanster\/hogtrycksgjutning-av-aluminium-hos-abflt\/\",\"name\":\"H\u00f6gtrycksgjutning av Aluminium i Baltikum - ABF LT\",\"isPartOf\":{\"@id\":\"https:\/\/www.abflt.com\/sv\/#website\"},\"primaryImageOfPage\":{\"@id\":\"https:\/\/www.abflt.com\/sv\/tjanster\/hogtrycksgjutning-av-aluminium-hos-abflt\/#primaryimage\"},\"image\":{\"@id\":\"https:\/\/www.abflt.com\/sv\/tjanster\/hogtrycksgjutning-av-aluminium-hos-abflt\/#primaryimage\"},\"thumbnailUrl\":\"https:\/\/www.abflt.com\/wp-content\/uploads\/2020\/03\/abflt_aliuminio_liejimas.png\",\"datePublished\":\"2015-07-31T09:39:53+00:00\",\"dateModified\":\"2021-06-08T09:39:47+00:00\",\"description\":\"H\u00f6gtrycks Gjutning av Aluminium sker genom att sm\u00e4lt aluminium sprutas in i gjutformen under h\u00f6gt tryck at ABF LTs\",\"breadcrumb\":{\"@id\":\"https:\/\/www.abflt.com\/sv\/tjanster\/hogtrycksgjutning-av-aluminium-hos-abflt\/#breadcrumb\"},\"inLanguage\":\"sv-SE\",\"potentialAction\":[{\"@type\":\"ReadAction\",\"target\":[\"https:\/\/www.abflt.com\/sv\/tjanster\/hogtrycksgjutning-av-aluminium-hos-abflt\/\"]}]},{\"@type\":\"ImageObject\",\"inLanguage\":\"sv-SE\",\"@id\":\"https:\/\/www.abflt.com\/sv\/tjanster\/hogtrycksgjutning-av-aluminium-hos-abflt\/#primaryimage\",\"url\":\"https:\/\/www.abflt.com\/wp-content\/uploads\/2020\/03\/abflt_aliuminio_liejimas.png\",\"contentUrl\":\"https:\/\/www.abflt.com\/wp-content\/uploads\/2020\/03\/abflt_aliuminio_liejimas.png\",\"width\":500,\"height\":281,\"caption\":\"Aluminium Die Casting\"},{\"@type\":\"BreadcrumbList\",\"@id\":\"https:\/\/www.abflt.com\/sv\/tjanster\/hogtrycksgjutning-av-aluminium-hos-abflt\/#breadcrumb\",\"itemListElement\":[{\"@type\":\"ListItem\",\"position\":1,\"name\":\"Home\",\"item\":\"https:\/\/www.abflt.com\/sv\/\"},{\"@type\":\"ListItem\",\"position\":2,\"name\":\"Tj\u00e4nster\",\"item\":\"https:\/\/www.abflt.com\/sv\/tjanster\/\"},{\"@type\":\"ListItem\",\"position\":3,\"name\":\"Gjutning av aluminium\"}]},{\"@type\":\"WebSite\",\"@id\":\"https:\/\/www.abflt.com\/sv\/#website\",\"url\":\"https:\/\/www.abflt.com\/sv\/\",\"name\":\"ABF LT\",\"description\":\"Aluminium die casting and CNC machining company\",\"publisher\":{\"@id\":\"https:\/\/www.abflt.com\/sv\/#organization\"},\"potentialAction\":[{\"@type\":\"SearchAction\",\"target\":{\"@type\":\"EntryPoint\",\"urlTemplate\":\"https:\/\/www.abflt.com\/sv\/?s={search_term_string}\"},\"query-input\":{\"@type\":\"PropertyValueSpecification\",\"valueRequired\":true,\"valueName\":\"search_term_string\"}}],\"inLanguage\":\"sv-SE\"},{\"@type\":\"Organization\",\"@id\":\"https:\/\/www.abflt.com\/sv\/#organization\",\"name\":\"ABF LT\",\"url\":\"https:\/\/www.abflt.com\/sv\/\",\"logo\":{\"@type\":\"ImageObject\",\"inLanguage\":\"sv-SE\",\"@id\":\"https:\/\/www.abflt.com\/sv\/#\/schema\/logo\/image\/\",\"url\":\"https:\/\/www.abflt.com\/wp-content\/uploads\/2020\/02\/logo2.png\",\"contentUrl\":\"https:\/\/www.abflt.com\/wp-content\/uploads\/2020\/02\/logo2.png\",\"width\":113,\"height\":113,\"caption\":\"ABF LT\"},\"image\":{\"@id\":\"https:\/\/www.abflt.com\/sv\/#\/schema\/logo\/image\/\"},\"sameAs\":[\"https:\/\/www.facebook.com\/abflt\",\"https:\/\/www.linkedin.com\/company\/abf-lt\",\"https:\/\/www.youtube.com\/channel\/UCVbHUYkMrwmW4YZZRzhxH9w\"]}]}<\/script>\n<!-- \/ Yoast SEO plugin. -->","yoast_head_json":{"title":"H\u00f6gtrycksgjutning av Aluminium i Baltikum - ABF LT","description":"H\u00f6gtrycks Gjutning av Aluminium sker genom att sm\u00e4lt aluminium sprutas in i gjutformen under h\u00f6gt tryck at ABF LTs","robots":{"index":"index","follow":"follow","max-snippet":"max-snippet:-1","max-image-preview":"max-image-preview:large","max-video-preview":"max-video-preview:-1"},"canonical":"https:\/\/www.abflt.com\/sv\/tjanster\/hogtrycksgjutning-av-aluminium-hos-abflt\/","og_locale":"sv_SE","og_type":"article","og_title":"H\u00f6gtrycksgjutning av Aluminium i Baltikum - ABF LT","og_description":"H\u00f6gtrycks Gjutning av Aluminium sker genom att sm\u00e4lt aluminium sprutas in i gjutformen under h\u00f6gt tryck at ABF LTs","og_url":"https:\/\/www.abflt.com\/sv\/tjanster\/hogtrycksgjutning-av-aluminium-hos-abflt\/","og_site_name":"ABF LT","article_publisher":"https:\/\/www.facebook.com\/abflt","article_modified_time":"2021-06-08T09:39:47+00:00","og_image":[{"width":500,"height":281,"url":"https:\/\/www.abflt.com\/wp-content\/uploads\/2020\/03\/abflt_aliuminio_liejimas.png","type":"image\/png"}],"twitter_card":"summary_large_image","twitter_misc":{"Ber\u00e4knad l\u00e4stid":"2 minuter"},"schema":{"@context":"https:\/\/schema.org","@graph":[{"@type":"WebPage","@id":"https:\/\/www.abflt.com\/sv\/tjanster\/hogtrycksgjutning-av-aluminium-hos-abflt\/","url":"https:\/\/www.abflt.com\/sv\/tjanster\/hogtrycksgjutning-av-aluminium-hos-abflt\/","name":"H\u00f6gtrycksgjutning av Aluminium i Baltikum - ABF LT","isPartOf":{"@id":"https:\/\/www.abflt.com\/sv\/#website"},"primaryImageOfPage":{"@id":"https:\/\/www.abflt.com\/sv\/tjanster\/hogtrycksgjutning-av-aluminium-hos-abflt\/#primaryimage"},"image":{"@id":"https:\/\/www.abflt.com\/sv\/tjanster\/hogtrycksgjutning-av-aluminium-hos-abflt\/#primaryimage"},"thumbnailUrl":"https:\/\/www.abflt.com\/wp-content\/uploads\/2020\/03\/abflt_aliuminio_liejimas.png","datePublished":"2015-07-31T09:39:53+00:00","dateModified":"2021-06-08T09:39:47+00:00","description":"H\u00f6gtrycks Gjutning av Aluminium sker genom att sm\u00e4lt aluminium sprutas in i gjutformen under h\u00f6gt tryck at ABF LTs","breadcrumb":{"@id":"https:\/\/www.abflt.com\/sv\/tjanster\/hogtrycksgjutning-av-aluminium-hos-abflt\/#breadcrumb"},"inLanguage":"sv-SE","potentialAction":[{"@type":"ReadAction","target":["https:\/\/www.abflt.com\/sv\/tjanster\/hogtrycksgjutning-av-aluminium-hos-abflt\/"]}]},{"@type":"ImageObject","inLanguage":"sv-SE","@id":"https:\/\/www.abflt.com\/sv\/tjanster\/hogtrycksgjutning-av-aluminium-hos-abflt\/#primaryimage","url":"https:\/\/www.abflt.com\/wp-content\/uploads\/2020\/03\/abflt_aliuminio_liejimas.png","contentUrl":"https:\/\/www.abflt.com\/wp-content\/uploads\/2020\/03\/abflt_aliuminio_liejimas.png","width":500,"height":281,"caption":"Aluminium Die Casting"},{"@type":"BreadcrumbList","@id":"https:\/\/www.abflt.com\/sv\/tjanster\/hogtrycksgjutning-av-aluminium-hos-abflt\/#breadcrumb","itemListElement":[{"@type":"ListItem","position":1,"name":"Home","item":"https:\/\/www.abflt.com\/sv\/"},{"@type":"ListItem","position":2,"name":"Tj\u00e4nster","item":"https:\/\/www.abflt.com\/sv\/tjanster\/"},{"@type":"ListItem","position":3,"name":"Gjutning av aluminium"}]},{"@type":"WebSite","@id":"https:\/\/www.abflt.com\/sv\/#website","url":"https:\/\/www.abflt.com\/sv\/","name":"ABF LT","description":"Aluminium die casting and CNC machining company","publisher":{"@id":"https:\/\/www.abflt.com\/sv\/#organization"},"potentialAction":[{"@type":"SearchAction","target":{"@type":"EntryPoint","urlTemplate":"https:\/\/www.abflt.com\/sv\/?s={search_term_string}"},"query-input":{"@type":"PropertyValueSpecification","valueRequired":true,"valueName":"search_term_string"}}],"inLanguage":"sv-SE"},{"@type":"Organization","@id":"https:\/\/www.abflt.com\/sv\/#organization","name":"ABF LT","url":"https:\/\/www.abflt.com\/sv\/","logo":{"@type":"ImageObject","inLanguage":"sv-SE","@id":"https:\/\/www.abflt.com\/sv\/#\/schema\/logo\/image\/","url":"https:\/\/www.abflt.com\/wp-content\/uploads\/2020\/02\/logo2.png","contentUrl":"https:\/\/www.abflt.com\/wp-content\/uploads\/2020\/02\/logo2.png","width":113,"height":113,"caption":"ABF LT"},"image":{"@id":"https:\/\/www.abflt.com\/sv\/#\/schema\/logo\/image\/"},"sameAs":["https:\/\/www.facebook.com\/abflt","https:\/\/www.linkedin.com\/company\/abf-lt","https:\/\/www.youtube.com\/channel\/UCVbHUYkMrwmW4YZZRzhxH9w"]}]}},"_links":{"self":[{"href":"https:\/\/www.abflt.com\/sv\/wp-json\/wp\/v2\/pages\/2457","targetHints":{"allow":["GET"]}}],"collection":[{"href":"https:\/\/www.abflt.com\/sv\/wp-json\/wp\/v2\/pages"}],"about":[{"href":"https:\/\/www.abflt.com\/sv\/wp-json\/wp\/v2\/types\/page"}],"author":[{"embeddable":true,"href":"https:\/\/www.abflt.com\/sv\/wp-json\/wp\/v2\/users\/1"}],"replies":[{"embeddable":true,"href":"https:\/\/www.abflt.com\/sv\/wp-json\/wp\/v2\/comments?post=2457"}],"version-history":[{"count":10,"href":"https:\/\/www.abflt.com\/sv\/wp-json\/wp\/v2\/pages\/2457\/revisions"}],"predecessor-version":[{"id":3451,"href":"https:\/\/www.abflt.com\/sv\/wp-json\/wp\/v2\/pages\/2457\/revisions\/3451"}],"up":[{"embeddable":true,"href":"https:\/\/www.abflt.com\/sv\/wp-json\/wp\/v2\/pages\/2454"}],"wp:featuredmedia":[{"embeddable":true,"href":"https:\/\/www.abflt.com\/sv\/wp-json\/wp\/v2\/media\/2156"}],"wp:attachment":[{"href":"https:\/\/www.abflt.com\/sv\/wp-json\/wp\/v2\/media?parent=2457"}],"curies":[{"name":"wp","href":"https:\/\/api.w.org\/{rel}","templated":true}]}}