{"id":2461,"date":"2020-02-23T10:49:39","date_gmt":"2020-02-23T10:49:39","guid":{"rendered":"http:\/\/developers.lucky-bank.com\/abflt\/tjanster\/cnc-turning-and-milling\/"},"modified":"2021-06-08T12:41:05","modified_gmt":"2021-06-08T09:41:05","slug":"cnc-frasningsleverantorer-i-eu","status":"publish","type":"page","link":"https:\/\/www.abflt.com\/sv\/tjanster\/cnc-frasningsleverantorer-i-eu\/","title":{"rendered":"CNC svarvning och fr\u00e4sning"},"content":{"rendered":"<p>[vc_row][vc_column width=&#8221;1\/6&#8243;][\/vc_column][vc_column width=&#8221;2\/3&#8243;][vc_row_inner css=&#8221;.vc_custom_1583601987450{margin-bottom: 50px !important;}&#8221;][vc_column_inner][vc_custom_heading text=&#8221;CNC-fr\u00e4sning &amp; svarvning&#8221; font_container=&#8221;tag:p|font_size:20|text_align:left|color:%23003164|line_height:30px&#8221; use_theme_fonts=&#8221;yes&#8221;][vc_column_text]En av f\u00f6retagets grund<a href=\"https:\/\/www.abflt.com\/sv\/tjanster\/\">tj\u00e4nster<\/a> \u00a0\u00e4r CNC-fr\u00e4sning &amp; svarvning. <a href=\"https:\/\/www.abflt.com\/sv\/\">ABF LT<\/a> \u00e4r ett av de st\u00f6rsta och mest erfarna Baltiska f\u00f6retagen inom metallarbete. F\u00f6retaget har etablerats precis mitt i Europa p\u00e5 en strategisk plats f\u00f6r smidig frakt av CNC-skapade delar och andra produkter.[\/vc_column_text][\/vc_column_inner][\/vc_row_inner][vc_row_inner][vc_column_inner width=&#8221;1\/2&#8243;][vc_custom_heading text=&#8221;CNC svarvning&#8221; font_container=&#8221;tag:p|font_size:20|text_align:left|color:%23003164|line_height:30px&#8221; use_theme_fonts=&#8221;yes&#8221; css=&#8221;.vc_custom_1623138353410{margin-bottom: 30px !important;}&#8221;][vc_column_text]CNC svarvar anv\u00e4nds f\u00f6r att producera delar fr\u00e5n st\u00e4nger n\u00e4r sk\u00e4rverktyget r\u00f6r sig linj\u00e4rt och arbetsstycket roterar. Under svarvprocessen roteras material s\u00e5som metall eller plast med numerisk datorstyrning. CNC-svarvning kan utf\u00f6ras utanf\u00f6r eller inuti arbetsstycket f\u00f6r att producera r\u00f6rformiga komponenter i olika geometrier.[\/vc_column_text][vc_column_text]<div id=\"metaslider-id-2874\" style=\"width: 100%;\" class=\"ml-slider-3-101-0 metaslider metaslider-nivo metaslider-2874 ml-slider has-dots-nav ms-theme-default\" role=\"region\" aria-label=\"Turning\">\n    <div id=\"metaslider_container_2874\">\n        <div class='slider-wrapper theme-default'><div class='ribbon'><\/div><div id='metaslider_2874' class='nivoSlider'><img loading=\"lazy\" decoding=\"async\" src=\"https:\/\/www.abflt.com\/wp-content\/uploads\/2020\/09\/coaxial-nozzle-0x0.jpg\" height=\"0\" width=\"0\" title=\"coaxial nozzle\" alt=\"CNC milling &amp; turning, CNC frezavimas ir tekinimas\" class=\"slider-2874 slide-2900 msDefaultImage\" \/><img loading=\"lazy\" decoding=\"async\" src=\"https:\/\/www.abflt.com\/wp-content\/uploads\/2020\/09\/door-components-0x0.jpg\" height=\"0\" width=\"0\" title=\"door components\" alt=\"CNC milling &amp; turning, CNC frezavimas ir tekinimas\" class=\"slider-2874 slide-2901 msDefaultImage\" \/><img loading=\"lazy\" decoding=\"async\" src=\"https:\/\/www.abflt.com\/wp-content\/uploads\/2020\/09\/solid-pin1-0x0.jpg\" height=\"0\" width=\"0\" title=\"solid pin1\" alt=\"CNC milling &amp; turning, CNC frezavimas ir tekinimas\" class=\"slider-2874 slide-2902 msDefaultImage\" \/><img loading=\"lazy\" decoding=\"async\" src=\"https:\/\/www.abflt.com\/wp-content\/uploads\/2020\/09\/solid-pin5-0x0.jpg\" height=\"0\" width=\"0\" title=\"solid pin5\" alt=\"CNC milling &amp; turning, CNC frezavimas ir tekinimas\" class=\"slider-2874 slide-2903 msDefaultImage\" \/><img loading=\"lazy\" decoding=\"async\" src=\"https:\/\/www.abflt.com\/wp-content\/uploads\/2020\/09\/turned-part2-0x0.jpg\" height=\"0\" width=\"0\" title=\"turned part2\" alt=\"CNC milling &amp; turning, CNC frezavimas ir tekinimas\" class=\"slider-2874 slide-2904 msDefaultImage\" \/><img loading=\"lazy\" decoding=\"async\" src=\"https:\/\/www.abflt.com\/wp-content\/uploads\/2020\/09\/turned-part4-0x0.jpg\" height=\"0\" width=\"0\" title=\"turned part4\" alt=\"CNC milling &amp; turning, CNC frezavimas ir tekinimas\" class=\"slider-2874 slide-2905 msDefaultImage\" \/><\/div><\/div>\n        \n    <\/div>\n<\/div>[\/vc_column_text][\/vc_column_inner][vc_column_inner width=&#8221;1\/2&#8243; css=&#8221;.vc_custom_1583601639093{padding-bottom: 30px !important;}&#8221;][vc_custom_heading text=&#8221;CNC fr\u00e4sning&#8221; font_container=&#8221;tag:p|font_size:20|text_align:left|color:%23003164|line_height:30px&#8221; use_theme_fonts=&#8221;yes&#8221; css=&#8221;.vc_custom_1623137704412{margin-bottom: 30px !important;}&#8221;][vc_column_text]CNC fr\u00e4sning \u00e4r en bearbetningsprocess som anv\u00e4nder datorkontroller och roterande sk\u00e4rverktyg f\u00f6r att gradvis ta bort material fr\u00e5n arbetsstycket och producera en skr\u00e4ddarsydd del enligt ritningen. CNC-fr\u00e4sning anv\u00e4nder horisontella eller vertikala fr\u00e4smaskiner, beroende p\u00e5 fr\u00e4sens specifikationer och krav.[\/vc_column_text][vc_column_text]<div id=\"metaslider-id-2843\" style=\"width: 100%;\" class=\"ml-slider-3-101-0 metaslider metaslider-nivo metaslider-2843 ml-slider has-dots-nav ms-theme-default\" role=\"region\" aria-label=\"Milling\">\n    <div id=\"metaslider_container_2843\">\n        <div class='slider-wrapper theme-default'><div class='ribbon'><\/div><div id='metaslider_2843' class='nivoSlider'><img loading=\"lazy\" decoding=\"async\" src=\"https:\/\/www.abflt.com\/wp-content\/uploads\/2020\/09\/die-casted-component2-1-0x0.jpg\" height=\"0\" width=\"0\" title=\"die casted component2\" alt=\"CNC Milling &amp; turning\" class=\"slider-2843 slide-2868 msDefaultImage\" \/><img loading=\"lazy\" decoding=\"async\" src=\"https:\/\/www.abflt.com\/wp-content\/uploads\/2020\/09\/fuel-system1-0x0.jpg\" height=\"0\" width=\"0\" title=\"fuel system1\" alt=\"CNC Milling &amp; turning\" class=\"slider-2843 slide-2869 msDefaultImage\" \/><img loading=\"lazy\" decoding=\"async\" src=\"https:\/\/www.abflt.com\/wp-content\/uploads\/2020\/09\/heatsink1-0x0.jpg\" height=\"0\" width=\"0\" title=\"heatsink1\" alt=\"\" class=\"slider-2843 slide-2870 msDefaultImage\" \/><img loading=\"lazy\" decoding=\"async\" src=\"https:\/\/www.abflt.com\/wp-content\/uploads\/2020\/09\/milled-component3-0x0.jpg\" height=\"0\" width=\"0\" title=\"milled component3\" alt=\"CNC Milling &amp; turning\" class=\"slider-2843 slide-2871 msDefaultImage\" \/><img loading=\"lazy\" decoding=\"async\" src=\"https:\/\/www.abflt.com\/wp-content\/uploads\/2020\/09\/milled-component5-0x0.jpg\" height=\"0\" width=\"0\" title=\"milled component5\" alt=\"CNC Milling &amp; turning\" class=\"slider-2843 slide-2872 msDefaultImage\" \/><img loading=\"lazy\" decoding=\"async\" src=\"https:\/\/www.abflt.com\/wp-content\/uploads\/2020\/09\/milled-component6-0x0.jpg\" height=\"0\" width=\"0\" title=\"milled component6\" alt=\"\" class=\"slider-2843 slide-2873 msDefaultImage\" \/><\/div><\/div>\n        \n    <\/div>\n<\/div>[\/vc_column_text][\/vc_column_inner][\/vc_row_inner][vc_row_inner css=&#8221;.vc_custom_1583601987450{margin-bottom: 50px !important;}&#8221;][vc_column_inner][vc_custom_heading text=&#8221;Vi utf\u00f6r CNC-bearbetning med YCM, HYUNDAI-KIA, NAKAMURA-TOME, EMCO TURN, HITACHI SEIKI, MORI SEIKI, HAAS svarvnings- och fr\u00e4scentra.<\/p>\n<p>Kunderna kan vara s\u00e4kra p\u00e5 att svarvning och fr\u00e4sning kommer att produceras p\u00e5 ett professionellt och snabbt s\u00e4tt. CNC svarvning och fr\u00e4sning p\u00e5verkas ocks\u00e5 starkt av personalens kvalifikationer och erfarenhet. P\u00e5 ABF LT utf\u00f6rs dessa verk av h\u00f6gt kvalificerade specialister som har stor arbetslivserfarenhet f\u00f6r bearbetning av de mest komplexa produkterna.&#8221; font_container=&#8221;tag:p|font_size:15|text_align:left|color:%23999999&#8243; use_theme_fonts=&#8221;yes&#8221;][vc_column_text]CNC-fr\u00e4sning och svarvtj\u00e4nster utf\u00f6rs med hj\u00e4lp av f\u00f6ljande maskiner:<\/p>\n<p>YCM;<br \/>\nHYUNDAI-KIA;<br \/>\nNAKAMURA-TOME;<br \/>\nEMCO TURN;<br \/>\nHITACHI SEIKI;<br \/>\nMORI SEIKI;<br \/>\nHAAS svarvnings- och fr\u00e4sningscenter.<\/p>\n<p><a href=\"https:\/\/www.abflt.com\/sv\/om-oss\/\">ABF LT<\/a> garanterar att fr\u00e4snings- och svarvningsprocesserna sker p\u00e5 ett professionellt s\u00e4tt och inom \u00f6nskad tidsram. CNC-svarvning och fr\u00e4sning p\u00e5verkas ocks\u00e5 starkt av personalens erfarenhet och kunskap. P\u00e5 <a href=\"https:\/\/www.abflt.com\/sv\/om-oss\/\">ABF LT<\/a> utf\u00f6rs allt CNC-arbete av v\u00e4lutbildade specialister med l\u00e5ng erfarenhet inom tillverkning av komplexa produkter.[\/vc_column_text][\/vc_column_inner][\/vc_row_inner][vc_column_text]<\/p>\n<p style=\"text-align: center;\"><a href=\"https:\/\/www.abflt.com\/sv\/om-oss\/\">ABF LT<\/a> <a href=\"https:\/\/www.abflt.com\/sv\/tjanster\/\">Tj\u00e4nster<\/a>:<\/p>\n<p>[\/vc_column_text][\/vc_column][vc_column width=&#8221;1\/6&#8243;][\/vc_column][\/vc_row][vc_row css=&#8221;.vc_custom_1623138337888{padding-top: 40px !important;padding-bottom: 40px !important;}&#8221;][vc_column width=&#8221;1\/3&#8243;][vc_btn title=&#8221;Formgjutning av Aluminium&#8221; style=&#8221;custom&#8221; custom_background=&#8221;#003164&#8243; custom_text=&#8221;#ffffff&#8221; shape=&#8221;square&#8221; align=&#8221;right&#8221; link=&#8221;url:https%3A%2F%2Fwww.abflt.com%2Fsv%2Ftjanster%2Fhogtrycksgjutning-av-aluminium-hos-abflt%2F&#8221;][\/vc_column][vc_column width=&#8221;1\/3&#8243;][vc_btn title=&#8221;Multispindelmaskiner&#8221; style=&#8221;custom&#8221; custom_background=&#8221;#003164&#8243; custom_text=&#8221;#ffffff&#8221; shape=&#8221;square&#8221; link=&#8221;url:https%3A%2F%2Fwww.abflt.com%2Fsv%2Ftjanster%2Fmultispindelmaskinstillverkning%2F&#8221;][\/vc_column][vc_column width=&#8221;1\/3&#8243;][vc_btn title=&#8221;Andra tj\u00e4nster&#8221; style=&#8221;custom&#8221; custom_background=&#8221;#003164&#8243; custom_text=&#8221;#ffffff&#8221; shape=&#8221;square&#8221; align=&#8221;left&#8221; link=&#8221;url:https%3A%2F%2Fwww.abflt.com%2Fsv%2Ftjanster%2Fovriga-tjanster%2F&#8221;][\/vc_column][\/vc_row][vc_row full_width=&#8221;stretch_row&#8221; css=&#8221;.vc_custom_1438221428110{margin-bottom: 0px !important;padding-top: 30px !important;padding-bottom: 30px !important;background-color: #003164 !important;}&#8221; el_id=&#8221;home_quote&#8221; el_class=&#8221;home_quote&#8221;][vc_column width=&#8221;5\/6&#8243;][vc_custom_heading text=&#8221;F\u00f6rutom att leverera v\u00e5ra produkter str\u00e4var vi efter att se till att det inte finns n\u00e5gra fel i produktionsprocessen&#8221; font_container=&#8221;tag:div|font_size:24|text_align:left|color:%23ffffff|line_height:35px&#8221; use_theme_fonts=&#8221;yes&#8221; el_class=&#8221;home_quote_txt&#8221;][\/vc_column][vc_column width=&#8221;1\/6&#8243;][vc_btn title=&#8221;KONTAKTA OSS&#8221; style=&#8221;outline&#8221; shape=&#8221;square&#8221; size=&#8221;sm&#8221; align=&#8221;right&#8221; el_class=&#8221;home_quote_btn&#8221; link=&#8221;url:https%3A%2F%2Fwww.abflt.com%2Fsv%2Fkontakt%2F|title:Kontakt||&#8221; css=&#8221;.vc_custom_1586253790312{margin-top: 10px !important;}&#8221;][\/vc_column][\/vc_row]<\/p>\n","protected":false},"excerpt":{"rendered":"<p>[vc_row][vc_column width=&#8221;1\/6&#8243;][\/vc_column][vc_column width=&#8221;2\/3&#8243;][vc_row_inner css=&#8221;.vc_custom_1583601987450{margin-bottom: 50px !important;}&#8221;][vc_column_inner][vc_custom_heading text=&#8221;CNC-fr\u00e4sning &amp; svarvning&#8221; font_container=&#8221;tag:p|font_size:20|text_align:left|color:%23003164|line_height:30px&#8221; use_theme_fonts=&#8221;yes&#8221;][vc_column_text]En av f\u00f6retagets grundtj\u00e4nster \u00a0\u00e4r CNC-fr\u00e4sning &amp; svarvning. ABF LT [&hellip;]<\/p>\n","protected":false},"author":1,"featured_media":2160,"parent":2454,"menu_order":0,"comment_status":"open","ping_status":"open","template":"","meta":{"content-type":"","footnotes":""},"class_list":["post-2461","page","type-page","status-publish","has-post-thumbnail","hentry"],"yoast_head":"<!-- This site is optimized with the Yoast SEO plugin v26.0 - https:\/\/yoast.com\/wordpress\/plugins\/seo\/ -->\n<title>P\u00e5litlig leverant\u00f6r av CNC-fr\u00e4sning &amp; svarvning i Europa - ABF LT<\/title>\n<meta name=\"description\" content=\"ABF LT \u00e4r en av de st\u00f6rsta leverant\u00f6rerna av formgjutning och CNC CNC bearbetning i Baltikum. Med utm\u00e4rkt kvalitet och smidiga leveranser.\" \/>\n<meta name=\"robots\" content=\"index, follow, max-snippet:-1, max-image-preview:large, max-video-preview:-1\" \/>\n<link rel=\"canonical\" href=\"https:\/\/www.abflt.com\/sv\/tjanster\/cnc-frasningsleverantorer-i-eu\/\" \/>\n<meta property=\"og:locale\" content=\"sv_SE\" \/>\n<meta property=\"og:type\" content=\"article\" \/>\n<meta property=\"og:title\" content=\"P\u00e5litlig leverant\u00f6r av CNC-fr\u00e4sning &amp; svarvning i Europa - ABF LT\" \/>\n<meta property=\"og:description\" content=\"ABF LT \u00e4r en av de st\u00f6rsta leverant\u00f6rerna av formgjutning och CNC CNC bearbetning i Baltikum. Med utm\u00e4rkt kvalitet och smidiga leveranser.\" \/>\n<meta property=\"og:url\" content=\"https:\/\/www.abflt.com\/sv\/tjanster\/cnc-frasningsleverantorer-i-eu\/\" \/>\n<meta property=\"og:site_name\" content=\"ABF LT\" \/>\n<meta property=\"article:publisher\" content=\"https:\/\/www.facebook.com\/abflt\" \/>\n<meta property=\"article:modified_time\" content=\"2021-06-08T09:41:05+00:00\" \/>\n<meta property=\"og:image\" content=\"https:\/\/www.abflt.com\/wp-content\/uploads\/2020\/03\/abflt_cnc_frezavimas_ir_tekinimas.png\" \/>\n\t<meta property=\"og:image:width\" content=\"500\" \/>\n\t<meta property=\"og:image:height\" content=\"281\" \/>\n\t<meta property=\"og:image:type\" content=\"image\/png\" \/>\n<meta name=\"twitter:card\" content=\"summary_large_image\" \/>\n<meta name=\"twitter:label1\" content=\"Ber\u00e4knad l\u00e4stid\" \/>\n\t<meta name=\"twitter:data1\" content=\"2 minuter\" \/>\n<script type=\"application\/ld+json\" class=\"yoast-schema-graph\">{\"@context\":\"https:\/\/schema.org\",\"@graph\":[{\"@type\":\"WebPage\",\"@id\":\"https:\/\/www.abflt.com\/sv\/tjanster\/cnc-frasningsleverantorer-i-eu\/\",\"url\":\"https:\/\/www.abflt.com\/sv\/tjanster\/cnc-frasningsleverantorer-i-eu\/\",\"name\":\"P\u00e5litlig leverant\u00f6r av CNC-fr\u00e4sning & svarvning i Europa - ABF LT\",\"isPartOf\":{\"@id\":\"https:\/\/www.abflt.com\/sv\/#website\"},\"primaryImageOfPage\":{\"@id\":\"https:\/\/www.abflt.com\/sv\/tjanster\/cnc-frasningsleverantorer-i-eu\/#primaryimage\"},\"image\":{\"@id\":\"https:\/\/www.abflt.com\/sv\/tjanster\/cnc-frasningsleverantorer-i-eu\/#primaryimage\"},\"thumbnailUrl\":\"https:\/\/www.abflt.com\/wp-content\/uploads\/2020\/03\/abflt_cnc_frezavimas_ir_tekinimas.png\",\"datePublished\":\"2020-02-23T10:49:39+00:00\",\"dateModified\":\"2021-06-08T09:41:05+00:00\",\"description\":\"ABF LT \u00e4r en av de st\u00f6rsta leverant\u00f6rerna av formgjutning och CNC CNC bearbetning i Baltikum. Med utm\u00e4rkt kvalitet och smidiga leveranser.\",\"breadcrumb\":{\"@id\":\"https:\/\/www.abflt.com\/sv\/tjanster\/cnc-frasningsleverantorer-i-eu\/#breadcrumb\"},\"inLanguage\":\"sv-SE\",\"potentialAction\":[{\"@type\":\"ReadAction\",\"target\":[\"https:\/\/www.abflt.com\/sv\/tjanster\/cnc-frasningsleverantorer-i-eu\/\"]}]},{\"@type\":\"ImageObject\",\"inLanguage\":\"sv-SE\",\"@id\":\"https:\/\/www.abflt.com\/sv\/tjanster\/cnc-frasningsleverantorer-i-eu\/#primaryimage\",\"url\":\"https:\/\/www.abflt.com\/wp-content\/uploads\/2020\/03\/abflt_cnc_frezavimas_ir_tekinimas.png\",\"contentUrl\":\"https:\/\/www.abflt.com\/wp-content\/uploads\/2020\/03\/abflt_cnc_frezavimas_ir_tekinimas.png\",\"width\":500,\"height\":281,\"caption\":\"ABFLT CNC turning and milling. CNC frezavimas ir tekinimas\"},{\"@type\":\"BreadcrumbList\",\"@id\":\"https:\/\/www.abflt.com\/sv\/tjanster\/cnc-frasningsleverantorer-i-eu\/#breadcrumb\",\"itemListElement\":[{\"@type\":\"ListItem\",\"position\":1,\"name\":\"Home\",\"item\":\"https:\/\/www.abflt.com\/sv\/\"},{\"@type\":\"ListItem\",\"position\":2,\"name\":\"Tj\u00e4nster\",\"item\":\"https:\/\/www.abflt.com\/sv\/tjanster\/\"},{\"@type\":\"ListItem\",\"position\":3,\"name\":\"CNC svarvning och fr\u00e4sning\"}]},{\"@type\":\"WebSite\",\"@id\":\"https:\/\/www.abflt.com\/sv\/#website\",\"url\":\"https:\/\/www.abflt.com\/sv\/\",\"name\":\"ABF LT\",\"description\":\"Aluminium die casting and CNC machining company\",\"publisher\":{\"@id\":\"https:\/\/www.abflt.com\/sv\/#organization\"},\"potentialAction\":[{\"@type\":\"SearchAction\",\"target\":{\"@type\":\"EntryPoint\",\"urlTemplate\":\"https:\/\/www.abflt.com\/sv\/?s={search_term_string}\"},\"query-input\":{\"@type\":\"PropertyValueSpecification\",\"valueRequired\":true,\"valueName\":\"search_term_string\"}}],\"inLanguage\":\"sv-SE\"},{\"@type\":\"Organization\",\"@id\":\"https:\/\/www.abflt.com\/sv\/#organization\",\"name\":\"ABF LT\",\"url\":\"https:\/\/www.abflt.com\/sv\/\",\"logo\":{\"@type\":\"ImageObject\",\"inLanguage\":\"sv-SE\",\"@id\":\"https:\/\/www.abflt.com\/sv\/#\/schema\/logo\/image\/\",\"url\":\"https:\/\/www.abflt.com\/wp-content\/uploads\/2020\/02\/logo2.png\",\"contentUrl\":\"https:\/\/www.abflt.com\/wp-content\/uploads\/2020\/02\/logo2.png\",\"width\":113,\"height\":113,\"caption\":\"ABF LT\"},\"image\":{\"@id\":\"https:\/\/www.abflt.com\/sv\/#\/schema\/logo\/image\/\"},\"sameAs\":[\"https:\/\/www.facebook.com\/abflt\",\"https:\/\/www.linkedin.com\/company\/abf-lt\",\"https:\/\/www.youtube.com\/channel\/UCVbHUYkMrwmW4YZZRzhxH9w\"]}]}<\/script>\n<!-- \/ Yoast SEO plugin. -->","yoast_head_json":{"title":"P\u00e5litlig leverant\u00f6r av CNC-fr\u00e4sning & svarvning i Europa - ABF LT","description":"ABF LT \u00e4r en av de st\u00f6rsta leverant\u00f6rerna av formgjutning och CNC CNC bearbetning i Baltikum. Med utm\u00e4rkt kvalitet och smidiga leveranser.","robots":{"index":"index","follow":"follow","max-snippet":"max-snippet:-1","max-image-preview":"max-image-preview:large","max-video-preview":"max-video-preview:-1"},"canonical":"https:\/\/www.abflt.com\/sv\/tjanster\/cnc-frasningsleverantorer-i-eu\/","og_locale":"sv_SE","og_type":"article","og_title":"P\u00e5litlig leverant\u00f6r av CNC-fr\u00e4sning & svarvning i Europa - ABF LT","og_description":"ABF LT \u00e4r en av de st\u00f6rsta leverant\u00f6rerna av formgjutning och CNC CNC bearbetning i Baltikum. Med utm\u00e4rkt kvalitet och smidiga leveranser.","og_url":"https:\/\/www.abflt.com\/sv\/tjanster\/cnc-frasningsleverantorer-i-eu\/","og_site_name":"ABF LT","article_publisher":"https:\/\/www.facebook.com\/abflt","article_modified_time":"2021-06-08T09:41:05+00:00","og_image":[{"width":500,"height":281,"url":"https:\/\/www.abflt.com\/wp-content\/uploads\/2020\/03\/abflt_cnc_frezavimas_ir_tekinimas.png","type":"image\/png"}],"twitter_card":"summary_large_image","twitter_misc":{"Ber\u00e4knad l\u00e4stid":"2 minuter"},"schema":{"@context":"https:\/\/schema.org","@graph":[{"@type":"WebPage","@id":"https:\/\/www.abflt.com\/sv\/tjanster\/cnc-frasningsleverantorer-i-eu\/","url":"https:\/\/www.abflt.com\/sv\/tjanster\/cnc-frasningsleverantorer-i-eu\/","name":"P\u00e5litlig leverant\u00f6r av CNC-fr\u00e4sning & svarvning i Europa - ABF LT","isPartOf":{"@id":"https:\/\/www.abflt.com\/sv\/#website"},"primaryImageOfPage":{"@id":"https:\/\/www.abflt.com\/sv\/tjanster\/cnc-frasningsleverantorer-i-eu\/#primaryimage"},"image":{"@id":"https:\/\/www.abflt.com\/sv\/tjanster\/cnc-frasningsleverantorer-i-eu\/#primaryimage"},"thumbnailUrl":"https:\/\/www.abflt.com\/wp-content\/uploads\/2020\/03\/abflt_cnc_frezavimas_ir_tekinimas.png","datePublished":"2020-02-23T10:49:39+00:00","dateModified":"2021-06-08T09:41:05+00:00","description":"ABF LT \u00e4r en av de st\u00f6rsta leverant\u00f6rerna av formgjutning och CNC CNC bearbetning i Baltikum. Med utm\u00e4rkt kvalitet och smidiga leveranser.","breadcrumb":{"@id":"https:\/\/www.abflt.com\/sv\/tjanster\/cnc-frasningsleverantorer-i-eu\/#breadcrumb"},"inLanguage":"sv-SE","potentialAction":[{"@type":"ReadAction","target":["https:\/\/www.abflt.com\/sv\/tjanster\/cnc-frasningsleverantorer-i-eu\/"]}]},{"@type":"ImageObject","inLanguage":"sv-SE","@id":"https:\/\/www.abflt.com\/sv\/tjanster\/cnc-frasningsleverantorer-i-eu\/#primaryimage","url":"https:\/\/www.abflt.com\/wp-content\/uploads\/2020\/03\/abflt_cnc_frezavimas_ir_tekinimas.png","contentUrl":"https:\/\/www.abflt.com\/wp-content\/uploads\/2020\/03\/abflt_cnc_frezavimas_ir_tekinimas.png","width":500,"height":281,"caption":"ABFLT CNC turning and milling. CNC frezavimas ir tekinimas"},{"@type":"BreadcrumbList","@id":"https:\/\/www.abflt.com\/sv\/tjanster\/cnc-frasningsleverantorer-i-eu\/#breadcrumb","itemListElement":[{"@type":"ListItem","position":1,"name":"Home","item":"https:\/\/www.abflt.com\/sv\/"},{"@type":"ListItem","position":2,"name":"Tj\u00e4nster","item":"https:\/\/www.abflt.com\/sv\/tjanster\/"},{"@type":"ListItem","position":3,"name":"CNC svarvning och fr\u00e4sning"}]},{"@type":"WebSite","@id":"https:\/\/www.abflt.com\/sv\/#website","url":"https:\/\/www.abflt.com\/sv\/","name":"ABF LT","description":"Aluminium die casting and CNC machining company","publisher":{"@id":"https:\/\/www.abflt.com\/sv\/#organization"},"potentialAction":[{"@type":"SearchAction","target":{"@type":"EntryPoint","urlTemplate":"https:\/\/www.abflt.com\/sv\/?s={search_term_string}"},"query-input":{"@type":"PropertyValueSpecification","valueRequired":true,"valueName":"search_term_string"}}],"inLanguage":"sv-SE"},{"@type":"Organization","@id":"https:\/\/www.abflt.com\/sv\/#organization","name":"ABF LT","url":"https:\/\/www.abflt.com\/sv\/","logo":{"@type":"ImageObject","inLanguage":"sv-SE","@id":"https:\/\/www.abflt.com\/sv\/#\/schema\/logo\/image\/","url":"https:\/\/www.abflt.com\/wp-content\/uploads\/2020\/02\/logo2.png","contentUrl":"https:\/\/www.abflt.com\/wp-content\/uploads\/2020\/02\/logo2.png","width":113,"height":113,"caption":"ABF LT"},"image":{"@id":"https:\/\/www.abflt.com\/sv\/#\/schema\/logo\/image\/"},"sameAs":["https:\/\/www.facebook.com\/abflt","https:\/\/www.linkedin.com\/company\/abf-lt","https:\/\/www.youtube.com\/channel\/UCVbHUYkMrwmW4YZZRzhxH9w"]}]}},"_links":{"self":[{"href":"https:\/\/www.abflt.com\/sv\/wp-json\/wp\/v2\/pages\/2461","targetHints":{"allow":["GET"]}}],"collection":[{"href":"https:\/\/www.abflt.com\/sv\/wp-json\/wp\/v2\/pages"}],"about":[{"href":"https:\/\/www.abflt.com\/sv\/wp-json\/wp\/v2\/types\/page"}],"author":[{"embeddable":true,"href":"https:\/\/www.abflt.com\/sv\/wp-json\/wp\/v2\/users\/1"}],"replies":[{"embeddable":true,"href":"https:\/\/www.abflt.com\/sv\/wp-json\/wp\/v2\/comments?post=2461"}],"version-history":[{"count":14,"href":"https:\/\/www.abflt.com\/sv\/wp-json\/wp\/v2\/pages\/2461\/revisions"}],"predecessor-version":[{"id":3452,"href":"https:\/\/www.abflt.com\/sv\/wp-json\/wp\/v2\/pages\/2461\/revisions\/3452"}],"up":[{"embeddable":true,"href":"https:\/\/www.abflt.com\/sv\/wp-json\/wp\/v2\/pages\/2454"}],"wp:featuredmedia":[{"embeddable":true,"href":"https:\/\/www.abflt.com\/sv\/wp-json\/wp\/v2\/media\/2160"}],"wp:attachment":[{"href":"https:\/\/www.abflt.com\/sv\/wp-json\/wp\/v2\/media?parent=2461"}],"curies":[{"name":"wp","href":"https:\/\/api.w.org\/{rel}","templated":true}]}}