{"id":2469,"date":"2020-02-23T11:08:31","date_gmt":"2020-02-23T11:08:31","guid":{"rendered":"http:\/\/developers.lucky-bank.com\/abflt\/tjanster\/kiti-darbai\/"},"modified":"2024-01-30T15:50:36","modified_gmt":"2024-01-30T12:50:36","slug":"ovriga-tjanster","status":"publish","type":"page","link":"https:\/\/www.abflt.com\/sv\/tjanster\/ovriga-tjanster\/","title":{"rendered":"\u00d6vriga tj\u00e4nster"},"content":{"rendered":"<p>[vc_row css=&#8221;.vc_custom_1583602293312{margin-bottom: 40px !important;}&#8221;][vc_column width=&#8221;1\/6&#8243;][\/vc_column][vc_column width=&#8221;2\/3&#8243;][vc_custom_heading text=&#8221;ABF LT har ett brett utbud av tekniska f\u00f6rm\u00e5gor och \u00e4r flexibel inom metallbearbetning och kan d\u00e4rf\u00f6r m\u00f6ta v\u00e5ra kunders st\u00e4ndigt f\u00f6r\u00e4nderliga behov.<\/p>\n<p>Vi tillhandah\u00e5ller robotslipning och polering av aluminiumkomponenter, svetsning av st\u00e5l- och aluminiumdelar, kulbl\u00e4string, n\u00e5l- och lasergravering och andra arbeten.&#8221; font_container=&#8221;tag:p|font_size:15|text_align:left|color:%23999999&#8243; use_theme_fonts=&#8221;yes&#8221; css=&#8221;.vc_custom_1706619034278{margin-bottom: 20px !important;}&#8221;][vc_row_inner disable_element=&#8221;yes&#8221;][vc_column_inner][vc_gallery type=&#8221;nivo&#8221; interval=&#8221;3&#8243; img_size=&#8221;full&#8221; css=&#8221;.vc_custom_1583602806204{padding-top: 30px !important;}&#8221;][\/vc_column_inner][\/vc_row_inner][\/vc_column][vc_column width=&#8221;1\/6&#8243;][\/vc_column][\/vc_row][vc_row full_width=&#8221;stretch_row&#8221; css=&#8221;.vc_custom_1438221428110{margin-bottom: 0px !important;padding-top: 30px !important;padding-bottom: 30px !important;background-color: #003164 !important;}&#8221; el_id=&#8221;home_quote&#8221; el_class=&#8221;home_quote&#8221;][vc_column width=&#8221;3\/4&#8243;][vc_custom_heading text=&#8221;F\u00f6rutom att leverera v\u00e5ra produkter str\u00e4var vi efter att se till att det inte finns n\u00e5gra fel i produktionsprocessen&#8221; font_container=&#8221;tag:div|font_size:24|text_align:left|color:%23ffffff|line_height:35px&#8221; use_theme_fonts=&#8221;yes&#8221; el_class=&#8221;home_quote_txt&#8221;][\/vc_column][vc_column width=&#8221;1\/4&#8243;][vc_btn title=&#8221;KONTAKTA OSS&#8221; style=&#8221;outline&#8221; shape=&#8221;square&#8221; size=&#8221;sm&#8221; align=&#8221;right&#8221; el_class=&#8221;home_quote_btn&#8221; link=&#8221;url:https%3A%2F%2Fwww.abflt.com%2Fsv%2Fkontakt%2F|title:Kontakt||&#8221; css=&#8221;.vc_custom_1586253812854{margin-top: 10px !important;}&#8221;][\/vc_column][\/vc_row]<\/p>\n","protected":false},"excerpt":{"rendered":"<p>[vc_row css=&#8221;.vc_custom_1583602293312{margin-bottom: 40px !important;}&#8221;][vc_column width=&#8221;1\/6&#8243;][\/vc_column][vc_column width=&#8221;2\/3&#8243;][vc_custom_heading text=&#8221;ABF LT har ett brett utbud av tekniska f\u00f6rm\u00e5gor och \u00e4r flexibel inom metallbearbetning [&hellip;]<\/p>\n","protected":false},"author":1,"featured_media":2164,"parent":2454,"menu_order":0,"comment_status":"open","ping_status":"open","template":"","meta":{"content-type":"","footnotes":""},"class_list":["post-2469","page","type-page","status-publish","has-post-thumbnail","hentry"],"yoast_head":"<!-- This site is optimized with the Yoast SEO plugin v26.0 - https:\/\/yoast.com\/wordpress\/plugins\/seo\/ -->\n<title>\u00d6vriga tj\u00e4nster - ABF LT<\/title>\n<meta name=\"robots\" content=\"index, follow, max-snippet:-1, max-image-preview:large, max-video-preview:-1\" \/>\n<link rel=\"canonical\" href=\"https:\/\/www.abflt.com\/sv\/tjanster\/ovriga-tjanster\/\" \/>\n<meta property=\"og:locale\" content=\"sv_SE\" \/>\n<meta property=\"og:type\" content=\"article\" \/>\n<meta property=\"og:title\" content=\"\u00d6vriga tj\u00e4nster - ABF LT\" \/>\n<meta property=\"og:description\" content=\"[vc_row css=&#8221;.vc_custom_1583602293312{margin-bottom: 40px !important;}&#8221;][vc_column width=&#8221;1\/6&#8243;][\/vc_column][vc_column width=&#8221;2\/3&#8243;][vc_custom_heading text=&#8221;ABF LT har ett brett utbud av tekniska f\u00f6rm\u00e5gor och \u00e4r flexibel inom metallbearbetning [&hellip;]\" \/>\n<meta property=\"og:url\" content=\"https:\/\/www.abflt.com\/sv\/tjanster\/ovriga-tjanster\/\" \/>\n<meta property=\"og:site_name\" content=\"ABF LT\" \/>\n<meta property=\"article:publisher\" content=\"https:\/\/www.facebook.com\/abflt\" \/>\n<meta property=\"article:modified_time\" content=\"2024-01-30T12:50:36+00:00\" \/>\n<meta property=\"og:image\" content=\"https:\/\/www.abflt.com\/wp-content\/uploads\/2020\/03\/abflt_kiti.png\" \/>\n\t<meta property=\"og:image:width\" content=\"500\" \/>\n\t<meta property=\"og:image:height\" content=\"281\" \/>\n\t<meta property=\"og:image:type\" content=\"image\/png\" \/>\n<meta name=\"twitter:card\" content=\"summary_large_image\" \/>\n<meta name=\"twitter:label1\" content=\"Ber\u00e4knad l\u00e4stid\" \/>\n\t<meta name=\"twitter:data1\" content=\"1 minut\" \/>\n<script type=\"application\/ld+json\" class=\"yoast-schema-graph\">{\"@context\":\"https:\/\/schema.org\",\"@graph\":[{\"@type\":\"WebPage\",\"@id\":\"https:\/\/www.abflt.com\/sv\/tjanster\/ovriga-tjanster\/\",\"url\":\"https:\/\/www.abflt.com\/sv\/tjanster\/ovriga-tjanster\/\",\"name\":\"\u00d6vriga tj\u00e4nster - ABF LT\",\"isPartOf\":{\"@id\":\"https:\/\/www.abflt.com\/sv\/#website\"},\"primaryImageOfPage\":{\"@id\":\"https:\/\/www.abflt.com\/sv\/tjanster\/ovriga-tjanster\/#primaryimage\"},\"image\":{\"@id\":\"https:\/\/www.abflt.com\/sv\/tjanster\/ovriga-tjanster\/#primaryimage\"},\"thumbnailUrl\":\"https:\/\/www.abflt.com\/wp-content\/uploads\/2020\/03\/abflt_kiti.png\",\"datePublished\":\"2020-02-23T11:08:31+00:00\",\"dateModified\":\"2024-01-30T12:50:36+00:00\",\"breadcrumb\":{\"@id\":\"https:\/\/www.abflt.com\/sv\/tjanster\/ovriga-tjanster\/#breadcrumb\"},\"inLanguage\":\"sv-SE\",\"potentialAction\":[{\"@type\":\"ReadAction\",\"target\":[\"https:\/\/www.abflt.com\/sv\/tjanster\/ovriga-tjanster\/\"]}]},{\"@type\":\"ImageObject\",\"inLanguage\":\"sv-SE\",\"@id\":\"https:\/\/www.abflt.com\/sv\/tjanster\/ovriga-tjanster\/#primaryimage\",\"url\":\"https:\/\/www.abflt.com\/wp-content\/uploads\/2020\/03\/abflt_kiti.png\",\"contentUrl\":\"https:\/\/www.abflt.com\/wp-content\/uploads\/2020\/03\/abflt_kiti.png\",\"width\":500,\"height\":281},{\"@type\":\"BreadcrumbList\",\"@id\":\"https:\/\/www.abflt.com\/sv\/tjanster\/ovriga-tjanster\/#breadcrumb\",\"itemListElement\":[{\"@type\":\"ListItem\",\"position\":1,\"name\":\"Home\",\"item\":\"https:\/\/www.abflt.com\/sv\/\"},{\"@type\":\"ListItem\",\"position\":2,\"name\":\"Tj\u00e4nster\",\"item\":\"https:\/\/www.abflt.com\/sv\/tjanster\/\"},{\"@type\":\"ListItem\",\"position\":3,\"name\":\"\u00d6vriga tj\u00e4nster\"}]},{\"@type\":\"WebSite\",\"@id\":\"https:\/\/www.abflt.com\/sv\/#website\",\"url\":\"https:\/\/www.abflt.com\/sv\/\",\"name\":\"ABF LT\",\"description\":\"Aluminium die casting and CNC machining company\",\"publisher\":{\"@id\":\"https:\/\/www.abflt.com\/sv\/#organization\"},\"potentialAction\":[{\"@type\":\"SearchAction\",\"target\":{\"@type\":\"EntryPoint\",\"urlTemplate\":\"https:\/\/www.abflt.com\/sv\/?s={search_term_string}\"},\"query-input\":{\"@type\":\"PropertyValueSpecification\",\"valueRequired\":true,\"valueName\":\"search_term_string\"}}],\"inLanguage\":\"sv-SE\"},{\"@type\":\"Organization\",\"@id\":\"https:\/\/www.abflt.com\/sv\/#organization\",\"name\":\"ABF LT\",\"url\":\"https:\/\/www.abflt.com\/sv\/\",\"logo\":{\"@type\":\"ImageObject\",\"inLanguage\":\"sv-SE\",\"@id\":\"https:\/\/www.abflt.com\/sv\/#\/schema\/logo\/image\/\",\"url\":\"https:\/\/www.abflt.com\/wp-content\/uploads\/2020\/02\/logo2.png\",\"contentUrl\":\"https:\/\/www.abflt.com\/wp-content\/uploads\/2020\/02\/logo2.png\",\"width\":113,\"height\":113,\"caption\":\"ABF LT\"},\"image\":{\"@id\":\"https:\/\/www.abflt.com\/sv\/#\/schema\/logo\/image\/\"},\"sameAs\":[\"https:\/\/www.facebook.com\/abflt\",\"https:\/\/www.linkedin.com\/company\/abf-lt\",\"https:\/\/www.youtube.com\/channel\/UCVbHUYkMrwmW4YZZRzhxH9w\"]}]}<\/script>\n<!-- \/ Yoast SEO plugin. -->","yoast_head_json":{"title":"\u00d6vriga tj\u00e4nster - ABF LT","robots":{"index":"index","follow":"follow","max-snippet":"max-snippet:-1","max-image-preview":"max-image-preview:large","max-video-preview":"max-video-preview:-1"},"canonical":"https:\/\/www.abflt.com\/sv\/tjanster\/ovriga-tjanster\/","og_locale":"sv_SE","og_type":"article","og_title":"\u00d6vriga tj\u00e4nster - ABF LT","og_description":"[vc_row css=&#8221;.vc_custom_1583602293312{margin-bottom: 40px !important;}&#8221;][vc_column width=&#8221;1\/6&#8243;][\/vc_column][vc_column width=&#8221;2\/3&#8243;][vc_custom_heading text=&#8221;ABF LT har ett brett utbud av tekniska f\u00f6rm\u00e5gor och \u00e4r flexibel inom metallbearbetning [&hellip;]","og_url":"https:\/\/www.abflt.com\/sv\/tjanster\/ovriga-tjanster\/","og_site_name":"ABF LT","article_publisher":"https:\/\/www.facebook.com\/abflt","article_modified_time":"2024-01-30T12:50:36+00:00","og_image":[{"width":500,"height":281,"url":"https:\/\/www.abflt.com\/wp-content\/uploads\/2020\/03\/abflt_kiti.png","type":"image\/png"}],"twitter_card":"summary_large_image","twitter_misc":{"Ber\u00e4knad l\u00e4stid":"1 minut"},"schema":{"@context":"https:\/\/schema.org","@graph":[{"@type":"WebPage","@id":"https:\/\/www.abflt.com\/sv\/tjanster\/ovriga-tjanster\/","url":"https:\/\/www.abflt.com\/sv\/tjanster\/ovriga-tjanster\/","name":"\u00d6vriga tj\u00e4nster - ABF LT","isPartOf":{"@id":"https:\/\/www.abflt.com\/sv\/#website"},"primaryImageOfPage":{"@id":"https:\/\/www.abflt.com\/sv\/tjanster\/ovriga-tjanster\/#primaryimage"},"image":{"@id":"https:\/\/www.abflt.com\/sv\/tjanster\/ovriga-tjanster\/#primaryimage"},"thumbnailUrl":"https:\/\/www.abflt.com\/wp-content\/uploads\/2020\/03\/abflt_kiti.png","datePublished":"2020-02-23T11:08:31+00:00","dateModified":"2024-01-30T12:50:36+00:00","breadcrumb":{"@id":"https:\/\/www.abflt.com\/sv\/tjanster\/ovriga-tjanster\/#breadcrumb"},"inLanguage":"sv-SE","potentialAction":[{"@type":"ReadAction","target":["https:\/\/www.abflt.com\/sv\/tjanster\/ovriga-tjanster\/"]}]},{"@type":"ImageObject","inLanguage":"sv-SE","@id":"https:\/\/www.abflt.com\/sv\/tjanster\/ovriga-tjanster\/#primaryimage","url":"https:\/\/www.abflt.com\/wp-content\/uploads\/2020\/03\/abflt_kiti.png","contentUrl":"https:\/\/www.abflt.com\/wp-content\/uploads\/2020\/03\/abflt_kiti.png","width":500,"height":281},{"@type":"BreadcrumbList","@id":"https:\/\/www.abflt.com\/sv\/tjanster\/ovriga-tjanster\/#breadcrumb","itemListElement":[{"@type":"ListItem","position":1,"name":"Home","item":"https:\/\/www.abflt.com\/sv\/"},{"@type":"ListItem","position":2,"name":"Tj\u00e4nster","item":"https:\/\/www.abflt.com\/sv\/tjanster\/"},{"@type":"ListItem","position":3,"name":"\u00d6vriga tj\u00e4nster"}]},{"@type":"WebSite","@id":"https:\/\/www.abflt.com\/sv\/#website","url":"https:\/\/www.abflt.com\/sv\/","name":"ABF LT","description":"Aluminium die casting and CNC machining company","publisher":{"@id":"https:\/\/www.abflt.com\/sv\/#organization"},"potentialAction":[{"@type":"SearchAction","target":{"@type":"EntryPoint","urlTemplate":"https:\/\/www.abflt.com\/sv\/?s={search_term_string}"},"query-input":{"@type":"PropertyValueSpecification","valueRequired":true,"valueName":"search_term_string"}}],"inLanguage":"sv-SE"},{"@type":"Organization","@id":"https:\/\/www.abflt.com\/sv\/#organization","name":"ABF LT","url":"https:\/\/www.abflt.com\/sv\/","logo":{"@type":"ImageObject","inLanguage":"sv-SE","@id":"https:\/\/www.abflt.com\/sv\/#\/schema\/logo\/image\/","url":"https:\/\/www.abflt.com\/wp-content\/uploads\/2020\/02\/logo2.png","contentUrl":"https:\/\/www.abflt.com\/wp-content\/uploads\/2020\/02\/logo2.png","width":113,"height":113,"caption":"ABF LT"},"image":{"@id":"https:\/\/www.abflt.com\/sv\/#\/schema\/logo\/image\/"},"sameAs":["https:\/\/www.facebook.com\/abflt","https:\/\/www.linkedin.com\/company\/abf-lt","https:\/\/www.youtube.com\/channel\/UCVbHUYkMrwmW4YZZRzhxH9w"]}]}},"_links":{"self":[{"href":"https:\/\/www.abflt.com\/sv\/wp-json\/wp\/v2\/pages\/2469","targetHints":{"allow":["GET"]}}],"collection":[{"href":"https:\/\/www.abflt.com\/sv\/wp-json\/wp\/v2\/pages"}],"about":[{"href":"https:\/\/www.abflt.com\/sv\/wp-json\/wp\/v2\/types\/page"}],"author":[{"embeddable":true,"href":"https:\/\/www.abflt.com\/sv\/wp-json\/wp\/v2\/users\/1"}],"replies":[{"embeddable":true,"href":"https:\/\/www.abflt.com\/sv\/wp-json\/wp\/v2\/comments?post=2469"}],"version-history":[{"count":4,"href":"https:\/\/www.abflt.com\/sv\/wp-json\/wp\/v2\/pages\/2469\/revisions"}],"predecessor-version":[{"id":3767,"href":"https:\/\/www.abflt.com\/sv\/wp-json\/wp\/v2\/pages\/2469\/revisions\/3767"}],"up":[{"embeddable":true,"href":"https:\/\/www.abflt.com\/sv\/wp-json\/wp\/v2\/pages\/2454"}],"wp:featuredmedia":[{"embeddable":true,"href":"https:\/\/www.abflt.com\/sv\/wp-json\/wp\/v2\/media\/2164"}],"wp:attachment":[{"href":"https:\/\/www.abflt.com\/sv\/wp-json\/wp\/v2\/media?parent=2469"}],"curies":[{"name":"wp","href":"https:\/\/api.w.org\/{rel}","templated":true}]}}