{"id":2483,"date":"2015-08-05T09:22:45","date_gmt":"2015-08-05T09:22:45","guid":{"rendered":"http:\/\/developers.lucky-bank.com\/abflt\/quality\/"},"modified":"2024-01-31T15:34:02","modified_gmt":"2024-01-31T12:34:02","slug":"abflt-kvalitetspolicy","status":"publish","type":"page","link":"https:\/\/www.abflt.com\/sv\/abflt-kvalitetspolicy\/","title":{"rendered":"ABF LT Kvalitetspolicy"},"content":{"rendered":"<p>[vc_row][vc_column width=&#8221;1\/6&#8243; css=&#8221;.vc_custom_1623066461907{padding-top: 90px !important;}&#8221;][vc_single_image image=&#8221;3792&#8243; img_size=&#8221;medium&#8221; onclick=&#8221;link_image&#8221; css=&#8221;.vc_custom_1706704430694{padding-bottom: 20px !important;}&#8221;][vc_single_image image=&#8221;3796&#8243; img_size=&#8221;medium&#8221; onclick=&#8221;link_image&#8221; css=&#8221;.vc_custom_1706704440039{padding-bottom: 20px !important;}&#8221;][\/vc_column][vc_column width=&#8221;2\/3&#8243;][vc_custom_heading text=&#8221;ABF LT Kvalitetspolicy&#8221; font_container=&#8221;tag:div|font_size:26|text_align:left|color:%23003164|line_height:35px&#8221; use_theme_fonts=&#8221;yes&#8221; css=&#8221;.vc_custom_1623065964656{margin-bottom: 50px !important;}&#8221;][vc_row_inner css=&#8221;.vc_custom_1582626325385{margin-bottom: 40px !important;}&#8221;][vc_column_inner css=&#8221;.vc_custom_1438413867252{margin-bottom: 20px !important;}&#8221;][vc_column_text]<a href=\"https:\/\/www.abflt.com\/\">ABF LT<\/a> arbetar utifr\u00e5n grundid\u00e9n att marknaden st\u00e4ndigt f\u00f6rv\u00e4ntar sig st\u00e4ndigt f\u00f6rb\u00e4ttrade tj\u00e4nster. Vi arbetar d\u00e4rf\u00f6r f\u00f6r att f\u00f6rb\u00e4ttra v\u00e5ra tj\u00e4nster s\u00e5 att vi uppfyller v\u00e5ra kunders f\u00f6rv\u00e4ntningar och kan producera en slutprodukt som vi verkligen \u00e4r stolta \u00f6ver.<br \/>\nF\u00f6r att uppn\u00e5 detta har f\u00f6retaget implementerat ett kvalitetsledningssystem som f\u00f6ljer internationell standard f\u00f6r god marknadssed: ISO 9001: 2015. Detta omfattar \u00e4ven ett \u00e5tagande att uppfylla kundernas krav och \u00f6nskem\u00e5l, att l\u00e4ra sig fr\u00e5n kundernas feedback samt juridiska och regulatoriska krav. Dessutom arbetar f\u00f6retaget f\u00f6r st\u00e4ndig utveckling av sitt system i syfte att s\u00e4kerst\u00e4lla dess effektivitet.<\/p>\n<p>Vi tror att vi genom att erbjuda en utomordentlig <a href=\"https:\/\/www.abflt.com\/sv\/tjanster\/\">service<\/a> och produktkvalitet kommer uppn\u00e5 l\u00e5ngsiktig framg\u00e5ng och h\u00e5llbara f\u00f6rb\u00e4ttringar.<\/p>\n<p>All personal inom f\u00f6retaget ansvarar f\u00f6r att uppr\u00e4tth\u00e5lla <a href=\"https:\/\/www.abflt.com\/sv\/\">ABF LTs<\/a> kvalitetsl\u00f6fte i sitt arbete. F\u00f6retaget erbjuder d\u00e4rf\u00f6r internutbildning och kompetensutveckling och har etablerat ett system f\u00f6r att hj\u00e4lpa sin personal att uppn\u00e5 f\u00f6rv\u00e4ntad standard. Men \u00e4ven om vi st\u00e4ndigt str\u00e4var efter att producera produkter och tj\u00e4nster som vi kan vara stolta \u00f6ver m\u00e5ste vi ocks\u00e5 erk\u00e4nna att vi inte alltid lyckas uppfylla v\u00e5ra egna krav. Om en kund l\u00e4mnar ett klagom\u00e5l anstr\u00e4nger vi oss till det yttersta f\u00f6r att unders\u00f6ka klagom\u00e5let. Vi g\u00f6r alltid v\u00e5rt b\u00e4sta f\u00f6r att st\u00e4lla allt till r\u00e4tta efter sk\u00e4liga klagom\u00e5l.<\/p>\n<p>Den policy, organisation och de procedurer som kr\u00e4vs f\u00f6r att uppn\u00e5 \u00f6nskad standard \u00e5terfinns i <a href=\"https:\/\/www.abflt.com\/sv\/\">ABF LT<\/a> Kvalitetsledningssystem.<br \/>\nKvalitetsledningen ansvarar f\u00f6r att \u00f6vervaka kvalitetsledningssystemet. Kvalitetsledningen rapporterar regelbundet till Verkst\u00e4llande Direkt\u00f6r g\u00e4llande systemets implementering, status och effektivitet.<\/p>\n<p><a href=\"https:\/\/www.abflt.com\/\">ABF LTs<\/a> m\u00e5l finns beskrivna i f\u00f6retagets Aff\u00e4rsplan. M\u00e5let f\u00f6r legotillverkningen \u00e4r att utf\u00f6ra legoarbete utefter g\u00e4llande kontrakt till kundens bel\u00e5tenhet.<\/p>\n<p>F\u00f6retaget har valt det v\u00e4lk\u00e4nda och p\u00e5litliga \u00f6vervakningssystemet <a href=\"https:\/\/monitorerp.com\/?gclid=Cj0KCQjwvYSEBhDjARIsAJMn0lhO-VjKd2tmchWdHUZBpUC7Hx9oQ25benq9JIt1yKpJRAeBN8rWV_waAgMfEALw_wcB\">MONITOR ERP<\/a> f\u00f6r att \u00f6vervaka <a href=\"https:\/\/www.abflt.com\/sv\/\">ABF LTs<\/a> centralledning och tillverkning.<\/p>\n<p>Kvalitetskontroll utf\u00f6rs av skiftg\u00e5ende kvalitetsingenj\u00f6rer som utf\u00f6r kvalitetskontroll med hj\u00e4lp av certifierade m\u00e4tinstrument och CMM-utrustning. Som ett resultat av detta kan <a href=\"https:\/\/www.abflt.com\/sv\/\">ABF LT<\/a> anpassa sig till de st\u00e4ndigt \u00f6kande kvalitetskraven p\u00e5 marknaden.[\/vc_column_text][vc_single_image image=&#8221;3117&#8243; img_size=&#8221;full&#8221;][\/vc_column_inner][\/vc_row_inner][\/vc_column][vc_column width=&#8221;1\/6&#8243;][\/vc_column][\/vc_row][vc_row css=&#8221;.vc_custom_1623066420386{padding-top: 40px !important;padding-bottom: 40px !important;}&#8221;][vc_column width=&#8221;1\/3&#8243;][vc_custom_heading text=&#8221;Aluminium f\u00f6r formgjutning ink\u00f6pt fr\u00e5n Stena Aluminium (Sverige):&#8221; font_container=&#8221;tag:p|text_align:justify&#8221; use_theme_fonts=&#8221;yes&#8221;][vc_column_text]<\/p>\n<ul>\n<li>EN AB-43500 (AlSi10Mg30Mn)<\/li>\n<li>EN AB-44300 (AlSi12(Fe))<\/li>\n<li>EN AB-46000 (AlSi9Cu3(Fe))<\/li>\n<li>EN AB-47100 (AlSi12Cu1(Fe))<\/li>\n<li>EN AB-43400 (AlSi10Mg(Fe)<\/li>\n<\/ul>\n<p>[\/vc_column_text][\/vc_column][vc_column width=&#8221;1\/3&#8243;][vc_custom_heading text=&#8221;Kolst\u00e5l:&#8221; font_container=&#8221;tag:p|text_align:center&#8221; use_theme_fonts=&#8221;yes&#8221;][vc_column_text]<\/p>\n<ul>\n<li>1.0570 (S355) and variations<\/li>\n<li>1.0037 (S235JR)<\/li>\n<li>1.0038 (S235)<\/li>\n<li>Others.<\/li>\n<\/ul>\n<p>[\/vc_column_text][\/vc_column][vc_column width=&#8221;1\/3&#8243;][vc_custom_heading text=&#8221;M\u00e4ssing ink\u00f6pt fr\u00e5n Alumeco (Danmark):&#8221; font_container=&#8221;tag:p|text_align:left&#8221; use_theme_fonts=&#8221;yes&#8221;][vc_column_text]<\/p>\n<ul>\n<li>2.0401 (CuZn39Pb3)<\/li>\n<li>2.1052 (CuSn12)<\/li>\n<li>Others.<\/li>\n<\/ul>\n<p>[\/vc_column_text][\/vc_column][\/vc_row][vc_row css=&#8221;.vc_custom_1623066429822{padding-bottom: 40px !important;}&#8221;][vc_column width=&#8221;1\/3&#8243;][vc_custom_heading text=&#8221;Rostfritt st\u00e5l&#8221; font_container=&#8221;tag:p|text_align:justify&#8221; use_theme_fonts=&#8221;yes&#8221;][vc_column_text]<\/p>\n<ul>\n<li>1.4404 (AISI 316L)<\/li>\n<li>1.4301 (AISI 304)<\/li>\n<li>1.4305 (AISI 303)<\/li>\n<li>1.4571 (AISI 316Ti)<\/li>\n<li>1.4401 (AISI 316)<\/li>\n<li>Others.<\/li>\n<\/ul>\n<p>[\/vc_column_text][\/vc_column][vc_column width=&#8221;1\/3&#8243;][vc_custom_heading text=&#8221;Aluminum ink\u00f6pt fr\u00e5n Alumeco (Danmark):&#8221; font_container=&#8221;tag:p|text_align:justify&#8221; use_theme_fonts=&#8221;yes&#8221;][vc_column_text]<\/p>\n<ul>\n<li>EN AW-6082 (3.2315)<\/li>\n<li>EN AW-6060 (3.3206)<\/li>\n<li>EN AW-5754 (3.3535)<\/li>\n<li>EN AW-5083 (3.3547)<\/li>\n<li>Others.<\/li>\n<\/ul>\n<p>[\/vc_column_text][\/vc_column][vc_column width=&#8221;1\/3&#8243;][vc_custom_heading text=&#8221;Plast:&#8221; font_container=&#8221;tag:p|text_align:left&#8221; use_theme_fonts=&#8221;yes&#8221;][vc_column_text]<\/p>\n<ul>\n<li>POM<\/li>\n<li>PA6<\/li>\n<li>PET<\/li>\n<li>PE<\/li>\n<li>PP<\/li>\n<li>Others.<\/li>\n<\/ul>\n<p>[\/vc_column_text][\/vc_column][\/vc_row]<\/p>\n","protected":false},"excerpt":{"rendered":"<p>[vc_row][vc_column width=&#8221;1\/6&#8243; css=&#8221;.vc_custom_1623066461907{padding-top: 90px !important;}&#8221;][vc_single_image image=&#8221;3792&#8243; img_size=&#8221;medium&#8221; onclick=&#8221;link_image&#8221; css=&#8221;.vc_custom_1706704430694{padding-bottom: 20px !important;}&#8221;][vc_single_image image=&#8221;3796&#8243; img_size=&#8221;medium&#8221; onclick=&#8221;link_image&#8221; css=&#8221;.vc_custom_1706704440039{padding-bottom: 20px !important;}&#8221;][\/vc_column][vc_column width=&#8221;2\/3&#8243;][vc_custom_heading text=&#8221;ABF LT [&hellip;]<\/p>\n","protected":false},"author":1,"featured_media":0,"parent":0,"menu_order":0,"comment_status":"open","ping_status":"open","template":"","meta":{"content-type":"","footnotes":""},"class_list":["post-2483","page","type-page","status-publish","hentry"],"yoast_head":"<!-- This site is optimized with the Yoast SEO plugin v26.0 - https:\/\/yoast.com\/wordpress\/plugins\/seo\/ -->\n<title>Genomg\u00e5ende Kvalitetshantering ger positiva effekter i hela organisationen - ABF LT<\/title>\n<meta name=\"description\" content=\"Kvalitetshantering \u00e4r grunden f\u00f6r ett framg\u00e5ngsrikt f\u00f6retag och n\u00f6jda kunder. ABF LTs Kvalitetsstandard ligger p\u00e5 h\u00f6gsta niv\u00e5 f\u00f6r kundens b\u00e4sta.\" \/>\n<meta name=\"robots\" content=\"index, follow, max-snippet:-1, max-image-preview:large, max-video-preview:-1\" \/>\n<link rel=\"canonical\" href=\"https:\/\/www.abflt.com\/sv\/abflt-kvalitetspolicy\/\" \/>\n<meta property=\"og:locale\" content=\"sv_SE\" \/>\n<meta property=\"og:type\" content=\"article\" \/>\n<meta property=\"og:title\" content=\"Genomg\u00e5ende Kvalitetshantering ger positiva effekter i hela organisationen - ABF LT\" \/>\n<meta property=\"og:description\" content=\"Kvalitetshantering \u00e4r grunden f\u00f6r ett framg\u00e5ngsrikt f\u00f6retag och n\u00f6jda kunder. ABF LTs Kvalitetsstandard ligger p\u00e5 h\u00f6gsta niv\u00e5 f\u00f6r kundens b\u00e4sta.\" \/>\n<meta property=\"og:url\" content=\"https:\/\/www.abflt.com\/sv\/abflt-kvalitetspolicy\/\" \/>\n<meta property=\"og:site_name\" content=\"ABF LT\" \/>\n<meta property=\"article:publisher\" content=\"https:\/\/www.facebook.com\/abflt\" \/>\n<meta property=\"article:modified_time\" content=\"2024-01-31T12:34:02+00:00\" \/>\n<meta property=\"og:image\" content=\"https:\/\/www.abflt.com\/wp-content\/uploads\/2021\/04\/ABF-LT-zenklas_melynas.png\" \/>\n\t<meta property=\"og:image:width\" content=\"489\" \/>\n\t<meta property=\"og:image:height\" content=\"489\" \/>\n\t<meta property=\"og:image:type\" content=\"image\/png\" \/>\n<meta name=\"twitter:card\" content=\"summary_large_image\" \/>\n<meta name=\"twitter:label1\" content=\"Ber\u00e4knad l\u00e4stid\" \/>\n\t<meta name=\"twitter:data1\" content=\"3 minuter\" \/>\n<script type=\"application\/ld+json\" class=\"yoast-schema-graph\">{\"@context\":\"https:\/\/schema.org\",\"@graph\":[{\"@type\":\"WebPage\",\"@id\":\"https:\/\/www.abflt.com\/sv\/abflt-kvalitetspolicy\/\",\"url\":\"https:\/\/www.abflt.com\/sv\/abflt-kvalitetspolicy\/\",\"name\":\"Genomg\u00e5ende Kvalitetshantering ger positiva effekter i hela organisationen - ABF LT\",\"isPartOf\":{\"@id\":\"https:\/\/www.abflt.com\/sv\/#website\"},\"datePublished\":\"2015-08-05T09:22:45+00:00\",\"dateModified\":\"2024-01-31T12:34:02+00:00\",\"description\":\"Kvalitetshantering \u00e4r grunden f\u00f6r ett framg\u00e5ngsrikt f\u00f6retag och n\u00f6jda kunder. ABF LTs Kvalitetsstandard ligger p\u00e5 h\u00f6gsta niv\u00e5 f\u00f6r kundens b\u00e4sta.\",\"breadcrumb\":{\"@id\":\"https:\/\/www.abflt.com\/sv\/abflt-kvalitetspolicy\/#breadcrumb\"},\"inLanguage\":\"sv-SE\",\"potentialAction\":[{\"@type\":\"ReadAction\",\"target\":[\"https:\/\/www.abflt.com\/sv\/abflt-kvalitetspolicy\/\"]}]},{\"@type\":\"BreadcrumbList\",\"@id\":\"https:\/\/www.abflt.com\/sv\/abflt-kvalitetspolicy\/#breadcrumb\",\"itemListElement\":[{\"@type\":\"ListItem\",\"position\":1,\"name\":\"Home\",\"item\":\"https:\/\/www.abflt.com\/sv\/\"},{\"@type\":\"ListItem\",\"position\":2,\"name\":\"ABF LT Kvalitetspolicy\"}]},{\"@type\":\"WebSite\",\"@id\":\"https:\/\/www.abflt.com\/sv\/#website\",\"url\":\"https:\/\/www.abflt.com\/sv\/\",\"name\":\"ABF LT\",\"description\":\"Aluminium die casting and CNC machining company\",\"publisher\":{\"@id\":\"https:\/\/www.abflt.com\/sv\/#organization\"},\"potentialAction\":[{\"@type\":\"SearchAction\",\"target\":{\"@type\":\"EntryPoint\",\"urlTemplate\":\"https:\/\/www.abflt.com\/sv\/?s={search_term_string}\"},\"query-input\":{\"@type\":\"PropertyValueSpecification\",\"valueRequired\":true,\"valueName\":\"search_term_string\"}}],\"inLanguage\":\"sv-SE\"},{\"@type\":\"Organization\",\"@id\":\"https:\/\/www.abflt.com\/sv\/#organization\",\"name\":\"ABF LT\",\"url\":\"https:\/\/www.abflt.com\/sv\/\",\"logo\":{\"@type\":\"ImageObject\",\"inLanguage\":\"sv-SE\",\"@id\":\"https:\/\/www.abflt.com\/sv\/#\/schema\/logo\/image\/\",\"url\":\"https:\/\/www.abflt.com\/wp-content\/uploads\/2020\/02\/logo2.png\",\"contentUrl\":\"https:\/\/www.abflt.com\/wp-content\/uploads\/2020\/02\/logo2.png\",\"width\":113,\"height\":113,\"caption\":\"ABF LT\"},\"image\":{\"@id\":\"https:\/\/www.abflt.com\/sv\/#\/schema\/logo\/image\/\"},\"sameAs\":[\"https:\/\/www.facebook.com\/abflt\",\"https:\/\/www.linkedin.com\/company\/abf-lt\",\"https:\/\/www.youtube.com\/channel\/UCVbHUYkMrwmW4YZZRzhxH9w\"]}]}<\/script>\n<!-- \/ Yoast SEO plugin. -->","yoast_head_json":{"title":"Genomg\u00e5ende Kvalitetshantering ger positiva effekter i hela organisationen - ABF LT","description":"Kvalitetshantering \u00e4r grunden f\u00f6r ett framg\u00e5ngsrikt f\u00f6retag och n\u00f6jda kunder. ABF LTs Kvalitetsstandard ligger p\u00e5 h\u00f6gsta niv\u00e5 f\u00f6r kundens b\u00e4sta.","robots":{"index":"index","follow":"follow","max-snippet":"max-snippet:-1","max-image-preview":"max-image-preview:large","max-video-preview":"max-video-preview:-1"},"canonical":"https:\/\/www.abflt.com\/sv\/abflt-kvalitetspolicy\/","og_locale":"sv_SE","og_type":"article","og_title":"Genomg\u00e5ende Kvalitetshantering ger positiva effekter i hela organisationen - ABF LT","og_description":"Kvalitetshantering \u00e4r grunden f\u00f6r ett framg\u00e5ngsrikt f\u00f6retag och n\u00f6jda kunder. ABF LTs Kvalitetsstandard ligger p\u00e5 h\u00f6gsta niv\u00e5 f\u00f6r kundens b\u00e4sta.","og_url":"https:\/\/www.abflt.com\/sv\/abflt-kvalitetspolicy\/","og_site_name":"ABF LT","article_publisher":"https:\/\/www.facebook.com\/abflt","article_modified_time":"2024-01-31T12:34:02+00:00","og_image":[{"width":489,"height":489,"url":"https:\/\/www.abflt.com\/wp-content\/uploads\/2021\/04\/ABF-LT-zenklas_melynas.png","type":"image\/png"}],"twitter_card":"summary_large_image","twitter_misc":{"Ber\u00e4knad l\u00e4stid":"3 minuter"},"schema":{"@context":"https:\/\/schema.org","@graph":[{"@type":"WebPage","@id":"https:\/\/www.abflt.com\/sv\/abflt-kvalitetspolicy\/","url":"https:\/\/www.abflt.com\/sv\/abflt-kvalitetspolicy\/","name":"Genomg\u00e5ende Kvalitetshantering ger positiva effekter i hela organisationen - ABF LT","isPartOf":{"@id":"https:\/\/www.abflt.com\/sv\/#website"},"datePublished":"2015-08-05T09:22:45+00:00","dateModified":"2024-01-31T12:34:02+00:00","description":"Kvalitetshantering \u00e4r grunden f\u00f6r ett framg\u00e5ngsrikt f\u00f6retag och n\u00f6jda kunder. ABF LTs Kvalitetsstandard ligger p\u00e5 h\u00f6gsta niv\u00e5 f\u00f6r kundens b\u00e4sta.","breadcrumb":{"@id":"https:\/\/www.abflt.com\/sv\/abflt-kvalitetspolicy\/#breadcrumb"},"inLanguage":"sv-SE","potentialAction":[{"@type":"ReadAction","target":["https:\/\/www.abflt.com\/sv\/abflt-kvalitetspolicy\/"]}]},{"@type":"BreadcrumbList","@id":"https:\/\/www.abflt.com\/sv\/abflt-kvalitetspolicy\/#breadcrumb","itemListElement":[{"@type":"ListItem","position":1,"name":"Home","item":"https:\/\/www.abflt.com\/sv\/"},{"@type":"ListItem","position":2,"name":"ABF LT Kvalitetspolicy"}]},{"@type":"WebSite","@id":"https:\/\/www.abflt.com\/sv\/#website","url":"https:\/\/www.abflt.com\/sv\/","name":"ABF LT","description":"Aluminium die casting and CNC machining company","publisher":{"@id":"https:\/\/www.abflt.com\/sv\/#organization"},"potentialAction":[{"@type":"SearchAction","target":{"@type":"EntryPoint","urlTemplate":"https:\/\/www.abflt.com\/sv\/?s={search_term_string}"},"query-input":{"@type":"PropertyValueSpecification","valueRequired":true,"valueName":"search_term_string"}}],"inLanguage":"sv-SE"},{"@type":"Organization","@id":"https:\/\/www.abflt.com\/sv\/#organization","name":"ABF LT","url":"https:\/\/www.abflt.com\/sv\/","logo":{"@type":"ImageObject","inLanguage":"sv-SE","@id":"https:\/\/www.abflt.com\/sv\/#\/schema\/logo\/image\/","url":"https:\/\/www.abflt.com\/wp-content\/uploads\/2020\/02\/logo2.png","contentUrl":"https:\/\/www.abflt.com\/wp-content\/uploads\/2020\/02\/logo2.png","width":113,"height":113,"caption":"ABF LT"},"image":{"@id":"https:\/\/www.abflt.com\/sv\/#\/schema\/logo\/image\/"},"sameAs":["https:\/\/www.facebook.com\/abflt","https:\/\/www.linkedin.com\/company\/abf-lt","https:\/\/www.youtube.com\/channel\/UCVbHUYkMrwmW4YZZRzhxH9w"]}]}},"_links":{"self":[{"href":"https:\/\/www.abflt.com\/sv\/wp-json\/wp\/v2\/pages\/2483","targetHints":{"allow":["GET"]}}],"collection":[{"href":"https:\/\/www.abflt.com\/sv\/wp-json\/wp\/v2\/pages"}],"about":[{"href":"https:\/\/www.abflt.com\/sv\/wp-json\/wp\/v2\/types\/page"}],"author":[{"embeddable":true,"href":"https:\/\/www.abflt.com\/sv\/wp-json\/wp\/v2\/users\/1"}],"replies":[{"embeddable":true,"href":"https:\/\/www.abflt.com\/sv\/wp-json\/wp\/v2\/comments?post=2483"}],"version-history":[{"count":6,"href":"https:\/\/www.abflt.com\/sv\/wp-json\/wp\/v2\/pages\/2483\/revisions"}],"predecessor-version":[{"id":3800,"href":"https:\/\/www.abflt.com\/sv\/wp-json\/wp\/v2\/pages\/2483\/revisions\/3800"}],"wp:attachment":[{"href":"https:\/\/www.abflt.com\/sv\/wp-json\/wp\/v2\/media?parent=2483"}],"curies":[{"name":"wp","href":"https:\/\/api.w.org\/{rel}","templated":true}]}}