{"id":2485,"date":"2015-08-04T03:14:56","date_gmt":"2015-08-04T03:14:56","guid":{"rendered":"http:\/\/developers.lucky-bank.com\/abflt\/contacts\/"},"modified":"2024-04-29T10:06:36","modified_gmt":"2024-04-29T07:06:36","slug":"kontakt","status":"publish","type":"page","link":"https:\/\/www.abflt.com\/sv\/kontakt\/","title":{"rendered":"Kontakt"},"content":{"rendered":"<p>[vc_row css=&#8221;.vc_custom_1582219672636{padding-bottom: 50px !important;}&#8221;][vc_column width=&#8221;2\/3&#8243;][vc_custom_heading text=&#8221;Hur kan vi hj\u00e4lpa dig?&#8221; font_container=&#8221;tag:div|font_size:22|text_align:left|color:%23003164&#8243; use_theme_fonts=&#8221;yes&#8221; css=&#8221;.vc_custom_1585122163497{margin-bottom: 20px !important;border-bottom-width: 1px !important;padding-bottom: 10px !important;border-bottom-color: #dddddd !important;border-bottom-style: solid !important;}&#8221;][vc_column_text css=&#8221;.vc_custom_1585122172202{padding-bottom: 40px !important;}&#8221;]Kontakta oss f\u00f6r att ta reda p\u00e5 hur vi kan se till att du f\u00e5r kvalitetsprodukter f\u00f6r ditt n\u00e4sta projekt.[\/vc_column_text]\n<div class=\"wpcf7 no-js\" id=\"wpcf7-f2488-o1\" lang=\"en-US\" dir=\"ltr\" data-wpcf7-id=\"2488\">\n<div class=\"screen-reader-response\"><p role=\"status\" aria-live=\"polite\" aria-atomic=\"true\"><\/p> <ul><\/ul><\/div>\n<form action=\"\/sv\/wp-json\/wp\/v2\/pages\/2485#wpcf7-f2488-o1\" method=\"post\" class=\"wpcf7-form init\" aria-label=\"Contact form\" novalidate=\"novalidate\" data-status=\"init\">\n<fieldset class=\"hidden-fields-container\"><input type=\"hidden\" name=\"_wpcf7\" value=\"2488\" \/><input type=\"hidden\" name=\"_wpcf7_version\" value=\"6.1.2\" \/><input type=\"hidden\" name=\"_wpcf7_locale\" value=\"en_US\" \/><input type=\"hidden\" name=\"_wpcf7_unit_tag\" value=\"wpcf7-f2488-o1\" \/><input type=\"hidden\" name=\"_wpcf7_container_post\" value=\"0\" \/><input type=\"hidden\" name=\"_wpcf7_posted_data_hash\" value=\"\" \/>\n<\/fieldset>\n<div class=\"row contact_form2\">\n\t<div class=\"col-md-6\">\n\t\t<p><span class=\"wpcf7-form-control-wrap\" data-name=\"your-name\"><input size=\"40\" maxlength=\"400\" class=\"wpcf7-form-control wpcf7-text wpcf7-validates-as-required\" aria-required=\"true\" aria-invalid=\"false\" placeholder=\"Namn *\" value=\"\" type=\"text\" name=\"your-name\" \/><\/span>\n\t\t<\/p>\n\t<\/div>\n\t<div class=\"col-md-6\">\n\t\t<p><span class=\"wpcf7-form-control-wrap\" data-name=\"company\"><input size=\"40\" maxlength=\"400\" class=\"wpcf7-form-control wpcf7-text\" aria-invalid=\"false\" placeholder=\"F\u00f6retagsnamn\" value=\"\" type=\"text\" name=\"company\" \/><\/span>\n\t\t<\/p>\n\t<\/div>\n\t<div class=\"col-md-6\">\n\t\t<p><span class=\"wpcf7-form-control-wrap\" data-name=\"your-email\"><input size=\"40\" maxlength=\"400\" class=\"wpcf7-form-control wpcf7-email wpcf7-validates-as-required wpcf7-text wpcf7-validates-as-email\" aria-required=\"true\" aria-invalid=\"false\" placeholder=\"E-post *\" value=\"\" type=\"email\" name=\"your-email\" \/><\/span>\n\t\t<\/p>\n\t<\/div>\n\t<div class=\"col-md-6\">\n\t\t<p><span class=\"wpcf7-form-control-wrap\" data-name=\"your-phone\"><input size=\"40\" maxlength=\"400\" class=\"wpcf7-form-control wpcf7-tel wpcf7-text wpcf7-validates-as-tel\" aria-invalid=\"false\" placeholder=\"Telefonnummer\" value=\"\" type=\"tel\" name=\"your-phone\" \/><\/span>\n\t\t<\/p>\n\t<\/div>\n\t<div class=\"col-md-12\">\n\t\t<p><span class=\"wpcf7-form-control-wrap\" data-name=\"your-message\"><textarea cols=\"40\" rows=\"10\" maxlength=\"2000\" class=\"wpcf7-form-control wpcf7-textarea wpcf7-validates-as-required\" aria-required=\"true\" aria-invalid=\"false\" placeholder=\"Meddelande *\" name=\"your-message\"><\/textarea><\/span><br \/>\n<span class=\"wpcf7-form-control-wrap\" data-name=\"privacy\"><span class=\"wpcf7-form-control wpcf7-acceptance\"><span class=\"wpcf7-list-item\"><label><input type=\"checkbox\" name=\"privacy\" value=\"1\" aria-invalid=\"false\" \/><span class=\"wpcf7-list-item-label\">Jag godk\u00e4nner integritetspolicyn<\/span><\/label><\/span><\/span><\/span><br \/>\n<div id=\"cf7sr-69ec7eb42dad3\" class=\"cf7sr-g-recaptcha\" data-theme=\"light\" data-type=\"image\" data-size=\"normal\" data-sitekey=\"6Leg2_IUAAAAAKp768c-mfWGEiW2LIbIK0tu2uZg\"><\/div><span class=\"wpcf7-form-control-wrap cf7sr-g-recaptcha-invalid\"><\/span><br \/>\n<input class=\"wpcf7-form-control wpcf7-submit has-spinner\" type=\"submit\" value=\"Skicka\" \/>\n\t\t<\/p>\n\t<\/div>\n<\/div><div class=\"wpcf7-response-output\" aria-hidden=\"true\"><\/div>\n<\/form>\n<\/div>\n[vc_empty_space height=&#8221;20px&#8221;][\/vc_column][vc_column width=&#8221;1\/3&#8243;][vc_custom_heading text=&#8221;Kontakt&#8221; font_container=&#8221;tag:div|font_size:22|text_align:left|color:%23003164&#8243; use_theme_fonts=&#8221;yes&#8221; css=&#8221;.vc_custom_1585122190682{margin-bottom: 20px !important;border-bottom-width: 1px !important;padding-bottom: 10px !important;border-bottom-color: #dddddd !important;border-bottom-style: solid !important;}&#8221;][vc_raw_html el_class=&#8221;contact-info&#8221; css=&#8221;.vc_custom_1585125477827{padding-bottom: 32px !important;}&#8221;]JTNDcCUzRSUzQ2klMjBjbGFzcyUzRCUyMmZhJTIwZmEtbWFwLW1hcmtlciUyMiUzRSUzQyUyRmklM0UlMjBFbmVyZ2V0aWslQzUlQjMlMjAyJTJDJTIwTFQtODkzMDYlMjBNYSVDNSVCRWVpa2lhaSUyQyUyMExpdGF1ZW4lM0MlMkZwJTNFJTNDcCUzRSUzQ2klMjBjbGFzcyUzRCUyMmZhJTIwZmEtcGhvbmUlMjIlM0UlM0MlMkZpJTNFJTIwJTJCMzcwJTIwNDQzJTIwMzA2OTQlM0MlMkZwJTNFJTNDcCUzRSUzQ2ElMjBocmVmJTNEJTIybWFpbHRvJTNBaW5mbyU0MGFiZmx0LmNvbSUyMiUzRSUzQ2klMjBjbGFzcyUzRCUyMmZhJTIwZmEtZW52ZWxvcGUlMjIlM0UlM0MlMkZpJTNFJTIwaW5mbyU0MGFiZmx0LmNvbSUzQyUyRnAlM0UlM0MlMkZhJTNF[\/vc_raw_html][vc_custom_heading text=&#8221;Imprint&#8221; font_container=&#8221;tag:div|font_size:22|text_align:left|color:%23003164&#8243; use_theme_fonts=&#8221;yes&#8221; css=&#8221;.vc_custom_1585122247332{margin-bottom: 20px !important;border-bottom-width: 1px !important;padding-bottom: 10px !important;border-bottom-color: #dddddd !important;border-bottom-style: solid !important;}&#8221;][vc_column_text]ABF LT, JSC<br \/>\nOrg. nr.: 302299465<br \/>\nVAT nr.: LT100004498718<br \/>\nBankkonto: LT557180800027467036 Siauliu bankas AB[\/vc_column_text][\/vc_column][\/vc_row][vc_row full_width=&#8221;stretch_row_content_no_spaces&#8221; css=&#8221;.vc_custom_1582546754143{margin-bottom: -30px !important;}&#8221;][vc_column css=&#8221;.vc_custom_1438421510815{margin-bottom: 20px !important;}&#8221;][vc_raw_html]JTNDaWZyYW1lJTIwc3JjJTNEJTIyaHR0cHMlM0ElMkYlMkZ3d3cuZ29vZ2xlLmNvbSUyRm1hcHMlMkZlbWJlZCUzRnBiJTNEJTIxMW0xOCUyMTFtMTIlMjExbTMlMjExZDUxNDIuNzcyOTQ0NjMwMDg1NSUyMTJkMjIuMzI5NjgwNjI4NTIxOCUyMTNkNTYuMzQwMzQyNjM5MDc0NTM1JTIxMm0zJTIxMWYwJTIxMmYwJTIxM2YwJTIxM20yJTIxMWkxMDI0JTIxMmk3NjglMjE0ZjEzLjElMjEzbTMlMjExbTIlMjExczB4NDZlZjgxMmNkNGVjMzI5ZiUyNTNBMHg1ZDQyNTY0MGYzNzc2ZTQzJTIxMnNBQkYlMjUyMExUJTIxNWUwJTIxM20yJTIxMXNlbiUyMTJzbHQlMjE0djE3MTQzNzM4NDkzNTclMjE1bTIlMjExc2VuJTIxMnNsdCUyMiUyMHdpZHRoJTNEJTIyMTAwJTI1JTIyJTIwaGVpZ2h0JTNEJTIyNDAwJTIyJTIwZnJhbWVib3JkZXIlM0QlMjIwJTIyJTIwc3R5bGUlM0QlMjJib3JkZXIlM0EwJTNCJTIyJTIwYWxsb3dmdWxsc2NyZWVuJTNEJTIyJTIyJTIwYXJpYS1oaWRkZW4lM0QlMjJmYWxzZSUyMiUyMHRhYmluZGV4JTNEJTIyMCUyMiUzRSUzQyUyRmlmcmFtZSUzRQ==[\/vc_raw_html][\/vc_column][\/vc_row]<\/p>\n","protected":false},"excerpt":{"rendered":"<p>[vc_row css=&#8221;.vc_custom_1582219672636{padding-bottom: 50px !important;}&#8221;][vc_column width=&#8221;2\/3&#8243;][vc_custom_heading text=&#8221;Hur kan vi hj\u00e4lpa dig?&#8221; font_container=&#8221;tag:div|font_size:22|text_align:left|color:%23003164&#8243; use_theme_fonts=&#8221;yes&#8221; css=&#8221;.vc_custom_1585122163497{margin-bottom: 20px !important;border-bottom-width: 1px !important;padding-bottom: 10px !important;border-bottom-color: #dddddd [&hellip;]<\/p>\n","protected":false},"author":1,"featured_media":0,"parent":0,"menu_order":0,"comment_status":"open","ping_status":"open","template":"","meta":{"content-type":"","footnotes":""},"class_list":["post-2485","page","type-page","status-publish","hentry"],"yoast_head":"<!-- This site is optimized with the Yoast SEO plugin v26.0 - https:\/\/yoast.com\/wordpress\/plugins\/seo\/ -->\n<title>Kontakt - ABF LT<\/title>\n<meta name=\"description\" content=\"Vi letar alltid efter m\u00f6jligheter, att utveckla v\u00e5r verksamhet och v\u00e4xa \u00e5r f\u00f6r \u00e5r\" \/>\n<meta name=\"robots\" content=\"index, follow, max-snippet:-1, max-image-preview:large, max-video-preview:-1\" \/>\n<link rel=\"canonical\" href=\"https:\/\/www.abflt.com\/sv\/kontakt\/\" \/>\n<meta property=\"og:locale\" content=\"sv_SE\" \/>\n<meta property=\"og:type\" content=\"article\" \/>\n<meta property=\"og:title\" content=\"Kontakt - ABF LT\" \/>\n<meta property=\"og:description\" content=\"Vi letar alltid efter m\u00f6jligheter, att utveckla v\u00e5r verksamhet och v\u00e4xa \u00e5r f\u00f6r \u00e5r\" \/>\n<meta property=\"og:url\" content=\"https:\/\/www.abflt.com\/sv\/kontakt\/\" \/>\n<meta property=\"og:site_name\" content=\"ABF LT\" \/>\n<meta property=\"article:publisher\" content=\"https:\/\/www.facebook.com\/abflt\" \/>\n<meta property=\"article:modified_time\" content=\"2024-04-29T07:06:36+00:00\" \/>\n<meta property=\"og:image\" content=\"https:\/\/www.abflt.com\/wp-content\/uploads\/2021\/04\/ABF-LT-zenklas_melynas.png\" \/>\n\t<meta property=\"og:image:width\" content=\"489\" \/>\n\t<meta property=\"og:image:height\" content=\"489\" \/>\n\t<meta property=\"og:image:type\" content=\"image\/png\" \/>\n<meta name=\"twitter:card\" content=\"summary_large_image\" \/>\n<meta name=\"twitter:label1\" content=\"Ber\u00e4knad l\u00e4stid\" \/>\n\t<meta name=\"twitter:data1\" content=\"1 minut\" \/>\n<script type=\"application\/ld+json\" class=\"yoast-schema-graph\">{\"@context\":\"https:\/\/schema.org\",\"@graph\":[{\"@type\":\"WebPage\",\"@id\":\"https:\/\/www.abflt.com\/sv\/kontakt\/\",\"url\":\"https:\/\/www.abflt.com\/sv\/kontakt\/\",\"name\":\"Kontakt - ABF LT\",\"isPartOf\":{\"@id\":\"https:\/\/www.abflt.com\/sv\/#website\"},\"datePublished\":\"2015-08-04T03:14:56+00:00\",\"dateModified\":\"2024-04-29T07:06:36+00:00\",\"description\":\"Vi letar alltid efter m\u00f6jligheter, att utveckla v\u00e5r verksamhet och v\u00e4xa \u00e5r f\u00f6r \u00e5r\",\"breadcrumb\":{\"@id\":\"https:\/\/www.abflt.com\/sv\/kontakt\/#breadcrumb\"},\"inLanguage\":\"sv-SE\",\"potentialAction\":[{\"@type\":\"ReadAction\",\"target\":[\"https:\/\/www.abflt.com\/sv\/kontakt\/\"]}]},{\"@type\":\"BreadcrumbList\",\"@id\":\"https:\/\/www.abflt.com\/sv\/kontakt\/#breadcrumb\",\"itemListElement\":[{\"@type\":\"ListItem\",\"position\":1,\"name\":\"Home\",\"item\":\"https:\/\/www.abflt.com\/sv\/\"},{\"@type\":\"ListItem\",\"position\":2,\"name\":\"Kontakt\"}]},{\"@type\":\"WebSite\",\"@id\":\"https:\/\/www.abflt.com\/sv\/#website\",\"url\":\"https:\/\/www.abflt.com\/sv\/\",\"name\":\"ABF LT\",\"description\":\"Aluminium die casting and CNC machining company\",\"publisher\":{\"@id\":\"https:\/\/www.abflt.com\/sv\/#organization\"},\"potentialAction\":[{\"@type\":\"SearchAction\",\"target\":{\"@type\":\"EntryPoint\",\"urlTemplate\":\"https:\/\/www.abflt.com\/sv\/?s={search_term_string}\"},\"query-input\":{\"@type\":\"PropertyValueSpecification\",\"valueRequired\":true,\"valueName\":\"search_term_string\"}}],\"inLanguage\":\"sv-SE\"},{\"@type\":\"Organization\",\"@id\":\"https:\/\/www.abflt.com\/sv\/#organization\",\"name\":\"ABF LT\",\"url\":\"https:\/\/www.abflt.com\/sv\/\",\"logo\":{\"@type\":\"ImageObject\",\"inLanguage\":\"sv-SE\",\"@id\":\"https:\/\/www.abflt.com\/sv\/#\/schema\/logo\/image\/\",\"url\":\"https:\/\/www.abflt.com\/wp-content\/uploads\/2020\/02\/logo2.png\",\"contentUrl\":\"https:\/\/www.abflt.com\/wp-content\/uploads\/2020\/02\/logo2.png\",\"width\":113,\"height\":113,\"caption\":\"ABF LT\"},\"image\":{\"@id\":\"https:\/\/www.abflt.com\/sv\/#\/schema\/logo\/image\/\"},\"sameAs\":[\"https:\/\/www.facebook.com\/abflt\",\"https:\/\/www.linkedin.com\/company\/abf-lt\",\"https:\/\/www.youtube.com\/channel\/UCVbHUYkMrwmW4YZZRzhxH9w\"]}]}<\/script>\n<!-- \/ Yoast SEO plugin. -->","yoast_head_json":{"title":"Kontakt - ABF LT","description":"Vi letar alltid efter m\u00f6jligheter, att utveckla v\u00e5r verksamhet och v\u00e4xa \u00e5r f\u00f6r \u00e5r","robots":{"index":"index","follow":"follow","max-snippet":"max-snippet:-1","max-image-preview":"max-image-preview:large","max-video-preview":"max-video-preview:-1"},"canonical":"https:\/\/www.abflt.com\/sv\/kontakt\/","og_locale":"sv_SE","og_type":"article","og_title":"Kontakt - ABF LT","og_description":"Vi letar alltid efter m\u00f6jligheter, att utveckla v\u00e5r verksamhet och v\u00e4xa \u00e5r f\u00f6r \u00e5r","og_url":"https:\/\/www.abflt.com\/sv\/kontakt\/","og_site_name":"ABF LT","article_publisher":"https:\/\/www.facebook.com\/abflt","article_modified_time":"2024-04-29T07:06:36+00:00","og_image":[{"width":489,"height":489,"url":"https:\/\/www.abflt.com\/wp-content\/uploads\/2021\/04\/ABF-LT-zenklas_melynas.png","type":"image\/png"}],"twitter_card":"summary_large_image","twitter_misc":{"Ber\u00e4knad l\u00e4stid":"1 minut"},"schema":{"@context":"https:\/\/schema.org","@graph":[{"@type":"WebPage","@id":"https:\/\/www.abflt.com\/sv\/kontakt\/","url":"https:\/\/www.abflt.com\/sv\/kontakt\/","name":"Kontakt - ABF LT","isPartOf":{"@id":"https:\/\/www.abflt.com\/sv\/#website"},"datePublished":"2015-08-04T03:14:56+00:00","dateModified":"2024-04-29T07:06:36+00:00","description":"Vi letar alltid efter m\u00f6jligheter, att utveckla v\u00e5r verksamhet och v\u00e4xa \u00e5r f\u00f6r \u00e5r","breadcrumb":{"@id":"https:\/\/www.abflt.com\/sv\/kontakt\/#breadcrumb"},"inLanguage":"sv-SE","potentialAction":[{"@type":"ReadAction","target":["https:\/\/www.abflt.com\/sv\/kontakt\/"]}]},{"@type":"BreadcrumbList","@id":"https:\/\/www.abflt.com\/sv\/kontakt\/#breadcrumb","itemListElement":[{"@type":"ListItem","position":1,"name":"Home","item":"https:\/\/www.abflt.com\/sv\/"},{"@type":"ListItem","position":2,"name":"Kontakt"}]},{"@type":"WebSite","@id":"https:\/\/www.abflt.com\/sv\/#website","url":"https:\/\/www.abflt.com\/sv\/","name":"ABF LT","description":"Aluminium die casting and CNC machining company","publisher":{"@id":"https:\/\/www.abflt.com\/sv\/#organization"},"potentialAction":[{"@type":"SearchAction","target":{"@type":"EntryPoint","urlTemplate":"https:\/\/www.abflt.com\/sv\/?s={search_term_string}"},"query-input":{"@type":"PropertyValueSpecification","valueRequired":true,"valueName":"search_term_string"}}],"inLanguage":"sv-SE"},{"@type":"Organization","@id":"https:\/\/www.abflt.com\/sv\/#organization","name":"ABF LT","url":"https:\/\/www.abflt.com\/sv\/","logo":{"@type":"ImageObject","inLanguage":"sv-SE","@id":"https:\/\/www.abflt.com\/sv\/#\/schema\/logo\/image\/","url":"https:\/\/www.abflt.com\/wp-content\/uploads\/2020\/02\/logo2.png","contentUrl":"https:\/\/www.abflt.com\/wp-content\/uploads\/2020\/02\/logo2.png","width":113,"height":113,"caption":"ABF LT"},"image":{"@id":"https:\/\/www.abflt.com\/sv\/#\/schema\/logo\/image\/"},"sameAs":["https:\/\/www.facebook.com\/abflt","https:\/\/www.linkedin.com\/company\/abf-lt","https:\/\/www.youtube.com\/channel\/UCVbHUYkMrwmW4YZZRzhxH9w"]}]}},"_links":{"self":[{"href":"https:\/\/www.abflt.com\/sv\/wp-json\/wp\/v2\/pages\/2485","targetHints":{"allow":["GET"]}}],"collection":[{"href":"https:\/\/www.abflt.com\/sv\/wp-json\/wp\/v2\/pages"}],"about":[{"href":"https:\/\/www.abflt.com\/sv\/wp-json\/wp\/v2\/types\/page"}],"author":[{"embeddable":true,"href":"https:\/\/www.abflt.com\/sv\/wp-json\/wp\/v2\/users\/1"}],"replies":[{"embeddable":true,"href":"https:\/\/www.abflt.com\/sv\/wp-json\/wp\/v2\/comments?post=2485"}],"version-history":[{"count":6,"href":"https:\/\/www.abflt.com\/sv\/wp-json\/wp\/v2\/pages\/2485\/revisions"}],"predecessor-version":[{"id":3823,"href":"https:\/\/www.abflt.com\/sv\/wp-json\/wp\/v2\/pages\/2485\/revisions\/3823"}],"wp:attachment":[{"href":"https:\/\/www.abflt.com\/sv\/wp-json\/wp\/v2\/media?parent=2485"}],"curies":[{"name":"wp","href":"https:\/\/api.w.org\/{rel}","templated":true}]}}