{"id":3438,"date":"2021-06-08T12:26:50","date_gmt":"2021-06-08T09:26:50","guid":{"rendered":"https:\/\/www.abflt.com\/tjanster\/multispindelmaskiner\/"},"modified":"2021-06-08T12:43:06","modified_gmt":"2021-06-08T09:43:06","slug":"multispindelmaskinstillverkning","status":"publish","type":"page","link":"https:\/\/www.abflt.com\/sv\/tjanster\/multispindelmaskinstillverkning\/","title":{"rendered":"Multispindelmaskiner"},"content":{"rendered":"<p>[vc_row][vc_column width=&#8221;1\/6&#8243;][\/vc_column][vc_column width=&#8221;2\/3&#8243;][vc_custom_heading text=&#8221;ABF LT utf\u00f6r arbeten i multispindelmaskiner&#8221; font_container=&#8221;tag:p|font_size:22|text_align:left|color:%23003164|line_height:31px&#8221; use_theme_fonts=&#8221;yes&#8221; css=&#8221;.vc_custom_1620908031350{margin-bottom: 20px !important;}&#8221;][vc_empty_space height=&#8221;20px&#8221;][vc_column_text]F\u00f6rdelen med multispindelmaskiner \u00e4r att varje maskin klarar av att p\u00e5 egen hand tillverka en produkt som kr\u00e4ver m\u00e5nga olika moment. Det \u00e4r ocks\u00e5 m\u00f6jligt att anv\u00e4nda multistationsfunktionaliteten f\u00f6r att dela upp \u00e4ven de mest omfattande processerna, vilket minskar den totala cykeltiden.<\/p>\n<p>Multistationsfunktionaliteten hos en multispindelmaskin \u00f6kar produktiviteten d\u00e5 alla moment sk\u00f6ts av en och samma maskin. Vid var och en av maskinens stationer slutf\u00f6rs en specifik del av arbetet. Denna samtida tillverkning \u00e4r m\u00f6jlig d\u00e5 varje station dedikerats till en specifik operation. Arbetsstycket \u00e4r klart n\u00e4r det v\u00e4l roterat ett varv genom hela maskinen.<\/p>\n<p>Vi har valt multispindelmaskiner fr\u00e5n <a href=\"https:\/\/www.riellosistemi.it\/en\/catalogo\/\">Riello Vertiflex<\/a> och <a href=\"https:\/\/ffg-ea.com\/en\/brand\/witzig-frank\/\">Witzig &amp; Frank<\/a> d\u00e5 dessa ger oss st\u00f6rst m\u00f6jlighet att uppfylla v\u00e5ra kunders krav och \u00f6nskem\u00e5l.[\/vc_column_text][vc_empty_space height=&#8221;30px&#8221;][\/vc_column][vc_column width=&#8221;1\/6&#8243;][\/vc_column][\/vc_row][vc_row css=&#8221;.vc_custom_1620974796044{padding-bottom: 30px !important;}&#8221;][vc_column][vc_column_text]<\/p>\n<p style=\"text-align: center;\">Andra <a href=\"https:\/\/www.abflt.com\/sv\/\">ABF LT<\/a> <a href=\"https:\/\/www.abflt.com\/sv\/tjanster\/\">Tj\u00e4nster<\/a>:<\/p>\n<p>[\/vc_column_text][\/vc_column][\/vc_row][vc_row css=&#8221;.vc_custom_1620974796044{padding-bottom: 30px !important;}&#8221;][vc_column width=&#8221;1\/3&#8243;][vc_btn title=&#8221;Formgjutning&#8221; style=&#8221;custom&#8221; custom_background=&#8221;#003164&#8243; custom_text=&#8221;#ffffff&#8221; shape=&#8221;square&#8221; link=&#8221;url:https%3A%2F%2Fwww.abflt.com%2Fsv%2Ftjanster%2Fgjutning-av-aluminium%2F|&#8221; css=&#8221;.vc_custom_1620975334390{padding-left: 200px !important;}&#8221;][\/vc_column][vc_column width=&#8221;1\/3&#8243;][vc_btn title=&#8221;CNC fr\u00e4sning och Svarvning&#8221; style=&#8221;custom&#8221; custom_background=&#8221;#003164&#8243; custom_text=&#8221;#ffffff&#8221; shape=&#8221;square&#8221; link=&#8221;url:https%3A%2F%2Fwww.abflt.com%2Fsv%2Ftjanster%2Fcnc-svarvning-och-frasning%2F|&#8221; css=&#8221;.vc_custom_1620975429516{padding-left: 60px !important;}&#8221;][\/vc_column][vc_column width=&#8221;1\/3&#8243;][vc_btn title=&#8221;Andra tj\u00e4nster&#8221; style=&#8221;custom&#8221; custom_background=&#8221;#003164&#8243; custom_text=&#8221;#ffffff&#8221; shape=&#8221;square&#8221; link=&#8221;url:https%3A%2F%2Fwww.abflt.com%2Fsv%2Ftjanster%2Fovriga-tjanster%2F|&#8221; css=&#8221;.vc_custom_1620975403598{padding-right: 200px !important;}&#8221;][\/vc_column][\/vc_row][vc_row full_width=&#8221;stretch_row&#8221; css=&#8221;.vc_custom_1438221428110{margin-bottom: 0px !important;padding-top: 30px !important;padding-bottom: 30px !important;background-color: #003164 !important;}&#8221; el_id=&#8221;home_quote&#8221; el_class=&#8221;home_quote&#8221;][vc_column width=&#8221;3\/4&#8243;][vc_custom_heading text=&#8221;F\u00f6r Bulkbest\u00e4llningar&#8221; font_container=&#8221;tag:div|font_size:24|text_align:right|color:%23ffffff&#8221; use_theme_fonts=&#8221;yes&#8221; el_class=&#8221;home_quote_txt&#8221;][\/vc_column][vc_column width=&#8221;1\/4&#8243;][vc_btn title=&#8221;KONTAKTA OSS&#8221; style=&#8221;outline&#8221; shape=&#8221;square&#8221; size=&#8221;sm&#8221; align=&#8221;right&#8221; el_class=&#8221;home_quote_btn&#8221; link=&#8221;url:https%3A%2F%2Fwww.abflt.com%2Fsv%2Fkontakt%2F|title:KONTAKT|&#8221;][\/vc_column][\/vc_row]<\/p>\n","protected":false},"excerpt":{"rendered":"<p>[vc_row][vc_column width=&#8221;1\/6&#8243;][\/vc_column][vc_column width=&#8221;2\/3&#8243;][vc_custom_heading text=&#8221;ABF LT utf\u00f6r arbeten i multispindelmaskiner&#8221; font_container=&#8221;tag:p|font_size:22|text_align:left|color:%23003164|line_height:31px&#8221; use_theme_fonts=&#8221;yes&#8221; css=&#8221;.vc_custom_1620908031350{margin-bottom: 20px !important;}&#8221;][vc_empty_space height=&#8221;20px&#8221;][vc_column_text]F\u00f6rdelen med multispindelmaskiner \u00e4r att varje [&hellip;]<\/p>\n","protected":false},"author":1,"featured_media":3377,"parent":2454,"menu_order":0,"comment_status":"open","ping_status":"closed","template":"","meta":{"content-type":"","footnotes":""},"class_list":["post-3438","page","type-page","status-publish","has-post-thumbnail","hentry"],"yoast_head":"<!-- This site is optimized with the Yoast SEO plugin v26.0 - https:\/\/yoast.com\/wordpress\/plugins\/seo\/ -->\n<title>Valet f\u00f6r stora kvantiteter \u2013 Tillverkning i Multispindelmaskin<\/title>\n<meta name=\"description\" content=\"ABF LT erbjuder Multispindelmaskintj\u00e4nster- massproduktion d\u00e4r en rad processer utf\u00f6rs i en enda cykel i syfte att skapa en f\u00e4rdig produkt.\" \/>\n<meta name=\"robots\" content=\"index, follow, max-snippet:-1, max-image-preview:large, max-video-preview:-1\" \/>\n<link rel=\"canonical\" href=\"https:\/\/www.abflt.com\/sv\/tjanster\/multispindelmaskinstillverkning\/\" \/>\n<meta property=\"og:locale\" content=\"sv_SE\" \/>\n<meta property=\"og:type\" content=\"article\" \/>\n<meta property=\"og:title\" content=\"Valet f\u00f6r stora kvantiteter \u2013 Tillverkning i Multispindelmaskin\" \/>\n<meta property=\"og:description\" content=\"ABF LT erbjuder Multispindelmaskintj\u00e4nster- massproduktion d\u00e4r en rad processer utf\u00f6rs i en enda cykel i syfte att skapa en f\u00e4rdig produkt.\" \/>\n<meta property=\"og:url\" content=\"https:\/\/www.abflt.com\/sv\/tjanster\/multispindelmaskinstillverkning\/\" \/>\n<meta property=\"og:site_name\" content=\"ABF LT\" \/>\n<meta property=\"article:publisher\" content=\"https:\/\/www.facebook.com\/abflt\" \/>\n<meta property=\"article:modified_time\" content=\"2021-06-08T09:43:06+00:00\" \/>\n<meta property=\"og:image\" content=\"https:\/\/www.abflt.com\/wp-content\/uploads\/2021\/05\/admin-ajax.png\" \/>\n\t<meta property=\"og:image:width\" content=\"400\" \/>\n\t<meta property=\"og:image:height\" content=\"225\" \/>\n\t<meta property=\"og:image:type\" content=\"image\/png\" \/>\n<meta name=\"twitter:card\" content=\"summary_large_image\" \/>\n<meta name=\"twitter:label1\" content=\"Ber\u00e4knad l\u00e4stid\" \/>\n\t<meta name=\"twitter:data1\" content=\"1 minut\" \/>\n<script type=\"application\/ld+json\" class=\"yoast-schema-graph\">{\"@context\":\"https:\/\/schema.org\",\"@graph\":[{\"@type\":\"WebPage\",\"@id\":\"https:\/\/www.abflt.com\/sv\/tjanster\/multispindelmaskinstillverkning\/\",\"url\":\"https:\/\/www.abflt.com\/sv\/tjanster\/multispindelmaskinstillverkning\/\",\"name\":\"Valet f\u00f6r stora kvantiteter \u2013 Tillverkning i Multispindelmaskin\",\"isPartOf\":{\"@id\":\"https:\/\/www.abflt.com\/sv\/#website\"},\"primaryImageOfPage\":{\"@id\":\"https:\/\/www.abflt.com\/sv\/tjanster\/multispindelmaskinstillverkning\/#primaryimage\"},\"image\":{\"@id\":\"https:\/\/www.abflt.com\/sv\/tjanster\/multispindelmaskinstillverkning\/#primaryimage\"},\"thumbnailUrl\":\"https:\/\/www.abflt.com\/wp-content\/uploads\/2021\/05\/admin-ajax.png\",\"datePublished\":\"2021-06-08T09:26:50+00:00\",\"dateModified\":\"2021-06-08T09:43:06+00:00\",\"description\":\"ABF LT erbjuder Multispindelmaskintj\u00e4nster- massproduktion d\u00e4r en rad processer utf\u00f6rs i en enda cykel i syfte att skapa en f\u00e4rdig produkt.\",\"breadcrumb\":{\"@id\":\"https:\/\/www.abflt.com\/sv\/tjanster\/multispindelmaskinstillverkning\/#breadcrumb\"},\"inLanguage\":\"sv-SE\",\"potentialAction\":[{\"@type\":\"ReadAction\",\"target\":[\"https:\/\/www.abflt.com\/sv\/tjanster\/multispindelmaskinstillverkning\/\"]}]},{\"@type\":\"ImageObject\",\"inLanguage\":\"sv-SE\",\"@id\":\"https:\/\/www.abflt.com\/sv\/tjanster\/multispindelmaskinstillverkning\/#primaryimage\",\"url\":\"https:\/\/www.abflt.com\/wp-content\/uploads\/2021\/05\/admin-ajax.png\",\"contentUrl\":\"https:\/\/www.abflt.com\/wp-content\/uploads\/2021\/05\/admin-ajax.png\",\"width\":400,\"height\":225,\"caption\":\"rotary transfer\"},{\"@type\":\"BreadcrumbList\",\"@id\":\"https:\/\/www.abflt.com\/sv\/tjanster\/multispindelmaskinstillverkning\/#breadcrumb\",\"itemListElement\":[{\"@type\":\"ListItem\",\"position\":1,\"name\":\"Home\",\"item\":\"https:\/\/www.abflt.com\/sv\/\"},{\"@type\":\"ListItem\",\"position\":2,\"name\":\"Tj\u00e4nster\",\"item\":\"https:\/\/www.abflt.com\/sv\/tjanster\/\"},{\"@type\":\"ListItem\",\"position\":3,\"name\":\"Multispindelmaskiner\"}]},{\"@type\":\"WebSite\",\"@id\":\"https:\/\/www.abflt.com\/sv\/#website\",\"url\":\"https:\/\/www.abflt.com\/sv\/\",\"name\":\"ABF LT\",\"description\":\"Aluminium die casting and CNC machining company\",\"publisher\":{\"@id\":\"https:\/\/www.abflt.com\/sv\/#organization\"},\"potentialAction\":[{\"@type\":\"SearchAction\",\"target\":{\"@type\":\"EntryPoint\",\"urlTemplate\":\"https:\/\/www.abflt.com\/sv\/?s={search_term_string}\"},\"query-input\":{\"@type\":\"PropertyValueSpecification\",\"valueRequired\":true,\"valueName\":\"search_term_string\"}}],\"inLanguage\":\"sv-SE\"},{\"@type\":\"Organization\",\"@id\":\"https:\/\/www.abflt.com\/sv\/#organization\",\"name\":\"ABF LT\",\"url\":\"https:\/\/www.abflt.com\/sv\/\",\"logo\":{\"@type\":\"ImageObject\",\"inLanguage\":\"sv-SE\",\"@id\":\"https:\/\/www.abflt.com\/sv\/#\/schema\/logo\/image\/\",\"url\":\"https:\/\/www.abflt.com\/wp-content\/uploads\/2020\/02\/logo2.png\",\"contentUrl\":\"https:\/\/www.abflt.com\/wp-content\/uploads\/2020\/02\/logo2.png\",\"width\":113,\"height\":113,\"caption\":\"ABF LT\"},\"image\":{\"@id\":\"https:\/\/www.abflt.com\/sv\/#\/schema\/logo\/image\/\"},\"sameAs\":[\"https:\/\/www.facebook.com\/abflt\",\"https:\/\/www.linkedin.com\/company\/abf-lt\",\"https:\/\/www.youtube.com\/channel\/UCVbHUYkMrwmW4YZZRzhxH9w\"]}]}<\/script>\n<!-- \/ Yoast SEO plugin. -->","yoast_head_json":{"title":"Valet f\u00f6r stora kvantiteter \u2013 Tillverkning i Multispindelmaskin","description":"ABF LT erbjuder Multispindelmaskintj\u00e4nster- massproduktion d\u00e4r en rad processer utf\u00f6rs i en enda cykel i syfte att skapa en f\u00e4rdig produkt.","robots":{"index":"index","follow":"follow","max-snippet":"max-snippet:-1","max-image-preview":"max-image-preview:large","max-video-preview":"max-video-preview:-1"},"canonical":"https:\/\/www.abflt.com\/sv\/tjanster\/multispindelmaskinstillverkning\/","og_locale":"sv_SE","og_type":"article","og_title":"Valet f\u00f6r stora kvantiteter \u2013 Tillverkning i Multispindelmaskin","og_description":"ABF LT erbjuder Multispindelmaskintj\u00e4nster- massproduktion d\u00e4r en rad processer utf\u00f6rs i en enda cykel i syfte att skapa en f\u00e4rdig produkt.","og_url":"https:\/\/www.abflt.com\/sv\/tjanster\/multispindelmaskinstillverkning\/","og_site_name":"ABF LT","article_publisher":"https:\/\/www.facebook.com\/abflt","article_modified_time":"2021-06-08T09:43:06+00:00","og_image":[{"width":400,"height":225,"url":"https:\/\/www.abflt.com\/wp-content\/uploads\/2021\/05\/admin-ajax.png","type":"image\/png"}],"twitter_card":"summary_large_image","twitter_misc":{"Ber\u00e4knad l\u00e4stid":"1 minut"},"schema":{"@context":"https:\/\/schema.org","@graph":[{"@type":"WebPage","@id":"https:\/\/www.abflt.com\/sv\/tjanster\/multispindelmaskinstillverkning\/","url":"https:\/\/www.abflt.com\/sv\/tjanster\/multispindelmaskinstillverkning\/","name":"Valet f\u00f6r stora kvantiteter \u2013 Tillverkning i Multispindelmaskin","isPartOf":{"@id":"https:\/\/www.abflt.com\/sv\/#website"},"primaryImageOfPage":{"@id":"https:\/\/www.abflt.com\/sv\/tjanster\/multispindelmaskinstillverkning\/#primaryimage"},"image":{"@id":"https:\/\/www.abflt.com\/sv\/tjanster\/multispindelmaskinstillverkning\/#primaryimage"},"thumbnailUrl":"https:\/\/www.abflt.com\/wp-content\/uploads\/2021\/05\/admin-ajax.png","datePublished":"2021-06-08T09:26:50+00:00","dateModified":"2021-06-08T09:43:06+00:00","description":"ABF LT erbjuder Multispindelmaskintj\u00e4nster- massproduktion d\u00e4r en rad processer utf\u00f6rs i en enda cykel i syfte att skapa en f\u00e4rdig produkt.","breadcrumb":{"@id":"https:\/\/www.abflt.com\/sv\/tjanster\/multispindelmaskinstillverkning\/#breadcrumb"},"inLanguage":"sv-SE","potentialAction":[{"@type":"ReadAction","target":["https:\/\/www.abflt.com\/sv\/tjanster\/multispindelmaskinstillverkning\/"]}]},{"@type":"ImageObject","inLanguage":"sv-SE","@id":"https:\/\/www.abflt.com\/sv\/tjanster\/multispindelmaskinstillverkning\/#primaryimage","url":"https:\/\/www.abflt.com\/wp-content\/uploads\/2021\/05\/admin-ajax.png","contentUrl":"https:\/\/www.abflt.com\/wp-content\/uploads\/2021\/05\/admin-ajax.png","width":400,"height":225,"caption":"rotary transfer"},{"@type":"BreadcrumbList","@id":"https:\/\/www.abflt.com\/sv\/tjanster\/multispindelmaskinstillverkning\/#breadcrumb","itemListElement":[{"@type":"ListItem","position":1,"name":"Home","item":"https:\/\/www.abflt.com\/sv\/"},{"@type":"ListItem","position":2,"name":"Tj\u00e4nster","item":"https:\/\/www.abflt.com\/sv\/tjanster\/"},{"@type":"ListItem","position":3,"name":"Multispindelmaskiner"}]},{"@type":"WebSite","@id":"https:\/\/www.abflt.com\/sv\/#website","url":"https:\/\/www.abflt.com\/sv\/","name":"ABF LT","description":"Aluminium die casting and CNC machining company","publisher":{"@id":"https:\/\/www.abflt.com\/sv\/#organization"},"potentialAction":[{"@type":"SearchAction","target":{"@type":"EntryPoint","urlTemplate":"https:\/\/www.abflt.com\/sv\/?s={search_term_string}"},"query-input":{"@type":"PropertyValueSpecification","valueRequired":true,"valueName":"search_term_string"}}],"inLanguage":"sv-SE"},{"@type":"Organization","@id":"https:\/\/www.abflt.com\/sv\/#organization","name":"ABF LT","url":"https:\/\/www.abflt.com\/sv\/","logo":{"@type":"ImageObject","inLanguage":"sv-SE","@id":"https:\/\/www.abflt.com\/sv\/#\/schema\/logo\/image\/","url":"https:\/\/www.abflt.com\/wp-content\/uploads\/2020\/02\/logo2.png","contentUrl":"https:\/\/www.abflt.com\/wp-content\/uploads\/2020\/02\/logo2.png","width":113,"height":113,"caption":"ABF LT"},"image":{"@id":"https:\/\/www.abflt.com\/sv\/#\/schema\/logo\/image\/"},"sameAs":["https:\/\/www.facebook.com\/abflt","https:\/\/www.linkedin.com\/company\/abf-lt","https:\/\/www.youtube.com\/channel\/UCVbHUYkMrwmW4YZZRzhxH9w"]}]}},"_links":{"self":[{"href":"https:\/\/www.abflt.com\/sv\/wp-json\/wp\/v2\/pages\/3438","targetHints":{"allow":["GET"]}}],"collection":[{"href":"https:\/\/www.abflt.com\/sv\/wp-json\/wp\/v2\/pages"}],"about":[{"href":"https:\/\/www.abflt.com\/sv\/wp-json\/wp\/v2\/types\/page"}],"author":[{"embeddable":true,"href":"https:\/\/www.abflt.com\/sv\/wp-json\/wp\/v2\/users\/1"}],"replies":[{"embeddable":true,"href":"https:\/\/www.abflt.com\/sv\/wp-json\/wp\/v2\/comments?post=3438"}],"version-history":[{"count":8,"href":"https:\/\/www.abflt.com\/sv\/wp-json\/wp\/v2\/pages\/3438\/revisions"}],"predecessor-version":[{"id":3455,"href":"https:\/\/www.abflt.com\/sv\/wp-json\/wp\/v2\/pages\/3438\/revisions\/3455"}],"up":[{"embeddable":true,"href":"https:\/\/www.abflt.com\/sv\/wp-json\/wp\/v2\/pages\/2454"}],"wp:featuredmedia":[{"embeddable":true,"href":"https:\/\/www.abflt.com\/sv\/wp-json\/wp\/v2\/media\/3377"}],"wp:attachment":[{"href":"https:\/\/www.abflt.com\/sv\/wp-json\/wp\/v2\/media?parent=3438"}],"curies":[{"name":"wp","href":"https:\/\/api.w.org\/{rel}","templated":true}]}}